



{"id":33374203,"date":"2025-05-06T00:00:38","date_gmt":"2025-05-06T00:00:38","guid":{"rendered":"https:\/\/plcmarine.com\/product\/microfiber-applicator-pad-update\/"},"modified":"2026-01-07T21:02:09","modified_gmt":"2026-01-07T21:02:09","slug":"microfiber-applicator-pad-update","status":"publish","type":"product","link":"https:\/\/plcmarine.com\/en\/producto\/microfiber-applicator-pad-update\/","title":{"rendered":"Microfiber Applicator Pad"},"content":{"rendered":"<h3>Caracter\u00edsticas Destacadas<\/h3>\n<ul>\n<li><strong>Capa hidrof\u00f3bica interna<\/strong> que evita que el producto penetre en la esponja<\/li>\n<li>Distribuci\u00f3n eficiente del producto sin desperdicio<\/li>\n<li>Dise\u00f1o duradero y reutilizable<\/li>\n<\/ul>\n<h3>Especificaciones<\/h3>\n<ul>\n<li>Tama\u00f1o: 5&#8243; x 3.5&#8243; x 1&#8243;<\/li>\n<li>Composici\u00f3n de la microfibra: 70% poli\u00e9ster \/ 30% poliamida<\/li>\n<\/ul>\n<p><em>Aplicaci\u00f3n uniforme, sin exceso de producto y con un acabado profesional.<\/em><\/p>\n","protected":false},"excerpt":{"rendered":"<h2>Microfiber Applicator Pad \u2013 Aplicador de Microfibra de Alta Calidad<\/h2>\n<p>Ideal para aplicar productos en superficies como <strong>pintura, gelcoat y vidrio<\/strong>. Este aplicador de microfibra cuenta con un dise\u00f1o ergon\u00f3mico de f\u00e1cil agarre que proporciona una <strong>cobertura uniforme y suave<\/strong>.<\/p>\n","protected":false},"featured_media":33374204,"template":"","meta":[],"pwb-brand":[84],"product_brand":[],"product_cat":[109],"product_tag":[],"class_list":{"0":"post-33374203","1":"product","2":"type-product","3":"status-publish","4":"has-post-thumbnail","6":"pwb-brand-ditec-marine","7":"product_cat-sin-categorizar","9":"first","10":"instock","11":"taxable","12":"shipping-taxable","13":"purchasable","14":"product-type-simple"},"yoast_head":"<!-- This site is optimized with the Yoast SEO plugin v25.3.1 - https:\/\/yoast.com\/wordpress\/plugins\/seo\/ -->\n<title>Microfiber Applicator Pad - PLC Marine<\/title>\n<meta name=\"robots\" content=\"index, follow, max-snippet:-1, max-image-preview:large, max-video-preview:-1\" \/>\n<link rel=\"canonical\" href=\"https:\/\/plcmarine.com\/en\/producto\/microfiber-applicator-pad-update\/\" \/>\n<meta property=\"og:locale\" content=\"en_US\" \/>\n<meta property=\"og:type\" content=\"article\" \/>\n<meta property=\"og:title\" content=\"Microfiber Applicator Pad - PLC Marine\" \/>\n<meta property=\"og:description\" content=\"Microfiber Applicator Pad \u2013 Aplicador de Microfibra de Alta Calidad  Ideal para aplicar productos en superficies como pintura, gelcoat y vidrio. Este aplicador de microfibra cuenta con un dise\u00f1o ergon\u00f3mico de f\u00e1cil agarre que proporciona una cobertura uniforme y suave.\" \/>\n<meta property=\"og:url\" content=\"https:\/\/plcmarine.com\/en\/producto\/microfiber-applicator-pad-update\/\" \/>\n<meta property=\"og:site_name\" content=\"PLC Marine\" \/>\n<meta property=\"article:modified_time\" content=\"2026-01-07T21:02:09+00:00\" \/>\n<meta property=\"og:image\" content=\"https:\/\/plcmarine.com\/wp-content\/uploads\/2025\/05\/Microfiber-Applicator-Pad.jpg\" \/>\n\t<meta property=\"og:image:width\" content=\"448\" \/>\n\t<meta property=\"og:image:height\" content=\"448\" \/>\n\t<meta property=\"og:image:type\" content=\"image\/jpeg\" \/>\n<meta name=\"twitter:card\" content=\"summary_large_image\" \/>\n<meta name=\"twitter:label1\" content=\"Est. reading time\" \/>\n\t<meta name=\"twitter:data1\" content=\"1 minute\" \/>\n<script type=\"application\/ld+json\" class=\"yoast-schema-graph\">{\"@context\":\"https:\/\/schema.org\",\"@graph\":[{\"@type\":\"WebPage\",\"@id\":\"https:\/\/plcmarine.com\/en\/producto\/microfiber-applicator-pad-update\/\",\"url\":\"https:\/\/plcmarine.com\/en\/producto\/microfiber-applicator-pad-update\/\",\"name\":\"Microfiber Applicator Pad - PLC Marine\",\"isPartOf\":{\"@id\":\"https:\/\/plcmarine.com\/en\/#website\"},\"primaryImageOfPage\":{\"@id\":\"https:\/\/plcmarine.com\/en\/producto\/microfiber-applicator-pad-update\/#primaryimage\"},\"image\":{\"@id\":\"https:\/\/plcmarine.com\/en\/producto\/microfiber-applicator-pad-update\/#primaryimage\"},\"thumbnailUrl\":\"https:\/\/plcmarine.com\/wp-content\/uploads\/2025\/05\/Microfiber-Applicator-Pad.jpg\",\"datePublished\":\"2025-05-06T00:00:38+00:00\",\"dateModified\":\"2026-01-07T21:02:09+00:00\",\"breadcrumb\":{\"@id\":\"https:\/\/plcmarine.com\/en\/producto\/microfiber-applicator-pad-update\/#breadcrumb\"},\"inLanguage\":\"en-US\",\"potentialAction\":[{\"@type\":\"ReadAction\",\"target\":[\"https:\/\/plcmarine.com\/en\/producto\/microfiber-applicator-pad-update\/\"]}]},{\"@type\":\"ImageObject\",\"inLanguage\":\"en-US\",\"@id\":\"https:\/\/plcmarine.com\/en\/producto\/microfiber-applicator-pad-update\/#primaryimage\",\"url\":\"https:\/\/plcmarine.com\/wp-content\/uploads\/2025\/05\/Microfiber-Applicator-Pad.jpg\",\"contentUrl\":\"https:\/\/plcmarine.com\/wp-content\/uploads\/2025\/05\/Microfiber-Applicator-Pad.jpg\",\"width\":448,\"height\":448},{\"@type\":\"BreadcrumbList\",\"@id\":\"https:\/\/plcmarine.com\/en\/producto\/microfiber-applicator-pad-update\/#breadcrumb\",\"itemListElement\":[{\"@type\":\"ListItem\",\"position\":1,\"name\":\"Home\",\"item\":\"https:\/\/plcmarine.com\/en\/\"},{\"@type\":\"ListItem\",\"position\":2,\"name\":\"Shop\",\"item\":\"https:\/\/plcmarine.com\/shop\/\"},{\"@type\":\"ListItem\",\"position\":3,\"name\":\"Microfiber Applicator Pad\"}]},{\"@type\":\"WebSite\",\"@id\":\"https:\/\/plcmarine.com\/en\/#website\",\"url\":\"https:\/\/plcmarine.com\/en\/\",\"name\":\"PLC Marine\",\"description\":\"The Professional&#039;s choice\",\"potentialAction\":[{\"@type\":\"SearchAction\",\"target\":{\"@type\":\"EntryPoint\",\"urlTemplate\":\"https:\/\/plcmarine.com\/en\/?s={search_term_string}\"},\"query-input\":{\"@type\":\"PropertyValueSpecification\",\"valueRequired\":true,\"valueName\":\"search_term_string\"}}],\"inLanguage\":\"en-US\"}]}<\/script>\n<!-- \/ Yoast SEO plugin. -->","yoast_head_json":{"title":"Microfiber Applicator Pad - PLC Marine","robots":{"index":"index","follow":"follow","max-snippet":"max-snippet:-1","max-image-preview":"max-image-preview:large","max-video-preview":"max-video-preview:-1"},"canonical":"https:\/\/plcmarine.com\/en\/producto\/microfiber-applicator-pad-update\/","og_locale":"en_US","og_type":"article","og_title":"Microfiber Applicator Pad - PLC Marine","og_description":"Microfiber Applicator Pad \u2013 Aplicador de Microfibra de Alta Calidad  Ideal para aplicar productos en superficies como pintura, gelcoat y vidrio. Este aplicador de microfibra cuenta con un dise\u00f1o ergon\u00f3mico de f\u00e1cil agarre que proporciona una cobertura uniforme y suave.","og_url":"https:\/\/plcmarine.com\/en\/producto\/microfiber-applicator-pad-update\/","og_site_name":"PLC Marine","article_modified_time":"2026-01-07T21:02:09+00:00","og_image":[{"width":448,"height":448,"url":"https:\/\/plcmarine.com\/wp-content\/uploads\/2025\/05\/Microfiber-Applicator-Pad.jpg","type":"image\/jpeg"}],"twitter_card":"summary_large_image","twitter_misc":{"Est. reading time":"1 minute"},"schema":{"@context":"https:\/\/schema.org","@graph":[{"@type":"WebPage","@id":"https:\/\/plcmarine.com\/en\/producto\/microfiber-applicator-pad-update\/","url":"https:\/\/plcmarine.com\/en\/producto\/microfiber-applicator-pad-update\/","name":"Microfiber Applicator Pad - PLC Marine","isPartOf":{"@id":"https:\/\/plcmarine.com\/en\/#website"},"primaryImageOfPage":{"@id":"https:\/\/plcmarine.com\/en\/producto\/microfiber-applicator-pad-update\/#primaryimage"},"image":{"@id":"https:\/\/plcmarine.com\/en\/producto\/microfiber-applicator-pad-update\/#primaryimage"},"thumbnailUrl":"https:\/\/plcmarine.com\/wp-content\/uploads\/2025\/05\/Microfiber-Applicator-Pad.jpg","datePublished":"2025-05-06T00:00:38+00:00","dateModified":"2026-01-07T21:02:09+00:00","breadcrumb":{"@id":"https:\/\/plcmarine.com\/en\/producto\/microfiber-applicator-pad-update\/#breadcrumb"},"inLanguage":"en-US","potentialAction":[{"@type":"ReadAction","target":["https:\/\/plcmarine.com\/en\/producto\/microfiber-applicator-pad-update\/"]}]},{"@type":"ImageObject","inLanguage":"en-US","@id":"https:\/\/plcmarine.com\/en\/producto\/microfiber-applicator-pad-update\/#primaryimage","url":"https:\/\/plcmarine.com\/wp-content\/uploads\/2025\/05\/Microfiber-Applicator-Pad.jpg","contentUrl":"https:\/\/plcmarine.com\/wp-content\/uploads\/2025\/05\/Microfiber-Applicator-Pad.jpg","width":448,"height":448},{"@type":"BreadcrumbList","@id":"https:\/\/plcmarine.com\/en\/producto\/microfiber-applicator-pad-update\/#breadcrumb","itemListElement":[{"@type":"ListItem","position":1,"name":"Home","item":"https:\/\/plcmarine.com\/en\/"},{"@type":"ListItem","position":2,"name":"Shop","item":"https:\/\/plcmarine.com\/shop\/"},{"@type":"ListItem","position":3,"name":"Microfiber Applicator Pad"}]},{"@type":"WebSite","@id":"https:\/\/plcmarine.com\/en\/#website","url":"https:\/\/plcmarine.com\/en\/","name":"PLC Marine","description":"The Professional&#039;s choice","potentialAction":[{"@type":"SearchAction","target":{"@type":"EntryPoint","urlTemplate":"https:\/\/plcmarine.com\/en\/?s={search_term_string}"},"query-input":{"@type":"PropertyValueSpecification","valueRequired":true,"valueName":"search_term_string"}}],"inLanguage":"en-US"}]}},"brands":[{"id":84,"name":"DiTEC Marine","slug":"ditec-marine"}],"_links":{"self":[{"href":"https:\/\/plcmarine.com\/en\/wp-json\/wp\/v2\/product\/33374203","targetHints":{"allow":["GET"]}}],"collection":[{"href":"https:\/\/plcmarine.com\/en\/wp-json\/wp\/v2\/product"}],"about":[{"href":"https:\/\/plcmarine.com\/en\/wp-json\/wp\/v2\/types\/product"}],"wp:featuredmedia":[{"embeddable":true,"href":"https:\/\/plcmarine.com\/en\/wp-json\/wp\/v2\/media\/33374204"}],"wp:attachment":[{"href":"https:\/\/plcmarine.com\/en\/wp-json\/wp\/v2\/media?parent=33374203"}],"wp:term":[{"taxonomy":"pwb-brand","embeddable":true,"href":"https:\/\/plcmarine.com\/en\/wp-json\/wp\/v2\/pwb-brand?post=33374203"},{"taxonomy":"product_brand","embeddable":true,"href":"https:\/\/plcmarine.com\/en\/wp-json\/wp\/v2\/product_brand?post=33374203"},{"taxonomy":"product_cat","embeddable":true,"href":"https:\/\/plcmarine.com\/en\/wp-json\/wp\/v2\/product_cat?post=33374203"},{"taxonomy":"product_tag","embeddable":true,"href":"https:\/\/plcmarine.com\/en\/wp-json\/wp\/v2\/product_tag?post=33374203"}],"curies":[{"name":"wp","href":"https:\/\/api.w.org\/{rel}","templated":true}]}}