



{"id":33374209,"date":"2025-05-06T14:30:37","date_gmt":"2025-05-06T14:30:37","guid":{"rendered":"https:\/\/plcmarine.com\/product\/crystal-clear-32-oz-from-zoho-2\/"},"modified":"2025-06-19T00:08:29","modified_gmt":"2025-06-19T00:08:29","slug":"crystal-clear-32-oz-from-zoho-2","status":"publish","type":"product","link":"https:\/\/plcmarine.com\/en\/producto\/crystal-clear-32-oz-from-zoho-2\/","title":{"rendered":"Crystal Clear 32 Oz"},"content":{"rendered":"<h4>Caracter\u00edsticas Destacadas<\/h4>\n<ul>\n<li><strong>Alto rendimiento<\/strong> en la limpieza de superficies brillantes<\/li>\n<li><strong>Libre de cloro<\/strong><\/li>\n<li><strong>Biodegradable<\/strong> de forma r\u00e1pida y segura<\/li>\n<\/ul>\n<hr \/>\n<h4>Detalles T\u00e9cnicos<\/h4>\n<ul>\n<li>Elimina eficazmente <strong>aceites, grasas, silicona<\/strong> y otros contaminantes del vidrio<\/li>\n<li><strong>Apariencia:<\/strong> L\u00edquido transparente<\/li>\n<li><strong>Solubilidad:<\/strong> 100% en agua<\/li>\n<li><strong>pH:<\/strong> N\/D<\/li>\n<\/ul>\n<hr \/>\n<h4>Uso y Aplicaci\u00f3n<\/h4>\n<ul>\n<li><strong>Superficies recomendadas:<\/strong> Vidrio, pl\u00e1stico, fibra de vidrio, cer\u00e1mica, pintura, superficies brillantes, duras o semi-duras<\/li>\n<li><strong>Modo de aplicaci\u00f3n:<\/strong> Pulverizar sobre un pa\u00f1o de microfibra o directamente sobre la superficie de vidrio<\/li>\n<\/ul>\n","protected":false},"excerpt":{"rendered":"<h3>Limpiador Multiusos CRYSTAL CLEAR \u2013 DiTEC<\/h3>\n<p><strong>CRYSTAL CLEAR<\/strong> de <strong>DiTEC<\/strong> es un pre-limpiador sin detergentes, ideal para vidrio y superficies m\u00faltiples. Su f\u00f3rmula de alto rendimiento, <strong>libre de cloro<\/strong> y <strong>biodegradable<\/strong>, garantiza un acabado impecable y cristalino en vidrios, pinturas y otras superficies brillantes.<\/p>\n","protected":false},"featured_media":33374210,"template":"","meta":[],"pwb-brand":[84],"product_brand":[],"product_cat":[118],"product_tag":[],"class_list":{"0":"post-33374209","1":"product","2":"type-product","3":"status-publish","4":"has-post-thumbnail","6":"pwb-brand-ditec-marine","7":"product_cat-compuestos","9":"first","10":"instock","11":"taxable","12":"shipping-taxable","13":"purchasable","14":"product-type-simple"},"yoast_head":"<!-- This site is optimized with the Yoast SEO plugin v25.3.1 - https:\/\/yoast.com\/wordpress\/plugins\/seo\/ -->\n<title>Crystal Clear 32 Oz - PLC Marine<\/title>\n<meta name=\"description\" content=\"Limpiador Multiusos CRYSTAL CLEAR \u2013 DiTECCRYSTAL CLEAR de DiTEC es un pre-limpiador sin detergentes, ideal para vidrio y superficies m\u00faltiples. Su f\u00f3rmula de alto rendimiento, libre de cloro y biodegradable, garantiza un acabado impecable y cristalino en vidrios, pinturas y otras superficies brillantes.Caracter\u00edsticas Destacadas Alto rendimiento en la limpieza de superficies brillantes Libre de cloro Biodegradable de forma r\u00e1pida y seguraDetalles T\u00e9cnicos Elimina eficazmente aceites, grasas, silicona y otros contaminantes del vidrio Apariencia: L\u00edquido transparente Solubilidad: 100% en agua pH: N\/DUso y Aplicaci\u00f3n Superficies recomendadas: Vidrio, pl\u00e1stico, fibra de vidrio, cer\u00e1mica, pintura, superficies brillantes, duras o semi-duras Modo de aplicaci\u00f3n: Pulverizar sobre un pa\u00f1o de microfibra o directamente sobre la superficie de vidrio\" \/>\n<meta name=\"robots\" content=\"index, follow, max-snippet:-1, max-image-preview:large, max-video-preview:-1\" \/>\n<link rel=\"canonical\" href=\"https:\/\/plcmarine.com\/en\/producto\/crystal-clear-32-oz-from-zoho-2\/\" \/>\n<meta property=\"og:locale\" content=\"en_US\" \/>\n<meta property=\"og:type\" content=\"article\" \/>\n<meta property=\"og:title\" content=\"Crystal Clear 32 Oz - PLC Marine\" \/>\n<meta property=\"og:description\" content=\"Limpiador Multiusos CRYSTAL CLEAR \u2013 DiTECCRYSTAL CLEAR de DiTEC es un pre-limpiador sin detergentes, ideal para vidrio y superficies m\u00faltiples. Su f\u00f3rmula de alto rendimiento, libre de cloro y biodegradable, garantiza un acabado impecable y cristalino en vidrios, pinturas y otras superficies brillantes.Caracter\u00edsticas Destacadas Alto rendimiento en la limpieza de superficies brillantes Libre de cloro Biodegradable de forma r\u00e1pida y seguraDetalles T\u00e9cnicos Elimina eficazmente aceites, grasas, silicona y otros contaminantes del vidrio Apariencia: L\u00edquido transparente Solubilidad: 100% en agua pH: N\/DUso y Aplicaci\u00f3n Superficies recomendadas: Vidrio, pl\u00e1stico, fibra de vidrio, cer\u00e1mica, pintura, superficies brillantes, duras o semi-duras Modo de aplicaci\u00f3n: Pulverizar sobre un pa\u00f1o de microfibra o directamente sobre la superficie de vidrio\" \/>\n<meta property=\"og:url\" content=\"https:\/\/plcmarine.com\/en\/producto\/crystal-clear-32-oz-from-zoho-2\/\" \/>\n<meta property=\"og:site_name\" content=\"PLC Marine\" \/>\n<meta property=\"article:modified_time\" content=\"2025-06-19T00:08:29+00:00\" \/>\n<meta property=\"og:image\" content=\"https:\/\/plcmarine.com\/wp-content\/uploads\/2025\/05\/Crystal-Clear-Degreaser-1.jpg\" \/>\n\t<meta property=\"og:image:width\" content=\"343\" \/>\n\t<meta property=\"og:image:height\" content=\"448\" \/>\n\t<meta property=\"og:image:type\" content=\"image\/jpeg\" \/>\n<meta name=\"twitter:card\" content=\"summary_large_image\" \/>\n<meta name=\"twitter:label1\" content=\"Est. reading time\" \/>\n\t<meta name=\"twitter:data1\" content=\"1 minute\" \/>\n<script type=\"application\/ld+json\" class=\"yoast-schema-graph\">{\"@context\":\"https:\/\/schema.org\",\"@graph\":[{\"@type\":\"WebPage\",\"@id\":\"https:\/\/plcmarine.com\/en\/producto\/crystal-clear-32-oz-from-zoho-2\/\",\"url\":\"https:\/\/plcmarine.com\/en\/producto\/crystal-clear-32-oz-from-zoho-2\/\",\"name\":\"Crystal Clear 32 Oz - PLC Marine\",\"isPartOf\":{\"@id\":\"https:\/\/plcmarine.com\/en\/#website\"},\"primaryImageOfPage\":{\"@id\":\"https:\/\/plcmarine.com\/en\/producto\/crystal-clear-32-oz-from-zoho-2\/#primaryimage\"},\"image\":{\"@id\":\"https:\/\/plcmarine.com\/en\/producto\/crystal-clear-32-oz-from-zoho-2\/#primaryimage\"},\"thumbnailUrl\":\"https:\/\/plcmarine.com\/wp-content\/uploads\/2025\/05\/Crystal-Clear-Degreaser-1.jpg\",\"datePublished\":\"2025-05-06T14:30:37+00:00\",\"dateModified\":\"2025-06-19T00:08:29+00:00\",\"description\":\"Limpiador Multiusos CRYSTAL CLEAR \u2013 DiTECCRYSTAL CLEAR de DiTEC es un pre-limpiador sin detergentes, ideal para vidrio y superficies m\u00faltiples. Su f\u00f3rmula de alto rendimiento, libre de cloro y biodegradable, garantiza un acabado impecable y cristalino en vidrios, pinturas y otras superficies brillantes.Caracter\u00edsticas Destacadas Alto rendimiento en la limpieza de superficies brillantes Libre de cloro Biodegradable de forma r\u00e1pida y seguraDetalles T\u00e9cnicos Elimina eficazmente aceites, grasas, silicona y otros contaminantes del vidrio Apariencia: L\u00edquido transparente Solubilidad: 100% en agua pH: N\/DUso y Aplicaci\u00f3n Superficies recomendadas: Vidrio, pl\u00e1stico, fibra de vidrio, cer\u00e1mica, pintura, superficies brillantes, duras o semi-duras Modo de aplicaci\u00f3n: Pulverizar sobre un pa\u00f1o de microfibra o directamente sobre la superficie de vidrio\",\"breadcrumb\":{\"@id\":\"https:\/\/plcmarine.com\/en\/producto\/crystal-clear-32-oz-from-zoho-2\/#breadcrumb\"},\"inLanguage\":\"en-US\",\"potentialAction\":[{\"@type\":\"ReadAction\",\"target\":[\"https:\/\/plcmarine.com\/en\/producto\/crystal-clear-32-oz-from-zoho-2\/\"]}]},{\"@type\":\"ImageObject\",\"inLanguage\":\"en-US\",\"@id\":\"https:\/\/plcmarine.com\/en\/producto\/crystal-clear-32-oz-from-zoho-2\/#primaryimage\",\"url\":\"https:\/\/plcmarine.com\/wp-content\/uploads\/2025\/05\/Crystal-Clear-Degreaser-1.jpg\",\"contentUrl\":\"https:\/\/plcmarine.com\/wp-content\/uploads\/2025\/05\/Crystal-Clear-Degreaser-1.jpg\",\"width\":343,\"height\":448},{\"@type\":\"BreadcrumbList\",\"@id\":\"https:\/\/plcmarine.com\/en\/producto\/crystal-clear-32-oz-from-zoho-2\/#breadcrumb\",\"itemListElement\":[{\"@type\":\"ListItem\",\"position\":1,\"name\":\"Home\",\"item\":\"https:\/\/plcmarine.com\/en\/\"},{\"@type\":\"ListItem\",\"position\":2,\"name\":\"Shop\",\"item\":\"https:\/\/plcmarine.com\/shop\/\"},{\"@type\":\"ListItem\",\"position\":3,\"name\":\"Crystal Clear 32 Oz\"}]},{\"@type\":\"WebSite\",\"@id\":\"https:\/\/plcmarine.com\/en\/#website\",\"url\":\"https:\/\/plcmarine.com\/en\/\",\"name\":\"PLC Marine\",\"description\":\"The Professional&#039;s choice\",\"potentialAction\":[{\"@type\":\"SearchAction\",\"target\":{\"@type\":\"EntryPoint\",\"urlTemplate\":\"https:\/\/plcmarine.com\/en\/?s={search_term_string}\"},\"query-input\":{\"@type\":\"PropertyValueSpecification\",\"valueRequired\":true,\"valueName\":\"search_term_string\"}}],\"inLanguage\":\"en-US\"}]}<\/script>\n<!-- \/ Yoast SEO plugin. -->","yoast_head_json":{"title":"Crystal Clear 32 Oz - PLC Marine","description":"Limpiador Multiusos CRYSTAL CLEAR \u2013 DiTECCRYSTAL CLEAR de DiTEC es un pre-limpiador sin detergentes, ideal para vidrio y superficies m\u00faltiples. Su f\u00f3rmula de alto rendimiento, libre de cloro y biodegradable, garantiza un acabado impecable y cristalino en vidrios, pinturas y otras superficies brillantes.Caracter\u00edsticas Destacadas Alto rendimiento en la limpieza de superficies brillantes Libre de cloro Biodegradable de forma r\u00e1pida y seguraDetalles T\u00e9cnicos Elimina eficazmente aceites, grasas, silicona y otros contaminantes del vidrio Apariencia: L\u00edquido transparente Solubilidad: 100% en agua pH: N\/DUso y Aplicaci\u00f3n Superficies recomendadas: Vidrio, pl\u00e1stico, fibra de vidrio, cer\u00e1mica, pintura, superficies brillantes, duras o semi-duras Modo de aplicaci\u00f3n: Pulverizar sobre un pa\u00f1o de microfibra o directamente sobre la superficie de vidrio","robots":{"index":"index","follow":"follow","max-snippet":"max-snippet:-1","max-image-preview":"max-image-preview:large","max-video-preview":"max-video-preview:-1"},"canonical":"https:\/\/plcmarine.com\/en\/producto\/crystal-clear-32-oz-from-zoho-2\/","og_locale":"en_US","og_type":"article","og_title":"Crystal Clear 32 Oz - PLC Marine","og_description":"Limpiador Multiusos CRYSTAL CLEAR \u2013 DiTECCRYSTAL CLEAR de DiTEC es un pre-limpiador sin detergentes, ideal para vidrio y superficies m\u00faltiples. Su f\u00f3rmula de alto rendimiento, libre de cloro y biodegradable, garantiza un acabado impecable y cristalino en vidrios, pinturas y otras superficies brillantes.Caracter\u00edsticas Destacadas Alto rendimiento en la limpieza de superficies brillantes Libre de cloro Biodegradable de forma r\u00e1pida y seguraDetalles T\u00e9cnicos Elimina eficazmente aceites, grasas, silicona y otros contaminantes del vidrio Apariencia: L\u00edquido transparente Solubilidad: 100% en agua pH: N\/DUso y Aplicaci\u00f3n Superficies recomendadas: Vidrio, pl\u00e1stico, fibra de vidrio, cer\u00e1mica, pintura, superficies brillantes, duras o semi-duras Modo de aplicaci\u00f3n: Pulverizar sobre un pa\u00f1o de microfibra o directamente sobre la superficie de vidrio","og_url":"https:\/\/plcmarine.com\/en\/producto\/crystal-clear-32-oz-from-zoho-2\/","og_site_name":"PLC Marine","article_modified_time":"2025-06-19T00:08:29+00:00","og_image":[{"width":343,"height":448,"url":"https:\/\/plcmarine.com\/wp-content\/uploads\/2025\/05\/Crystal-Clear-Degreaser-1.jpg","type":"image\/jpeg"}],"twitter_card":"summary_large_image","twitter_misc":{"Est. reading time":"1 minute"},"schema":{"@context":"https:\/\/schema.org","@graph":[{"@type":"WebPage","@id":"https:\/\/plcmarine.com\/en\/producto\/crystal-clear-32-oz-from-zoho-2\/","url":"https:\/\/plcmarine.com\/en\/producto\/crystal-clear-32-oz-from-zoho-2\/","name":"Crystal Clear 32 Oz - PLC Marine","isPartOf":{"@id":"https:\/\/plcmarine.com\/en\/#website"},"primaryImageOfPage":{"@id":"https:\/\/plcmarine.com\/en\/producto\/crystal-clear-32-oz-from-zoho-2\/#primaryimage"},"image":{"@id":"https:\/\/plcmarine.com\/en\/producto\/crystal-clear-32-oz-from-zoho-2\/#primaryimage"},"thumbnailUrl":"https:\/\/plcmarine.com\/wp-content\/uploads\/2025\/05\/Crystal-Clear-Degreaser-1.jpg","datePublished":"2025-05-06T14:30:37+00:00","dateModified":"2025-06-19T00:08:29+00:00","description":"Limpiador Multiusos CRYSTAL CLEAR \u2013 DiTECCRYSTAL CLEAR de DiTEC es un pre-limpiador sin detergentes, ideal para vidrio y superficies m\u00faltiples. Su f\u00f3rmula de alto rendimiento, libre de cloro y biodegradable, garantiza un acabado impecable y cristalino en vidrios, pinturas y otras superficies brillantes.Caracter\u00edsticas Destacadas Alto rendimiento en la limpieza de superficies brillantes Libre de cloro Biodegradable de forma r\u00e1pida y seguraDetalles T\u00e9cnicos Elimina eficazmente aceites, grasas, silicona y otros contaminantes del vidrio Apariencia: L\u00edquido transparente Solubilidad: 100% en agua pH: N\/DUso y Aplicaci\u00f3n Superficies recomendadas: Vidrio, pl\u00e1stico, fibra de vidrio, cer\u00e1mica, pintura, superficies brillantes, duras o semi-duras Modo de aplicaci\u00f3n: Pulverizar sobre un pa\u00f1o de microfibra o directamente sobre la superficie de vidrio","breadcrumb":{"@id":"https:\/\/plcmarine.com\/en\/producto\/crystal-clear-32-oz-from-zoho-2\/#breadcrumb"},"inLanguage":"en-US","potentialAction":[{"@type":"ReadAction","target":["https:\/\/plcmarine.com\/en\/producto\/crystal-clear-32-oz-from-zoho-2\/"]}]},{"@type":"ImageObject","inLanguage":"en-US","@id":"https:\/\/plcmarine.com\/en\/producto\/crystal-clear-32-oz-from-zoho-2\/#primaryimage","url":"https:\/\/plcmarine.com\/wp-content\/uploads\/2025\/05\/Crystal-Clear-Degreaser-1.jpg","contentUrl":"https:\/\/plcmarine.com\/wp-content\/uploads\/2025\/05\/Crystal-Clear-Degreaser-1.jpg","width":343,"height":448},{"@type":"BreadcrumbList","@id":"https:\/\/plcmarine.com\/en\/producto\/crystal-clear-32-oz-from-zoho-2\/#breadcrumb","itemListElement":[{"@type":"ListItem","position":1,"name":"Home","item":"https:\/\/plcmarine.com\/en\/"},{"@type":"ListItem","position":2,"name":"Shop","item":"https:\/\/plcmarine.com\/shop\/"},{"@type":"ListItem","position":3,"name":"Crystal Clear 32 Oz"}]},{"@type":"WebSite","@id":"https:\/\/plcmarine.com\/en\/#website","url":"https:\/\/plcmarine.com\/en\/","name":"PLC Marine","description":"The Professional&#039;s choice","potentialAction":[{"@type":"SearchAction","target":{"@type":"EntryPoint","urlTemplate":"https:\/\/plcmarine.com\/en\/?s={search_term_string}"},"query-input":{"@type":"PropertyValueSpecification","valueRequired":true,"valueName":"search_term_string"}}],"inLanguage":"en-US"}]}},"brands":[{"id":84,"name":"DiTEC Marine","slug":"ditec-marine"}],"_links":{"self":[{"href":"https:\/\/plcmarine.com\/en\/wp-json\/wp\/v2\/product\/33374209","targetHints":{"allow":["GET"]}}],"collection":[{"href":"https:\/\/plcmarine.com\/en\/wp-json\/wp\/v2\/product"}],"about":[{"href":"https:\/\/plcmarine.com\/en\/wp-json\/wp\/v2\/types\/product"}],"wp:featuredmedia":[{"embeddable":true,"href":"https:\/\/plcmarine.com\/en\/wp-json\/wp\/v2\/media\/33374210"}],"wp:attachment":[{"href":"https:\/\/plcmarine.com\/en\/wp-json\/wp\/v2\/media?parent=33374209"}],"wp:term":[{"taxonomy":"pwb-brand","embeddable":true,"href":"https:\/\/plcmarine.com\/en\/wp-json\/wp\/v2\/pwb-brand?post=33374209"},{"taxonomy":"product_brand","embeddable":true,"href":"https:\/\/plcmarine.com\/en\/wp-json\/wp\/v2\/product_brand?post=33374209"},{"taxonomy":"product_cat","embeddable":true,"href":"https:\/\/plcmarine.com\/en\/wp-json\/wp\/v2\/product_cat?post=33374209"},{"taxonomy":"product_tag","embeddable":true,"href":"https:\/\/plcmarine.com\/en\/wp-json\/wp\/v2\/product_tag?post=33374209"}],"curies":[{"name":"wp","href":"https:\/\/api.w.org\/{rel}","templated":true}]}}