



{"id":33374219,"date":"2025-05-06T16:45:34","date_gmt":"2025-05-06T16:45:34","guid":{"rendered":"https:\/\/plcmarine.com\/product\/polishing-compound-medium-cut-250-ml\/"},"modified":"2026-01-07T21:05:51","modified_gmt":"2026-01-07T21:05:51","slug":"polishing-compound-medium-cut-250-ml","status":"publish","type":"product","link":"https:\/\/plcmarine.com\/en\/producto\/polishing-compound-medium-cut-250-ml\/","title":{"rendered":"Polishing Compound &#8211; Medium Cut- 250 ml"},"content":{"rendered":"<h4>Caracter\u00edsticas Destacadas<\/h4>\n<ul>\n<li>Elimina rayones finos y marcas P3000 en un solo paso<\/li>\n<li>Acabado de alto brillo sin hologramas<\/li>\n<li>Grano abrasivo con acci\u00f3n continua de pulido fino<\/li>\n<li>Libre de silicona y solventes<\/li>\n<li>Totalmente compatible con pinturas comerciales, incluso resistentes a rayaduras<\/li>\n<\/ul>\n<hr \/>\n<h4>Detalles T\u00e9cnicos<\/h4>\n<ul>\n<li><strong>Apariencia:<\/strong> Crema<\/li>\n<li><strong>pH:<\/strong> 8<\/li>\n<li><strong>Solubilidad:<\/strong> N\/D<\/li>\n<\/ul>\n<hr \/>\n<h4>Uso y Aplicaci\u00f3n<\/h4>\n<ul>\n<li><strong>Recomendaci\u00f3n:<\/strong> Utilizar con la almohadilla de pulido <strong>DiTEC Orange Trapez Foam<\/strong><\/li>\n<li><strong>Modo de aplicaci\u00f3n:<\/strong> Aplicar una cantidad suficiente del compuesto sobre la almohadilla o directamente en la superficie pintada. Extender el producto a baja velocidad (aprox. 1000 rpm) sobre el defecto y luego trabajar a unos 1600 rpm con presi\u00f3n moderada.<\/li>\n<\/ul>\n","protected":false},"excerpt":{"rendered":"<h3>Pulidor de Corte Medio y Alto Brillo \u2013 DiTEC Medium Cut Compound<\/h3>\n<p><strong>DiTEC Medium Cut Compound<\/strong> es un pulidor de un solo paso que permite eliminar <strong>rayones finos y marcas de lijado desde grano P3000<\/strong> en una sola operaci\u00f3n, dejando un acabado de alto brillo <strong>sin hologramas<\/strong>. Su exclusivo grano abrasivo trabaja de forma continua: desbasta y pule al mismo tiempo para lograr una superficie perfectamente terminada. Compatible con <strong>todo tipo de sistemas de pintura<\/strong>, incluyendo pinturas resistentes a rayaduras. Libre de silicona y solventes.<\/p>\n","protected":false},"featured_media":33374220,"template":"","meta":[],"pwb-brand":[84],"product_brand":[],"product_cat":[109],"product_tag":[],"class_list":{"0":"post-33374219","1":"product","2":"type-product","3":"status-publish","4":"has-post-thumbnail","6":"pwb-brand-ditec-marine","7":"product_cat-sin-categorizar","9":"first","10":"instock","11":"taxable","12":"shipping-taxable","13":"purchasable","14":"product-type-simple"},"yoast_head":"<!-- This site is optimized with the Yoast SEO plugin v25.3.1 - https:\/\/yoast.com\/wordpress\/plugins\/seo\/ -->\n<title>Polishing Compound - Medium Cut- 250 ml - PLC Marine<\/title>\n<meta name=\"description\" content=\"Pulidor de Corte Medio y Alto Brillo \u2013 DiTEC Medium Cut CompoundDiTEC Medium Cut Compound es un pulidor de un solo paso que permite eliminar rayones finos y marcas de lijado desde grano P3000 en una sola operaci\u00f3n, dejando un acabado de alto brillo sin hologramas. Su exclusivo grano abrasivo trabaja de forma continua: desbasta y pule al mismo tiempo para lograr una superficie perfectamente terminada. Compatible con todo tipo de sistemas de pintura, incluyendo pinturas resistentes a rayaduras. Libre de silicona y solventes.Caracter\u00edsticas Destacadas Elimina rayones finos y marcas P3000 en un solo paso Acabado de alto brillo sin hologramas Grano abrasivo con acci\u00f3n continua de pulido fino Libre de silicona y solventes Totalmente compatible con pinturas comerciales, incluso resistentes a rayadurasDetalles T\u00e9cnicos Apariencia: Crema pH: 8 Solubilidad: N\/DUso y Aplicaci\u00f3n Recomendaci\u00f3n: Utilizar con la almohadilla de pulido DiTEC Orange Trapez Foam Modo de aplicaci\u00f3n: Aplicar una cantidad suficiente del compuesto sobre la almohadilla o directamente en la superficie pintada. Extender el producto a baja velocidad (aprox. 1000 rpm) sobre el defecto y luego trabajar a unos 1600 rpm con presi\u00f3n moderada.\" \/>\n<meta name=\"robots\" content=\"index, follow, max-snippet:-1, max-image-preview:large, max-video-preview:-1\" \/>\n<link rel=\"canonical\" href=\"https:\/\/plcmarine.com\/en\/producto\/polishing-compound-medium-cut-250-ml\/\" \/>\n<meta property=\"og:locale\" content=\"en_US\" \/>\n<meta property=\"og:type\" content=\"article\" \/>\n<meta property=\"og:title\" content=\"Polishing Compound - Medium Cut- 250 ml - PLC Marine\" \/>\n<meta property=\"og:description\" content=\"Pulidor de Corte Medio y Alto Brillo \u2013 DiTEC Medium Cut CompoundDiTEC Medium Cut Compound es un pulidor de un solo paso que permite eliminar rayones finos y marcas de lijado desde grano P3000 en una sola operaci\u00f3n, dejando un acabado de alto brillo sin hologramas. Su exclusivo grano abrasivo trabaja de forma continua: desbasta y pule al mismo tiempo para lograr una superficie perfectamente terminada. Compatible con todo tipo de sistemas de pintura, incluyendo pinturas resistentes a rayaduras. Libre de silicona y solventes.Caracter\u00edsticas Destacadas Elimina rayones finos y marcas P3000 en un solo paso Acabado de alto brillo sin hologramas Grano abrasivo con acci\u00f3n continua de pulido fino Libre de silicona y solventes Totalmente compatible con pinturas comerciales, incluso resistentes a rayadurasDetalles T\u00e9cnicos Apariencia: Crema pH: 8 Solubilidad: N\/DUso y Aplicaci\u00f3n Recomendaci\u00f3n: Utilizar con la almohadilla de pulido DiTEC Orange Trapez Foam Modo de aplicaci\u00f3n: Aplicar una cantidad suficiente del compuesto sobre la almohadilla o directamente en la superficie pintada. Extender el producto a baja velocidad (aprox. 1000 rpm) sobre el defecto y luego trabajar a unos 1600 rpm con presi\u00f3n moderada.\" \/>\n<meta property=\"og:url\" content=\"https:\/\/plcmarine.com\/en\/producto\/polishing-compound-medium-cut-250-ml\/\" \/>\n<meta property=\"og:site_name\" content=\"PLC Marine\" \/>\n<meta property=\"article:modified_time\" content=\"2026-01-07T21:05:51+00:00\" \/>\n<meta property=\"og:image\" content=\"https:\/\/plcmarine.com\/wp-content\/uploads\/2025\/05\/Boat-Polishing.jpg\" \/>\n\t<meta property=\"og:image:width\" content=\"343\" \/>\n\t<meta property=\"og:image:height\" content=\"448\" \/>\n\t<meta property=\"og:image:type\" content=\"image\/jpeg\" \/>\n<meta name=\"twitter:card\" content=\"summary_large_image\" \/>\n<meta name=\"twitter:label1\" content=\"Est. reading time\" \/>\n\t<meta name=\"twitter:data1\" content=\"1 minute\" \/>\n<script type=\"application\/ld+json\" class=\"yoast-schema-graph\">{\"@context\":\"https:\/\/schema.org\",\"@graph\":[{\"@type\":\"WebPage\",\"@id\":\"https:\/\/plcmarine.com\/en\/producto\/polishing-compound-medium-cut-250-ml\/\",\"url\":\"https:\/\/plcmarine.com\/en\/producto\/polishing-compound-medium-cut-250-ml\/\",\"name\":\"Polishing Compound - Medium Cut- 250 ml - PLC Marine\",\"isPartOf\":{\"@id\":\"https:\/\/plcmarine.com\/en\/#website\"},\"primaryImageOfPage\":{\"@id\":\"https:\/\/plcmarine.com\/en\/producto\/polishing-compound-medium-cut-250-ml\/#primaryimage\"},\"image\":{\"@id\":\"https:\/\/plcmarine.com\/en\/producto\/polishing-compound-medium-cut-250-ml\/#primaryimage\"},\"thumbnailUrl\":\"https:\/\/plcmarine.com\/wp-content\/uploads\/2025\/05\/Boat-Polishing.jpg\",\"datePublished\":\"2025-05-06T16:45:34+00:00\",\"dateModified\":\"2026-01-07T21:05:51+00:00\",\"description\":\"Pulidor de Corte Medio y Alto Brillo \u2013 DiTEC Medium Cut CompoundDiTEC Medium Cut Compound es un pulidor de un solo paso que permite eliminar rayones finos y marcas de lijado desde grano P3000 en una sola operaci\u00f3n, dejando un acabado de alto brillo sin hologramas. Su exclusivo grano abrasivo trabaja de forma continua: desbasta y pule al mismo tiempo para lograr una superficie perfectamente terminada. Compatible con todo tipo de sistemas de pintura, incluyendo pinturas resistentes a rayaduras. Libre de silicona y solventes.Caracter\u00edsticas Destacadas Elimina rayones finos y marcas P3000 en un solo paso Acabado de alto brillo sin hologramas Grano abrasivo con acci\u00f3n continua de pulido fino Libre de silicona y solventes Totalmente compatible con pinturas comerciales, incluso resistentes a rayadurasDetalles T\u00e9cnicos Apariencia: Crema pH: 8 Solubilidad: N\/DUso y Aplicaci\u00f3n Recomendaci\u00f3n: Utilizar con la almohadilla de pulido DiTEC Orange Trapez Foam Modo de aplicaci\u00f3n: Aplicar una cantidad suficiente del compuesto sobre la almohadilla o directamente en la superficie pintada. Extender el producto a baja velocidad (aprox. 1000 rpm) sobre el defecto y luego trabajar a unos 1600 rpm con presi\u00f3n moderada.\",\"breadcrumb\":{\"@id\":\"https:\/\/plcmarine.com\/en\/producto\/polishing-compound-medium-cut-250-ml\/#breadcrumb\"},\"inLanguage\":\"en-US\",\"potentialAction\":[{\"@type\":\"ReadAction\",\"target\":[\"https:\/\/plcmarine.com\/en\/producto\/polishing-compound-medium-cut-250-ml\/\"]}]},{\"@type\":\"ImageObject\",\"inLanguage\":\"en-US\",\"@id\":\"https:\/\/plcmarine.com\/en\/producto\/polishing-compound-medium-cut-250-ml\/#primaryimage\",\"url\":\"https:\/\/plcmarine.com\/wp-content\/uploads\/2025\/05\/Boat-Polishing.jpg\",\"contentUrl\":\"https:\/\/plcmarine.com\/wp-content\/uploads\/2025\/05\/Boat-Polishing.jpg\",\"width\":343,\"height\":448},{\"@type\":\"BreadcrumbList\",\"@id\":\"https:\/\/plcmarine.com\/en\/producto\/polishing-compound-medium-cut-250-ml\/#breadcrumb\",\"itemListElement\":[{\"@type\":\"ListItem\",\"position\":1,\"name\":\"Home\",\"item\":\"https:\/\/plcmarine.com\/en\/\"},{\"@type\":\"ListItem\",\"position\":2,\"name\":\"Shop\",\"item\":\"https:\/\/plcmarine.com\/shop\/\"},{\"@type\":\"ListItem\",\"position\":3,\"name\":\"Polishing Compound &#8211; Medium Cut- 250 ml\"}]},{\"@type\":\"WebSite\",\"@id\":\"https:\/\/plcmarine.com\/en\/#website\",\"url\":\"https:\/\/plcmarine.com\/en\/\",\"name\":\"PLC Marine\",\"description\":\"The Professional&#039;s choice\",\"potentialAction\":[{\"@type\":\"SearchAction\",\"target\":{\"@type\":\"EntryPoint\",\"urlTemplate\":\"https:\/\/plcmarine.com\/en\/?s={search_term_string}\"},\"query-input\":{\"@type\":\"PropertyValueSpecification\",\"valueRequired\":true,\"valueName\":\"search_term_string\"}}],\"inLanguage\":\"en-US\"}]}<\/script>\n<!-- \/ Yoast SEO plugin. -->","yoast_head_json":{"title":"Polishing Compound - Medium Cut- 250 ml - PLC Marine","description":"Pulidor de Corte Medio y Alto Brillo \u2013 DiTEC Medium Cut CompoundDiTEC Medium Cut Compound es un pulidor de un solo paso que permite eliminar rayones finos y marcas de lijado desde grano P3000 en una sola operaci\u00f3n, dejando un acabado de alto brillo sin hologramas. Su exclusivo grano abrasivo trabaja de forma continua: desbasta y pule al mismo tiempo para lograr una superficie perfectamente terminada. Compatible con todo tipo de sistemas de pintura, incluyendo pinturas resistentes a rayaduras. Libre de silicona y solventes.Caracter\u00edsticas Destacadas Elimina rayones finos y marcas P3000 en un solo paso Acabado de alto brillo sin hologramas Grano abrasivo con acci\u00f3n continua de pulido fino Libre de silicona y solventes Totalmente compatible con pinturas comerciales, incluso resistentes a rayadurasDetalles T\u00e9cnicos Apariencia: Crema pH: 8 Solubilidad: N\/DUso y Aplicaci\u00f3n Recomendaci\u00f3n: Utilizar con la almohadilla de pulido DiTEC Orange Trapez Foam Modo de aplicaci\u00f3n: Aplicar una cantidad suficiente del compuesto sobre la almohadilla o directamente en la superficie pintada. Extender el producto a baja velocidad (aprox. 1000 rpm) sobre el defecto y luego trabajar a unos 1600 rpm con presi\u00f3n moderada.","robots":{"index":"index","follow":"follow","max-snippet":"max-snippet:-1","max-image-preview":"max-image-preview:large","max-video-preview":"max-video-preview:-1"},"canonical":"https:\/\/plcmarine.com\/en\/producto\/polishing-compound-medium-cut-250-ml\/","og_locale":"en_US","og_type":"article","og_title":"Polishing Compound - Medium Cut- 250 ml - PLC Marine","og_description":"Pulidor de Corte Medio y Alto Brillo \u2013 DiTEC Medium Cut CompoundDiTEC Medium Cut Compound es un pulidor de un solo paso que permite eliminar rayones finos y marcas de lijado desde grano P3000 en una sola operaci\u00f3n, dejando un acabado de alto brillo sin hologramas. Su exclusivo grano abrasivo trabaja de forma continua: desbasta y pule al mismo tiempo para lograr una superficie perfectamente terminada. Compatible con todo tipo de sistemas de pintura, incluyendo pinturas resistentes a rayaduras. Libre de silicona y solventes.Caracter\u00edsticas Destacadas Elimina rayones finos y marcas P3000 en un solo paso Acabado de alto brillo sin hologramas Grano abrasivo con acci\u00f3n continua de pulido fino Libre de silicona y solventes Totalmente compatible con pinturas comerciales, incluso resistentes a rayadurasDetalles T\u00e9cnicos Apariencia: Crema pH: 8 Solubilidad: N\/DUso y Aplicaci\u00f3n Recomendaci\u00f3n: Utilizar con la almohadilla de pulido DiTEC Orange Trapez Foam Modo de aplicaci\u00f3n: Aplicar una cantidad suficiente del compuesto sobre la almohadilla o directamente en la superficie pintada. Extender el producto a baja velocidad (aprox. 1000 rpm) sobre el defecto y luego trabajar a unos 1600 rpm con presi\u00f3n moderada.","og_url":"https:\/\/plcmarine.com\/en\/producto\/polishing-compound-medium-cut-250-ml\/","og_site_name":"PLC Marine","article_modified_time":"2026-01-07T21:05:51+00:00","og_image":[{"width":343,"height":448,"url":"https:\/\/plcmarine.com\/wp-content\/uploads\/2025\/05\/Boat-Polishing.jpg","type":"image\/jpeg"}],"twitter_card":"summary_large_image","twitter_misc":{"Est. reading time":"1 minute"},"schema":{"@context":"https:\/\/schema.org","@graph":[{"@type":"WebPage","@id":"https:\/\/plcmarine.com\/en\/producto\/polishing-compound-medium-cut-250-ml\/","url":"https:\/\/plcmarine.com\/en\/producto\/polishing-compound-medium-cut-250-ml\/","name":"Polishing Compound - Medium Cut- 250 ml - PLC Marine","isPartOf":{"@id":"https:\/\/plcmarine.com\/en\/#website"},"primaryImageOfPage":{"@id":"https:\/\/plcmarine.com\/en\/producto\/polishing-compound-medium-cut-250-ml\/#primaryimage"},"image":{"@id":"https:\/\/plcmarine.com\/en\/producto\/polishing-compound-medium-cut-250-ml\/#primaryimage"},"thumbnailUrl":"https:\/\/plcmarine.com\/wp-content\/uploads\/2025\/05\/Boat-Polishing.jpg","datePublished":"2025-05-06T16:45:34+00:00","dateModified":"2026-01-07T21:05:51+00:00","description":"Pulidor de Corte Medio y Alto Brillo \u2013 DiTEC Medium Cut CompoundDiTEC Medium Cut Compound es un pulidor de un solo paso que permite eliminar rayones finos y marcas de lijado desde grano P3000 en una sola operaci\u00f3n, dejando un acabado de alto brillo sin hologramas. Su exclusivo grano abrasivo trabaja de forma continua: desbasta y pule al mismo tiempo para lograr una superficie perfectamente terminada. Compatible con todo tipo de sistemas de pintura, incluyendo pinturas resistentes a rayaduras. Libre de silicona y solventes.Caracter\u00edsticas Destacadas Elimina rayones finos y marcas P3000 en un solo paso Acabado de alto brillo sin hologramas Grano abrasivo con acci\u00f3n continua de pulido fino Libre de silicona y solventes Totalmente compatible con pinturas comerciales, incluso resistentes a rayadurasDetalles T\u00e9cnicos Apariencia: Crema pH: 8 Solubilidad: N\/DUso y Aplicaci\u00f3n Recomendaci\u00f3n: Utilizar con la almohadilla de pulido DiTEC Orange Trapez Foam Modo de aplicaci\u00f3n: Aplicar una cantidad suficiente del compuesto sobre la almohadilla o directamente en la superficie pintada. Extender el producto a baja velocidad (aprox. 1000 rpm) sobre el defecto y luego trabajar a unos 1600 rpm con presi\u00f3n moderada.","breadcrumb":{"@id":"https:\/\/plcmarine.com\/en\/producto\/polishing-compound-medium-cut-250-ml\/#breadcrumb"},"inLanguage":"en-US","potentialAction":[{"@type":"ReadAction","target":["https:\/\/plcmarine.com\/en\/producto\/polishing-compound-medium-cut-250-ml\/"]}]},{"@type":"ImageObject","inLanguage":"en-US","@id":"https:\/\/plcmarine.com\/en\/producto\/polishing-compound-medium-cut-250-ml\/#primaryimage","url":"https:\/\/plcmarine.com\/wp-content\/uploads\/2025\/05\/Boat-Polishing.jpg","contentUrl":"https:\/\/plcmarine.com\/wp-content\/uploads\/2025\/05\/Boat-Polishing.jpg","width":343,"height":448},{"@type":"BreadcrumbList","@id":"https:\/\/plcmarine.com\/en\/producto\/polishing-compound-medium-cut-250-ml\/#breadcrumb","itemListElement":[{"@type":"ListItem","position":1,"name":"Home","item":"https:\/\/plcmarine.com\/en\/"},{"@type":"ListItem","position":2,"name":"Shop","item":"https:\/\/plcmarine.com\/shop\/"},{"@type":"ListItem","position":3,"name":"Polishing Compound &#8211; Medium Cut- 250 ml"}]},{"@type":"WebSite","@id":"https:\/\/plcmarine.com\/en\/#website","url":"https:\/\/plcmarine.com\/en\/","name":"PLC Marine","description":"The Professional&#039;s choice","potentialAction":[{"@type":"SearchAction","target":{"@type":"EntryPoint","urlTemplate":"https:\/\/plcmarine.com\/en\/?s={search_term_string}"},"query-input":{"@type":"PropertyValueSpecification","valueRequired":true,"valueName":"search_term_string"}}],"inLanguage":"en-US"}]}},"brands":[{"id":84,"name":"DiTEC Marine","slug":"ditec-marine"}],"_links":{"self":[{"href":"https:\/\/plcmarine.com\/en\/wp-json\/wp\/v2\/product\/33374219","targetHints":{"allow":["GET"]}}],"collection":[{"href":"https:\/\/plcmarine.com\/en\/wp-json\/wp\/v2\/product"}],"about":[{"href":"https:\/\/plcmarine.com\/en\/wp-json\/wp\/v2\/types\/product"}],"wp:featuredmedia":[{"embeddable":true,"href":"https:\/\/plcmarine.com\/en\/wp-json\/wp\/v2\/media\/33374220"}],"wp:attachment":[{"href":"https:\/\/plcmarine.com\/en\/wp-json\/wp\/v2\/media?parent=33374219"}],"wp:term":[{"taxonomy":"pwb-brand","embeddable":true,"href":"https:\/\/plcmarine.com\/en\/wp-json\/wp\/v2\/pwb-brand?post=33374219"},{"taxonomy":"product_brand","embeddable":true,"href":"https:\/\/plcmarine.com\/en\/wp-json\/wp\/v2\/product_brand?post=33374219"},{"taxonomy":"product_cat","embeddable":true,"href":"https:\/\/plcmarine.com\/en\/wp-json\/wp\/v2\/product_cat?post=33374219"},{"taxonomy":"product_tag","embeddable":true,"href":"https:\/\/plcmarine.com\/en\/wp-json\/wp\/v2\/product_tag?post=33374219"}],"curies":[{"name":"wp","href":"https:\/\/api.w.org\/{rel}","templated":true}]}}