



{"id":33374225,"date":"2025-05-06T16:50:35","date_gmt":"2025-05-06T16:50:35","guid":{"rendered":"https:\/\/plcmarine.com\/product\/glass-care-kit\/"},"modified":"2026-01-07T21:07:10","modified_gmt":"2026-01-07T21:07:10","slug":"glass-care-kit","status":"publish","type":"product","link":"https:\/\/plcmarine.com\/en\/producto\/glass-care-kit\/","title":{"rendered":"Glass Care Kit"},"content":{"rendered":"<h4>Incluye<\/h4>\n<ul>\n<li>1 botella spray de <strong>Crystal Clear<\/strong> (16 oz)<\/li>\n<li>1 frasco de <strong>G200<\/strong> (pulidor con base de \u00f3xido de cerio)<\/li>\n<li>1 frasco de <strong>Glasstec<\/strong> (3.2 oz) \u2013 recubrimiento protector hidrof\u00f3bico<\/li>\n<li>2 almohadillas de pulido de <strong>fieltro de 5\u201d<\/strong><\/li>\n<li>2 <strong>almohadillas aplicadoras de microfibra<\/strong><\/li>\n<\/ul>\n<hr \/>\n<h4>Beneficios<\/h4>\n<ul>\n<li><strong>Limpieza profunda:<\/strong> elimina grasa, aceites y contaminantes del vidrio<\/li>\n<li><strong>Pulido eficaz:<\/strong> remueve rayones finos y marcas de limpiaparabrisas<\/li>\n<li><strong>Protecci\u00f3n duradera:<\/strong> crea una barrera contra sal, minerales y rayos UV<\/li>\n<\/ul>\n<hr \/>\n<h4>Aplicaci\u00f3n<\/h4>\n<p>Siga el proceso en tres pasos: limpie con Crystal Clear, pula con G200 utilizando las almohadillas de fieltro, y aplique Glasstec con los aplicadores de microfibra para proteger. Ideal para uso en vidrios de embarcaciones, veh\u00edculos u otras superficies expuestas a condiciones exigentes.<\/p>\n","protected":false},"excerpt":{"rendered":"<p>Incluye<\/p>\n<p> \t1 botella spray de Crystal Clear (16 oz)<br \/>\n \t1 frasco de G200 (pulidor con base de \u00f3xido de cerio)<br \/>\n \t1 frasco de Glasstec (3.2 oz) \u2013 recubrimiento protector hidrof\u00f3bico<br \/>\n \t2 almohadillas de pulido de fieltro de 5\u201d<br \/>\n \t2 almohadillas aplicadoras de microfibra<\/p>\n<p>Beneficios<\/p>\n<p> \tLimpieza profunda: elimina grasa, aceites y contaminantes del vidrio<br \/>\n \tPulido eficaz: remueve rayones finos y marcas de limpiaparabrisas<br \/>\n \tProtecci\u00f3n duradera: crea una barrera contra sal, minerales y rayos UV<\/p>\n<p>Aplicaci\u00f3n<br \/>\nSiga el proceso en tres pasos: limpie con Crystal Clear, pula con G200 utilizando las almohadillas de fieltro, y aplique Glasstec con los aplicadores de microfibra para proteger. Ideal para uso en vidrios de embarcaciones, veh\u00edculos u otras superficies expuestas a condiciones exigentes.<\/p>\n","protected":false},"featured_media":33374226,"template":"","meta":[],"pwb-brand":[84],"product_brand":[],"product_cat":[109],"product_tag":[],"class_list":{"0":"post-33374225","1":"product","2":"type-product","3":"status-publish","4":"has-post-thumbnail","6":"pwb-brand-ditec-marine","7":"product_cat-sin-categorizar","9":"first","10":"instock","11":"taxable","12":"shipping-taxable","13":"purchasable","14":"product-type-simple"},"yoast_head":"<!-- This site is optimized with the Yoast SEO plugin v25.3.1 - https:\/\/yoast.com\/wordpress\/plugins\/seo\/ -->\n<title>Glass Care Kit - PLC Marine<\/title>\n<meta name=\"description\" content=\"Kit de Cuidado para Vidrios Marinos \u2013 DiTEC Marine Glass Care KitEl DiTEC Marine Glass Care Kit es un set completo de alto rendimiento dise\u00f1ado para pulir, limpiar y proteger superficies de vidrio expuestas a ambientes marinos. Gracias a su combinaci\u00f3n de productos especializados y accesorios de aplicaci\u00f3n, este kit remueve dep\u00f3sitos de sal, calcio y minerales, dejando el vidrio impecable y protegido.Incluye 1 botella spray de Crystal Clear (16 oz) 1 frasco de G200 (pulidor con base de \u00f3xido de cerio) 1 frasco de Glasstec (3.2 oz) \u2013 recubrimiento protector hidrof\u00f3bico 2 almohadillas de pulido de fieltro de 5\u201d 2 almohadillas aplicadoras de microfibraBeneficios Limpieza profunda: elimina grasa, aceites y contaminantes del vidrio Pulido eficaz: remueve rayones finos y marcas de limpiaparabrisas Protecci\u00f3n duradera: crea una barrera contra sal, minerales y rayos UVAplicaci\u00f3nSiga el proceso en tres pasos: limpie con Crystal Clear, pula con G200 utilizando las almohadillas de fieltro, y aplique Glasstec con los aplicadores de microfibra para proteger. Ideal para uso en vidrios de embarcaciones, veh\u00edculos u otras superficies expuestas a condiciones exigentes.\" \/>\n<meta name=\"robots\" content=\"index, follow, max-snippet:-1, max-image-preview:large, max-video-preview:-1\" \/>\n<link rel=\"canonical\" href=\"https:\/\/plcmarine.com\/en\/producto\/glass-care-kit\/\" \/>\n<meta property=\"og:locale\" content=\"en_US\" \/>\n<meta property=\"og:type\" content=\"article\" \/>\n<meta property=\"og:title\" content=\"Glass Care Kit - PLC Marine\" \/>\n<meta property=\"og:description\" content=\"Kit de Cuidado para Vidrios Marinos \u2013 DiTEC Marine Glass Care KitEl DiTEC Marine Glass Care Kit es un set completo de alto rendimiento dise\u00f1ado para pulir, limpiar y proteger superficies de vidrio expuestas a ambientes marinos. Gracias a su combinaci\u00f3n de productos especializados y accesorios de aplicaci\u00f3n, este kit remueve dep\u00f3sitos de sal, calcio y minerales, dejando el vidrio impecable y protegido.Incluye 1 botella spray de Crystal Clear (16 oz) 1 frasco de G200 (pulidor con base de \u00f3xido de cerio) 1 frasco de Glasstec (3.2 oz) \u2013 recubrimiento protector hidrof\u00f3bico 2 almohadillas de pulido de fieltro de 5\u201d 2 almohadillas aplicadoras de microfibraBeneficios Limpieza profunda: elimina grasa, aceites y contaminantes del vidrio Pulido eficaz: remueve rayones finos y marcas de limpiaparabrisas Protecci\u00f3n duradera: crea una barrera contra sal, minerales y rayos UVAplicaci\u00f3nSiga el proceso en tres pasos: limpie con Crystal Clear, pula con G200 utilizando las almohadillas de fieltro, y aplique Glasstec con los aplicadores de microfibra para proteger. Ideal para uso en vidrios de embarcaciones, veh\u00edculos u otras superficies expuestas a condiciones exigentes.\" \/>\n<meta property=\"og:url\" content=\"https:\/\/plcmarine.com\/en\/producto\/glass-care-kit\/\" \/>\n<meta property=\"og:site_name\" content=\"PLC Marine\" \/>\n<meta property=\"article:modified_time\" content=\"2026-01-07T21:07:10+00:00\" \/>\n<meta property=\"og:image\" content=\"https:\/\/plcmarine.com\/wp-content\/uploads\/2025\/05\/Marine-Glass-Care-Kit.jpg\" \/>\n\t<meta property=\"og:image:width\" content=\"352\" \/>\n\t<meta property=\"og:image:height\" content=\"448\" \/>\n\t<meta property=\"og:image:type\" content=\"image\/jpeg\" \/>\n<meta name=\"twitter:card\" content=\"summary_large_image\" \/>\n<meta name=\"twitter:label1\" content=\"Est. reading time\" \/>\n\t<meta name=\"twitter:data1\" content=\"1 minute\" \/>\n<script type=\"application\/ld+json\" class=\"yoast-schema-graph\">{\"@context\":\"https:\/\/schema.org\",\"@graph\":[{\"@type\":\"WebPage\",\"@id\":\"https:\/\/plcmarine.com\/en\/producto\/glass-care-kit\/\",\"url\":\"https:\/\/plcmarine.com\/en\/producto\/glass-care-kit\/\",\"name\":\"Glass Care Kit - PLC Marine\",\"isPartOf\":{\"@id\":\"https:\/\/plcmarine.com\/en\/#website\"},\"primaryImageOfPage\":{\"@id\":\"https:\/\/plcmarine.com\/en\/producto\/glass-care-kit\/#primaryimage\"},\"image\":{\"@id\":\"https:\/\/plcmarine.com\/en\/producto\/glass-care-kit\/#primaryimage\"},\"thumbnailUrl\":\"https:\/\/plcmarine.com\/wp-content\/uploads\/2025\/05\/Marine-Glass-Care-Kit.jpg\",\"datePublished\":\"2025-05-06T16:50:35+00:00\",\"dateModified\":\"2026-01-07T21:07:10+00:00\",\"description\":\"Kit de Cuidado para Vidrios Marinos \u2013 DiTEC Marine Glass Care KitEl DiTEC Marine Glass Care Kit es un set completo de alto rendimiento dise\u00f1ado para pulir, limpiar y proteger superficies de vidrio expuestas a ambientes marinos. Gracias a su combinaci\u00f3n de productos especializados y accesorios de aplicaci\u00f3n, este kit remueve dep\u00f3sitos de sal, calcio y minerales, dejando el vidrio impecable y protegido.Incluye 1 botella spray de Crystal Clear (16 oz) 1 frasco de G200 (pulidor con base de \u00f3xido de cerio) 1 frasco de Glasstec (3.2 oz) \u2013 recubrimiento protector hidrof\u00f3bico 2 almohadillas de pulido de fieltro de 5\u201d 2 almohadillas aplicadoras de microfibraBeneficios Limpieza profunda: elimina grasa, aceites y contaminantes del vidrio Pulido eficaz: remueve rayones finos y marcas de limpiaparabrisas Protecci\u00f3n duradera: crea una barrera contra sal, minerales y rayos UVAplicaci\u00f3nSiga el proceso en tres pasos: limpie con Crystal Clear, pula con G200 utilizando las almohadillas de fieltro, y aplique Glasstec con los aplicadores de microfibra para proteger. Ideal para uso en vidrios de embarcaciones, veh\u00edculos u otras superficies expuestas a condiciones exigentes.\",\"breadcrumb\":{\"@id\":\"https:\/\/plcmarine.com\/en\/producto\/glass-care-kit\/#breadcrumb\"},\"inLanguage\":\"en-US\",\"potentialAction\":[{\"@type\":\"ReadAction\",\"target\":[\"https:\/\/plcmarine.com\/en\/producto\/glass-care-kit\/\"]}]},{\"@type\":\"ImageObject\",\"inLanguage\":\"en-US\",\"@id\":\"https:\/\/plcmarine.com\/en\/producto\/glass-care-kit\/#primaryimage\",\"url\":\"https:\/\/plcmarine.com\/wp-content\/uploads\/2025\/05\/Marine-Glass-Care-Kit.jpg\",\"contentUrl\":\"https:\/\/plcmarine.com\/wp-content\/uploads\/2025\/05\/Marine-Glass-Care-Kit.jpg\",\"width\":352,\"height\":448},{\"@type\":\"BreadcrumbList\",\"@id\":\"https:\/\/plcmarine.com\/en\/producto\/glass-care-kit\/#breadcrumb\",\"itemListElement\":[{\"@type\":\"ListItem\",\"position\":1,\"name\":\"Home\",\"item\":\"https:\/\/plcmarine.com\/en\/\"},{\"@type\":\"ListItem\",\"position\":2,\"name\":\"Shop\",\"item\":\"https:\/\/plcmarine.com\/shop\/\"},{\"@type\":\"ListItem\",\"position\":3,\"name\":\"Glass Care Kit\"}]},{\"@type\":\"WebSite\",\"@id\":\"https:\/\/plcmarine.com\/en\/#website\",\"url\":\"https:\/\/plcmarine.com\/en\/\",\"name\":\"PLC Marine\",\"description\":\"The Professional&#039;s choice\",\"potentialAction\":[{\"@type\":\"SearchAction\",\"target\":{\"@type\":\"EntryPoint\",\"urlTemplate\":\"https:\/\/plcmarine.com\/en\/?s={search_term_string}\"},\"query-input\":{\"@type\":\"PropertyValueSpecification\",\"valueRequired\":true,\"valueName\":\"search_term_string\"}}],\"inLanguage\":\"en-US\"}]}<\/script>\n<!-- \/ Yoast SEO plugin. -->","yoast_head_json":{"title":"Glass Care Kit - PLC Marine","description":"Kit de Cuidado para Vidrios Marinos \u2013 DiTEC Marine Glass Care KitEl DiTEC Marine Glass Care Kit es un set completo de alto rendimiento dise\u00f1ado para pulir, limpiar y proteger superficies de vidrio expuestas a ambientes marinos. Gracias a su combinaci\u00f3n de productos especializados y accesorios de aplicaci\u00f3n, este kit remueve dep\u00f3sitos de sal, calcio y minerales, dejando el vidrio impecable y protegido.Incluye 1 botella spray de Crystal Clear (16 oz) 1 frasco de G200 (pulidor con base de \u00f3xido de cerio) 1 frasco de Glasstec (3.2 oz) \u2013 recubrimiento protector hidrof\u00f3bico 2 almohadillas de pulido de fieltro de 5\u201d 2 almohadillas aplicadoras de microfibraBeneficios Limpieza profunda: elimina grasa, aceites y contaminantes del vidrio Pulido eficaz: remueve rayones finos y marcas de limpiaparabrisas Protecci\u00f3n duradera: crea una barrera contra sal, minerales y rayos UVAplicaci\u00f3nSiga el proceso en tres pasos: limpie con Crystal Clear, pula con G200 utilizando las almohadillas de fieltro, y aplique Glasstec con los aplicadores de microfibra para proteger. Ideal para uso en vidrios de embarcaciones, veh\u00edculos u otras superficies expuestas a condiciones exigentes.","robots":{"index":"index","follow":"follow","max-snippet":"max-snippet:-1","max-image-preview":"max-image-preview:large","max-video-preview":"max-video-preview:-1"},"canonical":"https:\/\/plcmarine.com\/en\/producto\/glass-care-kit\/","og_locale":"en_US","og_type":"article","og_title":"Glass Care Kit - PLC Marine","og_description":"Kit de Cuidado para Vidrios Marinos \u2013 DiTEC Marine Glass Care KitEl DiTEC Marine Glass Care Kit es un set completo de alto rendimiento dise\u00f1ado para pulir, limpiar y proteger superficies de vidrio expuestas a ambientes marinos. Gracias a su combinaci\u00f3n de productos especializados y accesorios de aplicaci\u00f3n, este kit remueve dep\u00f3sitos de sal, calcio y minerales, dejando el vidrio impecable y protegido.Incluye 1 botella spray de Crystal Clear (16 oz) 1 frasco de G200 (pulidor con base de \u00f3xido de cerio) 1 frasco de Glasstec (3.2 oz) \u2013 recubrimiento protector hidrof\u00f3bico 2 almohadillas de pulido de fieltro de 5\u201d 2 almohadillas aplicadoras de microfibraBeneficios Limpieza profunda: elimina grasa, aceites y contaminantes del vidrio Pulido eficaz: remueve rayones finos y marcas de limpiaparabrisas Protecci\u00f3n duradera: crea una barrera contra sal, minerales y rayos UVAplicaci\u00f3nSiga el proceso en tres pasos: limpie con Crystal Clear, pula con G200 utilizando las almohadillas de fieltro, y aplique Glasstec con los aplicadores de microfibra para proteger. Ideal para uso en vidrios de embarcaciones, veh\u00edculos u otras superficies expuestas a condiciones exigentes.","og_url":"https:\/\/plcmarine.com\/en\/producto\/glass-care-kit\/","og_site_name":"PLC Marine","article_modified_time":"2026-01-07T21:07:10+00:00","og_image":[{"width":352,"height":448,"url":"https:\/\/plcmarine.com\/wp-content\/uploads\/2025\/05\/Marine-Glass-Care-Kit.jpg","type":"image\/jpeg"}],"twitter_card":"summary_large_image","twitter_misc":{"Est. reading time":"1 minute"},"schema":{"@context":"https:\/\/schema.org","@graph":[{"@type":"WebPage","@id":"https:\/\/plcmarine.com\/en\/producto\/glass-care-kit\/","url":"https:\/\/plcmarine.com\/en\/producto\/glass-care-kit\/","name":"Glass Care Kit - PLC Marine","isPartOf":{"@id":"https:\/\/plcmarine.com\/en\/#website"},"primaryImageOfPage":{"@id":"https:\/\/plcmarine.com\/en\/producto\/glass-care-kit\/#primaryimage"},"image":{"@id":"https:\/\/plcmarine.com\/en\/producto\/glass-care-kit\/#primaryimage"},"thumbnailUrl":"https:\/\/plcmarine.com\/wp-content\/uploads\/2025\/05\/Marine-Glass-Care-Kit.jpg","datePublished":"2025-05-06T16:50:35+00:00","dateModified":"2026-01-07T21:07:10+00:00","description":"Kit de Cuidado para Vidrios Marinos \u2013 DiTEC Marine Glass Care KitEl DiTEC Marine Glass Care Kit es un set completo de alto rendimiento dise\u00f1ado para pulir, limpiar y proteger superficies de vidrio expuestas a ambientes marinos. Gracias a su combinaci\u00f3n de productos especializados y accesorios de aplicaci\u00f3n, este kit remueve dep\u00f3sitos de sal, calcio y minerales, dejando el vidrio impecable y protegido.Incluye 1 botella spray de Crystal Clear (16 oz) 1 frasco de G200 (pulidor con base de \u00f3xido de cerio) 1 frasco de Glasstec (3.2 oz) \u2013 recubrimiento protector hidrof\u00f3bico 2 almohadillas de pulido de fieltro de 5\u201d 2 almohadillas aplicadoras de microfibraBeneficios Limpieza profunda: elimina grasa, aceites y contaminantes del vidrio Pulido eficaz: remueve rayones finos y marcas de limpiaparabrisas Protecci\u00f3n duradera: crea una barrera contra sal, minerales y rayos UVAplicaci\u00f3nSiga el proceso en tres pasos: limpie con Crystal Clear, pula con G200 utilizando las almohadillas de fieltro, y aplique Glasstec con los aplicadores de microfibra para proteger. Ideal para uso en vidrios de embarcaciones, veh\u00edculos u otras superficies expuestas a condiciones exigentes.","breadcrumb":{"@id":"https:\/\/plcmarine.com\/en\/producto\/glass-care-kit\/#breadcrumb"},"inLanguage":"en-US","potentialAction":[{"@type":"ReadAction","target":["https:\/\/plcmarine.com\/en\/producto\/glass-care-kit\/"]}]},{"@type":"ImageObject","inLanguage":"en-US","@id":"https:\/\/plcmarine.com\/en\/producto\/glass-care-kit\/#primaryimage","url":"https:\/\/plcmarine.com\/wp-content\/uploads\/2025\/05\/Marine-Glass-Care-Kit.jpg","contentUrl":"https:\/\/plcmarine.com\/wp-content\/uploads\/2025\/05\/Marine-Glass-Care-Kit.jpg","width":352,"height":448},{"@type":"BreadcrumbList","@id":"https:\/\/plcmarine.com\/en\/producto\/glass-care-kit\/#breadcrumb","itemListElement":[{"@type":"ListItem","position":1,"name":"Home","item":"https:\/\/plcmarine.com\/en\/"},{"@type":"ListItem","position":2,"name":"Shop","item":"https:\/\/plcmarine.com\/shop\/"},{"@type":"ListItem","position":3,"name":"Glass Care Kit"}]},{"@type":"WebSite","@id":"https:\/\/plcmarine.com\/en\/#website","url":"https:\/\/plcmarine.com\/en\/","name":"PLC Marine","description":"The Professional&#039;s choice","potentialAction":[{"@type":"SearchAction","target":{"@type":"EntryPoint","urlTemplate":"https:\/\/plcmarine.com\/en\/?s={search_term_string}"},"query-input":{"@type":"PropertyValueSpecification","valueRequired":true,"valueName":"search_term_string"}}],"inLanguage":"en-US"}]}},"brands":[{"id":84,"name":"DiTEC Marine","slug":"ditec-marine"}],"_links":{"self":[{"href":"https:\/\/plcmarine.com\/en\/wp-json\/wp\/v2\/product\/33374225","targetHints":{"allow":["GET"]}}],"collection":[{"href":"https:\/\/plcmarine.com\/en\/wp-json\/wp\/v2\/product"}],"about":[{"href":"https:\/\/plcmarine.com\/en\/wp-json\/wp\/v2\/types\/product"}],"wp:featuredmedia":[{"embeddable":true,"href":"https:\/\/plcmarine.com\/en\/wp-json\/wp\/v2\/media\/33374226"}],"wp:attachment":[{"href":"https:\/\/plcmarine.com\/en\/wp-json\/wp\/v2\/media?parent=33374225"}],"wp:term":[{"taxonomy":"pwb-brand","embeddable":true,"href":"https:\/\/plcmarine.com\/en\/wp-json\/wp\/v2\/pwb-brand?post=33374225"},{"taxonomy":"product_brand","embeddable":true,"href":"https:\/\/plcmarine.com\/en\/wp-json\/wp\/v2\/product_brand?post=33374225"},{"taxonomy":"product_cat","embeddable":true,"href":"https:\/\/plcmarine.com\/en\/wp-json\/wp\/v2\/product_cat?post=33374225"},{"taxonomy":"product_tag","embeddable":true,"href":"https:\/\/plcmarine.com\/en\/wp-json\/wp\/v2\/product_tag?post=33374225"}],"curies":[{"name":"wp","href":"https:\/\/api.w.org\/{rel}","templated":true}]}}