



{"id":33374234,"date":"2025-05-06T17:00:45","date_gmt":"2025-05-06T17:00:45","guid":{"rendered":"https:\/\/plcmarine.com\/product\/trapez-foam-polishing-pad-fine-cut-2-pack-150-mm\/"},"modified":"2026-01-07T21:10:41","modified_gmt":"2026-01-07T21:10:41","slug":"trapez-foam-polishing-pad-fine-cut-2-pack-150-mm","status":"publish","type":"product","link":"https:\/\/plcmarine.com\/en\/producto\/trapez-foam-polishing-pad-fine-cut-2-pack-150-mm\/","title":{"rendered":"Trapez Foam Polishing Pad &#8211; Fine Cut (2-Pack)-150 mm"},"content":{"rendered":"<h4>Caracter\u00edsticas<\/h4>\n<ul>\n<li>Ideales para <strong>acabados finos<\/strong> y correcci\u00f3n de defectos leves<\/li>\n<li>Recomendadas para usar con <strong>Ditec Fine Cut Polish<\/strong><\/li>\n<li>Compatibles con <strong>m\u00e1quinas oscilantes (DA)<\/strong><\/li>\n<li>Material de espuma que ofrece <strong>larga durabilidad<\/strong> y excelente disipaci\u00f3n del calor<\/li>\n<li>Tambi\u00e9n pueden utilizarse con productos como <strong>removedor de hologramas<\/strong> o <strong>Medium Cut<\/strong><\/li>\n<\/ul>\n<hr \/>\n<h4>Contenido del Paquete<\/h4>\n<ul>\n<li>2 almohadillas de pulido trapezoidales de espuma \u2013 Corte Fino<\/li>\n<\/ul>\n","protected":false},"excerpt":{"rendered":"<h3>Almohadilla de Pulido Trapezoidal de Espuma \u2013 Corte Fino (Pack de 2)<\/h3>\n<p>Dise\u00f1adas para lograr un <strong>bajo nivel de corte<\/strong> con un <strong>efecto de alto brillo<\/strong>, estas almohadillas son ideales para el acabado final y correcciones ligeras en todo tipo de pinturas modernas.<\/p>\n","protected":false},"featured_media":33374235,"template":"","meta":[],"pwb-brand":[84],"product_brand":[],"product_cat":[109],"product_tag":[],"class_list":{"0":"post-33374234","1":"product","2":"type-product","3":"status-publish","4":"has-post-thumbnail","6":"pwb-brand-ditec-marine","7":"product_cat-sin-categorizar","9":"first","10":"instock","11":"taxable","12":"shipping-taxable","13":"purchasable","14":"product-type-simple"},"yoast_head":"<!-- This site is optimized with the Yoast SEO plugin v25.3.1 - https:\/\/yoast.com\/wordpress\/plugins\/seo\/ -->\n<title>Trapez Foam Polishing Pad - Fine Cut (2-Pack)-150 mm - PLC Marine<\/title>\n<meta name=\"description\" content=\"Almohadilla de Pulido Trapezoidal de Espuma \u2013 Corte Fino (Pack de 2)Dise\u00f1adas para lograr un bajo nivel de corte con un efecto de alto brillo, estas almohadillas son ideales para el acabado final y correcciones ligeras en todo tipo de pinturas modernas.Caracter\u00edsticas Ideales para acabados finos y correcci\u00f3n de defectos leves Recomendadas para usar con Ditec Fine Cut Polish Compatibles con m\u00e1quinas oscilantes (DA) Material de espuma que ofrece larga durabilidad y excelente disipaci\u00f3n del calor Tambi\u00e9n pueden utilizarse con productos como removedor de hologramas o Medium CutContenido del Paquete 2 almohadillas de pulido trapezoidales de espuma \u2013 Corte Fino\" \/>\n<meta name=\"robots\" content=\"index, follow, max-snippet:-1, max-image-preview:large, max-video-preview:-1\" \/>\n<link rel=\"canonical\" href=\"https:\/\/plcmarine.com\/en\/producto\/trapez-foam-polishing-pad-fine-cut-2-pack-150-mm\/\" \/>\n<meta property=\"og:locale\" content=\"en_US\" \/>\n<meta property=\"og:type\" content=\"article\" \/>\n<meta property=\"og:title\" content=\"Trapez Foam Polishing Pad - Fine Cut (2-Pack)-150 mm - PLC Marine\" \/>\n<meta property=\"og:description\" content=\"Almohadilla de Pulido Trapezoidal de Espuma \u2013 Corte Fino (Pack de 2)Dise\u00f1adas para lograr un bajo nivel de corte con un efecto de alto brillo, estas almohadillas son ideales para el acabado final y correcciones ligeras en todo tipo de pinturas modernas.Caracter\u00edsticas Ideales para acabados finos y correcci\u00f3n de defectos leves Recomendadas para usar con Ditec Fine Cut Polish Compatibles con m\u00e1quinas oscilantes (DA) Material de espuma que ofrece larga durabilidad y excelente disipaci\u00f3n del calor Tambi\u00e9n pueden utilizarse con productos como removedor de hologramas o Medium CutContenido del Paquete 2 almohadillas de pulido trapezoidales de espuma \u2013 Corte Fino\" \/>\n<meta property=\"og:url\" content=\"https:\/\/plcmarine.com\/en\/producto\/trapez-foam-polishing-pad-fine-cut-2-pack-150-mm\/\" \/>\n<meta property=\"og:site_name\" content=\"PLC Marine\" \/>\n<meta property=\"article:modified_time\" content=\"2026-01-07T21:10:41+00:00\" \/>\n<meta property=\"og:image\" content=\"https:\/\/plcmarine.com\/wp-content\/uploads\/2025\/05\/Boat-Polishing-Fine.jpg\" \/>\n\t<meta property=\"og:image:width\" content=\"352\" \/>\n\t<meta property=\"og:image:height\" content=\"352\" \/>\n\t<meta property=\"og:image:type\" content=\"image\/jpeg\" \/>\n<meta name=\"twitter:card\" content=\"summary_large_image\" \/>\n<meta name=\"twitter:label1\" content=\"Est. reading time\" \/>\n\t<meta name=\"twitter:data1\" content=\"1 minute\" \/>\n<script type=\"application\/ld+json\" class=\"yoast-schema-graph\">{\"@context\":\"https:\/\/schema.org\",\"@graph\":[{\"@type\":\"WebPage\",\"@id\":\"https:\/\/plcmarine.com\/en\/producto\/trapez-foam-polishing-pad-fine-cut-2-pack-150-mm\/\",\"url\":\"https:\/\/plcmarine.com\/en\/producto\/trapez-foam-polishing-pad-fine-cut-2-pack-150-mm\/\",\"name\":\"Trapez Foam Polishing Pad - Fine Cut (2-Pack)-150 mm - PLC Marine\",\"isPartOf\":{\"@id\":\"https:\/\/plcmarine.com\/en\/#website\"},\"primaryImageOfPage\":{\"@id\":\"https:\/\/plcmarine.com\/en\/producto\/trapez-foam-polishing-pad-fine-cut-2-pack-150-mm\/#primaryimage\"},\"image\":{\"@id\":\"https:\/\/plcmarine.com\/en\/producto\/trapez-foam-polishing-pad-fine-cut-2-pack-150-mm\/#primaryimage\"},\"thumbnailUrl\":\"https:\/\/plcmarine.com\/wp-content\/uploads\/2025\/05\/Boat-Polishing-Fine.jpg\",\"datePublished\":\"2025-05-06T17:00:45+00:00\",\"dateModified\":\"2026-01-07T21:10:41+00:00\",\"description\":\"Almohadilla de Pulido Trapezoidal de Espuma \u2013 Corte Fino (Pack de 2)Dise\u00f1adas para lograr un bajo nivel de corte con un efecto de alto brillo, estas almohadillas son ideales para el acabado final y correcciones ligeras en todo tipo de pinturas modernas.Caracter\u00edsticas Ideales para acabados finos y correcci\u00f3n de defectos leves Recomendadas para usar con Ditec Fine Cut Polish Compatibles con m\u00e1quinas oscilantes (DA) Material de espuma que ofrece larga durabilidad y excelente disipaci\u00f3n del calor Tambi\u00e9n pueden utilizarse con productos como removedor de hologramas o Medium CutContenido del Paquete 2 almohadillas de pulido trapezoidales de espuma \u2013 Corte Fino\",\"breadcrumb\":{\"@id\":\"https:\/\/plcmarine.com\/en\/producto\/trapez-foam-polishing-pad-fine-cut-2-pack-150-mm\/#breadcrumb\"},\"inLanguage\":\"en-US\",\"potentialAction\":[{\"@type\":\"ReadAction\",\"target\":[\"https:\/\/plcmarine.com\/en\/producto\/trapez-foam-polishing-pad-fine-cut-2-pack-150-mm\/\"]}]},{\"@type\":\"ImageObject\",\"inLanguage\":\"en-US\",\"@id\":\"https:\/\/plcmarine.com\/en\/producto\/trapez-foam-polishing-pad-fine-cut-2-pack-150-mm\/#primaryimage\",\"url\":\"https:\/\/plcmarine.com\/wp-content\/uploads\/2025\/05\/Boat-Polishing-Fine.jpg\",\"contentUrl\":\"https:\/\/plcmarine.com\/wp-content\/uploads\/2025\/05\/Boat-Polishing-Fine.jpg\",\"width\":352,\"height\":352},{\"@type\":\"BreadcrumbList\",\"@id\":\"https:\/\/plcmarine.com\/en\/producto\/trapez-foam-polishing-pad-fine-cut-2-pack-150-mm\/#breadcrumb\",\"itemListElement\":[{\"@type\":\"ListItem\",\"position\":1,\"name\":\"Home\",\"item\":\"https:\/\/plcmarine.com\/en\/\"},{\"@type\":\"ListItem\",\"position\":2,\"name\":\"Shop\",\"item\":\"https:\/\/plcmarine.com\/shop\/\"},{\"@type\":\"ListItem\",\"position\":3,\"name\":\"Trapez Foam Polishing Pad &#8211; Fine Cut (2-Pack)-150 mm\"}]},{\"@type\":\"WebSite\",\"@id\":\"https:\/\/plcmarine.com\/en\/#website\",\"url\":\"https:\/\/plcmarine.com\/en\/\",\"name\":\"PLC Marine\",\"description\":\"The Professional&#039;s choice\",\"potentialAction\":[{\"@type\":\"SearchAction\",\"target\":{\"@type\":\"EntryPoint\",\"urlTemplate\":\"https:\/\/plcmarine.com\/en\/?s={search_term_string}\"},\"query-input\":{\"@type\":\"PropertyValueSpecification\",\"valueRequired\":true,\"valueName\":\"search_term_string\"}}],\"inLanguage\":\"en-US\"}]}<\/script>\n<!-- \/ Yoast SEO plugin. -->","yoast_head_json":{"title":"Trapez Foam Polishing Pad - Fine Cut (2-Pack)-150 mm - PLC Marine","description":"Almohadilla de Pulido Trapezoidal de Espuma \u2013 Corte Fino (Pack de 2)Dise\u00f1adas para lograr un bajo nivel de corte con un efecto de alto brillo, estas almohadillas son ideales para el acabado final y correcciones ligeras en todo tipo de pinturas modernas.Caracter\u00edsticas Ideales para acabados finos y correcci\u00f3n de defectos leves Recomendadas para usar con Ditec Fine Cut Polish Compatibles con m\u00e1quinas oscilantes (DA) Material de espuma que ofrece larga durabilidad y excelente disipaci\u00f3n del calor Tambi\u00e9n pueden utilizarse con productos como removedor de hologramas o Medium CutContenido del Paquete 2 almohadillas de pulido trapezoidales de espuma \u2013 Corte Fino","robots":{"index":"index","follow":"follow","max-snippet":"max-snippet:-1","max-image-preview":"max-image-preview:large","max-video-preview":"max-video-preview:-1"},"canonical":"https:\/\/plcmarine.com\/en\/producto\/trapez-foam-polishing-pad-fine-cut-2-pack-150-mm\/","og_locale":"en_US","og_type":"article","og_title":"Trapez Foam Polishing Pad - Fine Cut (2-Pack)-150 mm - PLC Marine","og_description":"Almohadilla de Pulido Trapezoidal de Espuma \u2013 Corte Fino (Pack de 2)Dise\u00f1adas para lograr un bajo nivel de corte con un efecto de alto brillo, estas almohadillas son ideales para el acabado final y correcciones ligeras en todo tipo de pinturas modernas.Caracter\u00edsticas Ideales para acabados finos y correcci\u00f3n de defectos leves Recomendadas para usar con Ditec Fine Cut Polish Compatibles con m\u00e1quinas oscilantes (DA) Material de espuma que ofrece larga durabilidad y excelente disipaci\u00f3n del calor Tambi\u00e9n pueden utilizarse con productos como removedor de hologramas o Medium CutContenido del Paquete 2 almohadillas de pulido trapezoidales de espuma \u2013 Corte Fino","og_url":"https:\/\/plcmarine.com\/en\/producto\/trapez-foam-polishing-pad-fine-cut-2-pack-150-mm\/","og_site_name":"PLC Marine","article_modified_time":"2026-01-07T21:10:41+00:00","og_image":[{"width":352,"height":352,"url":"https:\/\/plcmarine.com\/wp-content\/uploads\/2025\/05\/Boat-Polishing-Fine.jpg","type":"image\/jpeg"}],"twitter_card":"summary_large_image","twitter_misc":{"Est. reading time":"1 minute"},"schema":{"@context":"https:\/\/schema.org","@graph":[{"@type":"WebPage","@id":"https:\/\/plcmarine.com\/en\/producto\/trapez-foam-polishing-pad-fine-cut-2-pack-150-mm\/","url":"https:\/\/plcmarine.com\/en\/producto\/trapez-foam-polishing-pad-fine-cut-2-pack-150-mm\/","name":"Trapez Foam Polishing Pad - Fine Cut (2-Pack)-150 mm - PLC Marine","isPartOf":{"@id":"https:\/\/plcmarine.com\/en\/#website"},"primaryImageOfPage":{"@id":"https:\/\/plcmarine.com\/en\/producto\/trapez-foam-polishing-pad-fine-cut-2-pack-150-mm\/#primaryimage"},"image":{"@id":"https:\/\/plcmarine.com\/en\/producto\/trapez-foam-polishing-pad-fine-cut-2-pack-150-mm\/#primaryimage"},"thumbnailUrl":"https:\/\/plcmarine.com\/wp-content\/uploads\/2025\/05\/Boat-Polishing-Fine.jpg","datePublished":"2025-05-06T17:00:45+00:00","dateModified":"2026-01-07T21:10:41+00:00","description":"Almohadilla de Pulido Trapezoidal de Espuma \u2013 Corte Fino (Pack de 2)Dise\u00f1adas para lograr un bajo nivel de corte con un efecto de alto brillo, estas almohadillas son ideales para el acabado final y correcciones ligeras en todo tipo de pinturas modernas.Caracter\u00edsticas Ideales para acabados finos y correcci\u00f3n de defectos leves Recomendadas para usar con Ditec Fine Cut Polish Compatibles con m\u00e1quinas oscilantes (DA) Material de espuma que ofrece larga durabilidad y excelente disipaci\u00f3n del calor Tambi\u00e9n pueden utilizarse con productos como removedor de hologramas o Medium CutContenido del Paquete 2 almohadillas de pulido trapezoidales de espuma \u2013 Corte Fino","breadcrumb":{"@id":"https:\/\/plcmarine.com\/en\/producto\/trapez-foam-polishing-pad-fine-cut-2-pack-150-mm\/#breadcrumb"},"inLanguage":"en-US","potentialAction":[{"@type":"ReadAction","target":["https:\/\/plcmarine.com\/en\/producto\/trapez-foam-polishing-pad-fine-cut-2-pack-150-mm\/"]}]},{"@type":"ImageObject","inLanguage":"en-US","@id":"https:\/\/plcmarine.com\/en\/producto\/trapez-foam-polishing-pad-fine-cut-2-pack-150-mm\/#primaryimage","url":"https:\/\/plcmarine.com\/wp-content\/uploads\/2025\/05\/Boat-Polishing-Fine.jpg","contentUrl":"https:\/\/plcmarine.com\/wp-content\/uploads\/2025\/05\/Boat-Polishing-Fine.jpg","width":352,"height":352},{"@type":"BreadcrumbList","@id":"https:\/\/plcmarine.com\/en\/producto\/trapez-foam-polishing-pad-fine-cut-2-pack-150-mm\/#breadcrumb","itemListElement":[{"@type":"ListItem","position":1,"name":"Home","item":"https:\/\/plcmarine.com\/en\/"},{"@type":"ListItem","position":2,"name":"Shop","item":"https:\/\/plcmarine.com\/shop\/"},{"@type":"ListItem","position":3,"name":"Trapez Foam Polishing Pad &#8211; Fine Cut (2-Pack)-150 mm"}]},{"@type":"WebSite","@id":"https:\/\/plcmarine.com\/en\/#website","url":"https:\/\/plcmarine.com\/en\/","name":"PLC Marine","description":"The Professional&#039;s choice","potentialAction":[{"@type":"SearchAction","target":{"@type":"EntryPoint","urlTemplate":"https:\/\/plcmarine.com\/en\/?s={search_term_string}"},"query-input":{"@type":"PropertyValueSpecification","valueRequired":true,"valueName":"search_term_string"}}],"inLanguage":"en-US"}]}},"brands":[{"id":84,"name":"DiTEC Marine","slug":"ditec-marine"}],"_links":{"self":[{"href":"https:\/\/plcmarine.com\/en\/wp-json\/wp\/v2\/product\/33374234","targetHints":{"allow":["GET"]}}],"collection":[{"href":"https:\/\/plcmarine.com\/en\/wp-json\/wp\/v2\/product"}],"about":[{"href":"https:\/\/plcmarine.com\/en\/wp-json\/wp\/v2\/types\/product"}],"wp:featuredmedia":[{"embeddable":true,"href":"https:\/\/plcmarine.com\/en\/wp-json\/wp\/v2\/media\/33374235"}],"wp:attachment":[{"href":"https:\/\/plcmarine.com\/en\/wp-json\/wp\/v2\/media?parent=33374234"}],"wp:term":[{"taxonomy":"pwb-brand","embeddable":true,"href":"https:\/\/plcmarine.com\/en\/wp-json\/wp\/v2\/pwb-brand?post=33374234"},{"taxonomy":"product_brand","embeddable":true,"href":"https:\/\/plcmarine.com\/en\/wp-json\/wp\/v2\/product_brand?post=33374234"},{"taxonomy":"product_cat","embeddable":true,"href":"https:\/\/plcmarine.com\/en\/wp-json\/wp\/v2\/product_cat?post=33374234"},{"taxonomy":"product_tag","embeddable":true,"href":"https:\/\/plcmarine.com\/en\/wp-json\/wp\/v2\/product_tag?post=33374234"}],"curies":[{"name":"wp","href":"https:\/\/api.w.org\/{rel}","templated":true}]}}