



{"id":33374243,"date":"2025-05-06T17:00:47","date_gmt":"2025-05-06T17:00:47","guid":{"rendered":"https:\/\/plcmarine.com\/product\/trapez-foam-polishing-pad-medium-cut-2-pack-175-mm\/"},"modified":"2026-01-07T21:11:57","modified_gmt":"2026-01-07T21:11:57","slug":"trapez-foam-polishing-pad-medium-cut-2-pack-175-mm","status":"publish","type":"product","link":"https:\/\/plcmarine.com\/en\/producto\/trapez-foam-polishing-pad-medium-cut-2-pack-175-mm\/","title":{"rendered":"Trapez Foam Polishing Pad &#8211; Medium Cut (2-Pack)- 175 mm"},"content":{"rendered":"<h4>Caracter\u00edsticas<\/h4>\n<ul>\n<li>Aptas para <strong>acabados<\/strong> y <strong>correcciones de corte medio<\/strong><\/li>\n<li>Compatibles con todo tipo de <strong>pinturas modernas<\/strong> y <strong>gelcoat<\/strong><\/li>\n<li>Pueden utilizarse en combinaci\u00f3n con <strong>compuestos de corte fuerte o fino<\/strong>, seg\u00fan el caso<\/li>\n<li>Ideales para <strong>trabajos de acabado<\/strong> posteriores a correcciones m\u00e1s agresivas<\/li>\n<li>Dise\u00f1adas para <strong>m\u00e1quinas oscilantes (DA)<\/strong><\/li>\n<li>Ofrecen <strong>larga durabilidad<\/strong>, excelente disipaci\u00f3n del calor y buena trabajabilidad del producto de pulido<\/li>\n<\/ul>\n<hr \/>\n<h4>Contenido del Paquete<\/h4>\n<ul>\n<li>2 almohadillas de pulido trapezoidales de espuma \u2013 Corte Medio<\/li>\n<\/ul>\n","protected":false},"excerpt":{"rendered":"<h3>Almohadilla de Pulido Trapezoidal de Espuma \u2013 Corte Medio (Pack de 2)<\/h3>\n<p>Dise\u00f1adas para ofrecer una combinaci\u00f3n equilibrada entre correcci\u00f3n moderada y acabado fino, estas almohadillas son adecuadas para todo tipo de pinturas modernas y superficies de gelcoat.<\/p>\n","protected":false},"featured_media":33374244,"template":"","meta":[],"pwb-brand":[84],"product_brand":[],"product_cat":[109],"product_tag":[],"class_list":{"0":"post-33374243","1":"product","2":"type-product","3":"status-publish","4":"has-post-thumbnail","6":"pwb-brand-ditec-marine","7":"product_cat-sin-categorizar","9":"first","10":"instock","11":"taxable","12":"shipping-taxable","13":"purchasable","14":"product-type-simple"},"yoast_head":"<!-- This site is optimized with the Yoast SEO plugin v25.3.1 - https:\/\/yoast.com\/wordpress\/plugins\/seo\/ -->\n<title>Trapez Foam Polishing Pad - Medium Cut (2-Pack)- 175 mm - PLC Marine<\/title>\n<meta name=\"description\" content=\"Almohadilla de Pulido Trapezoidal de Espuma \u2013 Corte Medio (Pack de 2)Dise\u00f1adas para ofrecer una combinaci\u00f3n equilibrada entre correcci\u00f3n moderada y acabado fino, estas almohadillas son adecuadas para todo tipo de pinturas modernas y superficies de gelcoat.Caracter\u00edsticas Aptas para acabados y correcciones de corte medio Compatibles con todo tipo de pinturas modernas y gelcoat Pueden utilizarse en combinaci\u00f3n con compuestos de corte fuerte o fino, seg\u00fan el caso Ideales para trabajos de acabado posteriores a correcciones m\u00e1s agresivas Dise\u00f1adas para m\u00e1quinas oscilantes (DA) Ofrecen larga durabilidad, excelente disipaci\u00f3n del calor y buena trabajabilidad del producto de pulidoContenido del Paquete 2 almohadillas de pulido trapezoidales de espuma \u2013 Corte Medio\" \/>\n<meta name=\"robots\" content=\"index, follow, max-snippet:-1, max-image-preview:large, max-video-preview:-1\" \/>\n<link rel=\"canonical\" href=\"https:\/\/plcmarine.com\/en\/producto\/trapez-foam-polishing-pad-medium-cut-2-pack-175-mm\/\" \/>\n<meta property=\"og:locale\" content=\"en_US\" \/>\n<meta property=\"og:type\" content=\"article\" \/>\n<meta property=\"og:title\" content=\"Trapez Foam Polishing Pad - Medium Cut (2-Pack)- 175 mm - PLC Marine\" \/>\n<meta property=\"og:description\" content=\"Almohadilla de Pulido Trapezoidal de Espuma \u2013 Corte Medio (Pack de 2)Dise\u00f1adas para ofrecer una combinaci\u00f3n equilibrada entre correcci\u00f3n moderada y acabado fino, estas almohadillas son adecuadas para todo tipo de pinturas modernas y superficies de gelcoat.Caracter\u00edsticas Aptas para acabados y correcciones de corte medio Compatibles con todo tipo de pinturas modernas y gelcoat Pueden utilizarse en combinaci\u00f3n con compuestos de corte fuerte o fino, seg\u00fan el caso Ideales para trabajos de acabado posteriores a correcciones m\u00e1s agresivas Dise\u00f1adas para m\u00e1quinas oscilantes (DA) Ofrecen larga durabilidad, excelente disipaci\u00f3n del calor y buena trabajabilidad del producto de pulidoContenido del Paquete 2 almohadillas de pulido trapezoidales de espuma \u2013 Corte Medio\" \/>\n<meta property=\"og:url\" content=\"https:\/\/plcmarine.com\/en\/producto\/trapez-foam-polishing-pad-medium-cut-2-pack-175-mm\/\" \/>\n<meta property=\"og:site_name\" content=\"PLC Marine\" \/>\n<meta property=\"article:modified_time\" content=\"2026-01-07T21:11:57+00:00\" \/>\n<meta property=\"og:image\" content=\"https:\/\/plcmarine.com\/wp-content\/uploads\/2025\/05\/Medium-Polishing-Pad-1.jpg\" \/>\n\t<meta property=\"og:image:width\" content=\"352\" \/>\n\t<meta property=\"og:image:height\" content=\"352\" \/>\n\t<meta property=\"og:image:type\" content=\"image\/jpeg\" \/>\n<meta name=\"twitter:card\" content=\"summary_large_image\" \/>\n<meta name=\"twitter:label1\" content=\"Est. reading time\" \/>\n\t<meta name=\"twitter:data1\" content=\"1 minute\" \/>\n<script type=\"application\/ld+json\" class=\"yoast-schema-graph\">{\"@context\":\"https:\/\/schema.org\",\"@graph\":[{\"@type\":\"WebPage\",\"@id\":\"https:\/\/plcmarine.com\/en\/producto\/trapez-foam-polishing-pad-medium-cut-2-pack-175-mm\/\",\"url\":\"https:\/\/plcmarine.com\/en\/producto\/trapez-foam-polishing-pad-medium-cut-2-pack-175-mm\/\",\"name\":\"Trapez Foam Polishing Pad - Medium Cut (2-Pack)- 175 mm - PLC Marine\",\"isPartOf\":{\"@id\":\"https:\/\/plcmarine.com\/en\/#website\"},\"primaryImageOfPage\":{\"@id\":\"https:\/\/plcmarine.com\/en\/producto\/trapez-foam-polishing-pad-medium-cut-2-pack-175-mm\/#primaryimage\"},\"image\":{\"@id\":\"https:\/\/plcmarine.com\/en\/producto\/trapez-foam-polishing-pad-medium-cut-2-pack-175-mm\/#primaryimage\"},\"thumbnailUrl\":\"https:\/\/plcmarine.com\/wp-content\/uploads\/2025\/05\/Medium-Polishing-Pad-1.jpg\",\"datePublished\":\"2025-05-06T17:00:47+00:00\",\"dateModified\":\"2026-01-07T21:11:57+00:00\",\"description\":\"Almohadilla de Pulido Trapezoidal de Espuma \u2013 Corte Medio (Pack de 2)Dise\u00f1adas para ofrecer una combinaci\u00f3n equilibrada entre correcci\u00f3n moderada y acabado fino, estas almohadillas son adecuadas para todo tipo de pinturas modernas y superficies de gelcoat.Caracter\u00edsticas Aptas para acabados y correcciones de corte medio Compatibles con todo tipo de pinturas modernas y gelcoat Pueden utilizarse en combinaci\u00f3n con compuestos de corte fuerte o fino, seg\u00fan el caso Ideales para trabajos de acabado posteriores a correcciones m\u00e1s agresivas Dise\u00f1adas para m\u00e1quinas oscilantes (DA) Ofrecen larga durabilidad, excelente disipaci\u00f3n del calor y buena trabajabilidad del producto de pulidoContenido del Paquete 2 almohadillas de pulido trapezoidales de espuma \u2013 Corte Medio\",\"breadcrumb\":{\"@id\":\"https:\/\/plcmarine.com\/en\/producto\/trapez-foam-polishing-pad-medium-cut-2-pack-175-mm\/#breadcrumb\"},\"inLanguage\":\"en-US\",\"potentialAction\":[{\"@type\":\"ReadAction\",\"target\":[\"https:\/\/plcmarine.com\/en\/producto\/trapez-foam-polishing-pad-medium-cut-2-pack-175-mm\/\"]}]},{\"@type\":\"ImageObject\",\"inLanguage\":\"en-US\",\"@id\":\"https:\/\/plcmarine.com\/en\/producto\/trapez-foam-polishing-pad-medium-cut-2-pack-175-mm\/#primaryimage\",\"url\":\"https:\/\/plcmarine.com\/wp-content\/uploads\/2025\/05\/Medium-Polishing-Pad-1.jpg\",\"contentUrl\":\"https:\/\/plcmarine.com\/wp-content\/uploads\/2025\/05\/Medium-Polishing-Pad-1.jpg\",\"width\":352,\"height\":352},{\"@type\":\"BreadcrumbList\",\"@id\":\"https:\/\/plcmarine.com\/en\/producto\/trapez-foam-polishing-pad-medium-cut-2-pack-175-mm\/#breadcrumb\",\"itemListElement\":[{\"@type\":\"ListItem\",\"position\":1,\"name\":\"Home\",\"item\":\"https:\/\/plcmarine.com\/en\/\"},{\"@type\":\"ListItem\",\"position\":2,\"name\":\"Shop\",\"item\":\"https:\/\/plcmarine.com\/shop\/\"},{\"@type\":\"ListItem\",\"position\":3,\"name\":\"Trapez Foam Polishing Pad &#8211; Medium Cut (2-Pack)- 175 mm\"}]},{\"@type\":\"WebSite\",\"@id\":\"https:\/\/plcmarine.com\/en\/#website\",\"url\":\"https:\/\/plcmarine.com\/en\/\",\"name\":\"PLC Marine\",\"description\":\"The Professional&#039;s choice\",\"potentialAction\":[{\"@type\":\"SearchAction\",\"target\":{\"@type\":\"EntryPoint\",\"urlTemplate\":\"https:\/\/plcmarine.com\/en\/?s={search_term_string}\"},\"query-input\":{\"@type\":\"PropertyValueSpecification\",\"valueRequired\":true,\"valueName\":\"search_term_string\"}}],\"inLanguage\":\"en-US\"}]}<\/script>\n<!-- \/ Yoast SEO plugin. -->","yoast_head_json":{"title":"Trapez Foam Polishing Pad - Medium Cut (2-Pack)- 175 mm - PLC Marine","description":"Almohadilla de Pulido Trapezoidal de Espuma \u2013 Corte Medio (Pack de 2)Dise\u00f1adas para ofrecer una combinaci\u00f3n equilibrada entre correcci\u00f3n moderada y acabado fino, estas almohadillas son adecuadas para todo tipo de pinturas modernas y superficies de gelcoat.Caracter\u00edsticas Aptas para acabados y correcciones de corte medio Compatibles con todo tipo de pinturas modernas y gelcoat Pueden utilizarse en combinaci\u00f3n con compuestos de corte fuerte o fino, seg\u00fan el caso Ideales para trabajos de acabado posteriores a correcciones m\u00e1s agresivas Dise\u00f1adas para m\u00e1quinas oscilantes (DA) Ofrecen larga durabilidad, excelente disipaci\u00f3n del calor y buena trabajabilidad del producto de pulidoContenido del Paquete 2 almohadillas de pulido trapezoidales de espuma \u2013 Corte Medio","robots":{"index":"index","follow":"follow","max-snippet":"max-snippet:-1","max-image-preview":"max-image-preview:large","max-video-preview":"max-video-preview:-1"},"canonical":"https:\/\/plcmarine.com\/en\/producto\/trapez-foam-polishing-pad-medium-cut-2-pack-175-mm\/","og_locale":"en_US","og_type":"article","og_title":"Trapez Foam Polishing Pad - Medium Cut (2-Pack)- 175 mm - PLC Marine","og_description":"Almohadilla de Pulido Trapezoidal de Espuma \u2013 Corte Medio (Pack de 2)Dise\u00f1adas para ofrecer una combinaci\u00f3n equilibrada entre correcci\u00f3n moderada y acabado fino, estas almohadillas son adecuadas para todo tipo de pinturas modernas y superficies de gelcoat.Caracter\u00edsticas Aptas para acabados y correcciones de corte medio Compatibles con todo tipo de pinturas modernas y gelcoat Pueden utilizarse en combinaci\u00f3n con compuestos de corte fuerte o fino, seg\u00fan el caso Ideales para trabajos de acabado posteriores a correcciones m\u00e1s agresivas Dise\u00f1adas para m\u00e1quinas oscilantes (DA) Ofrecen larga durabilidad, excelente disipaci\u00f3n del calor y buena trabajabilidad del producto de pulidoContenido del Paquete 2 almohadillas de pulido trapezoidales de espuma \u2013 Corte Medio","og_url":"https:\/\/plcmarine.com\/en\/producto\/trapez-foam-polishing-pad-medium-cut-2-pack-175-mm\/","og_site_name":"PLC Marine","article_modified_time":"2026-01-07T21:11:57+00:00","og_image":[{"width":352,"height":352,"url":"https:\/\/plcmarine.com\/wp-content\/uploads\/2025\/05\/Medium-Polishing-Pad-1.jpg","type":"image\/jpeg"}],"twitter_card":"summary_large_image","twitter_misc":{"Est. reading time":"1 minute"},"schema":{"@context":"https:\/\/schema.org","@graph":[{"@type":"WebPage","@id":"https:\/\/plcmarine.com\/en\/producto\/trapez-foam-polishing-pad-medium-cut-2-pack-175-mm\/","url":"https:\/\/plcmarine.com\/en\/producto\/trapez-foam-polishing-pad-medium-cut-2-pack-175-mm\/","name":"Trapez Foam Polishing Pad - Medium Cut (2-Pack)- 175 mm - PLC Marine","isPartOf":{"@id":"https:\/\/plcmarine.com\/en\/#website"},"primaryImageOfPage":{"@id":"https:\/\/plcmarine.com\/en\/producto\/trapez-foam-polishing-pad-medium-cut-2-pack-175-mm\/#primaryimage"},"image":{"@id":"https:\/\/plcmarine.com\/en\/producto\/trapez-foam-polishing-pad-medium-cut-2-pack-175-mm\/#primaryimage"},"thumbnailUrl":"https:\/\/plcmarine.com\/wp-content\/uploads\/2025\/05\/Medium-Polishing-Pad-1.jpg","datePublished":"2025-05-06T17:00:47+00:00","dateModified":"2026-01-07T21:11:57+00:00","description":"Almohadilla de Pulido Trapezoidal de Espuma \u2013 Corte Medio (Pack de 2)Dise\u00f1adas para ofrecer una combinaci\u00f3n equilibrada entre correcci\u00f3n moderada y acabado fino, estas almohadillas son adecuadas para todo tipo de pinturas modernas y superficies de gelcoat.Caracter\u00edsticas Aptas para acabados y correcciones de corte medio Compatibles con todo tipo de pinturas modernas y gelcoat Pueden utilizarse en combinaci\u00f3n con compuestos de corte fuerte o fino, seg\u00fan el caso Ideales para trabajos de acabado posteriores a correcciones m\u00e1s agresivas Dise\u00f1adas para m\u00e1quinas oscilantes (DA) Ofrecen larga durabilidad, excelente disipaci\u00f3n del calor y buena trabajabilidad del producto de pulidoContenido del Paquete 2 almohadillas de pulido trapezoidales de espuma \u2013 Corte Medio","breadcrumb":{"@id":"https:\/\/plcmarine.com\/en\/producto\/trapez-foam-polishing-pad-medium-cut-2-pack-175-mm\/#breadcrumb"},"inLanguage":"en-US","potentialAction":[{"@type":"ReadAction","target":["https:\/\/plcmarine.com\/en\/producto\/trapez-foam-polishing-pad-medium-cut-2-pack-175-mm\/"]}]},{"@type":"ImageObject","inLanguage":"en-US","@id":"https:\/\/plcmarine.com\/en\/producto\/trapez-foam-polishing-pad-medium-cut-2-pack-175-mm\/#primaryimage","url":"https:\/\/plcmarine.com\/wp-content\/uploads\/2025\/05\/Medium-Polishing-Pad-1.jpg","contentUrl":"https:\/\/plcmarine.com\/wp-content\/uploads\/2025\/05\/Medium-Polishing-Pad-1.jpg","width":352,"height":352},{"@type":"BreadcrumbList","@id":"https:\/\/plcmarine.com\/en\/producto\/trapez-foam-polishing-pad-medium-cut-2-pack-175-mm\/#breadcrumb","itemListElement":[{"@type":"ListItem","position":1,"name":"Home","item":"https:\/\/plcmarine.com\/en\/"},{"@type":"ListItem","position":2,"name":"Shop","item":"https:\/\/plcmarine.com\/shop\/"},{"@type":"ListItem","position":3,"name":"Trapez Foam Polishing Pad &#8211; Medium Cut (2-Pack)- 175 mm"}]},{"@type":"WebSite","@id":"https:\/\/plcmarine.com\/en\/#website","url":"https:\/\/plcmarine.com\/en\/","name":"PLC Marine","description":"The Professional&#039;s choice","potentialAction":[{"@type":"SearchAction","target":{"@type":"EntryPoint","urlTemplate":"https:\/\/plcmarine.com\/en\/?s={search_term_string}"},"query-input":{"@type":"PropertyValueSpecification","valueRequired":true,"valueName":"search_term_string"}}],"inLanguage":"en-US"}]}},"brands":[{"id":84,"name":"DiTEC Marine","slug":"ditec-marine"}],"_links":{"self":[{"href":"https:\/\/plcmarine.com\/en\/wp-json\/wp\/v2\/product\/33374243","targetHints":{"allow":["GET"]}}],"collection":[{"href":"https:\/\/plcmarine.com\/en\/wp-json\/wp\/v2\/product"}],"about":[{"href":"https:\/\/plcmarine.com\/en\/wp-json\/wp\/v2\/types\/product"}],"wp:featuredmedia":[{"embeddable":true,"href":"https:\/\/plcmarine.com\/en\/wp-json\/wp\/v2\/media\/33374244"}],"wp:attachment":[{"href":"https:\/\/plcmarine.com\/en\/wp-json\/wp\/v2\/media?parent=33374243"}],"wp:term":[{"taxonomy":"pwb-brand","embeddable":true,"href":"https:\/\/plcmarine.com\/en\/wp-json\/wp\/v2\/pwb-brand?post=33374243"},{"taxonomy":"product_brand","embeddable":true,"href":"https:\/\/plcmarine.com\/en\/wp-json\/wp\/v2\/product_brand?post=33374243"},{"taxonomy":"product_cat","embeddable":true,"href":"https:\/\/plcmarine.com\/en\/wp-json\/wp\/v2\/product_cat?post=33374243"},{"taxonomy":"product_tag","embeddable":true,"href":"https:\/\/plcmarine.com\/en\/wp-json\/wp\/v2\/product_tag?post=33374243"}],"curies":[{"name":"wp","href":"https:\/\/api.w.org\/{rel}","templated":true}]}}