



{"id":33374252,"date":"2025-05-06T17:20:28","date_gmt":"2025-05-06T17:20:28","guid":{"rendered":"https:\/\/plcmarine.com\/product\/teak-furniture-kit\/"},"modified":"2026-01-07T21:13:26","modified_gmt":"2026-01-07T21:13:26","slug":"teak-furniture-kit","status":"publish","type":"product","link":"https:\/\/plcmarine.com\/en\/producto\/teak-furniture-kit\/","title":{"rendered":"Teak Furniture Kit"},"content":{"rendered":"<h4>Caracter\u00edsticas Principales<\/h4>\n<ul>\n<li><strong>Rendimiento Alto<\/strong><\/li>\n<li><strong>No corrosivo<\/strong><\/li>\n<li><strong>Resistente a los rayos UV<\/strong><\/li>\n<li><strong>Libre de blanqueadores<\/strong><\/li>\n<li><strong>Biodegradable<\/strong><\/li>\n<li><strong>Protecci\u00f3n duradera de hasta 6 meses<\/strong><\/li>\n<li><strong>Puede enjuagarse sin impacto negativo en los cuerpos de agua<\/strong><\/li>\n<\/ul>\n<hr \/>\n<h4>Detalles del Kit<\/h4>\n<ul>\n<li><strong>Teak Magic Parte 1 (Limpiador) \u2013 32 oz<\/strong><\/li>\n<li><strong>Teak Magic Parte 2 (Aclarador) \u2013 32 oz<\/strong><\/li>\n<li><strong>Triton 2.0 (Protector) \u2013 32 oz<\/strong><\/li>\n<li><strong>Una (1) almohadilla de fregado manual de polipropileno<\/strong><\/li>\n<li><strong>Tres (3) pinceles de espuma<\/strong><\/li>\n<\/ul>\n<hr \/>\n<h4>Uso y Aplicaci\u00f3n<\/h4>\n<ul>\n<li><strong>Aplicaci\u00f3n en:<\/strong> Mobiliario de teak, superficies de madera no tratada o piedra porosa.<\/li>\n<li><strong>Teak Magic:<\/strong> Mezclar 1 parte de Teak Magic con 4 partes de agua fresca (1:4). Aplicar uniformemente sobre la superficie utilizando un pincel de espuma, cepillo para cubiertas o almohadilla de fregado de polipropileno.<\/li>\n<li><strong>Aplicaci\u00f3n de Triton:<\/strong> Usar un rodillo de espuma, pincel de espuma o pulverizador para aplicar Triton 2.0 sobre la madera limpia.<\/li>\n<\/ul>\n<hr \/>\n<h4>Impacto Ambiental<\/h4>\n<ul>\n<li>Teak Magic cumple con MARPOL Anexos III y V.<\/li>\n<li>Biodegradable r\u00e1pidamente (Despu\u00e9s de 10 d\u00edas).<\/li>\n<li>Libre de fosfatos, blanqueadores y no corrosivo.<\/li>\n<\/ul>\n","protected":false},"excerpt":{"rendered":"<h3>Kit de Restauraci\u00f3n para Mobiliario de Teak DiTEC<\/h3>\n<p>Restaura tus muebles de teak envejecidos y grises a su tono original de marr\u00f3n dorado sin necesidad de lijar. El kit incluye todo lo necesario para limpiar, revitalizar y proteger la madera de los efectos del agua, el sol y otros elementos externos.<\/p>\n","protected":false},"featured_media":33374253,"template":"","meta":[],"pwb-brand":[84],"product_brand":[],"product_cat":[155,109],"product_tag":[],"class_list":{"0":"post-33374252","1":"product","2":"type-product","3":"status-publish","4":"has-post-thumbnail","6":"pwb-brand-ditec-marine","7":"product_cat-cuidado-de-la-teca","8":"product_cat-sin-categorizar","10":"first","11":"instock","12":"taxable","13":"shipping-taxable","14":"purchasable","15":"product-type-simple"},"yoast_head":"<!-- This site is optimized with the Yoast SEO plugin v25.3.1 - https:\/\/yoast.com\/wordpress\/plugins\/seo\/ -->\n<title>Teak Furniture Kit - PLC Marine<\/title>\n<meta name=\"description\" content=\"Kit de Restauraci\u00f3n para Mobiliario de Teak DiTECRestaura tus muebles de teak envejecidos y grises a su tono original de marr\u00f3n dorado sin necesidad de lijar. El kit incluye todo lo necesario para limpiar, revitalizar y proteger la madera de los efectos del agua, el sol y otros elementos externos.Caracter\u00edsticas Principales Rendimiento Alto No corrosivo Resistente a los rayos UV Libre de blanqueadores Biodegradable Protecci\u00f3n duradera de hasta 6 meses Puede enjuagarse sin impacto negativo en los cuerpos de aguaDetalles del Kit Teak Magic Parte 1 (Limpiador) \u2013 32 oz Teak Magic Parte 2 (Aclarador) \u2013 32 oz Triton 2.0 (Protector) \u2013 32 oz Una (1) almohadilla de fregado manual de polipropileno Tres (3) pinceles de espumaUso y Aplicaci\u00f3n Aplicaci\u00f3n en: Mobiliario de teak, superficies de madera no tratada o piedra porosa. Teak Magic: Mezclar 1 parte de Teak Magic con 4 partes de agua fresca (1:4). Aplicar uniformemente sobre la superficie utilizando un pincel de espuma, cepillo para cubiertas o almohadilla de fregado de polipropileno. Aplicaci\u00f3n de Triton: Usar un rodillo de espuma, pincel de espuma o pulverizador para aplicar Triton 2.0 sobre la madera limpia.Impacto Ambiental Teak Magic cumple con MARPOL Anexos III y V. Biodegradable r\u00e1pidamente (Despu\u00e9s de 10 d\u00edas). Libre de fosfatos, blanqueadores y no corrosivo.\" \/>\n<meta name=\"robots\" content=\"index, follow, max-snippet:-1, max-image-preview:large, max-video-preview:-1\" \/>\n<link rel=\"canonical\" href=\"https:\/\/plcmarine.com\/en\/producto\/teak-furniture-kit\/\" \/>\n<meta property=\"og:locale\" content=\"en_US\" \/>\n<meta property=\"og:type\" content=\"article\" \/>\n<meta property=\"og:title\" content=\"Teak Furniture Kit - PLC Marine\" \/>\n<meta property=\"og:description\" content=\"Kit de Restauraci\u00f3n para Mobiliario de Teak DiTECRestaura tus muebles de teak envejecidos y grises a su tono original de marr\u00f3n dorado sin necesidad de lijar. El kit incluye todo lo necesario para limpiar, revitalizar y proteger la madera de los efectos del agua, el sol y otros elementos externos.Caracter\u00edsticas Principales Rendimiento Alto No corrosivo Resistente a los rayos UV Libre de blanqueadores Biodegradable Protecci\u00f3n duradera de hasta 6 meses Puede enjuagarse sin impacto negativo en los cuerpos de aguaDetalles del Kit Teak Magic Parte 1 (Limpiador) \u2013 32 oz Teak Magic Parte 2 (Aclarador) \u2013 32 oz Triton 2.0 (Protector) \u2013 32 oz Una (1) almohadilla de fregado manual de polipropileno Tres (3) pinceles de espumaUso y Aplicaci\u00f3n Aplicaci\u00f3n en: Mobiliario de teak, superficies de madera no tratada o piedra porosa. Teak Magic: Mezclar 1 parte de Teak Magic con 4 partes de agua fresca (1:4). Aplicar uniformemente sobre la superficie utilizando un pincel de espuma, cepillo para cubiertas o almohadilla de fregado de polipropileno. Aplicaci\u00f3n de Triton: Usar un rodillo de espuma, pincel de espuma o pulverizador para aplicar Triton 2.0 sobre la madera limpia.Impacto Ambiental Teak Magic cumple con MARPOL Anexos III y V. Biodegradable r\u00e1pidamente (Despu\u00e9s de 10 d\u00edas). Libre de fosfatos, blanqueadores y no corrosivo.\" \/>\n<meta property=\"og:url\" content=\"https:\/\/plcmarine.com\/en\/producto\/teak-furniture-kit\/\" \/>\n<meta property=\"og:site_name\" content=\"PLC Marine\" \/>\n<meta property=\"article:modified_time\" content=\"2026-01-07T21:13:26+00:00\" \/>\n<meta property=\"og:image\" content=\"https:\/\/plcmarine.com\/wp-content\/uploads\/2025\/05\/TeakFurnitureKit2_900x1200_crop_center.jpg\" \/>\n\t<meta property=\"og:image:width\" content=\"900\" \/>\n\t<meta property=\"og:image:height\" content=\"1200\" \/>\n\t<meta property=\"og:image:type\" content=\"image\/jpeg\" \/>\n<meta name=\"twitter:card\" content=\"summary_large_image\" \/>\n<meta name=\"twitter:label1\" content=\"Est. reading time\" \/>\n\t<meta name=\"twitter:data1\" content=\"1 minute\" \/>\n<script type=\"application\/ld+json\" class=\"yoast-schema-graph\">{\"@context\":\"https:\/\/schema.org\",\"@graph\":[{\"@type\":\"WebPage\",\"@id\":\"https:\/\/plcmarine.com\/en\/producto\/teak-furniture-kit\/\",\"url\":\"https:\/\/plcmarine.com\/en\/producto\/teak-furniture-kit\/\",\"name\":\"Teak Furniture Kit - PLC Marine\",\"isPartOf\":{\"@id\":\"https:\/\/plcmarine.com\/en\/#website\"},\"primaryImageOfPage\":{\"@id\":\"https:\/\/plcmarine.com\/en\/producto\/teak-furniture-kit\/#primaryimage\"},\"image\":{\"@id\":\"https:\/\/plcmarine.com\/en\/producto\/teak-furniture-kit\/#primaryimage\"},\"thumbnailUrl\":\"https:\/\/plcmarine.com\/wp-content\/uploads\/2025\/05\/TeakFurnitureKit2_900x1200_crop_center.jpg\",\"datePublished\":\"2025-05-06T17:20:28+00:00\",\"dateModified\":\"2026-01-07T21:13:26+00:00\",\"description\":\"Kit de Restauraci\u00f3n para Mobiliario de Teak DiTECRestaura tus muebles de teak envejecidos y grises a su tono original de marr\u00f3n dorado sin necesidad de lijar. El kit incluye todo lo necesario para limpiar, revitalizar y proteger la madera de los efectos del agua, el sol y otros elementos externos.Caracter\u00edsticas Principales Rendimiento Alto No corrosivo Resistente a los rayos UV Libre de blanqueadores Biodegradable Protecci\u00f3n duradera de hasta 6 meses Puede enjuagarse sin impacto negativo en los cuerpos de aguaDetalles del Kit Teak Magic Parte 1 (Limpiador) \u2013 32 oz Teak Magic Parte 2 (Aclarador) \u2013 32 oz Triton 2.0 (Protector) \u2013 32 oz Una (1) almohadilla de fregado manual de polipropileno Tres (3) pinceles de espumaUso y Aplicaci\u00f3n Aplicaci\u00f3n en: Mobiliario de teak, superficies de madera no tratada o piedra porosa. Teak Magic: Mezclar 1 parte de Teak Magic con 4 partes de agua fresca (1:4). Aplicar uniformemente sobre la superficie utilizando un pincel de espuma, cepillo para cubiertas o almohadilla de fregado de polipropileno. Aplicaci\u00f3n de Triton: Usar un rodillo de espuma, pincel de espuma o pulverizador para aplicar Triton 2.0 sobre la madera limpia.Impacto Ambiental Teak Magic cumple con MARPOL Anexos III y V. Biodegradable r\u00e1pidamente (Despu\u00e9s de 10 d\u00edas). Libre de fosfatos, blanqueadores y no corrosivo.\",\"breadcrumb\":{\"@id\":\"https:\/\/plcmarine.com\/en\/producto\/teak-furniture-kit\/#breadcrumb\"},\"inLanguage\":\"en-US\",\"potentialAction\":[{\"@type\":\"ReadAction\",\"target\":[\"https:\/\/plcmarine.com\/en\/producto\/teak-furniture-kit\/\"]}]},{\"@type\":\"ImageObject\",\"inLanguage\":\"en-US\",\"@id\":\"https:\/\/plcmarine.com\/en\/producto\/teak-furniture-kit\/#primaryimage\",\"url\":\"https:\/\/plcmarine.com\/wp-content\/uploads\/2025\/05\/TeakFurnitureKit2_900x1200_crop_center.jpg\",\"contentUrl\":\"https:\/\/plcmarine.com\/wp-content\/uploads\/2025\/05\/TeakFurnitureKit2_900x1200_crop_center.jpg\",\"width\":900,\"height\":1200},{\"@type\":\"BreadcrumbList\",\"@id\":\"https:\/\/plcmarine.com\/en\/producto\/teak-furniture-kit\/#breadcrumb\",\"itemListElement\":[{\"@type\":\"ListItem\",\"position\":1,\"name\":\"Home\",\"item\":\"https:\/\/plcmarine.com\/en\/\"},{\"@type\":\"ListItem\",\"position\":2,\"name\":\"Shop\",\"item\":\"https:\/\/plcmarine.com\/shop\/\"},{\"@type\":\"ListItem\",\"position\":3,\"name\":\"Teak Furniture Kit\"}]},{\"@type\":\"WebSite\",\"@id\":\"https:\/\/plcmarine.com\/en\/#website\",\"url\":\"https:\/\/plcmarine.com\/en\/\",\"name\":\"PLC Marine\",\"description\":\"The Professional&#039;s choice\",\"potentialAction\":[{\"@type\":\"SearchAction\",\"target\":{\"@type\":\"EntryPoint\",\"urlTemplate\":\"https:\/\/plcmarine.com\/en\/?s={search_term_string}\"},\"query-input\":{\"@type\":\"PropertyValueSpecification\",\"valueRequired\":true,\"valueName\":\"search_term_string\"}}],\"inLanguage\":\"en-US\"}]}<\/script>\n<!-- \/ Yoast SEO plugin. -->","yoast_head_json":{"title":"Teak Furniture Kit - PLC Marine","description":"Kit de Restauraci\u00f3n para Mobiliario de Teak DiTECRestaura tus muebles de teak envejecidos y grises a su tono original de marr\u00f3n dorado sin necesidad de lijar. El kit incluye todo lo necesario para limpiar, revitalizar y proteger la madera de los efectos del agua, el sol y otros elementos externos.Caracter\u00edsticas Principales Rendimiento Alto No corrosivo Resistente a los rayos UV Libre de blanqueadores Biodegradable Protecci\u00f3n duradera de hasta 6 meses Puede enjuagarse sin impacto negativo en los cuerpos de aguaDetalles del Kit Teak Magic Parte 1 (Limpiador) \u2013 32 oz Teak Magic Parte 2 (Aclarador) \u2013 32 oz Triton 2.0 (Protector) \u2013 32 oz Una (1) almohadilla de fregado manual de polipropileno Tres (3) pinceles de espumaUso y Aplicaci\u00f3n Aplicaci\u00f3n en: Mobiliario de teak, superficies de madera no tratada o piedra porosa. Teak Magic: Mezclar 1 parte de Teak Magic con 4 partes de agua fresca (1:4). Aplicar uniformemente sobre la superficie utilizando un pincel de espuma, cepillo para cubiertas o almohadilla de fregado de polipropileno. Aplicaci\u00f3n de Triton: Usar un rodillo de espuma, pincel de espuma o pulverizador para aplicar Triton 2.0 sobre la madera limpia.Impacto Ambiental Teak Magic cumple con MARPOL Anexos III y V. Biodegradable r\u00e1pidamente (Despu\u00e9s de 10 d\u00edas). Libre de fosfatos, blanqueadores y no corrosivo.","robots":{"index":"index","follow":"follow","max-snippet":"max-snippet:-1","max-image-preview":"max-image-preview:large","max-video-preview":"max-video-preview:-1"},"canonical":"https:\/\/plcmarine.com\/en\/producto\/teak-furniture-kit\/","og_locale":"en_US","og_type":"article","og_title":"Teak Furniture Kit - PLC Marine","og_description":"Kit de Restauraci\u00f3n para Mobiliario de Teak DiTECRestaura tus muebles de teak envejecidos y grises a su tono original de marr\u00f3n dorado sin necesidad de lijar. El kit incluye todo lo necesario para limpiar, revitalizar y proteger la madera de los efectos del agua, el sol y otros elementos externos.Caracter\u00edsticas Principales Rendimiento Alto No corrosivo Resistente a los rayos UV Libre de blanqueadores Biodegradable Protecci\u00f3n duradera de hasta 6 meses Puede enjuagarse sin impacto negativo en los cuerpos de aguaDetalles del Kit Teak Magic Parte 1 (Limpiador) \u2013 32 oz Teak Magic Parte 2 (Aclarador) \u2013 32 oz Triton 2.0 (Protector) \u2013 32 oz Una (1) almohadilla de fregado manual de polipropileno Tres (3) pinceles de espumaUso y Aplicaci\u00f3n Aplicaci\u00f3n en: Mobiliario de teak, superficies de madera no tratada o piedra porosa. Teak Magic: Mezclar 1 parte de Teak Magic con 4 partes de agua fresca (1:4). Aplicar uniformemente sobre la superficie utilizando un pincel de espuma, cepillo para cubiertas o almohadilla de fregado de polipropileno. Aplicaci\u00f3n de Triton: Usar un rodillo de espuma, pincel de espuma o pulverizador para aplicar Triton 2.0 sobre la madera limpia.Impacto Ambiental Teak Magic cumple con MARPOL Anexos III y V. Biodegradable r\u00e1pidamente (Despu\u00e9s de 10 d\u00edas). Libre de fosfatos, blanqueadores y no corrosivo.","og_url":"https:\/\/plcmarine.com\/en\/producto\/teak-furniture-kit\/","og_site_name":"PLC Marine","article_modified_time":"2026-01-07T21:13:26+00:00","og_image":[{"width":900,"height":1200,"url":"https:\/\/plcmarine.com\/wp-content\/uploads\/2025\/05\/TeakFurnitureKit2_900x1200_crop_center.jpg","type":"image\/jpeg"}],"twitter_card":"summary_large_image","twitter_misc":{"Est. reading time":"1 minute"},"schema":{"@context":"https:\/\/schema.org","@graph":[{"@type":"WebPage","@id":"https:\/\/plcmarine.com\/en\/producto\/teak-furniture-kit\/","url":"https:\/\/plcmarine.com\/en\/producto\/teak-furniture-kit\/","name":"Teak Furniture Kit - PLC Marine","isPartOf":{"@id":"https:\/\/plcmarine.com\/en\/#website"},"primaryImageOfPage":{"@id":"https:\/\/plcmarine.com\/en\/producto\/teak-furniture-kit\/#primaryimage"},"image":{"@id":"https:\/\/plcmarine.com\/en\/producto\/teak-furniture-kit\/#primaryimage"},"thumbnailUrl":"https:\/\/plcmarine.com\/wp-content\/uploads\/2025\/05\/TeakFurnitureKit2_900x1200_crop_center.jpg","datePublished":"2025-05-06T17:20:28+00:00","dateModified":"2026-01-07T21:13:26+00:00","description":"Kit de Restauraci\u00f3n para Mobiliario de Teak DiTECRestaura tus muebles de teak envejecidos y grises a su tono original de marr\u00f3n dorado sin necesidad de lijar. El kit incluye todo lo necesario para limpiar, revitalizar y proteger la madera de los efectos del agua, el sol y otros elementos externos.Caracter\u00edsticas Principales Rendimiento Alto No corrosivo Resistente a los rayos UV Libre de blanqueadores Biodegradable Protecci\u00f3n duradera de hasta 6 meses Puede enjuagarse sin impacto negativo en los cuerpos de aguaDetalles del Kit Teak Magic Parte 1 (Limpiador) \u2013 32 oz Teak Magic Parte 2 (Aclarador) \u2013 32 oz Triton 2.0 (Protector) \u2013 32 oz Una (1) almohadilla de fregado manual de polipropileno Tres (3) pinceles de espumaUso y Aplicaci\u00f3n Aplicaci\u00f3n en: Mobiliario de teak, superficies de madera no tratada o piedra porosa. Teak Magic: Mezclar 1 parte de Teak Magic con 4 partes de agua fresca (1:4). Aplicar uniformemente sobre la superficie utilizando un pincel de espuma, cepillo para cubiertas o almohadilla de fregado de polipropileno. Aplicaci\u00f3n de Triton: Usar un rodillo de espuma, pincel de espuma o pulverizador para aplicar Triton 2.0 sobre la madera limpia.Impacto Ambiental Teak Magic cumple con MARPOL Anexos III y V. Biodegradable r\u00e1pidamente (Despu\u00e9s de 10 d\u00edas). Libre de fosfatos, blanqueadores y no corrosivo.","breadcrumb":{"@id":"https:\/\/plcmarine.com\/en\/producto\/teak-furniture-kit\/#breadcrumb"},"inLanguage":"en-US","potentialAction":[{"@type":"ReadAction","target":["https:\/\/plcmarine.com\/en\/producto\/teak-furniture-kit\/"]}]},{"@type":"ImageObject","inLanguage":"en-US","@id":"https:\/\/plcmarine.com\/en\/producto\/teak-furniture-kit\/#primaryimage","url":"https:\/\/plcmarine.com\/wp-content\/uploads\/2025\/05\/TeakFurnitureKit2_900x1200_crop_center.jpg","contentUrl":"https:\/\/plcmarine.com\/wp-content\/uploads\/2025\/05\/TeakFurnitureKit2_900x1200_crop_center.jpg","width":900,"height":1200},{"@type":"BreadcrumbList","@id":"https:\/\/plcmarine.com\/en\/producto\/teak-furniture-kit\/#breadcrumb","itemListElement":[{"@type":"ListItem","position":1,"name":"Home","item":"https:\/\/plcmarine.com\/en\/"},{"@type":"ListItem","position":2,"name":"Shop","item":"https:\/\/plcmarine.com\/shop\/"},{"@type":"ListItem","position":3,"name":"Teak Furniture Kit"}]},{"@type":"WebSite","@id":"https:\/\/plcmarine.com\/en\/#website","url":"https:\/\/plcmarine.com\/en\/","name":"PLC Marine","description":"The Professional&#039;s choice","potentialAction":[{"@type":"SearchAction","target":{"@type":"EntryPoint","urlTemplate":"https:\/\/plcmarine.com\/en\/?s={search_term_string}"},"query-input":{"@type":"PropertyValueSpecification","valueRequired":true,"valueName":"search_term_string"}}],"inLanguage":"en-US"}]}},"brands":[{"id":84,"name":"DiTEC Marine","slug":"ditec-marine"}],"_links":{"self":[{"href":"https:\/\/plcmarine.com\/en\/wp-json\/wp\/v2\/product\/33374252","targetHints":{"allow":["GET"]}}],"collection":[{"href":"https:\/\/plcmarine.com\/en\/wp-json\/wp\/v2\/product"}],"about":[{"href":"https:\/\/plcmarine.com\/en\/wp-json\/wp\/v2\/types\/product"}],"wp:featuredmedia":[{"embeddable":true,"href":"https:\/\/plcmarine.com\/en\/wp-json\/wp\/v2\/media\/33374253"}],"wp:attachment":[{"href":"https:\/\/plcmarine.com\/en\/wp-json\/wp\/v2\/media?parent=33374252"}],"wp:term":[{"taxonomy":"pwb-brand","embeddable":true,"href":"https:\/\/plcmarine.com\/en\/wp-json\/wp\/v2\/pwb-brand?post=33374252"},{"taxonomy":"product_brand","embeddable":true,"href":"https:\/\/plcmarine.com\/en\/wp-json\/wp\/v2\/product_brand?post=33374252"},{"taxonomy":"product_cat","embeddable":true,"href":"https:\/\/plcmarine.com\/en\/wp-json\/wp\/v2\/product_cat?post=33374252"},{"taxonomy":"product_tag","embeddable":true,"href":"https:\/\/plcmarine.com\/en\/wp-json\/wp\/v2\/product_tag?post=33374252"}],"curies":[{"name":"wp","href":"https:\/\/api.w.org\/{rel}","templated":true}]}}