



{"id":33374261,"date":"2025-05-06T17:25:30","date_gmt":"2025-05-06T17:25:30","guid":{"rendered":"https:\/\/plcmarine.com\/product\/triton-2-0-1-gallon\/"},"modified":"2026-01-07T22:01:33","modified_gmt":"2026-01-07T22:01:33","slug":"triton-2-0-1-gallon","status":"publish","type":"product","link":"https:\/\/plcmarine.com\/en\/producto\/triton-2-0-1-gallon\/","title":{"rendered":"TRITON 2.0-1 Gallon"},"content":{"rendered":"<h4>Caracter\u00edsticas Principales<\/h4>\n<ul>\n<li><strong>Repelente:<\/strong> Crea una superficie altamente repelente al agua, aceite y suciedad.<\/li>\n<li><strong>Protector:<\/strong> Protege de los rayos UV y otros elementos da\u00f1inos.<\/li>\n<li><strong>Durabilidad:<\/strong> Protege por hasta 6 meses.<\/li>\n<li><strong>Apariencia:<\/strong> L\u00edquido transparente.<\/li>\n<li><strong>Solubilidad:<\/strong> No soluble en agua.<\/li>\n<li><strong>pH:<\/strong> N\/A.<\/li>\n<li><strong>Alternativa respirable:<\/strong> A diferencia de los selladores y aceites para teak, TRITON 2.0 es una opci\u00f3n m\u00e1s duradera y eficaz.<\/li>\n<\/ul>\n<hr \/>\n<h4>Detalles del Producto<\/h4>\n<ul>\n<li>Un cuarto de gal\u00f3n cubre hasta 150 ft\u00b2 (14.25 m\u00b2).<\/li>\n<li>Un gal\u00f3n cubre hasta 600 ft\u00b2 (57 m\u00b2).<\/li>\n<li>No regulado por el DOT, lo que permite un costo de transporte bajo.<\/li>\n<li>Tasa de consumo baja, lo que lo hace rentable.<\/li>\n<\/ul>\n<hr \/>\n<h4>Uso y Aplicaci\u00f3n<\/h4>\n<ul>\n<li><strong>Aplicaci\u00f3n:<\/strong> Se deben aplicar SOLO DOS CAPAS. Aplicar m\u00e1s de dos capas durante la aplicaci\u00f3n inicial no mejorar\u00e1 la protecci\u00f3n y podr\u00eda causar un aspecto manchado o sangrante en la superficie.<\/li>\n<li><strong>Para uso en:<\/strong> Teak, superficies de madera sin tratar o piedra porosa.<\/li>\n<li><strong>Aplicaci\u00f3n:<\/strong> Aplicar con un rodillo de espuma, pincel de espuma o pulverizador a una superficie de madera completamente limpia (se recomienda DiTEC Teak Clean).<\/li>\n<\/ul>\n<p><iframe loading=\"lazy\" title=\"DiTEC Triton: How to Protect the Teak on your Yacht or Sailboat\" width=\"1200\" height=\"675\" src=\"https:\/\/www.youtube.com\/embed\/JktS1Z2W3AY?feature=oembed\" frameborder=\"0\" allow=\"accelerometer; autoplay; clipboard-write; encrypted-media; gyroscope; picture-in-picture; web-share\" referrerpolicy=\"strict-origin-when-cross-origin\" allowfullscreen><\/iframe><\/p>\n","protected":false},"excerpt":{"rendered":"<h3>Teak and Wood Protectant \u2013 Triton 2.0<\/h3>\n<p>TRITON 2.0 Teak Shield utiliza una tecnolog\u00eda avanzada de nano-recubrimiento dise\u00f1ada para proteger superficies de teak y otras maderas contra agua, aceite, suciedad, rayos UV y m\u00e1s. A diferencia de un sellador, el protectante marino TRITON 2.0 no altera la apariencia, el color ni la textura de la superficie tratada, y puede preservar tus superficies de teak o madera hasta por 6 meses.<\/p>\n","protected":false},"featured_media":33374262,"template":"","meta":[],"pwb-brand":[84],"product_brand":[],"product_cat":[109,155],"product_tag":[],"class_list":{"0":"post-33374261","1":"product","2":"type-product","3":"status-publish","4":"has-post-thumbnail","6":"pwb-brand-ditec-marine","7":"product_cat-sin-categorizar","8":"product_cat-cuidado-de-la-teca","10":"first","11":"instock","12":"taxable","13":"shipping-taxable","14":"purchasable","15":"product-type-simple"},"yoast_head":"<!-- This site is optimized with the Yoast SEO plugin v25.3.1 - https:\/\/yoast.com\/wordpress\/plugins\/seo\/ -->\n<title>TRITON 2.0-1 Gallon - PLC Marine<\/title>\n<meta name=\"description\" content=\"Teak and Wood Protectant \u2013 Triton 2.0TRITON 2.0 Teak Shield utiliza una tecnolog\u00eda avanzada de nano-recubrimiento dise\u00f1ada para proteger superficies de teak y otras maderas contra agua, aceite, suciedad, rayos UV y m\u00e1s. A diferencia de un sellador, el protectante marino TRITON 2.0 no altera la apariencia, el color ni la textura de la superficie tratada, y puede preservar tus superficies de teak o madera hasta por 6 meses.Caracter\u00edsticas Principales Repelente: Crea una superficie altamente repelente al agua, aceite y suciedad. Protector: Protege de los rayos UV y otros elementos da\u00f1inos. Durabilidad: Protege por hasta 6 meses. Apariencia: L\u00edquido transparente. Solubilidad: No soluble en agua. pH: N\/A. Alternativa respirable: A diferencia de los selladores y aceites para teak, TRITON 2.0 es una opci\u00f3n m\u00e1s duradera y eficaz.Detalles del Producto Un cuarto de gal\u00f3n cubre hasta 150 ft\u00b2 (14.25 m\u00b2). Un gal\u00f3n cubre hasta 600 ft\u00b2 (57 m\u00b2). No regulado por el DOT, lo que permite un costo de transporte bajo. Tasa de consumo baja, lo que lo hace rentable.Uso y Aplicaci\u00f3n Aplicaci\u00f3n: Se deben aplicar SOLO DOS CAPAS. Aplicar m\u00e1s de dos capas durante la aplicaci\u00f3n inicial no mejorar\u00e1 la protecci\u00f3n y podr\u00eda causar un aspecto manchado o sangrante en la superficie. Para uso en: Teak, superficies de madera sin tratar o piedra porosa. Aplicaci\u00f3n: Aplicar con un rodillo de espuma, pincel de espuma o pulverizador a una superficie de madera completamente limpia (se recomienda DiTEC Teak Clean).\" \/>\n<meta name=\"robots\" content=\"index, follow, max-snippet:-1, max-image-preview:large, max-video-preview:-1\" \/>\n<link rel=\"canonical\" href=\"https:\/\/plcmarine.com\/en\/producto\/triton-2-0-1-gallon\/\" \/>\n<meta property=\"og:locale\" content=\"en_US\" \/>\n<meta property=\"og:type\" content=\"article\" \/>\n<meta property=\"og:title\" content=\"TRITON 2.0-1 Gallon - PLC Marine\" \/>\n<meta property=\"og:description\" content=\"Teak and Wood Protectant \u2013 Triton 2.0TRITON 2.0 Teak Shield utiliza una tecnolog\u00eda avanzada de nano-recubrimiento dise\u00f1ada para proteger superficies de teak y otras maderas contra agua, aceite, suciedad, rayos UV y m\u00e1s. A diferencia de un sellador, el protectante marino TRITON 2.0 no altera la apariencia, el color ni la textura de la superficie tratada, y puede preservar tus superficies de teak o madera hasta por 6 meses.Caracter\u00edsticas Principales Repelente: Crea una superficie altamente repelente al agua, aceite y suciedad. Protector: Protege de los rayos UV y otros elementos da\u00f1inos. Durabilidad: Protege por hasta 6 meses. Apariencia: L\u00edquido transparente. Solubilidad: No soluble en agua. pH: N\/A. Alternativa respirable: A diferencia de los selladores y aceites para teak, TRITON 2.0 es una opci\u00f3n m\u00e1s duradera y eficaz.Detalles del Producto Un cuarto de gal\u00f3n cubre hasta 150 ft\u00b2 (14.25 m\u00b2). Un gal\u00f3n cubre hasta 600 ft\u00b2 (57 m\u00b2). No regulado por el DOT, lo que permite un costo de transporte bajo. Tasa de consumo baja, lo que lo hace rentable.Uso y Aplicaci\u00f3n Aplicaci\u00f3n: Se deben aplicar SOLO DOS CAPAS. Aplicar m\u00e1s de dos capas durante la aplicaci\u00f3n inicial no mejorar\u00e1 la protecci\u00f3n y podr\u00eda causar un aspecto manchado o sangrante en la superficie. Para uso en: Teak, superficies de madera sin tratar o piedra porosa. Aplicaci\u00f3n: Aplicar con un rodillo de espuma, pincel de espuma o pulverizador a una superficie de madera completamente limpia (se recomienda DiTEC Teak Clean).\" \/>\n<meta property=\"og:url\" content=\"https:\/\/plcmarine.com\/en\/producto\/triton-2-0-1-gallon\/\" \/>\n<meta property=\"og:site_name\" content=\"PLC Marine\" \/>\n<meta property=\"article:modified_time\" content=\"2026-01-07T22:01:33+00:00\" \/>\n<meta property=\"og:image\" content=\"https:\/\/plcmarine.com\/wp-content\/uploads\/2025\/05\/Triton2.0Bottles_1efbd950-a409-4c1d-b89c-bd6a97cb63e8_900x1200_crop_center-1.jpg\" \/>\n\t<meta property=\"og:image:width\" content=\"900\" \/>\n\t<meta property=\"og:image:height\" content=\"1200\" \/>\n\t<meta property=\"og:image:type\" content=\"image\/jpeg\" \/>\n<meta name=\"twitter:card\" content=\"summary_large_image\" \/>\n<meta name=\"twitter:label1\" content=\"Est. reading time\" \/>\n\t<meta name=\"twitter:data1\" content=\"1 minute\" \/>\n<script type=\"application\/ld+json\" class=\"yoast-schema-graph\">{\"@context\":\"https:\/\/schema.org\",\"@graph\":[{\"@type\":\"WebPage\",\"@id\":\"https:\/\/plcmarine.com\/en\/producto\/triton-2-0-1-gallon\/\",\"url\":\"https:\/\/plcmarine.com\/en\/producto\/triton-2-0-1-gallon\/\",\"name\":\"TRITON 2.0-1 Gallon - PLC Marine\",\"isPartOf\":{\"@id\":\"https:\/\/plcmarine.com\/en\/#website\"},\"primaryImageOfPage\":{\"@id\":\"https:\/\/plcmarine.com\/en\/producto\/triton-2-0-1-gallon\/#primaryimage\"},\"image\":{\"@id\":\"https:\/\/plcmarine.com\/en\/producto\/triton-2-0-1-gallon\/#primaryimage\"},\"thumbnailUrl\":\"https:\/\/plcmarine.com\/wp-content\/uploads\/2025\/05\/Triton2.0Bottles_1efbd950-a409-4c1d-b89c-bd6a97cb63e8_900x1200_crop_center-1.jpg\",\"datePublished\":\"2025-05-06T17:25:30+00:00\",\"dateModified\":\"2026-01-07T22:01:33+00:00\",\"description\":\"Teak and Wood Protectant \u2013 Triton 2.0TRITON 2.0 Teak Shield utiliza una tecnolog\u00eda avanzada de nano-recubrimiento dise\u00f1ada para proteger superficies de teak y otras maderas contra agua, aceite, suciedad, rayos UV y m\u00e1s. A diferencia de un sellador, el protectante marino TRITON 2.0 no altera la apariencia, el color ni la textura de la superficie tratada, y puede preservar tus superficies de teak o madera hasta por 6 meses.Caracter\u00edsticas Principales Repelente: Crea una superficie altamente repelente al agua, aceite y suciedad. Protector: Protege de los rayos UV y otros elementos da\u00f1inos. Durabilidad: Protege por hasta 6 meses. Apariencia: L\u00edquido transparente. Solubilidad: No soluble en agua. pH: N\/A. Alternativa respirable: A diferencia de los selladores y aceites para teak, TRITON 2.0 es una opci\u00f3n m\u00e1s duradera y eficaz.Detalles del Producto Un cuarto de gal\u00f3n cubre hasta 150 ft\u00b2 (14.25 m\u00b2). Un gal\u00f3n cubre hasta 600 ft\u00b2 (57 m\u00b2). No regulado por el DOT, lo que permite un costo de transporte bajo. Tasa de consumo baja, lo que lo hace rentable.Uso y Aplicaci\u00f3n Aplicaci\u00f3n: Se deben aplicar SOLO DOS CAPAS. Aplicar m\u00e1s de dos capas durante la aplicaci\u00f3n inicial no mejorar\u00e1 la protecci\u00f3n y podr\u00eda causar un aspecto manchado o sangrante en la superficie. Para uso en: Teak, superficies de madera sin tratar o piedra porosa. Aplicaci\u00f3n: Aplicar con un rodillo de espuma, pincel de espuma o pulverizador a una superficie de madera completamente limpia (se recomienda DiTEC Teak Clean).\",\"breadcrumb\":{\"@id\":\"https:\/\/plcmarine.com\/en\/producto\/triton-2-0-1-gallon\/#breadcrumb\"},\"inLanguage\":\"en-US\",\"potentialAction\":[{\"@type\":\"ReadAction\",\"target\":[\"https:\/\/plcmarine.com\/en\/producto\/triton-2-0-1-gallon\/\"]}]},{\"@type\":\"ImageObject\",\"inLanguage\":\"en-US\",\"@id\":\"https:\/\/plcmarine.com\/en\/producto\/triton-2-0-1-gallon\/#primaryimage\",\"url\":\"https:\/\/plcmarine.com\/wp-content\/uploads\/2025\/05\/Triton2.0Bottles_1efbd950-a409-4c1d-b89c-bd6a97cb63e8_900x1200_crop_center-1.jpg\",\"contentUrl\":\"https:\/\/plcmarine.com\/wp-content\/uploads\/2025\/05\/Triton2.0Bottles_1efbd950-a409-4c1d-b89c-bd6a97cb63e8_900x1200_crop_center-1.jpg\",\"width\":900,\"height\":1200},{\"@type\":\"BreadcrumbList\",\"@id\":\"https:\/\/plcmarine.com\/en\/producto\/triton-2-0-1-gallon\/#breadcrumb\",\"itemListElement\":[{\"@type\":\"ListItem\",\"position\":1,\"name\":\"Home\",\"item\":\"https:\/\/plcmarine.com\/en\/\"},{\"@type\":\"ListItem\",\"position\":2,\"name\":\"Shop\",\"item\":\"https:\/\/plcmarine.com\/shop\/\"},{\"@type\":\"ListItem\",\"position\":3,\"name\":\"TRITON 2.0-1 Gallon\"}]},{\"@type\":\"WebSite\",\"@id\":\"https:\/\/plcmarine.com\/en\/#website\",\"url\":\"https:\/\/plcmarine.com\/en\/\",\"name\":\"PLC Marine\",\"description\":\"The Professional&#039;s choice\",\"potentialAction\":[{\"@type\":\"SearchAction\",\"target\":{\"@type\":\"EntryPoint\",\"urlTemplate\":\"https:\/\/plcmarine.com\/en\/?s={search_term_string}\"},\"query-input\":{\"@type\":\"PropertyValueSpecification\",\"valueRequired\":true,\"valueName\":\"search_term_string\"}}],\"inLanguage\":\"en-US\"}]}<\/script>\n<!-- \/ Yoast SEO plugin. -->","yoast_head_json":{"title":"TRITON 2.0-1 Gallon - PLC Marine","description":"Teak and Wood Protectant \u2013 Triton 2.0TRITON 2.0 Teak Shield utiliza una tecnolog\u00eda avanzada de nano-recubrimiento dise\u00f1ada para proteger superficies de teak y otras maderas contra agua, aceite, suciedad, rayos UV y m\u00e1s. A diferencia de un sellador, el protectante marino TRITON 2.0 no altera la apariencia, el color ni la textura de la superficie tratada, y puede preservar tus superficies de teak o madera hasta por 6 meses.Caracter\u00edsticas Principales Repelente: Crea una superficie altamente repelente al agua, aceite y suciedad. Protector: Protege de los rayos UV y otros elementos da\u00f1inos. Durabilidad: Protege por hasta 6 meses. Apariencia: L\u00edquido transparente. Solubilidad: No soluble en agua. pH: N\/A. Alternativa respirable: A diferencia de los selladores y aceites para teak, TRITON 2.0 es una opci\u00f3n m\u00e1s duradera y eficaz.Detalles del Producto Un cuarto de gal\u00f3n cubre hasta 150 ft\u00b2 (14.25 m\u00b2). Un gal\u00f3n cubre hasta 600 ft\u00b2 (57 m\u00b2). No regulado por el DOT, lo que permite un costo de transporte bajo. Tasa de consumo baja, lo que lo hace rentable.Uso y Aplicaci\u00f3n Aplicaci\u00f3n: Se deben aplicar SOLO DOS CAPAS. Aplicar m\u00e1s de dos capas durante la aplicaci\u00f3n inicial no mejorar\u00e1 la protecci\u00f3n y podr\u00eda causar un aspecto manchado o sangrante en la superficie. Para uso en: Teak, superficies de madera sin tratar o piedra porosa. Aplicaci\u00f3n: Aplicar con un rodillo de espuma, pincel de espuma o pulverizador a una superficie de madera completamente limpia (se recomienda DiTEC Teak Clean).","robots":{"index":"index","follow":"follow","max-snippet":"max-snippet:-1","max-image-preview":"max-image-preview:large","max-video-preview":"max-video-preview:-1"},"canonical":"https:\/\/plcmarine.com\/en\/producto\/triton-2-0-1-gallon\/","og_locale":"en_US","og_type":"article","og_title":"TRITON 2.0-1 Gallon - PLC Marine","og_description":"Teak and Wood Protectant \u2013 Triton 2.0TRITON 2.0 Teak Shield utiliza una tecnolog\u00eda avanzada de nano-recubrimiento dise\u00f1ada para proteger superficies de teak y otras maderas contra agua, aceite, suciedad, rayos UV y m\u00e1s. A diferencia de un sellador, el protectante marino TRITON 2.0 no altera la apariencia, el color ni la textura de la superficie tratada, y puede preservar tus superficies de teak o madera hasta por 6 meses.Caracter\u00edsticas Principales Repelente: Crea una superficie altamente repelente al agua, aceite y suciedad. Protector: Protege de los rayos UV y otros elementos da\u00f1inos. Durabilidad: Protege por hasta 6 meses. Apariencia: L\u00edquido transparente. Solubilidad: No soluble en agua. pH: N\/A. Alternativa respirable: A diferencia de los selladores y aceites para teak, TRITON 2.0 es una opci\u00f3n m\u00e1s duradera y eficaz.Detalles del Producto Un cuarto de gal\u00f3n cubre hasta 150 ft\u00b2 (14.25 m\u00b2). Un gal\u00f3n cubre hasta 600 ft\u00b2 (57 m\u00b2). No regulado por el DOT, lo que permite un costo de transporte bajo. Tasa de consumo baja, lo que lo hace rentable.Uso y Aplicaci\u00f3n Aplicaci\u00f3n: Se deben aplicar SOLO DOS CAPAS. Aplicar m\u00e1s de dos capas durante la aplicaci\u00f3n inicial no mejorar\u00e1 la protecci\u00f3n y podr\u00eda causar un aspecto manchado o sangrante en la superficie. Para uso en: Teak, superficies de madera sin tratar o piedra porosa. Aplicaci\u00f3n: Aplicar con un rodillo de espuma, pincel de espuma o pulverizador a una superficie de madera completamente limpia (se recomienda DiTEC Teak Clean).","og_url":"https:\/\/plcmarine.com\/en\/producto\/triton-2-0-1-gallon\/","og_site_name":"PLC Marine","article_modified_time":"2026-01-07T22:01:33+00:00","og_image":[{"width":900,"height":1200,"url":"https:\/\/plcmarine.com\/wp-content\/uploads\/2025\/05\/Triton2.0Bottles_1efbd950-a409-4c1d-b89c-bd6a97cb63e8_900x1200_crop_center-1.jpg","type":"image\/jpeg"}],"twitter_card":"summary_large_image","twitter_misc":{"Est. reading time":"1 minute"},"schema":{"@context":"https:\/\/schema.org","@graph":[{"@type":"WebPage","@id":"https:\/\/plcmarine.com\/en\/producto\/triton-2-0-1-gallon\/","url":"https:\/\/plcmarine.com\/en\/producto\/triton-2-0-1-gallon\/","name":"TRITON 2.0-1 Gallon - PLC Marine","isPartOf":{"@id":"https:\/\/plcmarine.com\/en\/#website"},"primaryImageOfPage":{"@id":"https:\/\/plcmarine.com\/en\/producto\/triton-2-0-1-gallon\/#primaryimage"},"image":{"@id":"https:\/\/plcmarine.com\/en\/producto\/triton-2-0-1-gallon\/#primaryimage"},"thumbnailUrl":"https:\/\/plcmarine.com\/wp-content\/uploads\/2025\/05\/Triton2.0Bottles_1efbd950-a409-4c1d-b89c-bd6a97cb63e8_900x1200_crop_center-1.jpg","datePublished":"2025-05-06T17:25:30+00:00","dateModified":"2026-01-07T22:01:33+00:00","description":"Teak and Wood Protectant \u2013 Triton 2.0TRITON 2.0 Teak Shield utiliza una tecnolog\u00eda avanzada de nano-recubrimiento dise\u00f1ada para proteger superficies de teak y otras maderas contra agua, aceite, suciedad, rayos UV y m\u00e1s. A diferencia de un sellador, el protectante marino TRITON 2.0 no altera la apariencia, el color ni la textura de la superficie tratada, y puede preservar tus superficies de teak o madera hasta por 6 meses.Caracter\u00edsticas Principales Repelente: Crea una superficie altamente repelente al agua, aceite y suciedad. Protector: Protege de los rayos UV y otros elementos da\u00f1inos. Durabilidad: Protege por hasta 6 meses. Apariencia: L\u00edquido transparente. Solubilidad: No soluble en agua. pH: N\/A. Alternativa respirable: A diferencia de los selladores y aceites para teak, TRITON 2.0 es una opci\u00f3n m\u00e1s duradera y eficaz.Detalles del Producto Un cuarto de gal\u00f3n cubre hasta 150 ft\u00b2 (14.25 m\u00b2). Un gal\u00f3n cubre hasta 600 ft\u00b2 (57 m\u00b2). No regulado por el DOT, lo que permite un costo de transporte bajo. Tasa de consumo baja, lo que lo hace rentable.Uso y Aplicaci\u00f3n Aplicaci\u00f3n: Se deben aplicar SOLO DOS CAPAS. Aplicar m\u00e1s de dos capas durante la aplicaci\u00f3n inicial no mejorar\u00e1 la protecci\u00f3n y podr\u00eda causar un aspecto manchado o sangrante en la superficie. Para uso en: Teak, superficies de madera sin tratar o piedra porosa. Aplicaci\u00f3n: Aplicar con un rodillo de espuma, pincel de espuma o pulverizador a una superficie de madera completamente limpia (se recomienda DiTEC Teak Clean).","breadcrumb":{"@id":"https:\/\/plcmarine.com\/en\/producto\/triton-2-0-1-gallon\/#breadcrumb"},"inLanguage":"en-US","potentialAction":[{"@type":"ReadAction","target":["https:\/\/plcmarine.com\/en\/producto\/triton-2-0-1-gallon\/"]}]},{"@type":"ImageObject","inLanguage":"en-US","@id":"https:\/\/plcmarine.com\/en\/producto\/triton-2-0-1-gallon\/#primaryimage","url":"https:\/\/plcmarine.com\/wp-content\/uploads\/2025\/05\/Triton2.0Bottles_1efbd950-a409-4c1d-b89c-bd6a97cb63e8_900x1200_crop_center-1.jpg","contentUrl":"https:\/\/plcmarine.com\/wp-content\/uploads\/2025\/05\/Triton2.0Bottles_1efbd950-a409-4c1d-b89c-bd6a97cb63e8_900x1200_crop_center-1.jpg","width":900,"height":1200},{"@type":"BreadcrumbList","@id":"https:\/\/plcmarine.com\/en\/producto\/triton-2-0-1-gallon\/#breadcrumb","itemListElement":[{"@type":"ListItem","position":1,"name":"Home","item":"https:\/\/plcmarine.com\/en\/"},{"@type":"ListItem","position":2,"name":"Shop","item":"https:\/\/plcmarine.com\/shop\/"},{"@type":"ListItem","position":3,"name":"TRITON 2.0-1 Gallon"}]},{"@type":"WebSite","@id":"https:\/\/plcmarine.com\/en\/#website","url":"https:\/\/plcmarine.com\/en\/","name":"PLC Marine","description":"The Professional&#039;s choice","potentialAction":[{"@type":"SearchAction","target":{"@type":"EntryPoint","urlTemplate":"https:\/\/plcmarine.com\/en\/?s={search_term_string}"},"query-input":{"@type":"PropertyValueSpecification","valueRequired":true,"valueName":"search_term_string"}}],"inLanguage":"en-US"}]}},"brands":[{"id":84,"name":"DiTEC Marine","slug":"ditec-marine"}],"_links":{"self":[{"href":"https:\/\/plcmarine.com\/en\/wp-json\/wp\/v2\/product\/33374261","targetHints":{"allow":["GET"]}}],"collection":[{"href":"https:\/\/plcmarine.com\/en\/wp-json\/wp\/v2\/product"}],"about":[{"href":"https:\/\/plcmarine.com\/en\/wp-json\/wp\/v2\/types\/product"}],"wp:featuredmedia":[{"embeddable":true,"href":"https:\/\/plcmarine.com\/en\/wp-json\/wp\/v2\/media\/33374262"}],"wp:attachment":[{"href":"https:\/\/plcmarine.com\/en\/wp-json\/wp\/v2\/media?parent=33374261"}],"wp:term":[{"taxonomy":"pwb-brand","embeddable":true,"href":"https:\/\/plcmarine.com\/en\/wp-json\/wp\/v2\/pwb-brand?post=33374261"},{"taxonomy":"product_brand","embeddable":true,"href":"https:\/\/plcmarine.com\/en\/wp-json\/wp\/v2\/product_brand?post=33374261"},{"taxonomy":"product_cat","embeddable":true,"href":"https:\/\/plcmarine.com\/en\/wp-json\/wp\/v2\/product_cat?post=33374261"},{"taxonomy":"product_tag","embeddable":true,"href":"https:\/\/plcmarine.com\/en\/wp-json\/wp\/v2\/product_tag?post=33374261"}],"curies":[{"name":"wp","href":"https:\/\/api.w.org\/{rel}","templated":true}]}}