



{"id":33374270,"date":"2025-05-06T17:40:28","date_gmt":"2025-05-06T17:40:28","guid":{"rendered":"https:\/\/plcmarine.com\/product\/hull-bottom-cleaner-1-gal\/"},"modified":"2026-01-07T22:03:00","modified_gmt":"2026-01-07T22:03:00","slug":"hull-bottom-cleaner-1-gal","status":"publish","type":"product","link":"https:\/\/plcmarine.com\/en\/producto\/hull-bottom-cleaner-1-gal\/","title":{"rendered":"Hull &amp; Bottom Cleaner 1 Gal"},"content":{"rendered":"<h3>Ventajas Principales<\/h3>\n<ul>\n<li><strong>3 veces m\u00e1s eficaz que el \u00e1cido fosf\u00f3rico<\/strong><\/li>\n<li><strong>4 a 10 veces m\u00e1s eficaz que los \u00e1cidos c\u00edtrico y glic\u00f3lico<\/strong><\/li>\n<li>Puede utilizarse concentrado o diluido<\/li>\n<li>No corrosivo y seguro para la mayor\u00eda de metales (excepto aluminio, lat\u00f3n o metales blandos\/acabados)<\/li>\n<li><strong>No da\u00f1a la vida acu\u00e1tica<\/strong> cuando se usa correctamente<\/li>\n<li>Compatible con sistemas de enfriamiento de bobina cerrada<\/li>\n<\/ul>\n<h3>Superficies Seguras<\/h3>\n<ul>\n<li>Cer\u00e1mica<\/li>\n<li>Vidrio<\/li>\n<li>Pl\u00e1stico<\/li>\n<li>Goma y silicona<\/li>\n<li>Fibra de vidrio y superficies polim\u00e9ricas<\/li>\n<li>Madera<\/li>\n<\/ul>\n<h3>Modo de Aplicaci\u00f3n<\/h3>\n<p>Aplicar sobre la superficie durante 30 segundos a 5 minutos. Cepillar si es necesario. Enjuagar con agua.<\/p>\n<h3>Impacto Ambiental<\/h3>\n<ul>\n<li>Cumple con MARPOL Anexo III y V<\/li>\n<li>F\u00e1cilmente biodegradable<\/li>\n<li>Libre de fosfatos, fenoles y cloro<\/li>\n<\/ul>\n<h3>Especificaciones<\/h3>\n<ul>\n<li>Apariencia: L\u00edquido transparente<\/li>\n<li>Solubilidad: 100% en agua<\/li>\n<li>pH: &lt;1 (concentrado)<\/li>\n<\/ul>\n<p><em>\u00a1Limpieza potente y segura que protege el entorno marino!<\/em><\/p>\n","protected":false},"excerpt":{"rendered":"<h2>DiTEC HULL &amp; BOTTOM CLEANER \u2013 Limpiador Ecol\u00f3gico para Casco y Fondo<\/h2>\n<p><strong>DiTEC&#8217;s HULL and BOTTOM CLEANER<\/strong> es una alternativa ecol\u00f3gica, segura y eficaz a los limpiadores \u00e1cidos tradicionales. Dise\u00f1ado para eliminar el crecimiento marino, \u00f3xido y dep\u00f3sitos minerales del casco de tu embarcaci\u00f3n, este producto es <strong>biodegradable, libre de cloro y seguro para los ecosistemas acu\u00e1ticos<\/strong> cuando se usa seg\u00fan las instrucciones.<\/p>\n","protected":false},"featured_media":33374271,"template":"","meta":[],"pwb-brand":[],"product_brand":[],"product_cat":[153,109],"product_tag":[],"class_list":{"0":"post-33374270","1":"product","2":"type-product","3":"status-publish","4":"has-post-thumbnail","6":"product_cat-cuidado-exterior","7":"product_cat-sin-categorizar","9":"first","10":"instock","11":"taxable","12":"shipping-taxable","13":"purchasable","14":"product-type-simple"},"yoast_head":"<!-- This site is optimized with the Yoast SEO plugin v25.3.1 - https:\/\/yoast.com\/wordpress\/plugins\/seo\/ -->\n<title>Hull &amp; Bottom Cleaner 1 Gal - PLC Marine<\/title>\n<meta name=\"robots\" content=\"index, follow, max-snippet:-1, max-image-preview:large, max-video-preview:-1\" \/>\n<link rel=\"canonical\" href=\"https:\/\/plcmarine.com\/en\/producto\/hull-bottom-cleaner-1-gal\/\" \/>\n<meta property=\"og:locale\" content=\"en_US\" \/>\n<meta property=\"og:type\" content=\"article\" \/>\n<meta property=\"og:title\" content=\"Hull &amp; Bottom Cleaner 1 Gal - PLC Marine\" \/>\n<meta property=\"og:description\" content=\"DiTEC HULL &amp; BOTTOM CLEANER \u2013 Limpiador Ecol\u00f3gico para Casco y Fondo DiTEC&#039;s HULL and BOTTOM CLEANER es una alternativa ecol\u00f3gica, segura y eficaz a los limpiadores \u00e1cidos tradicionales. Dise\u00f1ado para eliminar el crecimiento marino, \u00f3xido y dep\u00f3sitos minerales del casco de tu embarcaci\u00f3n, este producto es biodegradable, libre de cloro y seguro para los ecosistemas acu\u00e1ticos cuando se usa seg\u00fan las instrucciones.\" \/>\n<meta property=\"og:url\" content=\"https:\/\/plcmarine.com\/en\/producto\/hull-bottom-cleaner-1-gal\/\" \/>\n<meta property=\"og:site_name\" content=\"PLC Marine\" \/>\n<meta property=\"article:modified_time\" content=\"2026-01-07T22:03:00+00:00\" \/>\n<meta property=\"og:image\" content=\"https:\/\/plcmarine.com\/wp-content\/uploads\/2025\/05\/Boat-Cleaner-Hull-Bottom.jpg\" \/>\n\t<meta property=\"og:image:width\" content=\"343\" \/>\n\t<meta property=\"og:image:height\" content=\"448\" \/>\n\t<meta property=\"og:image:type\" content=\"image\/jpeg\" \/>\n<meta name=\"twitter:card\" content=\"summary_large_image\" \/>\n<meta name=\"twitter:label1\" content=\"Est. reading time\" \/>\n\t<meta name=\"twitter:data1\" content=\"1 minute\" \/>\n<script type=\"application\/ld+json\" class=\"yoast-schema-graph\">{\"@context\":\"https:\/\/schema.org\",\"@graph\":[{\"@type\":\"WebPage\",\"@id\":\"https:\/\/plcmarine.com\/en\/producto\/hull-bottom-cleaner-1-gal\/\",\"url\":\"https:\/\/plcmarine.com\/en\/producto\/hull-bottom-cleaner-1-gal\/\",\"name\":\"Hull &amp; Bottom Cleaner 1 Gal - PLC Marine\",\"isPartOf\":{\"@id\":\"https:\/\/plcmarine.com\/en\/#website\"},\"primaryImageOfPage\":{\"@id\":\"https:\/\/plcmarine.com\/en\/producto\/hull-bottom-cleaner-1-gal\/#primaryimage\"},\"image\":{\"@id\":\"https:\/\/plcmarine.com\/en\/producto\/hull-bottom-cleaner-1-gal\/#primaryimage\"},\"thumbnailUrl\":\"https:\/\/plcmarine.com\/wp-content\/uploads\/2025\/05\/Boat-Cleaner-Hull-Bottom.jpg\",\"datePublished\":\"2025-05-06T17:40:28+00:00\",\"dateModified\":\"2026-01-07T22:03:00+00:00\",\"breadcrumb\":{\"@id\":\"https:\/\/plcmarine.com\/en\/producto\/hull-bottom-cleaner-1-gal\/#breadcrumb\"},\"inLanguage\":\"en-US\",\"potentialAction\":[{\"@type\":\"ReadAction\",\"target\":[\"https:\/\/plcmarine.com\/en\/producto\/hull-bottom-cleaner-1-gal\/\"]}]},{\"@type\":\"ImageObject\",\"inLanguage\":\"en-US\",\"@id\":\"https:\/\/plcmarine.com\/en\/producto\/hull-bottom-cleaner-1-gal\/#primaryimage\",\"url\":\"https:\/\/plcmarine.com\/wp-content\/uploads\/2025\/05\/Boat-Cleaner-Hull-Bottom.jpg\",\"contentUrl\":\"https:\/\/plcmarine.com\/wp-content\/uploads\/2025\/05\/Boat-Cleaner-Hull-Bottom.jpg\",\"width\":343,\"height\":448},{\"@type\":\"BreadcrumbList\",\"@id\":\"https:\/\/plcmarine.com\/en\/producto\/hull-bottom-cleaner-1-gal\/#breadcrumb\",\"itemListElement\":[{\"@type\":\"ListItem\",\"position\":1,\"name\":\"Home\",\"item\":\"https:\/\/plcmarine.com\/en\/\"},{\"@type\":\"ListItem\",\"position\":2,\"name\":\"Shop\",\"item\":\"https:\/\/plcmarine.com\/shop\/\"},{\"@type\":\"ListItem\",\"position\":3,\"name\":\"Hull &amp; Bottom Cleaner 1 Gal\"}]},{\"@type\":\"WebSite\",\"@id\":\"https:\/\/plcmarine.com\/en\/#website\",\"url\":\"https:\/\/plcmarine.com\/en\/\",\"name\":\"PLC Marine\",\"description\":\"The Professional&#039;s choice\",\"potentialAction\":[{\"@type\":\"SearchAction\",\"target\":{\"@type\":\"EntryPoint\",\"urlTemplate\":\"https:\/\/plcmarine.com\/en\/?s={search_term_string}\"},\"query-input\":{\"@type\":\"PropertyValueSpecification\",\"valueRequired\":true,\"valueName\":\"search_term_string\"}}],\"inLanguage\":\"en-US\"}]}<\/script>\n<!-- \/ Yoast SEO plugin. -->","yoast_head_json":{"title":"Hull &amp; Bottom Cleaner 1 Gal - PLC Marine","robots":{"index":"index","follow":"follow","max-snippet":"max-snippet:-1","max-image-preview":"max-image-preview:large","max-video-preview":"max-video-preview:-1"},"canonical":"https:\/\/plcmarine.com\/en\/producto\/hull-bottom-cleaner-1-gal\/","og_locale":"en_US","og_type":"article","og_title":"Hull &amp; Bottom Cleaner 1 Gal - PLC Marine","og_description":"DiTEC HULL &amp; BOTTOM CLEANER \u2013 Limpiador Ecol\u00f3gico para Casco y Fondo DiTEC's HULL and BOTTOM CLEANER es una alternativa ecol\u00f3gica, segura y eficaz a los limpiadores \u00e1cidos tradicionales. Dise\u00f1ado para eliminar el crecimiento marino, \u00f3xido y dep\u00f3sitos minerales del casco de tu embarcaci\u00f3n, este producto es biodegradable, libre de cloro y seguro para los ecosistemas acu\u00e1ticos cuando se usa seg\u00fan las instrucciones.","og_url":"https:\/\/plcmarine.com\/en\/producto\/hull-bottom-cleaner-1-gal\/","og_site_name":"PLC Marine","article_modified_time":"2026-01-07T22:03:00+00:00","og_image":[{"width":343,"height":448,"url":"https:\/\/plcmarine.com\/wp-content\/uploads\/2025\/05\/Boat-Cleaner-Hull-Bottom.jpg","type":"image\/jpeg"}],"twitter_card":"summary_large_image","twitter_misc":{"Est. reading time":"1 minute"},"schema":{"@context":"https:\/\/schema.org","@graph":[{"@type":"WebPage","@id":"https:\/\/plcmarine.com\/en\/producto\/hull-bottom-cleaner-1-gal\/","url":"https:\/\/plcmarine.com\/en\/producto\/hull-bottom-cleaner-1-gal\/","name":"Hull &amp; Bottom Cleaner 1 Gal - PLC Marine","isPartOf":{"@id":"https:\/\/plcmarine.com\/en\/#website"},"primaryImageOfPage":{"@id":"https:\/\/plcmarine.com\/en\/producto\/hull-bottom-cleaner-1-gal\/#primaryimage"},"image":{"@id":"https:\/\/plcmarine.com\/en\/producto\/hull-bottom-cleaner-1-gal\/#primaryimage"},"thumbnailUrl":"https:\/\/plcmarine.com\/wp-content\/uploads\/2025\/05\/Boat-Cleaner-Hull-Bottom.jpg","datePublished":"2025-05-06T17:40:28+00:00","dateModified":"2026-01-07T22:03:00+00:00","breadcrumb":{"@id":"https:\/\/plcmarine.com\/en\/producto\/hull-bottom-cleaner-1-gal\/#breadcrumb"},"inLanguage":"en-US","potentialAction":[{"@type":"ReadAction","target":["https:\/\/plcmarine.com\/en\/producto\/hull-bottom-cleaner-1-gal\/"]}]},{"@type":"ImageObject","inLanguage":"en-US","@id":"https:\/\/plcmarine.com\/en\/producto\/hull-bottom-cleaner-1-gal\/#primaryimage","url":"https:\/\/plcmarine.com\/wp-content\/uploads\/2025\/05\/Boat-Cleaner-Hull-Bottom.jpg","contentUrl":"https:\/\/plcmarine.com\/wp-content\/uploads\/2025\/05\/Boat-Cleaner-Hull-Bottom.jpg","width":343,"height":448},{"@type":"BreadcrumbList","@id":"https:\/\/plcmarine.com\/en\/producto\/hull-bottom-cleaner-1-gal\/#breadcrumb","itemListElement":[{"@type":"ListItem","position":1,"name":"Home","item":"https:\/\/plcmarine.com\/en\/"},{"@type":"ListItem","position":2,"name":"Shop","item":"https:\/\/plcmarine.com\/shop\/"},{"@type":"ListItem","position":3,"name":"Hull &amp; Bottom Cleaner 1 Gal"}]},{"@type":"WebSite","@id":"https:\/\/plcmarine.com\/en\/#website","url":"https:\/\/plcmarine.com\/en\/","name":"PLC Marine","description":"The Professional&#039;s choice","potentialAction":[{"@type":"SearchAction","target":{"@type":"EntryPoint","urlTemplate":"https:\/\/plcmarine.com\/en\/?s={search_term_string}"},"query-input":{"@type":"PropertyValueSpecification","valueRequired":true,"valueName":"search_term_string"}}],"inLanguage":"en-US"}]}},"brands":[],"_links":{"self":[{"href":"https:\/\/plcmarine.com\/en\/wp-json\/wp\/v2\/product\/33374270","targetHints":{"allow":["GET"]}}],"collection":[{"href":"https:\/\/plcmarine.com\/en\/wp-json\/wp\/v2\/product"}],"about":[{"href":"https:\/\/plcmarine.com\/en\/wp-json\/wp\/v2\/types\/product"}],"wp:featuredmedia":[{"embeddable":true,"href":"https:\/\/plcmarine.com\/en\/wp-json\/wp\/v2\/media\/33374271"}],"wp:attachment":[{"href":"https:\/\/plcmarine.com\/en\/wp-json\/wp\/v2\/media?parent=33374270"}],"wp:term":[{"taxonomy":"pwb-brand","embeddable":true,"href":"https:\/\/plcmarine.com\/en\/wp-json\/wp\/v2\/pwb-brand?post=33374270"},{"taxonomy":"product_brand","embeddable":true,"href":"https:\/\/plcmarine.com\/en\/wp-json\/wp\/v2\/product_brand?post=33374270"},{"taxonomy":"product_cat","embeddable":true,"href":"https:\/\/plcmarine.com\/en\/wp-json\/wp\/v2\/product_cat?post=33374270"},{"taxonomy":"product_tag","embeddable":true,"href":"https:\/\/plcmarine.com\/en\/wp-json\/wp\/v2\/product_tag?post=33374270"}],"curies":[{"name":"wp","href":"https:\/\/api.w.org\/{rel}","templated":true}]}}