



{"id":33374282,"date":"2025-05-06T17:55:43","date_gmt":"2025-05-06T17:55:43","guid":{"rendered":"https:\/\/plcmarine.com\/product\/protec-shampoo-2\/"},"modified":"2026-01-07T22:04:40","modified_gmt":"2026-01-07T22:04:40","slug":"protec-shampoo-2","status":"publish","type":"product","link":"https:\/\/plcmarine.com\/en\/producto\/protec-shampoo-2\/","title":{"rendered":"PROTEC Shampoo"},"content":{"rendered":"<h3>Detalles adicionales:<\/h3>\n<ul>\n<li><strong>Apariencia:<\/strong> L\u00edquido azul<\/li>\n<li><strong>Solubilidad:<\/strong> 100% en agua<\/li>\n<li><strong>pH:<\/strong> 6<\/li>\n<\/ul>\n<h3>Uso y aplicaci\u00f3n:<\/h3>\n<p>Si hay suciedad, mugre u otros contaminantes pesados en la superficie, primero l\u00e1vala con <strong>DiTEC Boat Soap<\/strong>.<\/p>\n<p><strong>Para su uso en:<\/strong> Superficies pintadas o de gelcoat.<\/p>\n<h3>Instrucciones de uso:<\/h3>\n<ul>\n<li>A\u00f1adir 4 tapitas (1.35 oz) a 2.5 galones de agua tibia.<\/li>\n<li>Lava el barco o veh\u00edculo de arriba hacia abajo con un guante de lavado.<\/li>\n<li>Enjuaga cuidadosamente con agua limpia y fresca.<\/li>\n<li>Para evitar manchas de agua, seca con un pa\u00f1o de microfibra.<\/li>\n<\/ul>\n<p>Este producto te ayudar\u00e1 a mantener tus superficies en excelente estado mientras las protege de los elementos.<\/p>\n","protected":false},"excerpt":{"rendered":"<h2>Shampoo PROTEC de DiTEC<\/h2>\n<ul>\n<li><strong>Alto rendimiento<\/strong><\/li>\n<li><strong>Repelente<\/strong><\/li>\n<li><strong>Apto para enjuague en v\u00edas fluviales<\/strong><\/li>\n<li><strong>Biodegradable f\u00e1cilmente<\/strong><\/li>\n<li><strong>F\u00f3rmula concentrada<\/strong><\/li>\n<\/ul>\n<p>El <strong>Shampoo PROTEC<\/strong> de DiTEC es el champ\u00fa de mantenimiento definitivo para lavado ligero, eliminaci\u00f3n de polvo y protecci\u00f3n de superficies pintadas y gelcoat. Utilizando una avanzada qu\u00edmica basada en nanotecnolog\u00eda de baja espuma y alto lubricante, este producto proporciona un acabado brillante y protector, creando una superficie hidr\u00f3foba (repelente al agua) que realza la pintura de tu barco o veh\u00edculo.<\/p>\n<p>El <strong>Shampoo PROTEC<\/strong> puede utilizarse por s\u00ed solo para una protecci\u00f3n a corto plazo, o se recomienda en combinaci\u00f3n con <strong>PROTEC 1<\/strong> u otros recubrimientos para una protecci\u00f3n a largo plazo de varios a\u00f1os.<\/p>\n","protected":false},"featured_media":33374283,"template":"","meta":[],"pwb-brand":[84],"product_brand":[],"product_cat":[153,109],"product_tag":[],"class_list":{"0":"post-33374282","1":"product","2":"type-product","3":"status-publish","4":"has-post-thumbnail","6":"pwb-brand-ditec-marine","7":"product_cat-cuidado-exterior","8":"product_cat-sin-categorizar","10":"first","11":"instock","12":"taxable","13":"shipping-taxable","14":"purchasable","15":"product-type-simple"},"yoast_head":"<!-- This site is optimized with the Yoast SEO plugin v25.3.1 - https:\/\/yoast.com\/wordpress\/plugins\/seo\/ -->\n<title>PROTEC Shampoo - PLC Marine<\/title>\n<meta name=\"description\" content=\"Shampoo PROTEC de DiTEC Alto rendimiento Repelente Apto para enjuague en v\u00edas fluviales Biodegradable f\u00e1cilmente F\u00f3rmula concentradaEl Shampoo PROTEC de DiTEC es el champ\u00fa de mantenimiento definitivo para lavado ligero, eliminaci\u00f3n de polvo y protecci\u00f3n de superficies pintadas y gelcoat. Utilizando una avanzada qu\u00edmica basada en nanotecnolog\u00eda de baja espuma y alto lubricante, este producto proporciona un acabado brillante y protector, creando una superficie hidr\u00f3foba (repelente al agua) que realza la pintura de tu barco o veh\u00edculo.El Shampoo PROTEC puede utilizarse por s\u00ed solo para una protecci\u00f3n a corto plazo, o se recomienda en combinaci\u00f3n con PROTEC 1 u otros recubrimientos para una protecci\u00f3n a largo plazo de varios a\u00f1os.Detalles adicionales: Apariencia: L\u00edquido azul Solubilidad: 100% en agua pH: 6Uso y aplicaci\u00f3n:Si hay suciedad, mugre u otros contaminantes pesados en la superficie, primero l\u00e1vala con DiTEC Boat Soap.Para su uso en: Superficies pintadas o de gelcoat.Instrucciones de uso: A\u00f1adir 4 tapitas (1.35 oz) a 2.5 galones de agua tibia. Lava el barco o veh\u00edculo de arriba hacia abajo con un guante de lavado. Enjuaga cuidadosamente con agua limpia y fresca. Para evitar manchas de agua, seca con un pa\u00f1o de microfibra.Este producto te ayudar\u00e1 a mantener tus superficies en excelente estado mientras las protege de los elementos.\" \/>\n<meta name=\"robots\" content=\"index, follow, max-snippet:-1, max-image-preview:large, max-video-preview:-1\" \/>\n<link rel=\"canonical\" href=\"https:\/\/plcmarine.com\/en\/producto\/protec-shampoo-2\/\" \/>\n<meta property=\"og:locale\" content=\"en_US\" \/>\n<meta property=\"og:type\" content=\"article\" \/>\n<meta property=\"og:title\" content=\"PROTEC Shampoo - PLC Marine\" \/>\n<meta property=\"og:description\" content=\"Shampoo PROTEC de DiTEC Alto rendimiento Repelente Apto para enjuague en v\u00edas fluviales Biodegradable f\u00e1cilmente F\u00f3rmula concentradaEl Shampoo PROTEC de DiTEC es el champ\u00fa de mantenimiento definitivo para lavado ligero, eliminaci\u00f3n de polvo y protecci\u00f3n de superficies pintadas y gelcoat. Utilizando una avanzada qu\u00edmica basada en nanotecnolog\u00eda de baja espuma y alto lubricante, este producto proporciona un acabado brillante y protector, creando una superficie hidr\u00f3foba (repelente al agua) que realza la pintura de tu barco o veh\u00edculo.El Shampoo PROTEC puede utilizarse por s\u00ed solo para una protecci\u00f3n a corto plazo, o se recomienda en combinaci\u00f3n con PROTEC 1 u otros recubrimientos para una protecci\u00f3n a largo plazo de varios a\u00f1os.Detalles adicionales: Apariencia: L\u00edquido azul Solubilidad: 100% en agua pH: 6Uso y aplicaci\u00f3n:Si hay suciedad, mugre u otros contaminantes pesados en la superficie, primero l\u00e1vala con DiTEC Boat Soap.Para su uso en: Superficies pintadas o de gelcoat.Instrucciones de uso: A\u00f1adir 4 tapitas (1.35 oz) a 2.5 galones de agua tibia. Lava el barco o veh\u00edculo de arriba hacia abajo con un guante de lavado. Enjuaga cuidadosamente con agua limpia y fresca. Para evitar manchas de agua, seca con un pa\u00f1o de microfibra.Este producto te ayudar\u00e1 a mantener tus superficies en excelente estado mientras las protege de los elementos.\" \/>\n<meta property=\"og:url\" content=\"https:\/\/plcmarine.com\/en\/producto\/protec-shampoo-2\/\" \/>\n<meta property=\"og:site_name\" content=\"PLC Marine\" \/>\n<meta property=\"article:modified_time\" content=\"2026-01-07T22:04:40+00:00\" \/>\n<meta property=\"og:image\" content=\"https:\/\/plcmarine.com\/wp-content\/uploads\/2025\/05\/Protec-Shampoo.jpg\" \/>\n\t<meta property=\"og:image:width\" content=\"343\" \/>\n\t<meta property=\"og:image:height\" content=\"448\" \/>\n\t<meta property=\"og:image:type\" content=\"image\/jpeg\" \/>\n<meta name=\"twitter:card\" content=\"summary_large_image\" \/>\n<meta name=\"twitter:label1\" content=\"Est. reading time\" \/>\n\t<meta name=\"twitter:data1\" content=\"1 minute\" \/>\n<script type=\"application\/ld+json\" class=\"yoast-schema-graph\">{\"@context\":\"https:\/\/schema.org\",\"@graph\":[{\"@type\":\"WebPage\",\"@id\":\"https:\/\/plcmarine.com\/en\/producto\/protec-shampoo-2\/\",\"url\":\"https:\/\/plcmarine.com\/en\/producto\/protec-shampoo-2\/\",\"name\":\"PROTEC Shampoo - PLC Marine\",\"isPartOf\":{\"@id\":\"https:\/\/plcmarine.com\/en\/#website\"},\"primaryImageOfPage\":{\"@id\":\"https:\/\/plcmarine.com\/en\/producto\/protec-shampoo-2\/#primaryimage\"},\"image\":{\"@id\":\"https:\/\/plcmarine.com\/en\/producto\/protec-shampoo-2\/#primaryimage\"},\"thumbnailUrl\":\"https:\/\/plcmarine.com\/wp-content\/uploads\/2025\/05\/Protec-Shampoo.jpg\",\"datePublished\":\"2025-05-06T17:55:43+00:00\",\"dateModified\":\"2026-01-07T22:04:40+00:00\",\"description\":\"Shampoo PROTEC de DiTEC Alto rendimiento Repelente Apto para enjuague en v\u00edas fluviales Biodegradable f\u00e1cilmente F\u00f3rmula concentradaEl Shampoo PROTEC de DiTEC es el champ\u00fa de mantenimiento definitivo para lavado ligero, eliminaci\u00f3n de polvo y protecci\u00f3n de superficies pintadas y gelcoat. Utilizando una avanzada qu\u00edmica basada en nanotecnolog\u00eda de baja espuma y alto lubricante, este producto proporciona un acabado brillante y protector, creando una superficie hidr\u00f3foba (repelente al agua) que realza la pintura de tu barco o veh\u00edculo.El Shampoo PROTEC puede utilizarse por s\u00ed solo para una protecci\u00f3n a corto plazo, o se recomienda en combinaci\u00f3n con PROTEC 1 u otros recubrimientos para una protecci\u00f3n a largo plazo de varios a\u00f1os.Detalles adicionales: Apariencia: L\u00edquido azul Solubilidad: 100% en agua pH: 6Uso y aplicaci\u00f3n:Si hay suciedad, mugre u otros contaminantes pesados en la superficie, primero l\u00e1vala con DiTEC Boat Soap.Para su uso en: Superficies pintadas o de gelcoat.Instrucciones de uso: A\u00f1adir 4 tapitas (1.35 oz) a 2.5 galones de agua tibia. Lava el barco o veh\u00edculo de arriba hacia abajo con un guante de lavado. Enjuaga cuidadosamente con agua limpia y fresca. Para evitar manchas de agua, seca con un pa\u00f1o de microfibra.Este producto te ayudar\u00e1 a mantener tus superficies en excelente estado mientras las protege de los elementos.\",\"breadcrumb\":{\"@id\":\"https:\/\/plcmarine.com\/en\/producto\/protec-shampoo-2\/#breadcrumb\"},\"inLanguage\":\"en-US\",\"potentialAction\":[{\"@type\":\"ReadAction\",\"target\":[\"https:\/\/plcmarine.com\/en\/producto\/protec-shampoo-2\/\"]}]},{\"@type\":\"ImageObject\",\"inLanguage\":\"en-US\",\"@id\":\"https:\/\/plcmarine.com\/en\/producto\/protec-shampoo-2\/#primaryimage\",\"url\":\"https:\/\/plcmarine.com\/wp-content\/uploads\/2025\/05\/Protec-Shampoo.jpg\",\"contentUrl\":\"https:\/\/plcmarine.com\/wp-content\/uploads\/2025\/05\/Protec-Shampoo.jpg\",\"width\":343,\"height\":448},{\"@type\":\"BreadcrumbList\",\"@id\":\"https:\/\/plcmarine.com\/en\/producto\/protec-shampoo-2\/#breadcrumb\",\"itemListElement\":[{\"@type\":\"ListItem\",\"position\":1,\"name\":\"Home\",\"item\":\"https:\/\/plcmarine.com\/en\/\"},{\"@type\":\"ListItem\",\"position\":2,\"name\":\"Shop\",\"item\":\"https:\/\/plcmarine.com\/shop\/\"},{\"@type\":\"ListItem\",\"position\":3,\"name\":\"PROTEC Shampoo\"}]},{\"@type\":\"WebSite\",\"@id\":\"https:\/\/plcmarine.com\/en\/#website\",\"url\":\"https:\/\/plcmarine.com\/en\/\",\"name\":\"PLC Marine\",\"description\":\"The Professional&#039;s choice\",\"potentialAction\":[{\"@type\":\"SearchAction\",\"target\":{\"@type\":\"EntryPoint\",\"urlTemplate\":\"https:\/\/plcmarine.com\/en\/?s={search_term_string}\"},\"query-input\":{\"@type\":\"PropertyValueSpecification\",\"valueRequired\":true,\"valueName\":\"search_term_string\"}}],\"inLanguage\":\"en-US\"}]}<\/script>\n<!-- \/ Yoast SEO plugin. -->","yoast_head_json":{"title":"PROTEC Shampoo - PLC Marine","description":"Shampoo PROTEC de DiTEC Alto rendimiento Repelente Apto para enjuague en v\u00edas fluviales Biodegradable f\u00e1cilmente F\u00f3rmula concentradaEl Shampoo PROTEC de DiTEC es el champ\u00fa de mantenimiento definitivo para lavado ligero, eliminaci\u00f3n de polvo y protecci\u00f3n de superficies pintadas y gelcoat. Utilizando una avanzada qu\u00edmica basada en nanotecnolog\u00eda de baja espuma y alto lubricante, este producto proporciona un acabado brillante y protector, creando una superficie hidr\u00f3foba (repelente al agua) que realza la pintura de tu barco o veh\u00edculo.El Shampoo PROTEC puede utilizarse por s\u00ed solo para una protecci\u00f3n a corto plazo, o se recomienda en combinaci\u00f3n con PROTEC 1 u otros recubrimientos para una protecci\u00f3n a largo plazo de varios a\u00f1os.Detalles adicionales: Apariencia: L\u00edquido azul Solubilidad: 100% en agua pH: 6Uso y aplicaci\u00f3n:Si hay suciedad, mugre u otros contaminantes pesados en la superficie, primero l\u00e1vala con DiTEC Boat Soap.Para su uso en: Superficies pintadas o de gelcoat.Instrucciones de uso: A\u00f1adir 4 tapitas (1.35 oz) a 2.5 galones de agua tibia. Lava el barco o veh\u00edculo de arriba hacia abajo con un guante de lavado. Enjuaga cuidadosamente con agua limpia y fresca. Para evitar manchas de agua, seca con un pa\u00f1o de microfibra.Este producto te ayudar\u00e1 a mantener tus superficies en excelente estado mientras las protege de los elementos.","robots":{"index":"index","follow":"follow","max-snippet":"max-snippet:-1","max-image-preview":"max-image-preview:large","max-video-preview":"max-video-preview:-1"},"canonical":"https:\/\/plcmarine.com\/en\/producto\/protec-shampoo-2\/","og_locale":"en_US","og_type":"article","og_title":"PROTEC Shampoo - PLC Marine","og_description":"Shampoo PROTEC de DiTEC Alto rendimiento Repelente Apto para enjuague en v\u00edas fluviales Biodegradable f\u00e1cilmente F\u00f3rmula concentradaEl Shampoo PROTEC de DiTEC es el champ\u00fa de mantenimiento definitivo para lavado ligero, eliminaci\u00f3n de polvo y protecci\u00f3n de superficies pintadas y gelcoat. Utilizando una avanzada qu\u00edmica basada en nanotecnolog\u00eda de baja espuma y alto lubricante, este producto proporciona un acabado brillante y protector, creando una superficie hidr\u00f3foba (repelente al agua) que realza la pintura de tu barco o veh\u00edculo.El Shampoo PROTEC puede utilizarse por s\u00ed solo para una protecci\u00f3n a corto plazo, o se recomienda en combinaci\u00f3n con PROTEC 1 u otros recubrimientos para una protecci\u00f3n a largo plazo de varios a\u00f1os.Detalles adicionales: Apariencia: L\u00edquido azul Solubilidad: 100% en agua pH: 6Uso y aplicaci\u00f3n:Si hay suciedad, mugre u otros contaminantes pesados en la superficie, primero l\u00e1vala con DiTEC Boat Soap.Para su uso en: Superficies pintadas o de gelcoat.Instrucciones de uso: A\u00f1adir 4 tapitas (1.35 oz) a 2.5 galones de agua tibia. Lava el barco o veh\u00edculo de arriba hacia abajo con un guante de lavado. Enjuaga cuidadosamente con agua limpia y fresca. Para evitar manchas de agua, seca con un pa\u00f1o de microfibra.Este producto te ayudar\u00e1 a mantener tus superficies en excelente estado mientras las protege de los elementos.","og_url":"https:\/\/plcmarine.com\/en\/producto\/protec-shampoo-2\/","og_site_name":"PLC Marine","article_modified_time":"2026-01-07T22:04:40+00:00","og_image":[{"width":343,"height":448,"url":"https:\/\/plcmarine.com\/wp-content\/uploads\/2025\/05\/Protec-Shampoo.jpg","type":"image\/jpeg"}],"twitter_card":"summary_large_image","twitter_misc":{"Est. reading time":"1 minute"},"schema":{"@context":"https:\/\/schema.org","@graph":[{"@type":"WebPage","@id":"https:\/\/plcmarine.com\/en\/producto\/protec-shampoo-2\/","url":"https:\/\/plcmarine.com\/en\/producto\/protec-shampoo-2\/","name":"PROTEC Shampoo - PLC Marine","isPartOf":{"@id":"https:\/\/plcmarine.com\/en\/#website"},"primaryImageOfPage":{"@id":"https:\/\/plcmarine.com\/en\/producto\/protec-shampoo-2\/#primaryimage"},"image":{"@id":"https:\/\/plcmarine.com\/en\/producto\/protec-shampoo-2\/#primaryimage"},"thumbnailUrl":"https:\/\/plcmarine.com\/wp-content\/uploads\/2025\/05\/Protec-Shampoo.jpg","datePublished":"2025-05-06T17:55:43+00:00","dateModified":"2026-01-07T22:04:40+00:00","description":"Shampoo PROTEC de DiTEC Alto rendimiento Repelente Apto para enjuague en v\u00edas fluviales Biodegradable f\u00e1cilmente F\u00f3rmula concentradaEl Shampoo PROTEC de DiTEC es el champ\u00fa de mantenimiento definitivo para lavado ligero, eliminaci\u00f3n de polvo y protecci\u00f3n de superficies pintadas y gelcoat. Utilizando una avanzada qu\u00edmica basada en nanotecnolog\u00eda de baja espuma y alto lubricante, este producto proporciona un acabado brillante y protector, creando una superficie hidr\u00f3foba (repelente al agua) que realza la pintura de tu barco o veh\u00edculo.El Shampoo PROTEC puede utilizarse por s\u00ed solo para una protecci\u00f3n a corto plazo, o se recomienda en combinaci\u00f3n con PROTEC 1 u otros recubrimientos para una protecci\u00f3n a largo plazo de varios a\u00f1os.Detalles adicionales: Apariencia: L\u00edquido azul Solubilidad: 100% en agua pH: 6Uso y aplicaci\u00f3n:Si hay suciedad, mugre u otros contaminantes pesados en la superficie, primero l\u00e1vala con DiTEC Boat Soap.Para su uso en: Superficies pintadas o de gelcoat.Instrucciones de uso: A\u00f1adir 4 tapitas (1.35 oz) a 2.5 galones de agua tibia. Lava el barco o veh\u00edculo de arriba hacia abajo con un guante de lavado. Enjuaga cuidadosamente con agua limpia y fresca. Para evitar manchas de agua, seca con un pa\u00f1o de microfibra.Este producto te ayudar\u00e1 a mantener tus superficies en excelente estado mientras las protege de los elementos.","breadcrumb":{"@id":"https:\/\/plcmarine.com\/en\/producto\/protec-shampoo-2\/#breadcrumb"},"inLanguage":"en-US","potentialAction":[{"@type":"ReadAction","target":["https:\/\/plcmarine.com\/en\/producto\/protec-shampoo-2\/"]}]},{"@type":"ImageObject","inLanguage":"en-US","@id":"https:\/\/plcmarine.com\/en\/producto\/protec-shampoo-2\/#primaryimage","url":"https:\/\/plcmarine.com\/wp-content\/uploads\/2025\/05\/Protec-Shampoo.jpg","contentUrl":"https:\/\/plcmarine.com\/wp-content\/uploads\/2025\/05\/Protec-Shampoo.jpg","width":343,"height":448},{"@type":"BreadcrumbList","@id":"https:\/\/plcmarine.com\/en\/producto\/protec-shampoo-2\/#breadcrumb","itemListElement":[{"@type":"ListItem","position":1,"name":"Home","item":"https:\/\/plcmarine.com\/en\/"},{"@type":"ListItem","position":2,"name":"Shop","item":"https:\/\/plcmarine.com\/shop\/"},{"@type":"ListItem","position":3,"name":"PROTEC Shampoo"}]},{"@type":"WebSite","@id":"https:\/\/plcmarine.com\/en\/#website","url":"https:\/\/plcmarine.com\/en\/","name":"PLC Marine","description":"The Professional&#039;s choice","potentialAction":[{"@type":"SearchAction","target":{"@type":"EntryPoint","urlTemplate":"https:\/\/plcmarine.com\/en\/?s={search_term_string}"},"query-input":{"@type":"PropertyValueSpecification","valueRequired":true,"valueName":"search_term_string"}}],"inLanguage":"en-US"}]}},"brands":[{"id":84,"name":"DiTEC Marine","slug":"ditec-marine"}],"_links":{"self":[{"href":"https:\/\/plcmarine.com\/en\/wp-json\/wp\/v2\/product\/33374282","targetHints":{"allow":["GET"]}}],"collection":[{"href":"https:\/\/plcmarine.com\/en\/wp-json\/wp\/v2\/product"}],"about":[{"href":"https:\/\/plcmarine.com\/en\/wp-json\/wp\/v2\/types\/product"}],"wp:featuredmedia":[{"embeddable":true,"href":"https:\/\/plcmarine.com\/en\/wp-json\/wp\/v2\/media\/33374283"}],"wp:attachment":[{"href":"https:\/\/plcmarine.com\/en\/wp-json\/wp\/v2\/media?parent=33374282"}],"wp:term":[{"taxonomy":"pwb-brand","embeddable":true,"href":"https:\/\/plcmarine.com\/en\/wp-json\/wp\/v2\/pwb-brand?post=33374282"},{"taxonomy":"product_brand","embeddable":true,"href":"https:\/\/plcmarine.com\/en\/wp-json\/wp\/v2\/product_brand?post=33374282"},{"taxonomy":"product_cat","embeddable":true,"href":"https:\/\/plcmarine.com\/en\/wp-json\/wp\/v2\/product_cat?post=33374282"},{"taxonomy":"product_tag","embeddable":true,"href":"https:\/\/plcmarine.com\/en\/wp-json\/wp\/v2\/product_tag?post=33374282"}],"curies":[{"name":"wp","href":"https:\/\/api.w.org\/{rel}","templated":true}]}}