



{"id":33374285,"date":"2025-05-06T17:55:43","date_gmt":"2025-05-06T17:55:43","guid":{"rendered":"https:\/\/plcmarine.com\/product\/paint-gel-protection-kit\/"},"modified":"2026-01-07T22:05:02","modified_gmt":"2026-01-07T22:05:02","slug":"paint-gel-protection-kit","status":"publish","type":"product","link":"https:\/\/plcmarine.com\/en\/producto\/paint-gel-protection-kit\/","title":{"rendered":"Paint\/Gel Protection Kit"},"content":{"rendered":"<h3>Detalles adicionales:<\/h3>\n<p>El <strong>Kit Protector de Pintura\/Gelcoat DiTEC<\/strong> contiene productos de grado profesional utilizados por aplicadores, que tambi\u00e9n pueden ser usados por cualquier navegante o tripulaci\u00f3n para aplicar y mantener un recubrimiento protector en la pintura y las superficies de gelcoat del barco. Cuando se usa y mantiene como se indica, la superficie protegida ofrece una gran protecci\u00f3n contra la luz UV, la suciedad, la mugre, la acumulaci\u00f3n de gases de escape y otros contaminantes durante m\u00faltiples temporadas.<\/p>\n<h3>El Kit Protector de Pintura\/Gelcoat incluye:<\/h3>\n<ul>\n<li>Uno (1) frasco de 1.6 oz de <strong>PROTEC 1<\/strong> (recubrimiento protector)<\/li>\n<li>Uno (1) frasco de 24 oz de <strong>Pre-Clean Crystal Clear<\/strong> (spray limpiador)<\/li>\n<li>Uno (1) frasco de 24 oz de <strong>PROTEC Quick Coating<\/strong> (spray detallante)<\/li>\n<li>Una (1) esponja aplicadora<\/li>\n<li>Seis (6) toallas de microfibra<\/li>\n<\/ul>\n<p>Este kit es ideal para mantener tu barco protegido y en excelente estado, ofreciendo una protecci\u00f3n duradera contra los elementos.<\/p>\n","protected":false},"excerpt":{"rendered":"<h2>Kit Protector de Pintura y Gelcoat DiTEC<\/h2>\n<ul>\n<li><strong>Alto rendimiento<\/strong><\/li>\n<li><strong>Protector<\/strong><\/li>\n<li><strong>Desinfecta y sanitiza<\/strong><\/li>\n<li><strong>Resistente a los rayos UV<\/strong><\/li>\n<\/ul>\n<p>El <strong>Kit Protector de Pintura y Gelcoat DiTEC<\/strong> permite a cualquier navegante aplicar y mantener un recubrimiento protector en la pintura y las superficies de gelcoat de su barco. Cuando se mantiene siguiendo las instrucciones, la superficie protegida ofrece una excelente protecci\u00f3n contra la luz ultravioleta, la suciedad, la mugre, los residuos de escape y otros contaminantes.<\/p>\n","protected":false},"featured_media":33374286,"template":"","meta":[],"pwb-brand":[84],"product_brand":[],"product_cat":[54],"product_tag":[],"class_list":{"0":"post-33374285","1":"product","2":"type-product","3":"status-publish","4":"has-post-thumbnail","6":"pwb-brand-ditec-marine","7":"product_cat-uncategorized","9":"first","10":"instock","11":"taxable","12":"shipping-taxable","13":"purchasable","14":"product-type-simple"},"yoast_head":"<!-- This site is optimized with the Yoast SEO plugin v25.3.1 - https:\/\/yoast.com\/wordpress\/plugins\/seo\/ -->\n<title>Paint\/Gel Protection Kit - PLC Marine<\/title>\n<meta name=\"description\" content=\"Kit Protector de Pintura y Gelcoat DiTEC Alto rendimiento Protector Desinfecta y sanitiza Resistente a los rayos UVEl Kit Protector de Pintura y Gelcoat DiTEC permite a cualquier navegante aplicar y mantener un recubrimiento protector en la pintura y las superficies de gelcoat de su barco. Cuando se mantiene siguiendo las instrucciones, la superficie protegida ofrece una excelente protecci\u00f3n contra la luz ultravioleta, la suciedad, la mugre, los residuos de escape y otros contaminantes.Detalles adicionales:El Kit Protector de Pintura\/Gelcoat DiTEC contiene productos de grado profesional utilizados por aplicadores, que tambi\u00e9n pueden ser usados por cualquier navegante o tripulaci\u00f3n para aplicar y mantener un recubrimiento protector en la pintura y las superficies de gelcoat del barco. Cuando se usa y mantiene como se indica, la superficie protegida ofrece una gran protecci\u00f3n contra la luz UV, la suciedad, la mugre, la acumulaci\u00f3n de gases de escape y otros contaminantes durante m\u00faltiples temporadas.El Kit Protector de Pintura\/Gelcoat incluye: Uno (1) frasco de 1.6 oz de PROTEC 1 (recubrimiento protector) Uno (1) frasco de 24 oz de Pre-Clean Crystal Clear (spray limpiador) Uno (1) frasco de 24 oz de PROTEC Quick Coating (spray detallante) Una (1) esponja aplicadora Seis (6) toallas de microfibraEste kit es ideal para mantener tu barco protegido y en excelente estado, ofreciendo una protecci\u00f3n duradera contra los elementos.\" \/>\n<meta name=\"robots\" content=\"index, follow, max-snippet:-1, max-image-preview:large, max-video-preview:-1\" \/>\n<link rel=\"canonical\" href=\"https:\/\/plcmarine.com\/en\/producto\/paint-gel-protection-kit\/\" \/>\n<meta property=\"og:locale\" content=\"en_US\" \/>\n<meta property=\"og:type\" content=\"article\" \/>\n<meta property=\"og:title\" content=\"Paint\/Gel Protection Kit - PLC Marine\" \/>\n<meta property=\"og:description\" content=\"Kit Protector de Pintura y Gelcoat DiTEC Alto rendimiento Protector Desinfecta y sanitiza Resistente a los rayos UVEl Kit Protector de Pintura y Gelcoat DiTEC permite a cualquier navegante aplicar y mantener un recubrimiento protector en la pintura y las superficies de gelcoat de su barco. Cuando se mantiene siguiendo las instrucciones, la superficie protegida ofrece una excelente protecci\u00f3n contra la luz ultravioleta, la suciedad, la mugre, los residuos de escape y otros contaminantes.Detalles adicionales:El Kit Protector de Pintura\/Gelcoat DiTEC contiene productos de grado profesional utilizados por aplicadores, que tambi\u00e9n pueden ser usados por cualquier navegante o tripulaci\u00f3n para aplicar y mantener un recubrimiento protector en la pintura y las superficies de gelcoat del barco. Cuando se usa y mantiene como se indica, la superficie protegida ofrece una gran protecci\u00f3n contra la luz UV, la suciedad, la mugre, la acumulaci\u00f3n de gases de escape y otros contaminantes durante m\u00faltiples temporadas.El Kit Protector de Pintura\/Gelcoat incluye: Uno (1) frasco de 1.6 oz de PROTEC 1 (recubrimiento protector) Uno (1) frasco de 24 oz de Pre-Clean Crystal Clear (spray limpiador) Uno (1) frasco de 24 oz de PROTEC Quick Coating (spray detallante) Una (1) esponja aplicadora Seis (6) toallas de microfibraEste kit es ideal para mantener tu barco protegido y en excelente estado, ofreciendo una protecci\u00f3n duradera contra los elementos.\" \/>\n<meta property=\"og:url\" content=\"https:\/\/plcmarine.com\/en\/producto\/paint-gel-protection-kit\/\" \/>\n<meta property=\"og:site_name\" content=\"PLC Marine\" \/>\n<meta property=\"article:modified_time\" content=\"2026-01-07T22:05:02+00:00\" \/>\n<meta property=\"og:image\" content=\"https:\/\/plcmarine.com\/wp-content\/uploads\/2025\/05\/Boat-Paint-Gel-Kit.jpg\" \/>\n\t<meta property=\"og:image:width\" content=\"343\" \/>\n\t<meta property=\"og:image:height\" content=\"448\" \/>\n\t<meta property=\"og:image:type\" content=\"image\/jpeg\" \/>\n<meta name=\"twitter:card\" content=\"summary_large_image\" \/>\n<meta name=\"twitter:label1\" content=\"Est. reading time\" \/>\n\t<meta name=\"twitter:data1\" content=\"1 minute\" \/>\n<script type=\"application\/ld+json\" class=\"yoast-schema-graph\">{\"@context\":\"https:\/\/schema.org\",\"@graph\":[{\"@type\":\"WebPage\",\"@id\":\"https:\/\/plcmarine.com\/en\/producto\/paint-gel-protection-kit\/\",\"url\":\"https:\/\/plcmarine.com\/en\/producto\/paint-gel-protection-kit\/\",\"name\":\"Paint\/Gel Protection Kit - PLC Marine\",\"isPartOf\":{\"@id\":\"https:\/\/plcmarine.com\/en\/#website\"},\"primaryImageOfPage\":{\"@id\":\"https:\/\/plcmarine.com\/en\/producto\/paint-gel-protection-kit\/#primaryimage\"},\"image\":{\"@id\":\"https:\/\/plcmarine.com\/en\/producto\/paint-gel-protection-kit\/#primaryimage\"},\"thumbnailUrl\":\"https:\/\/plcmarine.com\/wp-content\/uploads\/2025\/05\/Boat-Paint-Gel-Kit.jpg\",\"datePublished\":\"2025-05-06T17:55:43+00:00\",\"dateModified\":\"2026-01-07T22:05:02+00:00\",\"description\":\"Kit Protector de Pintura y Gelcoat DiTEC Alto rendimiento Protector Desinfecta y sanitiza Resistente a los rayos UVEl Kit Protector de Pintura y Gelcoat DiTEC permite a cualquier navegante aplicar y mantener un recubrimiento protector en la pintura y las superficies de gelcoat de su barco. Cuando se mantiene siguiendo las instrucciones, la superficie protegida ofrece una excelente protecci\u00f3n contra la luz ultravioleta, la suciedad, la mugre, los residuos de escape y otros contaminantes.Detalles adicionales:El Kit Protector de Pintura\/Gelcoat DiTEC contiene productos de grado profesional utilizados por aplicadores, que tambi\u00e9n pueden ser usados por cualquier navegante o tripulaci\u00f3n para aplicar y mantener un recubrimiento protector en la pintura y las superficies de gelcoat del barco. Cuando se usa y mantiene como se indica, la superficie protegida ofrece una gran protecci\u00f3n contra la luz UV, la suciedad, la mugre, la acumulaci\u00f3n de gases de escape y otros contaminantes durante m\u00faltiples temporadas.El Kit Protector de Pintura\/Gelcoat incluye: Uno (1) frasco de 1.6 oz de PROTEC 1 (recubrimiento protector) Uno (1) frasco de 24 oz de Pre-Clean Crystal Clear (spray limpiador) Uno (1) frasco de 24 oz de PROTEC Quick Coating (spray detallante) Una (1) esponja aplicadora Seis (6) toallas de microfibraEste kit es ideal para mantener tu barco protegido y en excelente estado, ofreciendo una protecci\u00f3n duradera contra los elementos.\",\"breadcrumb\":{\"@id\":\"https:\/\/plcmarine.com\/en\/producto\/paint-gel-protection-kit\/#breadcrumb\"},\"inLanguage\":\"en-US\",\"potentialAction\":[{\"@type\":\"ReadAction\",\"target\":[\"https:\/\/plcmarine.com\/en\/producto\/paint-gel-protection-kit\/\"]}]},{\"@type\":\"ImageObject\",\"inLanguage\":\"en-US\",\"@id\":\"https:\/\/plcmarine.com\/en\/producto\/paint-gel-protection-kit\/#primaryimage\",\"url\":\"https:\/\/plcmarine.com\/wp-content\/uploads\/2025\/05\/Boat-Paint-Gel-Kit.jpg\",\"contentUrl\":\"https:\/\/plcmarine.com\/wp-content\/uploads\/2025\/05\/Boat-Paint-Gel-Kit.jpg\",\"width\":343,\"height\":448},{\"@type\":\"BreadcrumbList\",\"@id\":\"https:\/\/plcmarine.com\/en\/producto\/paint-gel-protection-kit\/#breadcrumb\",\"itemListElement\":[{\"@type\":\"ListItem\",\"position\":1,\"name\":\"Home\",\"item\":\"https:\/\/plcmarine.com\/en\/\"},{\"@type\":\"ListItem\",\"position\":2,\"name\":\"Shop\",\"item\":\"https:\/\/plcmarine.com\/shop\/\"},{\"@type\":\"ListItem\",\"position\":3,\"name\":\"Paint\/Gel Protection Kit\"}]},{\"@type\":\"WebSite\",\"@id\":\"https:\/\/plcmarine.com\/en\/#website\",\"url\":\"https:\/\/plcmarine.com\/en\/\",\"name\":\"PLC Marine\",\"description\":\"The Professional&#039;s choice\",\"potentialAction\":[{\"@type\":\"SearchAction\",\"target\":{\"@type\":\"EntryPoint\",\"urlTemplate\":\"https:\/\/plcmarine.com\/en\/?s={search_term_string}\"},\"query-input\":{\"@type\":\"PropertyValueSpecification\",\"valueRequired\":true,\"valueName\":\"search_term_string\"}}],\"inLanguage\":\"en-US\"}]}<\/script>\n<!-- \/ Yoast SEO plugin. -->","yoast_head_json":{"title":"Paint\/Gel Protection Kit - PLC Marine","description":"Kit Protector de Pintura y Gelcoat DiTEC Alto rendimiento Protector Desinfecta y sanitiza Resistente a los rayos UVEl Kit Protector de Pintura y Gelcoat DiTEC permite a cualquier navegante aplicar y mantener un recubrimiento protector en la pintura y las superficies de gelcoat de su barco. Cuando se mantiene siguiendo las instrucciones, la superficie protegida ofrece una excelente protecci\u00f3n contra la luz ultravioleta, la suciedad, la mugre, los residuos de escape y otros contaminantes.Detalles adicionales:El Kit Protector de Pintura\/Gelcoat DiTEC contiene productos de grado profesional utilizados por aplicadores, que tambi\u00e9n pueden ser usados por cualquier navegante o tripulaci\u00f3n para aplicar y mantener un recubrimiento protector en la pintura y las superficies de gelcoat del barco. Cuando se usa y mantiene como se indica, la superficie protegida ofrece una gran protecci\u00f3n contra la luz UV, la suciedad, la mugre, la acumulaci\u00f3n de gases de escape y otros contaminantes durante m\u00faltiples temporadas.El Kit Protector de Pintura\/Gelcoat incluye: Uno (1) frasco de 1.6 oz de PROTEC 1 (recubrimiento protector) Uno (1) frasco de 24 oz de Pre-Clean Crystal Clear (spray limpiador) Uno (1) frasco de 24 oz de PROTEC Quick Coating (spray detallante) Una (1) esponja aplicadora Seis (6) toallas de microfibraEste kit es ideal para mantener tu barco protegido y en excelente estado, ofreciendo una protecci\u00f3n duradera contra los elementos.","robots":{"index":"index","follow":"follow","max-snippet":"max-snippet:-1","max-image-preview":"max-image-preview:large","max-video-preview":"max-video-preview:-1"},"canonical":"https:\/\/plcmarine.com\/en\/producto\/paint-gel-protection-kit\/","og_locale":"en_US","og_type":"article","og_title":"Paint\/Gel Protection Kit - PLC Marine","og_description":"Kit Protector de Pintura y Gelcoat DiTEC Alto rendimiento Protector Desinfecta y sanitiza Resistente a los rayos UVEl Kit Protector de Pintura y Gelcoat DiTEC permite a cualquier navegante aplicar y mantener un recubrimiento protector en la pintura y las superficies de gelcoat de su barco. Cuando se mantiene siguiendo las instrucciones, la superficie protegida ofrece una excelente protecci\u00f3n contra la luz ultravioleta, la suciedad, la mugre, los residuos de escape y otros contaminantes.Detalles adicionales:El Kit Protector de Pintura\/Gelcoat DiTEC contiene productos de grado profesional utilizados por aplicadores, que tambi\u00e9n pueden ser usados por cualquier navegante o tripulaci\u00f3n para aplicar y mantener un recubrimiento protector en la pintura y las superficies de gelcoat del barco. Cuando se usa y mantiene como se indica, la superficie protegida ofrece una gran protecci\u00f3n contra la luz UV, la suciedad, la mugre, la acumulaci\u00f3n de gases de escape y otros contaminantes durante m\u00faltiples temporadas.El Kit Protector de Pintura\/Gelcoat incluye: Uno (1) frasco de 1.6 oz de PROTEC 1 (recubrimiento protector) Uno (1) frasco de 24 oz de Pre-Clean Crystal Clear (spray limpiador) Uno (1) frasco de 24 oz de PROTEC Quick Coating (spray detallante) Una (1) esponja aplicadora Seis (6) toallas de microfibraEste kit es ideal para mantener tu barco protegido y en excelente estado, ofreciendo una protecci\u00f3n duradera contra los elementos.","og_url":"https:\/\/plcmarine.com\/en\/producto\/paint-gel-protection-kit\/","og_site_name":"PLC Marine","article_modified_time":"2026-01-07T22:05:02+00:00","og_image":[{"width":343,"height":448,"url":"https:\/\/plcmarine.com\/wp-content\/uploads\/2025\/05\/Boat-Paint-Gel-Kit.jpg","type":"image\/jpeg"}],"twitter_card":"summary_large_image","twitter_misc":{"Est. reading time":"1 minute"},"schema":{"@context":"https:\/\/schema.org","@graph":[{"@type":"WebPage","@id":"https:\/\/plcmarine.com\/en\/producto\/paint-gel-protection-kit\/","url":"https:\/\/plcmarine.com\/en\/producto\/paint-gel-protection-kit\/","name":"Paint\/Gel Protection Kit - PLC Marine","isPartOf":{"@id":"https:\/\/plcmarine.com\/en\/#website"},"primaryImageOfPage":{"@id":"https:\/\/plcmarine.com\/en\/producto\/paint-gel-protection-kit\/#primaryimage"},"image":{"@id":"https:\/\/plcmarine.com\/en\/producto\/paint-gel-protection-kit\/#primaryimage"},"thumbnailUrl":"https:\/\/plcmarine.com\/wp-content\/uploads\/2025\/05\/Boat-Paint-Gel-Kit.jpg","datePublished":"2025-05-06T17:55:43+00:00","dateModified":"2026-01-07T22:05:02+00:00","description":"Kit Protector de Pintura y Gelcoat DiTEC Alto rendimiento Protector Desinfecta y sanitiza Resistente a los rayos UVEl Kit Protector de Pintura y Gelcoat DiTEC permite a cualquier navegante aplicar y mantener un recubrimiento protector en la pintura y las superficies de gelcoat de su barco. Cuando se mantiene siguiendo las instrucciones, la superficie protegida ofrece una excelente protecci\u00f3n contra la luz ultravioleta, la suciedad, la mugre, los residuos de escape y otros contaminantes.Detalles adicionales:El Kit Protector de Pintura\/Gelcoat DiTEC contiene productos de grado profesional utilizados por aplicadores, que tambi\u00e9n pueden ser usados por cualquier navegante o tripulaci\u00f3n para aplicar y mantener un recubrimiento protector en la pintura y las superficies de gelcoat del barco. Cuando se usa y mantiene como se indica, la superficie protegida ofrece una gran protecci\u00f3n contra la luz UV, la suciedad, la mugre, la acumulaci\u00f3n de gases de escape y otros contaminantes durante m\u00faltiples temporadas.El Kit Protector de Pintura\/Gelcoat incluye: Uno (1) frasco de 1.6 oz de PROTEC 1 (recubrimiento protector) Uno (1) frasco de 24 oz de Pre-Clean Crystal Clear (spray limpiador) Uno (1) frasco de 24 oz de PROTEC Quick Coating (spray detallante) Una (1) esponja aplicadora Seis (6) toallas de microfibraEste kit es ideal para mantener tu barco protegido y en excelente estado, ofreciendo una protecci\u00f3n duradera contra los elementos.","breadcrumb":{"@id":"https:\/\/plcmarine.com\/en\/producto\/paint-gel-protection-kit\/#breadcrumb"},"inLanguage":"en-US","potentialAction":[{"@type":"ReadAction","target":["https:\/\/plcmarine.com\/en\/producto\/paint-gel-protection-kit\/"]}]},{"@type":"ImageObject","inLanguage":"en-US","@id":"https:\/\/plcmarine.com\/en\/producto\/paint-gel-protection-kit\/#primaryimage","url":"https:\/\/plcmarine.com\/wp-content\/uploads\/2025\/05\/Boat-Paint-Gel-Kit.jpg","contentUrl":"https:\/\/plcmarine.com\/wp-content\/uploads\/2025\/05\/Boat-Paint-Gel-Kit.jpg","width":343,"height":448},{"@type":"BreadcrumbList","@id":"https:\/\/plcmarine.com\/en\/producto\/paint-gel-protection-kit\/#breadcrumb","itemListElement":[{"@type":"ListItem","position":1,"name":"Home","item":"https:\/\/plcmarine.com\/en\/"},{"@type":"ListItem","position":2,"name":"Shop","item":"https:\/\/plcmarine.com\/shop\/"},{"@type":"ListItem","position":3,"name":"Paint\/Gel Protection Kit"}]},{"@type":"WebSite","@id":"https:\/\/plcmarine.com\/en\/#website","url":"https:\/\/plcmarine.com\/en\/","name":"PLC Marine","description":"The Professional&#039;s choice","potentialAction":[{"@type":"SearchAction","target":{"@type":"EntryPoint","urlTemplate":"https:\/\/plcmarine.com\/en\/?s={search_term_string}"},"query-input":{"@type":"PropertyValueSpecification","valueRequired":true,"valueName":"search_term_string"}}],"inLanguage":"en-US"}]}},"brands":[{"id":84,"name":"DiTEC Marine","slug":"ditec-marine"}],"_links":{"self":[{"href":"https:\/\/plcmarine.com\/en\/wp-json\/wp\/v2\/product\/33374285","targetHints":{"allow":["GET"]}}],"collection":[{"href":"https:\/\/plcmarine.com\/en\/wp-json\/wp\/v2\/product"}],"about":[{"href":"https:\/\/plcmarine.com\/en\/wp-json\/wp\/v2\/types\/product"}],"wp:featuredmedia":[{"embeddable":true,"href":"https:\/\/plcmarine.com\/en\/wp-json\/wp\/v2\/media\/33374286"}],"wp:attachment":[{"href":"https:\/\/plcmarine.com\/en\/wp-json\/wp\/v2\/media?parent=33374285"}],"wp:term":[{"taxonomy":"pwb-brand","embeddable":true,"href":"https:\/\/plcmarine.com\/en\/wp-json\/wp\/v2\/pwb-brand?post=33374285"},{"taxonomy":"product_brand","embeddable":true,"href":"https:\/\/plcmarine.com\/en\/wp-json\/wp\/v2\/product_brand?post=33374285"},{"taxonomy":"product_cat","embeddable":true,"href":"https:\/\/plcmarine.com\/en\/wp-json\/wp\/v2\/product_cat?post=33374285"},{"taxonomy":"product_tag","embeddable":true,"href":"https:\/\/plcmarine.com\/en\/wp-json\/wp\/v2\/product_tag?post=33374285"}],"curies":[{"name":"wp","href":"https:\/\/api.w.org\/{rel}","templated":true}]}}