



{"id":33374291,"date":"2025-05-06T17:55:45","date_gmt":"2025-05-06T17:55:45","guid":{"rendered":"https:\/\/plcmarine.com\/product\/microfiber-wool-polishing-pad-deep-cut-2-pack-155-mm\/"},"modified":"2026-01-07T22:06:45","modified_gmt":"2026-01-07T22:06:45","slug":"microfiber-wool-polishing-pad-deep-cut-2-pack-155-mm","status":"publish","type":"product","link":"https:\/\/plcmarine.com\/en\/producto\/microfiber-wool-polishing-pad-deep-cut-2-pack-155-mm\/","title":{"rendered":"Microfiber Wool Polishing Pad &#8211; Deep Cut (2-Pack)-155 mm"},"content":{"rendered":"<h3>M\u00e1s detalles:<\/h3>\n<ul>\n<li><strong>Recomendado para:<\/strong> Eliminaci\u00f3n r\u00e1pida y eficiente de rayones profundos y otros defectos en la pintura.<\/li>\n<li><strong>Alta capacidad de corte:<\/strong> El pad permite lograr cortes de alta eficiencia con una baja generaci\u00f3n de niebla\/hologramas.<\/li>\n<li><strong>Ahorro de tiempo:<\/strong> Gracias al uso correcto del pad, donde el contacto \u00f3ptimo y el movimiento de giro (rotaci\u00f3n de la placa\/pad) se aplican, los resultados ser\u00e1n verdaderamente sorprendentes en t\u00e9rminos de corte y reducci\u00f3n de niebla\/hologramas.<\/li>\n<li><strong>Compatibilidad:<\/strong> Principalmente adecuado para su uso con DiTEC Heavy Cut, tambi\u00e9n puede usarse con nuestro Medium Cut, dependiendo de la dureza de la pintura y el nivel de correcci\u00f3n deseado.<\/li>\n<\/ul>\n<p><strong>Incluye:<\/strong> Set de 2 almohadillas.<\/p>\n","protected":false},"excerpt":{"rendered":"<h2>Microfiber Wool Polishing Pad &#8211; Corte Profundo (Paquete de 2)<\/h2>\n<ul>\n<li><strong>Uso:<\/strong> Para niveles de corte muy altos en pinturas m\u00e1s blandas o como corte medio\/alto en pinturas m\u00e1s duras.<\/li>\n<li><strong>Fabricado para:<\/strong> Detalladores modernos, dise\u00f1ado para usarse con las populares m\u00e1quinas DA.<\/li>\n<\/ul>\n<p>El <strong>Microfiber Wool Polishing Pad<\/strong> de DiTEC es ideal para la r\u00e1pida y eficiente eliminaci\u00f3n de rayones profundos y otros defectos de la pintura. Este es el pad de corte m\u00e1s alto en nuestra l\u00ednea de almohadillas para m\u00e1quinas DA. Permite lograr niveles de corte similares a los pads de lana en m\u00e1quinas rotativas.<\/p>\n","protected":false},"featured_media":33374292,"template":"","meta":[],"pwb-brand":[84],"product_brand":[],"product_cat":[109],"product_tag":[],"class_list":{"0":"post-33374291","1":"product","2":"type-product","3":"status-publish","4":"has-post-thumbnail","6":"pwb-brand-ditec-marine","7":"product_cat-sin-categorizar","9":"first","10":"instock","11":"taxable","12":"shipping-taxable","13":"purchasable","14":"product-type-simple"},"yoast_head":"<!-- This site is optimized with the Yoast SEO plugin v25.3.1 - https:\/\/yoast.com\/wordpress\/plugins\/seo\/ -->\n<title>Microfiber Wool Polishing Pad - Deep Cut (2-Pack)-155 mm - PLC Marine<\/title>\n<meta name=\"description\" content=\"Microfiber Wool Polishing Pad - Corte Profundo (Paquete de 2) Uso: Para niveles de corte muy altos en pinturas m\u00e1s blandas o como corte medio\/alto en pinturas m\u00e1s duras. Fabricado para: Detalladores modernos, dise\u00f1ado para usarse con las populares m\u00e1quinas DA.El Microfiber Wool Polishing Pad de DiTEC es ideal para la r\u00e1pida y eficiente eliminaci\u00f3n de rayones profundos y otros defectos de la pintura. Este es el pad de corte m\u00e1s alto en nuestra l\u00ednea de almohadillas para m\u00e1quinas DA. Permite lograr niveles de corte similares a los pads de lana en m\u00e1quinas rotativas.M\u00e1s detalles: Recomendado para: Eliminaci\u00f3n r\u00e1pida y eficiente de rayones profundos y otros defectos en la pintura. Alta capacidad de corte: El pad permite lograr cortes de alta eficiencia con una baja generaci\u00f3n de niebla\/hologramas. Ahorro de tiempo: Gracias al uso correcto del pad, donde el contacto \u00f3ptimo y el movimiento de giro (rotaci\u00f3n de la placa\/pad) se aplican, los resultados ser\u00e1n verdaderamente sorprendentes en t\u00e9rminos de corte y reducci\u00f3n de niebla\/hologramas. Compatibilidad: Principalmente adecuado para su uso con DiTEC Heavy Cut, tambi\u00e9n puede usarse con nuestro Medium Cut, dependiendo de la dureza de la pintura y el nivel de correcci\u00f3n deseado.Incluye: Set de 2 almohadillas.\" \/>\n<meta name=\"robots\" content=\"index, follow, max-snippet:-1, max-image-preview:large, max-video-preview:-1\" \/>\n<link rel=\"canonical\" href=\"https:\/\/plcmarine.com\/en\/producto\/microfiber-wool-polishing-pad-deep-cut-2-pack-155-mm\/\" \/>\n<meta property=\"og:locale\" content=\"en_US\" \/>\n<meta property=\"og:type\" content=\"article\" \/>\n<meta property=\"og:title\" content=\"Microfiber Wool Polishing Pad - Deep Cut (2-Pack)-155 mm - PLC Marine\" \/>\n<meta property=\"og:description\" content=\"Microfiber Wool Polishing Pad - Corte Profundo (Paquete de 2) Uso: Para niveles de corte muy altos en pinturas m\u00e1s blandas o como corte medio\/alto en pinturas m\u00e1s duras. Fabricado para: Detalladores modernos, dise\u00f1ado para usarse con las populares m\u00e1quinas DA.El Microfiber Wool Polishing Pad de DiTEC es ideal para la r\u00e1pida y eficiente eliminaci\u00f3n de rayones profundos y otros defectos de la pintura. Este es el pad de corte m\u00e1s alto en nuestra l\u00ednea de almohadillas para m\u00e1quinas DA. Permite lograr niveles de corte similares a los pads de lana en m\u00e1quinas rotativas.M\u00e1s detalles: Recomendado para: Eliminaci\u00f3n r\u00e1pida y eficiente de rayones profundos y otros defectos en la pintura. Alta capacidad de corte: El pad permite lograr cortes de alta eficiencia con una baja generaci\u00f3n de niebla\/hologramas. Ahorro de tiempo: Gracias al uso correcto del pad, donde el contacto \u00f3ptimo y el movimiento de giro (rotaci\u00f3n de la placa\/pad) se aplican, los resultados ser\u00e1n verdaderamente sorprendentes en t\u00e9rminos de corte y reducci\u00f3n de niebla\/hologramas. Compatibilidad: Principalmente adecuado para su uso con DiTEC Heavy Cut, tambi\u00e9n puede usarse con nuestro Medium Cut, dependiendo de la dureza de la pintura y el nivel de correcci\u00f3n deseado.Incluye: Set de 2 almohadillas.\" \/>\n<meta property=\"og:url\" content=\"https:\/\/plcmarine.com\/en\/producto\/microfiber-wool-polishing-pad-deep-cut-2-pack-155-mm\/\" \/>\n<meta property=\"og:site_name\" content=\"PLC Marine\" \/>\n<meta property=\"article:modified_time\" content=\"2026-01-07T22:06:45+00:00\" \/>\n<meta property=\"og:image\" content=\"https:\/\/plcmarine.com\/wp-content\/uploads\/2025\/05\/White-Microfiber-Wool-Pad.jpg\" \/>\n\t<meta property=\"og:image:width\" content=\"448\" \/>\n\t<meta property=\"og:image:height\" content=\"448\" \/>\n\t<meta property=\"og:image:type\" content=\"image\/jpeg\" \/>\n<meta name=\"twitter:card\" content=\"summary_large_image\" \/>\n<meta name=\"twitter:label1\" content=\"Est. reading time\" \/>\n\t<meta name=\"twitter:data1\" content=\"1 minute\" \/>\n<script type=\"application\/ld+json\" class=\"yoast-schema-graph\">{\"@context\":\"https:\/\/schema.org\",\"@graph\":[{\"@type\":\"WebPage\",\"@id\":\"https:\/\/plcmarine.com\/en\/producto\/microfiber-wool-polishing-pad-deep-cut-2-pack-155-mm\/\",\"url\":\"https:\/\/plcmarine.com\/en\/producto\/microfiber-wool-polishing-pad-deep-cut-2-pack-155-mm\/\",\"name\":\"Microfiber Wool Polishing Pad - Deep Cut (2-Pack)-155 mm - PLC Marine\",\"isPartOf\":{\"@id\":\"https:\/\/plcmarine.com\/en\/#website\"},\"primaryImageOfPage\":{\"@id\":\"https:\/\/plcmarine.com\/en\/producto\/microfiber-wool-polishing-pad-deep-cut-2-pack-155-mm\/#primaryimage\"},\"image\":{\"@id\":\"https:\/\/plcmarine.com\/en\/producto\/microfiber-wool-polishing-pad-deep-cut-2-pack-155-mm\/#primaryimage\"},\"thumbnailUrl\":\"https:\/\/plcmarine.com\/wp-content\/uploads\/2025\/05\/White-Microfiber-Wool-Pad.jpg\",\"datePublished\":\"2025-05-06T17:55:45+00:00\",\"dateModified\":\"2026-01-07T22:06:45+00:00\",\"description\":\"Microfiber Wool Polishing Pad - Corte Profundo (Paquete de 2) Uso: Para niveles de corte muy altos en pinturas m\u00e1s blandas o como corte medio\/alto en pinturas m\u00e1s duras. Fabricado para: Detalladores modernos, dise\u00f1ado para usarse con las populares m\u00e1quinas DA.El Microfiber Wool Polishing Pad de DiTEC es ideal para la r\u00e1pida y eficiente eliminaci\u00f3n de rayones profundos y otros defectos de la pintura. Este es el pad de corte m\u00e1s alto en nuestra l\u00ednea de almohadillas para m\u00e1quinas DA. Permite lograr niveles de corte similares a los pads de lana en m\u00e1quinas rotativas.M\u00e1s detalles: Recomendado para: Eliminaci\u00f3n r\u00e1pida y eficiente de rayones profundos y otros defectos en la pintura. Alta capacidad de corte: El pad permite lograr cortes de alta eficiencia con una baja generaci\u00f3n de niebla\/hologramas. Ahorro de tiempo: Gracias al uso correcto del pad, donde el contacto \u00f3ptimo y el movimiento de giro (rotaci\u00f3n de la placa\/pad) se aplican, los resultados ser\u00e1n verdaderamente sorprendentes en t\u00e9rminos de corte y reducci\u00f3n de niebla\/hologramas. Compatibilidad: Principalmente adecuado para su uso con DiTEC Heavy Cut, tambi\u00e9n puede usarse con nuestro Medium Cut, dependiendo de la dureza de la pintura y el nivel de correcci\u00f3n deseado.Incluye: Set de 2 almohadillas.\",\"breadcrumb\":{\"@id\":\"https:\/\/plcmarine.com\/en\/producto\/microfiber-wool-polishing-pad-deep-cut-2-pack-155-mm\/#breadcrumb\"},\"inLanguage\":\"en-US\",\"potentialAction\":[{\"@type\":\"ReadAction\",\"target\":[\"https:\/\/plcmarine.com\/en\/producto\/microfiber-wool-polishing-pad-deep-cut-2-pack-155-mm\/\"]}]},{\"@type\":\"ImageObject\",\"inLanguage\":\"en-US\",\"@id\":\"https:\/\/plcmarine.com\/en\/producto\/microfiber-wool-polishing-pad-deep-cut-2-pack-155-mm\/#primaryimage\",\"url\":\"https:\/\/plcmarine.com\/wp-content\/uploads\/2025\/05\/White-Microfiber-Wool-Pad.jpg\",\"contentUrl\":\"https:\/\/plcmarine.com\/wp-content\/uploads\/2025\/05\/White-Microfiber-Wool-Pad.jpg\",\"width\":448,\"height\":448},{\"@type\":\"BreadcrumbList\",\"@id\":\"https:\/\/plcmarine.com\/en\/producto\/microfiber-wool-polishing-pad-deep-cut-2-pack-155-mm\/#breadcrumb\",\"itemListElement\":[{\"@type\":\"ListItem\",\"position\":1,\"name\":\"Home\",\"item\":\"https:\/\/plcmarine.com\/en\/\"},{\"@type\":\"ListItem\",\"position\":2,\"name\":\"Shop\",\"item\":\"https:\/\/plcmarine.com\/shop\/\"},{\"@type\":\"ListItem\",\"position\":3,\"name\":\"Microfiber Wool Polishing Pad &#8211; Deep Cut (2-Pack)-155 mm\"}]},{\"@type\":\"WebSite\",\"@id\":\"https:\/\/plcmarine.com\/en\/#website\",\"url\":\"https:\/\/plcmarine.com\/en\/\",\"name\":\"PLC Marine\",\"description\":\"The Professional&#039;s choice\",\"potentialAction\":[{\"@type\":\"SearchAction\",\"target\":{\"@type\":\"EntryPoint\",\"urlTemplate\":\"https:\/\/plcmarine.com\/en\/?s={search_term_string}\"},\"query-input\":{\"@type\":\"PropertyValueSpecification\",\"valueRequired\":true,\"valueName\":\"search_term_string\"}}],\"inLanguage\":\"en-US\"}]}<\/script>\n<!-- \/ Yoast SEO plugin. -->","yoast_head_json":{"title":"Microfiber Wool Polishing Pad - Deep Cut (2-Pack)-155 mm - PLC Marine","description":"Microfiber Wool Polishing Pad - Corte Profundo (Paquete de 2) Uso: Para niveles de corte muy altos en pinturas m\u00e1s blandas o como corte medio\/alto en pinturas m\u00e1s duras. Fabricado para: Detalladores modernos, dise\u00f1ado para usarse con las populares m\u00e1quinas DA.El Microfiber Wool Polishing Pad de DiTEC es ideal para la r\u00e1pida y eficiente eliminaci\u00f3n de rayones profundos y otros defectos de la pintura. Este es el pad de corte m\u00e1s alto en nuestra l\u00ednea de almohadillas para m\u00e1quinas DA. Permite lograr niveles de corte similares a los pads de lana en m\u00e1quinas rotativas.M\u00e1s detalles: Recomendado para: Eliminaci\u00f3n r\u00e1pida y eficiente de rayones profundos y otros defectos en la pintura. Alta capacidad de corte: El pad permite lograr cortes de alta eficiencia con una baja generaci\u00f3n de niebla\/hologramas. Ahorro de tiempo: Gracias al uso correcto del pad, donde el contacto \u00f3ptimo y el movimiento de giro (rotaci\u00f3n de la placa\/pad) se aplican, los resultados ser\u00e1n verdaderamente sorprendentes en t\u00e9rminos de corte y reducci\u00f3n de niebla\/hologramas. Compatibilidad: Principalmente adecuado para su uso con DiTEC Heavy Cut, tambi\u00e9n puede usarse con nuestro Medium Cut, dependiendo de la dureza de la pintura y el nivel de correcci\u00f3n deseado.Incluye: Set de 2 almohadillas.","robots":{"index":"index","follow":"follow","max-snippet":"max-snippet:-1","max-image-preview":"max-image-preview:large","max-video-preview":"max-video-preview:-1"},"canonical":"https:\/\/plcmarine.com\/en\/producto\/microfiber-wool-polishing-pad-deep-cut-2-pack-155-mm\/","og_locale":"en_US","og_type":"article","og_title":"Microfiber Wool Polishing Pad - Deep Cut (2-Pack)-155 mm - PLC Marine","og_description":"Microfiber Wool Polishing Pad - Corte Profundo (Paquete de 2) Uso: Para niveles de corte muy altos en pinturas m\u00e1s blandas o como corte medio\/alto en pinturas m\u00e1s duras. Fabricado para: Detalladores modernos, dise\u00f1ado para usarse con las populares m\u00e1quinas DA.El Microfiber Wool Polishing Pad de DiTEC es ideal para la r\u00e1pida y eficiente eliminaci\u00f3n de rayones profundos y otros defectos de la pintura. Este es el pad de corte m\u00e1s alto en nuestra l\u00ednea de almohadillas para m\u00e1quinas DA. Permite lograr niveles de corte similares a los pads de lana en m\u00e1quinas rotativas.M\u00e1s detalles: Recomendado para: Eliminaci\u00f3n r\u00e1pida y eficiente de rayones profundos y otros defectos en la pintura. Alta capacidad de corte: El pad permite lograr cortes de alta eficiencia con una baja generaci\u00f3n de niebla\/hologramas. Ahorro de tiempo: Gracias al uso correcto del pad, donde el contacto \u00f3ptimo y el movimiento de giro (rotaci\u00f3n de la placa\/pad) se aplican, los resultados ser\u00e1n verdaderamente sorprendentes en t\u00e9rminos de corte y reducci\u00f3n de niebla\/hologramas. Compatibilidad: Principalmente adecuado para su uso con DiTEC Heavy Cut, tambi\u00e9n puede usarse con nuestro Medium Cut, dependiendo de la dureza de la pintura y el nivel de correcci\u00f3n deseado.Incluye: Set de 2 almohadillas.","og_url":"https:\/\/plcmarine.com\/en\/producto\/microfiber-wool-polishing-pad-deep-cut-2-pack-155-mm\/","og_site_name":"PLC Marine","article_modified_time":"2026-01-07T22:06:45+00:00","og_image":[{"width":448,"height":448,"url":"https:\/\/plcmarine.com\/wp-content\/uploads\/2025\/05\/White-Microfiber-Wool-Pad.jpg","type":"image\/jpeg"}],"twitter_card":"summary_large_image","twitter_misc":{"Est. reading time":"1 minute"},"schema":{"@context":"https:\/\/schema.org","@graph":[{"@type":"WebPage","@id":"https:\/\/plcmarine.com\/en\/producto\/microfiber-wool-polishing-pad-deep-cut-2-pack-155-mm\/","url":"https:\/\/plcmarine.com\/en\/producto\/microfiber-wool-polishing-pad-deep-cut-2-pack-155-mm\/","name":"Microfiber Wool Polishing Pad - Deep Cut (2-Pack)-155 mm - PLC Marine","isPartOf":{"@id":"https:\/\/plcmarine.com\/en\/#website"},"primaryImageOfPage":{"@id":"https:\/\/plcmarine.com\/en\/producto\/microfiber-wool-polishing-pad-deep-cut-2-pack-155-mm\/#primaryimage"},"image":{"@id":"https:\/\/plcmarine.com\/en\/producto\/microfiber-wool-polishing-pad-deep-cut-2-pack-155-mm\/#primaryimage"},"thumbnailUrl":"https:\/\/plcmarine.com\/wp-content\/uploads\/2025\/05\/White-Microfiber-Wool-Pad.jpg","datePublished":"2025-05-06T17:55:45+00:00","dateModified":"2026-01-07T22:06:45+00:00","description":"Microfiber Wool Polishing Pad - Corte Profundo (Paquete de 2) Uso: Para niveles de corte muy altos en pinturas m\u00e1s blandas o como corte medio\/alto en pinturas m\u00e1s duras. Fabricado para: Detalladores modernos, dise\u00f1ado para usarse con las populares m\u00e1quinas DA.El Microfiber Wool Polishing Pad de DiTEC es ideal para la r\u00e1pida y eficiente eliminaci\u00f3n de rayones profundos y otros defectos de la pintura. Este es el pad de corte m\u00e1s alto en nuestra l\u00ednea de almohadillas para m\u00e1quinas DA. Permite lograr niveles de corte similares a los pads de lana en m\u00e1quinas rotativas.M\u00e1s detalles: Recomendado para: Eliminaci\u00f3n r\u00e1pida y eficiente de rayones profundos y otros defectos en la pintura. Alta capacidad de corte: El pad permite lograr cortes de alta eficiencia con una baja generaci\u00f3n de niebla\/hologramas. Ahorro de tiempo: Gracias al uso correcto del pad, donde el contacto \u00f3ptimo y el movimiento de giro (rotaci\u00f3n de la placa\/pad) se aplican, los resultados ser\u00e1n verdaderamente sorprendentes en t\u00e9rminos de corte y reducci\u00f3n de niebla\/hologramas. Compatibilidad: Principalmente adecuado para su uso con DiTEC Heavy Cut, tambi\u00e9n puede usarse con nuestro Medium Cut, dependiendo de la dureza de la pintura y el nivel de correcci\u00f3n deseado.Incluye: Set de 2 almohadillas.","breadcrumb":{"@id":"https:\/\/plcmarine.com\/en\/producto\/microfiber-wool-polishing-pad-deep-cut-2-pack-155-mm\/#breadcrumb"},"inLanguage":"en-US","potentialAction":[{"@type":"ReadAction","target":["https:\/\/plcmarine.com\/en\/producto\/microfiber-wool-polishing-pad-deep-cut-2-pack-155-mm\/"]}]},{"@type":"ImageObject","inLanguage":"en-US","@id":"https:\/\/plcmarine.com\/en\/producto\/microfiber-wool-polishing-pad-deep-cut-2-pack-155-mm\/#primaryimage","url":"https:\/\/plcmarine.com\/wp-content\/uploads\/2025\/05\/White-Microfiber-Wool-Pad.jpg","contentUrl":"https:\/\/plcmarine.com\/wp-content\/uploads\/2025\/05\/White-Microfiber-Wool-Pad.jpg","width":448,"height":448},{"@type":"BreadcrumbList","@id":"https:\/\/plcmarine.com\/en\/producto\/microfiber-wool-polishing-pad-deep-cut-2-pack-155-mm\/#breadcrumb","itemListElement":[{"@type":"ListItem","position":1,"name":"Home","item":"https:\/\/plcmarine.com\/en\/"},{"@type":"ListItem","position":2,"name":"Shop","item":"https:\/\/plcmarine.com\/shop\/"},{"@type":"ListItem","position":3,"name":"Microfiber Wool Polishing Pad &#8211; Deep Cut (2-Pack)-155 mm"}]},{"@type":"WebSite","@id":"https:\/\/plcmarine.com\/en\/#website","url":"https:\/\/plcmarine.com\/en\/","name":"PLC Marine","description":"The Professional&#039;s choice","potentialAction":[{"@type":"SearchAction","target":{"@type":"EntryPoint","urlTemplate":"https:\/\/plcmarine.com\/en\/?s={search_term_string}"},"query-input":{"@type":"PropertyValueSpecification","valueRequired":true,"valueName":"search_term_string"}}],"inLanguage":"en-US"}]}},"brands":[{"id":84,"name":"DiTEC Marine","slug":"ditec-marine"}],"_links":{"self":[{"href":"https:\/\/plcmarine.com\/en\/wp-json\/wp\/v2\/product\/33374291","targetHints":{"allow":["GET"]}}],"collection":[{"href":"https:\/\/plcmarine.com\/en\/wp-json\/wp\/v2\/product"}],"about":[{"href":"https:\/\/plcmarine.com\/en\/wp-json\/wp\/v2\/types\/product"}],"wp:featuredmedia":[{"embeddable":true,"href":"https:\/\/plcmarine.com\/en\/wp-json\/wp\/v2\/media\/33374292"}],"wp:attachment":[{"href":"https:\/\/plcmarine.com\/en\/wp-json\/wp\/v2\/media?parent=33374291"}],"wp:term":[{"taxonomy":"pwb-brand","embeddable":true,"href":"https:\/\/plcmarine.com\/en\/wp-json\/wp\/v2\/pwb-brand?post=33374291"},{"taxonomy":"product_brand","embeddable":true,"href":"https:\/\/plcmarine.com\/en\/wp-json\/wp\/v2\/product_brand?post=33374291"},{"taxonomy":"product_cat","embeddable":true,"href":"https:\/\/plcmarine.com\/en\/wp-json\/wp\/v2\/product_cat?post=33374291"},{"taxonomy":"product_tag","embeddable":true,"href":"https:\/\/plcmarine.com\/en\/wp-json\/wp\/v2\/product_tag?post=33374291"}],"curies":[{"name":"wp","href":"https:\/\/api.w.org\/{rel}","templated":true}]}}