



{"id":33374300,"date":"2025-05-06T18:00:49","date_gmt":"2025-05-06T18:00:49","guid":{"rendered":"https:\/\/plcmarine.com\/product\/protec-quick-coating-24-oz\/"},"modified":"2026-01-07T22:08:16","modified_gmt":"2026-01-07T22:08:16","slug":"protec-quick-coating-24-oz","status":"publish","type":"product","link":"https:\/\/plcmarine.com\/en\/producto\/protec-quick-coating-24-oz\/","title":{"rendered":"PROTEC Quick Coating- 24 Oz"},"content":{"rendered":"<h3>Detalles adicionales:<\/h3>\n<ul>\n<li>A\u00f1ade r\u00e1pidamente protecci\u00f3n contra suciedad, mugre, contaminaci\u00f3n de la pintura y otros contaminantes da\u00f1inos.<\/li>\n<li>Crea caracter\u00edsticas hidr\u00f3fobas, ayudando a que todos los recubrimientos protectores permanezcan activos.<\/li>\n<li>Producto perfecto de mantenimiento para barcos y veh\u00edculos protegidos y recubiertos.<\/li>\n<li>Apl\u00edcalo con facilidad, solo roc\u00eda y enjuaga para una aplicaci\u00f3n r\u00e1pida.<\/li>\n<li>Tambi\u00e9n se puede utilizar en seco como un detallador r\u00e1pido.<\/li>\n<\/ul>\n<h3>M\u00e1s detalles:<\/h3>\n<ul>\n<li><strong>Apariencia:<\/strong> L\u00edquido<\/li>\n<li><strong>Solubilidad:<\/strong> 100% en agua<\/li>\n<li><strong>pH:<\/strong> 5<\/li>\n<\/ul>\n<h3>Uso y Aplicaci\u00f3n:<\/h3>\n<p>Para su uso en: Superficies pintadas\/gelcoat y met\u00e1licas.<\/p>\n<h4>Aplicaci\u00f3n:<\/h4>\n<ul>\n<li>Se recomienda un m\u00ednimo de una aplicaci\u00f3n cada 3 meses. Puede aplicarse con mayor frecuencia para obtener un acabado brillante y sin rayas si se desea.<\/li>\n<\/ul>\n<h4>Para obtener excelentes resultados:<\/h4>\n<ul>\n<li>Roc\u00edalo sobre una superficie limpia y mojada. D\u00e9jalo reposar durante 1 minuto. Enjuaga con agua dulce. Para evitar manchas de agua, seca con un pa\u00f1o de microfibra.<\/li>\n<\/ul>\n<h4>Para mejores resultados:<\/h4>\n<ul>\n<li>Roc\u00edalo sobre una superficie limpia y mojada y seca con un pa\u00f1o de microfibra.<\/li>\n<\/ul>\n<h4>Para la mejor durabilidad a largo plazo:<\/h4>\n<ul>\n<li>Roc\u00edalo sobre una superficie lavada y seca, trabajando por secciones. Seca con un pa\u00f1o de microfibra seco. Este paso proporcionar\u00e1 la protecci\u00f3n m\u00e1s duradera, con un acabado sin rayas.<\/li>\n<\/ul>\n","protected":false},"excerpt":{"rendered":"<h2>PROTEC Quick Coating &#8211; Detallador R\u00e1pido y Protector<\/h2>\n<ul>\n<li><strong>Alto rendimiento<\/strong><\/li>\n<li><strong>Protector<\/strong><\/li>\n<li><strong>Resistente a los rayos UV<\/strong><\/li>\n<\/ul>\n<p>El <strong>PROTEC Quick Coating<\/strong> de DiTEC es un spray de mantenimiento y protecci\u00f3n r\u00e1pido y f\u00e1cil, que proporciona un acabado protector, hidr\u00f3fobo y brillante a la pintura y las superficies de gelcoat de tu barco. El Quick Coating puede ser utilizado por s\u00ed solo para una protecci\u00f3n de varios meses, o se recomienda en combinaci\u00f3n con PROTEC 1 o otros recubrimientos para una protecci\u00f3n a largo plazo.<\/p>\n","protected":false},"featured_media":33374301,"template":"","meta":[],"pwb-brand":[84],"product_brand":[],"product_cat":[109],"product_tag":[],"class_list":{"0":"post-33374300","1":"product","2":"type-product","3":"status-publish","4":"has-post-thumbnail","6":"pwb-brand-ditec-marine","7":"product_cat-sin-categorizar","9":"first","10":"instock","11":"taxable","12":"shipping-taxable","13":"purchasable","14":"product-type-simple"},"yoast_head":"<!-- This site is optimized with the Yoast SEO plugin v25.3.1 - https:\/\/yoast.com\/wordpress\/plugins\/seo\/ -->\n<title>PROTEC Quick Coating- 24 Oz - PLC Marine<\/title>\n<meta name=\"description\" content=\"PROTEC Quick Coating - Detallador R\u00e1pido y Protector Alto rendimiento Protector Resistente a los rayos UVEl PROTEC Quick Coating de DiTEC es un spray de mantenimiento y protecci\u00f3n r\u00e1pido y f\u00e1cil, que proporciona un acabado protector, hidr\u00f3fobo y brillante a la pintura y las superficies de gelcoat de tu barco. El Quick Coating puede ser utilizado por s\u00ed solo para una protecci\u00f3n de varios meses, o se recomienda en combinaci\u00f3n con PROTEC 1 o otros recubrimientos para una protecci\u00f3n a largo plazo.Detalles adicionales: A\u00f1ade r\u00e1pidamente protecci\u00f3n contra suciedad, mugre, contaminaci\u00f3n de la pintura y otros contaminantes da\u00f1inos. Crea caracter\u00edsticas hidr\u00f3fobas, ayudando a que todos los recubrimientos protectores permanezcan activos. Producto perfecto de mantenimiento para barcos y veh\u00edculos protegidos y recubiertos. Apl\u00edcalo con facilidad, solo roc\u00eda y enjuaga para una aplicaci\u00f3n r\u00e1pida. Tambi\u00e9n se puede utilizar en seco como un detallador r\u00e1pido.M\u00e1s detalles: Apariencia: L\u00edquido Solubilidad: 100% en agua pH: 5Uso y Aplicaci\u00f3n:Para su uso en: Superficies pintadas\/gelcoat y met\u00e1licas.Aplicaci\u00f3n: Se recomienda un m\u00ednimo de una aplicaci\u00f3n cada 3 meses. Puede aplicarse con mayor frecuencia para obtener un acabado brillante y sin rayas si se desea.Para obtener excelentes resultados: Roc\u00edalo sobre una superficie limpia y mojada. D\u00e9jalo reposar durante 1 minuto. Enjuaga con agua dulce. Para evitar manchas de agua, seca con un pa\u00f1o de microfibra.Para mejores resultados: Roc\u00edalo sobre una superficie limpia y mojada y seca con un pa\u00f1o de microfibra.Para la mejor durabilidad a largo plazo: Roc\u00edalo sobre una superficie lavada y seca, trabajando por secciones. Seca con un pa\u00f1o de microfibra seco. Este paso proporcionar\u00e1 la protecci\u00f3n m\u00e1s duradera, con un acabado sin rayas.\" \/>\n<meta name=\"robots\" content=\"index, follow, max-snippet:-1, max-image-preview:large, max-video-preview:-1\" \/>\n<link rel=\"canonical\" href=\"https:\/\/plcmarine.com\/en\/producto\/protec-quick-coating-24-oz\/\" \/>\n<meta property=\"og:locale\" content=\"en_US\" \/>\n<meta property=\"og:type\" content=\"article\" \/>\n<meta property=\"og:title\" content=\"PROTEC Quick Coating- 24 Oz - PLC Marine\" \/>\n<meta property=\"og:description\" content=\"PROTEC Quick Coating - Detallador R\u00e1pido y Protector Alto rendimiento Protector Resistente a los rayos UVEl PROTEC Quick Coating de DiTEC es un spray de mantenimiento y protecci\u00f3n r\u00e1pido y f\u00e1cil, que proporciona un acabado protector, hidr\u00f3fobo y brillante a la pintura y las superficies de gelcoat de tu barco. El Quick Coating puede ser utilizado por s\u00ed solo para una protecci\u00f3n de varios meses, o se recomienda en combinaci\u00f3n con PROTEC 1 o otros recubrimientos para una protecci\u00f3n a largo plazo.Detalles adicionales: A\u00f1ade r\u00e1pidamente protecci\u00f3n contra suciedad, mugre, contaminaci\u00f3n de la pintura y otros contaminantes da\u00f1inos. Crea caracter\u00edsticas hidr\u00f3fobas, ayudando a que todos los recubrimientos protectores permanezcan activos. Producto perfecto de mantenimiento para barcos y veh\u00edculos protegidos y recubiertos. Apl\u00edcalo con facilidad, solo roc\u00eda y enjuaga para una aplicaci\u00f3n r\u00e1pida. Tambi\u00e9n se puede utilizar en seco como un detallador r\u00e1pido.M\u00e1s detalles: Apariencia: L\u00edquido Solubilidad: 100% en agua pH: 5Uso y Aplicaci\u00f3n:Para su uso en: Superficies pintadas\/gelcoat y met\u00e1licas.Aplicaci\u00f3n: Se recomienda un m\u00ednimo de una aplicaci\u00f3n cada 3 meses. Puede aplicarse con mayor frecuencia para obtener un acabado brillante y sin rayas si se desea.Para obtener excelentes resultados: Roc\u00edalo sobre una superficie limpia y mojada. D\u00e9jalo reposar durante 1 minuto. Enjuaga con agua dulce. Para evitar manchas de agua, seca con un pa\u00f1o de microfibra.Para mejores resultados: Roc\u00edalo sobre una superficie limpia y mojada y seca con un pa\u00f1o de microfibra.Para la mejor durabilidad a largo plazo: Roc\u00edalo sobre una superficie lavada y seca, trabajando por secciones. Seca con un pa\u00f1o de microfibra seco. Este paso proporcionar\u00e1 la protecci\u00f3n m\u00e1s duradera, con un acabado sin rayas.\" \/>\n<meta property=\"og:url\" content=\"https:\/\/plcmarine.com\/en\/producto\/protec-quick-coating-24-oz\/\" \/>\n<meta property=\"og:site_name\" content=\"PLC Marine\" \/>\n<meta property=\"article:modified_time\" content=\"2026-01-07T22:08:16+00:00\" \/>\n<meta property=\"og:image\" content=\"https:\/\/plcmarine.com\/wp-content\/uploads\/2025\/05\/Protec-Quick-Coating-1.jpg\" \/>\n\t<meta property=\"og:image:width\" content=\"343\" \/>\n\t<meta property=\"og:image:height\" content=\"448\" \/>\n\t<meta property=\"og:image:type\" content=\"image\/jpeg\" \/>\n<meta name=\"twitter:card\" content=\"summary_large_image\" \/>\n<meta name=\"twitter:label1\" content=\"Est. reading time\" \/>\n\t<meta name=\"twitter:data1\" content=\"2 minutes\" \/>\n<script type=\"application\/ld+json\" class=\"yoast-schema-graph\">{\"@context\":\"https:\/\/schema.org\",\"@graph\":[{\"@type\":\"WebPage\",\"@id\":\"https:\/\/plcmarine.com\/en\/producto\/protec-quick-coating-24-oz\/\",\"url\":\"https:\/\/plcmarine.com\/en\/producto\/protec-quick-coating-24-oz\/\",\"name\":\"PROTEC Quick Coating- 24 Oz - PLC Marine\",\"isPartOf\":{\"@id\":\"https:\/\/plcmarine.com\/en\/#website\"},\"primaryImageOfPage\":{\"@id\":\"https:\/\/plcmarine.com\/en\/producto\/protec-quick-coating-24-oz\/#primaryimage\"},\"image\":{\"@id\":\"https:\/\/plcmarine.com\/en\/producto\/protec-quick-coating-24-oz\/#primaryimage\"},\"thumbnailUrl\":\"https:\/\/plcmarine.com\/wp-content\/uploads\/2025\/05\/Protec-Quick-Coating-1.jpg\",\"datePublished\":\"2025-05-06T18:00:49+00:00\",\"dateModified\":\"2026-01-07T22:08:16+00:00\",\"description\":\"PROTEC Quick Coating - Detallador R\u00e1pido y Protector Alto rendimiento Protector Resistente a los rayos UVEl PROTEC Quick Coating de DiTEC es un spray de mantenimiento y protecci\u00f3n r\u00e1pido y f\u00e1cil, que proporciona un acabado protector, hidr\u00f3fobo y brillante a la pintura y las superficies de gelcoat de tu barco. El Quick Coating puede ser utilizado por s\u00ed solo para una protecci\u00f3n de varios meses, o se recomienda en combinaci\u00f3n con PROTEC 1 o otros recubrimientos para una protecci\u00f3n a largo plazo.Detalles adicionales: A\u00f1ade r\u00e1pidamente protecci\u00f3n contra suciedad, mugre, contaminaci\u00f3n de la pintura y otros contaminantes da\u00f1inos. Crea caracter\u00edsticas hidr\u00f3fobas, ayudando a que todos los recubrimientos protectores permanezcan activos. Producto perfecto de mantenimiento para barcos y veh\u00edculos protegidos y recubiertos. Apl\u00edcalo con facilidad, solo roc\u00eda y enjuaga para una aplicaci\u00f3n r\u00e1pida. Tambi\u00e9n se puede utilizar en seco como un detallador r\u00e1pido.M\u00e1s detalles: Apariencia: L\u00edquido Solubilidad: 100% en agua pH: 5Uso y Aplicaci\u00f3n:Para su uso en: Superficies pintadas\/gelcoat y met\u00e1licas.Aplicaci\u00f3n: Se recomienda un m\u00ednimo de una aplicaci\u00f3n cada 3 meses. Puede aplicarse con mayor frecuencia para obtener un acabado brillante y sin rayas si se desea.Para obtener excelentes resultados: Roc\u00edalo sobre una superficie limpia y mojada. D\u00e9jalo reposar durante 1 minuto. Enjuaga con agua dulce. Para evitar manchas de agua, seca con un pa\u00f1o de microfibra.Para mejores resultados: Roc\u00edalo sobre una superficie limpia y mojada y seca con un pa\u00f1o de microfibra.Para la mejor durabilidad a largo plazo: Roc\u00edalo sobre una superficie lavada y seca, trabajando por secciones. Seca con un pa\u00f1o de microfibra seco. Este paso proporcionar\u00e1 la protecci\u00f3n m\u00e1s duradera, con un acabado sin rayas.\",\"breadcrumb\":{\"@id\":\"https:\/\/plcmarine.com\/en\/producto\/protec-quick-coating-24-oz\/#breadcrumb\"},\"inLanguage\":\"en-US\",\"potentialAction\":[{\"@type\":\"ReadAction\",\"target\":[\"https:\/\/plcmarine.com\/en\/producto\/protec-quick-coating-24-oz\/\"]}]},{\"@type\":\"ImageObject\",\"inLanguage\":\"en-US\",\"@id\":\"https:\/\/plcmarine.com\/en\/producto\/protec-quick-coating-24-oz\/#primaryimage\",\"url\":\"https:\/\/plcmarine.com\/wp-content\/uploads\/2025\/05\/Protec-Quick-Coating-1.jpg\",\"contentUrl\":\"https:\/\/plcmarine.com\/wp-content\/uploads\/2025\/05\/Protec-Quick-Coating-1.jpg\",\"width\":343,\"height\":448},{\"@type\":\"BreadcrumbList\",\"@id\":\"https:\/\/plcmarine.com\/en\/producto\/protec-quick-coating-24-oz\/#breadcrumb\",\"itemListElement\":[{\"@type\":\"ListItem\",\"position\":1,\"name\":\"Home\",\"item\":\"https:\/\/plcmarine.com\/en\/\"},{\"@type\":\"ListItem\",\"position\":2,\"name\":\"Shop\",\"item\":\"https:\/\/plcmarine.com\/shop\/\"},{\"@type\":\"ListItem\",\"position\":3,\"name\":\"PROTEC Quick Coating- 24 Oz\"}]},{\"@type\":\"WebSite\",\"@id\":\"https:\/\/plcmarine.com\/en\/#website\",\"url\":\"https:\/\/plcmarine.com\/en\/\",\"name\":\"PLC Marine\",\"description\":\"The Professional&#039;s choice\",\"potentialAction\":[{\"@type\":\"SearchAction\",\"target\":{\"@type\":\"EntryPoint\",\"urlTemplate\":\"https:\/\/plcmarine.com\/en\/?s={search_term_string}\"},\"query-input\":{\"@type\":\"PropertyValueSpecification\",\"valueRequired\":true,\"valueName\":\"search_term_string\"}}],\"inLanguage\":\"en-US\"}]}<\/script>\n<!-- \/ Yoast SEO plugin. -->","yoast_head_json":{"title":"PROTEC Quick Coating- 24 Oz - PLC Marine","description":"PROTEC Quick Coating - Detallador R\u00e1pido y Protector Alto rendimiento Protector Resistente a los rayos UVEl PROTEC Quick Coating de DiTEC es un spray de mantenimiento y protecci\u00f3n r\u00e1pido y f\u00e1cil, que proporciona un acabado protector, hidr\u00f3fobo y brillante a la pintura y las superficies de gelcoat de tu barco. El Quick Coating puede ser utilizado por s\u00ed solo para una protecci\u00f3n de varios meses, o se recomienda en combinaci\u00f3n con PROTEC 1 o otros recubrimientos para una protecci\u00f3n a largo plazo.Detalles adicionales: A\u00f1ade r\u00e1pidamente protecci\u00f3n contra suciedad, mugre, contaminaci\u00f3n de la pintura y otros contaminantes da\u00f1inos. Crea caracter\u00edsticas hidr\u00f3fobas, ayudando a que todos los recubrimientos protectores permanezcan activos. Producto perfecto de mantenimiento para barcos y veh\u00edculos protegidos y recubiertos. Apl\u00edcalo con facilidad, solo roc\u00eda y enjuaga para una aplicaci\u00f3n r\u00e1pida. Tambi\u00e9n se puede utilizar en seco como un detallador r\u00e1pido.M\u00e1s detalles: Apariencia: L\u00edquido Solubilidad: 100% en agua pH: 5Uso y Aplicaci\u00f3n:Para su uso en: Superficies pintadas\/gelcoat y met\u00e1licas.Aplicaci\u00f3n: Se recomienda un m\u00ednimo de una aplicaci\u00f3n cada 3 meses. Puede aplicarse con mayor frecuencia para obtener un acabado brillante y sin rayas si se desea.Para obtener excelentes resultados: Roc\u00edalo sobre una superficie limpia y mojada. D\u00e9jalo reposar durante 1 minuto. Enjuaga con agua dulce. Para evitar manchas de agua, seca con un pa\u00f1o de microfibra.Para mejores resultados: Roc\u00edalo sobre una superficie limpia y mojada y seca con un pa\u00f1o de microfibra.Para la mejor durabilidad a largo plazo: Roc\u00edalo sobre una superficie lavada y seca, trabajando por secciones. Seca con un pa\u00f1o de microfibra seco. Este paso proporcionar\u00e1 la protecci\u00f3n m\u00e1s duradera, con un acabado sin rayas.","robots":{"index":"index","follow":"follow","max-snippet":"max-snippet:-1","max-image-preview":"max-image-preview:large","max-video-preview":"max-video-preview:-1"},"canonical":"https:\/\/plcmarine.com\/en\/producto\/protec-quick-coating-24-oz\/","og_locale":"en_US","og_type":"article","og_title":"PROTEC Quick Coating- 24 Oz - PLC Marine","og_description":"PROTEC Quick Coating - Detallador R\u00e1pido y Protector Alto rendimiento Protector Resistente a los rayos UVEl PROTEC Quick Coating de DiTEC es un spray de mantenimiento y protecci\u00f3n r\u00e1pido y f\u00e1cil, que proporciona un acabado protector, hidr\u00f3fobo y brillante a la pintura y las superficies de gelcoat de tu barco. El Quick Coating puede ser utilizado por s\u00ed solo para una protecci\u00f3n de varios meses, o se recomienda en combinaci\u00f3n con PROTEC 1 o otros recubrimientos para una protecci\u00f3n a largo plazo.Detalles adicionales: A\u00f1ade r\u00e1pidamente protecci\u00f3n contra suciedad, mugre, contaminaci\u00f3n de la pintura y otros contaminantes da\u00f1inos. Crea caracter\u00edsticas hidr\u00f3fobas, ayudando a que todos los recubrimientos protectores permanezcan activos. Producto perfecto de mantenimiento para barcos y veh\u00edculos protegidos y recubiertos. Apl\u00edcalo con facilidad, solo roc\u00eda y enjuaga para una aplicaci\u00f3n r\u00e1pida. Tambi\u00e9n se puede utilizar en seco como un detallador r\u00e1pido.M\u00e1s detalles: Apariencia: L\u00edquido Solubilidad: 100% en agua pH: 5Uso y Aplicaci\u00f3n:Para su uso en: Superficies pintadas\/gelcoat y met\u00e1licas.Aplicaci\u00f3n: Se recomienda un m\u00ednimo de una aplicaci\u00f3n cada 3 meses. Puede aplicarse con mayor frecuencia para obtener un acabado brillante y sin rayas si se desea.Para obtener excelentes resultados: Roc\u00edalo sobre una superficie limpia y mojada. D\u00e9jalo reposar durante 1 minuto. Enjuaga con agua dulce. Para evitar manchas de agua, seca con un pa\u00f1o de microfibra.Para mejores resultados: Roc\u00edalo sobre una superficie limpia y mojada y seca con un pa\u00f1o de microfibra.Para la mejor durabilidad a largo plazo: Roc\u00edalo sobre una superficie lavada y seca, trabajando por secciones. Seca con un pa\u00f1o de microfibra seco. Este paso proporcionar\u00e1 la protecci\u00f3n m\u00e1s duradera, con un acabado sin rayas.","og_url":"https:\/\/plcmarine.com\/en\/producto\/protec-quick-coating-24-oz\/","og_site_name":"PLC Marine","article_modified_time":"2026-01-07T22:08:16+00:00","og_image":[{"width":343,"height":448,"url":"https:\/\/plcmarine.com\/wp-content\/uploads\/2025\/05\/Protec-Quick-Coating-1.jpg","type":"image\/jpeg"}],"twitter_card":"summary_large_image","twitter_misc":{"Est. reading time":"2 minutes"},"schema":{"@context":"https:\/\/schema.org","@graph":[{"@type":"WebPage","@id":"https:\/\/plcmarine.com\/en\/producto\/protec-quick-coating-24-oz\/","url":"https:\/\/plcmarine.com\/en\/producto\/protec-quick-coating-24-oz\/","name":"PROTEC Quick Coating- 24 Oz - PLC Marine","isPartOf":{"@id":"https:\/\/plcmarine.com\/en\/#website"},"primaryImageOfPage":{"@id":"https:\/\/plcmarine.com\/en\/producto\/protec-quick-coating-24-oz\/#primaryimage"},"image":{"@id":"https:\/\/plcmarine.com\/en\/producto\/protec-quick-coating-24-oz\/#primaryimage"},"thumbnailUrl":"https:\/\/plcmarine.com\/wp-content\/uploads\/2025\/05\/Protec-Quick-Coating-1.jpg","datePublished":"2025-05-06T18:00:49+00:00","dateModified":"2026-01-07T22:08:16+00:00","description":"PROTEC Quick Coating - Detallador R\u00e1pido y Protector Alto rendimiento Protector Resistente a los rayos UVEl PROTEC Quick Coating de DiTEC es un spray de mantenimiento y protecci\u00f3n r\u00e1pido y f\u00e1cil, que proporciona un acabado protector, hidr\u00f3fobo y brillante a la pintura y las superficies de gelcoat de tu barco. El Quick Coating puede ser utilizado por s\u00ed solo para una protecci\u00f3n de varios meses, o se recomienda en combinaci\u00f3n con PROTEC 1 o otros recubrimientos para una protecci\u00f3n a largo plazo.Detalles adicionales: A\u00f1ade r\u00e1pidamente protecci\u00f3n contra suciedad, mugre, contaminaci\u00f3n de la pintura y otros contaminantes da\u00f1inos. Crea caracter\u00edsticas hidr\u00f3fobas, ayudando a que todos los recubrimientos protectores permanezcan activos. Producto perfecto de mantenimiento para barcos y veh\u00edculos protegidos y recubiertos. Apl\u00edcalo con facilidad, solo roc\u00eda y enjuaga para una aplicaci\u00f3n r\u00e1pida. Tambi\u00e9n se puede utilizar en seco como un detallador r\u00e1pido.M\u00e1s detalles: Apariencia: L\u00edquido Solubilidad: 100% en agua pH: 5Uso y Aplicaci\u00f3n:Para su uso en: Superficies pintadas\/gelcoat y met\u00e1licas.Aplicaci\u00f3n: Se recomienda un m\u00ednimo de una aplicaci\u00f3n cada 3 meses. Puede aplicarse con mayor frecuencia para obtener un acabado brillante y sin rayas si se desea.Para obtener excelentes resultados: Roc\u00edalo sobre una superficie limpia y mojada. D\u00e9jalo reposar durante 1 minuto. Enjuaga con agua dulce. Para evitar manchas de agua, seca con un pa\u00f1o de microfibra.Para mejores resultados: Roc\u00edalo sobre una superficie limpia y mojada y seca con un pa\u00f1o de microfibra.Para la mejor durabilidad a largo plazo: Roc\u00edalo sobre una superficie lavada y seca, trabajando por secciones. Seca con un pa\u00f1o de microfibra seco. Este paso proporcionar\u00e1 la protecci\u00f3n m\u00e1s duradera, con un acabado sin rayas.","breadcrumb":{"@id":"https:\/\/plcmarine.com\/en\/producto\/protec-quick-coating-24-oz\/#breadcrumb"},"inLanguage":"en-US","potentialAction":[{"@type":"ReadAction","target":["https:\/\/plcmarine.com\/en\/producto\/protec-quick-coating-24-oz\/"]}]},{"@type":"ImageObject","inLanguage":"en-US","@id":"https:\/\/plcmarine.com\/en\/producto\/protec-quick-coating-24-oz\/#primaryimage","url":"https:\/\/plcmarine.com\/wp-content\/uploads\/2025\/05\/Protec-Quick-Coating-1.jpg","contentUrl":"https:\/\/plcmarine.com\/wp-content\/uploads\/2025\/05\/Protec-Quick-Coating-1.jpg","width":343,"height":448},{"@type":"BreadcrumbList","@id":"https:\/\/plcmarine.com\/en\/producto\/protec-quick-coating-24-oz\/#breadcrumb","itemListElement":[{"@type":"ListItem","position":1,"name":"Home","item":"https:\/\/plcmarine.com\/en\/"},{"@type":"ListItem","position":2,"name":"Shop","item":"https:\/\/plcmarine.com\/shop\/"},{"@type":"ListItem","position":3,"name":"PROTEC Quick Coating- 24 Oz"}]},{"@type":"WebSite","@id":"https:\/\/plcmarine.com\/en\/#website","url":"https:\/\/plcmarine.com\/en\/","name":"PLC Marine","description":"The Professional&#039;s choice","potentialAction":[{"@type":"SearchAction","target":{"@type":"EntryPoint","urlTemplate":"https:\/\/plcmarine.com\/en\/?s={search_term_string}"},"query-input":{"@type":"PropertyValueSpecification","valueRequired":true,"valueName":"search_term_string"}}],"inLanguage":"en-US"}]}},"brands":[{"id":84,"name":"DiTEC Marine","slug":"ditec-marine"}],"_links":{"self":[{"href":"https:\/\/plcmarine.com\/en\/wp-json\/wp\/v2\/product\/33374300","targetHints":{"allow":["GET"]}}],"collection":[{"href":"https:\/\/plcmarine.com\/en\/wp-json\/wp\/v2\/product"}],"about":[{"href":"https:\/\/plcmarine.com\/en\/wp-json\/wp\/v2\/types\/product"}],"wp:featuredmedia":[{"embeddable":true,"href":"https:\/\/plcmarine.com\/en\/wp-json\/wp\/v2\/media\/33374301"}],"wp:attachment":[{"href":"https:\/\/plcmarine.com\/en\/wp-json\/wp\/v2\/media?parent=33374300"}],"wp:term":[{"taxonomy":"pwb-brand","embeddable":true,"href":"https:\/\/plcmarine.com\/en\/wp-json\/wp\/v2\/pwb-brand?post=33374300"},{"taxonomy":"product_brand","embeddable":true,"href":"https:\/\/plcmarine.com\/en\/wp-json\/wp\/v2\/product_brand?post=33374300"},{"taxonomy":"product_cat","embeddable":true,"href":"https:\/\/plcmarine.com\/en\/wp-json\/wp\/v2\/product_cat?post=33374300"},{"taxonomy":"product_tag","embeddable":true,"href":"https:\/\/plcmarine.com\/en\/wp-json\/wp\/v2\/product_tag?post=33374300"}],"curies":[{"name":"wp","href":"https:\/\/api.w.org\/{rel}","templated":true}]}}