



{"id":33374303,"date":"2025-05-06T18:00:50","date_gmt":"2025-05-06T18:00:50","guid":{"rendered":"https:\/\/plcmarine.com\/product\/polishing-compound-fine-cut-1-liter\/"},"modified":"2026-01-07T22:08:35","modified_gmt":"2026-01-07T22:08:35","slug":"polishing-compound-fine-cut-1-liter","status":"publish","type":"product","link":"https:\/\/plcmarine.com\/en\/producto\/polishing-compound-fine-cut-1-liter\/","title":{"rendered":"Polishing Compound &#8211; Fine Cut-1 Liter"},"content":{"rendered":"<h4>Caracter\u00edsticas Destacadas<\/h4>\n<ul>\n<li>Elimina hologramas de manera efectiva<\/li>\n<li>Granos abrasivos inteligentes de al\u00famina para un acabado fino y uniforme<\/li>\n<li>F\u00f3rmula sin solventes ni silicona<\/li>\n<li>Apto para todo tipo de pinturas, incluso las resistentes a rayaduras<\/li>\n<\/ul>\n<hr \/>\n<h4>Detalles T\u00e9cnicos<\/h4>\n<ul>\n<li><strong>Apariencia:<\/strong> Crema \/ Pasta<\/li>\n<li><strong>pH:<\/strong> 8<\/li>\n<li><strong>Solubilidad:<\/strong> N\/D<\/li>\n<\/ul>\n<hr \/>\n<h4>Uso y Aplicaci\u00f3n<\/h4>\n<ul>\n<li><strong>Recomendaci\u00f3n:<\/strong> Utilizar con la almohadilla de pulido <strong>DiTEC Red Trapez<\/strong><\/li>\n<li><strong>Modo de aplicaci\u00f3n:<\/strong> Aplicar una cantidad suficiente del compuesto sobre la almohadilla o directamente en la superficie pintada. Extender el producto a baja velocidad (aprox. 1000 rpm) sobre el defecto y luego trabajar a unos 1600 rpm con presi\u00f3n moderada.<\/li>\n<\/ul>\n","protected":false},"excerpt":{"rendered":"<h3>Pulidor Anti-Hologramas \u2013 DiTEC Fine Cut Compound<\/h3>\n<p>El <strong>Fine Cut Compound<\/strong> de <strong>DiTEC<\/strong> es un pulidor avanzado dise\u00f1ado para eliminar hologramas de forma efectiva. Su innovadora f\u00f3rmula, basada en <strong>granos abrasivos de al\u00famina autoajustables<\/strong> de \u00faltima generaci\u00f3n, garantiza un acabado de pintura 100% libre de hologramas. Es un producto <strong>sin solventes ni silicona<\/strong>, completamente <strong>a base de agua<\/strong>, ideal tanto para pinturas frescas como curadas, incluyendo las resistentes a rayaduras.<\/p>\n","protected":false},"featured_media":33374304,"template":"","meta":[],"pwb-brand":[84],"product_brand":[],"product_cat":[109],"product_tag":[],"class_list":{"0":"post-33374303","1":"product","2":"type-product","3":"status-publish","4":"has-post-thumbnail","6":"pwb-brand-ditec-marine","7":"product_cat-sin-categorizar","9":"first","10":"instock","11":"taxable","12":"shipping-taxable","13":"purchasable","14":"product-type-simple"},"yoast_head":"<!-- This site is optimized with the Yoast SEO plugin v25.3.1 - https:\/\/yoast.com\/wordpress\/plugins\/seo\/ -->\n<title>Polishing Compound - Fine Cut-1 Liter - PLC Marine<\/title>\n<meta name=\"description\" content=\"Pulidor Anti-Hologramas \u2013 DiTEC Fine Cut CompoundEl Fine Cut Compound de DiTEC es un pulidor avanzado dise\u00f1ado para eliminar hologramas de forma efectiva. Su innovadora f\u00f3rmula, basada en granos abrasivos de al\u00famina autoajustables de \u00faltima generaci\u00f3n, garantiza un acabado de pintura 100% libre de hologramas. Es un producto sin solventes ni silicona, completamente a base de agua, ideal tanto para pinturas frescas como curadas, incluyendo las resistentes a rayaduras.Caracter\u00edsticas Destacadas Elimina hologramas de manera efectiva Granos abrasivos inteligentes de al\u00famina para un acabado fino y uniforme F\u00f3rmula sin solventes ni silicona Apto para todo tipo de pinturas, incluso las resistentes a rayadurasDetalles T\u00e9cnicos Apariencia: Crema \/ Pasta pH: 8 Solubilidad: N\/DUso y Aplicaci\u00f3n Recomendaci\u00f3n: Utilizar con la almohadilla de pulido DiTEC Red Trapez Modo de aplicaci\u00f3n: Aplicar una cantidad suficiente del compuesto sobre la almohadilla o directamente en la superficie pintada. Extender el producto a baja velocidad (aprox. 1000 rpm) sobre el defecto y luego trabajar a unos 1600 rpm con presi\u00f3n moderada.\" \/>\n<meta name=\"robots\" content=\"index, follow, max-snippet:-1, max-image-preview:large, max-video-preview:-1\" \/>\n<link rel=\"canonical\" href=\"https:\/\/plcmarine.com\/en\/producto\/polishing-compound-fine-cut-1-liter\/\" \/>\n<meta property=\"og:locale\" content=\"en_US\" \/>\n<meta property=\"og:type\" content=\"article\" \/>\n<meta property=\"og:title\" content=\"Polishing Compound - Fine Cut-1 Liter - PLC Marine\" \/>\n<meta property=\"og:description\" content=\"Pulidor Anti-Hologramas \u2013 DiTEC Fine Cut CompoundEl Fine Cut Compound de DiTEC es un pulidor avanzado dise\u00f1ado para eliminar hologramas de forma efectiva. Su innovadora f\u00f3rmula, basada en granos abrasivos de al\u00famina autoajustables de \u00faltima generaci\u00f3n, garantiza un acabado de pintura 100% libre de hologramas. Es un producto sin solventes ni silicona, completamente a base de agua, ideal tanto para pinturas frescas como curadas, incluyendo las resistentes a rayaduras.Caracter\u00edsticas Destacadas Elimina hologramas de manera efectiva Granos abrasivos inteligentes de al\u00famina para un acabado fino y uniforme F\u00f3rmula sin solventes ni silicona Apto para todo tipo de pinturas, incluso las resistentes a rayadurasDetalles T\u00e9cnicos Apariencia: Crema \/ Pasta pH: 8 Solubilidad: N\/DUso y Aplicaci\u00f3n Recomendaci\u00f3n: Utilizar con la almohadilla de pulido DiTEC Red Trapez Modo de aplicaci\u00f3n: Aplicar una cantidad suficiente del compuesto sobre la almohadilla o directamente en la superficie pintada. Extender el producto a baja velocidad (aprox. 1000 rpm) sobre el defecto y luego trabajar a unos 1600 rpm con presi\u00f3n moderada.\" \/>\n<meta property=\"og:url\" content=\"https:\/\/plcmarine.com\/en\/producto\/polishing-compound-fine-cut-1-liter\/\" \/>\n<meta property=\"og:site_name\" content=\"PLC Marine\" \/>\n<meta property=\"article:modified_time\" content=\"2026-01-07T22:08:35+00:00\" \/>\n<meta property=\"og:image\" content=\"https:\/\/plcmarine.com\/wp-content\/uploads\/2025\/05\/Boat-Polish-1.jpg\" \/>\n\t<meta property=\"og:image:width\" content=\"343\" \/>\n\t<meta property=\"og:image:height\" content=\"448\" \/>\n\t<meta property=\"og:image:type\" content=\"image\/jpeg\" \/>\n<meta name=\"twitter:card\" content=\"summary_large_image\" \/>\n<meta name=\"twitter:label1\" content=\"Est. reading time\" \/>\n\t<meta name=\"twitter:data1\" content=\"1 minute\" \/>\n<script type=\"application\/ld+json\" class=\"yoast-schema-graph\">{\"@context\":\"https:\/\/schema.org\",\"@graph\":[{\"@type\":\"WebPage\",\"@id\":\"https:\/\/plcmarine.com\/en\/producto\/polishing-compound-fine-cut-1-liter\/\",\"url\":\"https:\/\/plcmarine.com\/en\/producto\/polishing-compound-fine-cut-1-liter\/\",\"name\":\"Polishing Compound - Fine Cut-1 Liter - PLC Marine\",\"isPartOf\":{\"@id\":\"https:\/\/plcmarine.com\/en\/#website\"},\"primaryImageOfPage\":{\"@id\":\"https:\/\/plcmarine.com\/en\/producto\/polishing-compound-fine-cut-1-liter\/#primaryimage\"},\"image\":{\"@id\":\"https:\/\/plcmarine.com\/en\/producto\/polishing-compound-fine-cut-1-liter\/#primaryimage\"},\"thumbnailUrl\":\"https:\/\/plcmarine.com\/wp-content\/uploads\/2025\/05\/Boat-Polish-1.jpg\",\"datePublished\":\"2025-05-06T18:00:50+00:00\",\"dateModified\":\"2026-01-07T22:08:35+00:00\",\"description\":\"Pulidor Anti-Hologramas \u2013 DiTEC Fine Cut CompoundEl Fine Cut Compound de DiTEC es un pulidor avanzado dise\u00f1ado para eliminar hologramas de forma efectiva. Su innovadora f\u00f3rmula, basada en granos abrasivos de al\u00famina autoajustables de \u00faltima generaci\u00f3n, garantiza un acabado de pintura 100% libre de hologramas. Es un producto sin solventes ni silicona, completamente a base de agua, ideal tanto para pinturas frescas como curadas, incluyendo las resistentes a rayaduras.Caracter\u00edsticas Destacadas Elimina hologramas de manera efectiva Granos abrasivos inteligentes de al\u00famina para un acabado fino y uniforme F\u00f3rmula sin solventes ni silicona Apto para todo tipo de pinturas, incluso las resistentes a rayadurasDetalles T\u00e9cnicos Apariencia: Crema \/ Pasta pH: 8 Solubilidad: N\/DUso y Aplicaci\u00f3n Recomendaci\u00f3n: Utilizar con la almohadilla de pulido DiTEC Red Trapez Modo de aplicaci\u00f3n: Aplicar una cantidad suficiente del compuesto sobre la almohadilla o directamente en la superficie pintada. Extender el producto a baja velocidad (aprox. 1000 rpm) sobre el defecto y luego trabajar a unos 1600 rpm con presi\u00f3n moderada.\",\"breadcrumb\":{\"@id\":\"https:\/\/plcmarine.com\/en\/producto\/polishing-compound-fine-cut-1-liter\/#breadcrumb\"},\"inLanguage\":\"en-US\",\"potentialAction\":[{\"@type\":\"ReadAction\",\"target\":[\"https:\/\/plcmarine.com\/en\/producto\/polishing-compound-fine-cut-1-liter\/\"]}]},{\"@type\":\"ImageObject\",\"inLanguage\":\"en-US\",\"@id\":\"https:\/\/plcmarine.com\/en\/producto\/polishing-compound-fine-cut-1-liter\/#primaryimage\",\"url\":\"https:\/\/plcmarine.com\/wp-content\/uploads\/2025\/05\/Boat-Polish-1.jpg\",\"contentUrl\":\"https:\/\/plcmarine.com\/wp-content\/uploads\/2025\/05\/Boat-Polish-1.jpg\",\"width\":343,\"height\":448},{\"@type\":\"BreadcrumbList\",\"@id\":\"https:\/\/plcmarine.com\/en\/producto\/polishing-compound-fine-cut-1-liter\/#breadcrumb\",\"itemListElement\":[{\"@type\":\"ListItem\",\"position\":1,\"name\":\"Home\",\"item\":\"https:\/\/plcmarine.com\/en\/\"},{\"@type\":\"ListItem\",\"position\":2,\"name\":\"Shop\",\"item\":\"https:\/\/plcmarine.com\/shop\/\"},{\"@type\":\"ListItem\",\"position\":3,\"name\":\"Polishing Compound &#8211; Fine Cut-1 Liter\"}]},{\"@type\":\"WebSite\",\"@id\":\"https:\/\/plcmarine.com\/en\/#website\",\"url\":\"https:\/\/plcmarine.com\/en\/\",\"name\":\"PLC Marine\",\"description\":\"The Professional&#039;s choice\",\"potentialAction\":[{\"@type\":\"SearchAction\",\"target\":{\"@type\":\"EntryPoint\",\"urlTemplate\":\"https:\/\/plcmarine.com\/en\/?s={search_term_string}\"},\"query-input\":{\"@type\":\"PropertyValueSpecification\",\"valueRequired\":true,\"valueName\":\"search_term_string\"}}],\"inLanguage\":\"en-US\"}]}<\/script>\n<!-- \/ Yoast SEO plugin. -->","yoast_head_json":{"title":"Polishing Compound - Fine Cut-1 Liter - PLC Marine","description":"Pulidor Anti-Hologramas \u2013 DiTEC Fine Cut CompoundEl Fine Cut Compound de DiTEC es un pulidor avanzado dise\u00f1ado para eliminar hologramas de forma efectiva. Su innovadora f\u00f3rmula, basada en granos abrasivos de al\u00famina autoajustables de \u00faltima generaci\u00f3n, garantiza un acabado de pintura 100% libre de hologramas. Es un producto sin solventes ni silicona, completamente a base de agua, ideal tanto para pinturas frescas como curadas, incluyendo las resistentes a rayaduras.Caracter\u00edsticas Destacadas Elimina hologramas de manera efectiva Granos abrasivos inteligentes de al\u00famina para un acabado fino y uniforme F\u00f3rmula sin solventes ni silicona Apto para todo tipo de pinturas, incluso las resistentes a rayadurasDetalles T\u00e9cnicos Apariencia: Crema \/ Pasta pH: 8 Solubilidad: N\/DUso y Aplicaci\u00f3n Recomendaci\u00f3n: Utilizar con la almohadilla de pulido DiTEC Red Trapez Modo de aplicaci\u00f3n: Aplicar una cantidad suficiente del compuesto sobre la almohadilla o directamente en la superficie pintada. Extender el producto a baja velocidad (aprox. 1000 rpm) sobre el defecto y luego trabajar a unos 1600 rpm con presi\u00f3n moderada.","robots":{"index":"index","follow":"follow","max-snippet":"max-snippet:-1","max-image-preview":"max-image-preview:large","max-video-preview":"max-video-preview:-1"},"canonical":"https:\/\/plcmarine.com\/en\/producto\/polishing-compound-fine-cut-1-liter\/","og_locale":"en_US","og_type":"article","og_title":"Polishing Compound - Fine Cut-1 Liter - PLC Marine","og_description":"Pulidor Anti-Hologramas \u2013 DiTEC Fine Cut CompoundEl Fine Cut Compound de DiTEC es un pulidor avanzado dise\u00f1ado para eliminar hologramas de forma efectiva. Su innovadora f\u00f3rmula, basada en granos abrasivos de al\u00famina autoajustables de \u00faltima generaci\u00f3n, garantiza un acabado de pintura 100% libre de hologramas. Es un producto sin solventes ni silicona, completamente a base de agua, ideal tanto para pinturas frescas como curadas, incluyendo las resistentes a rayaduras.Caracter\u00edsticas Destacadas Elimina hologramas de manera efectiva Granos abrasivos inteligentes de al\u00famina para un acabado fino y uniforme F\u00f3rmula sin solventes ni silicona Apto para todo tipo de pinturas, incluso las resistentes a rayadurasDetalles T\u00e9cnicos Apariencia: Crema \/ Pasta pH: 8 Solubilidad: N\/DUso y Aplicaci\u00f3n Recomendaci\u00f3n: Utilizar con la almohadilla de pulido DiTEC Red Trapez Modo de aplicaci\u00f3n: Aplicar una cantidad suficiente del compuesto sobre la almohadilla o directamente en la superficie pintada. Extender el producto a baja velocidad (aprox. 1000 rpm) sobre el defecto y luego trabajar a unos 1600 rpm con presi\u00f3n moderada.","og_url":"https:\/\/plcmarine.com\/en\/producto\/polishing-compound-fine-cut-1-liter\/","og_site_name":"PLC Marine","article_modified_time":"2026-01-07T22:08:35+00:00","og_image":[{"width":343,"height":448,"url":"https:\/\/plcmarine.com\/wp-content\/uploads\/2025\/05\/Boat-Polish-1.jpg","type":"image\/jpeg"}],"twitter_card":"summary_large_image","twitter_misc":{"Est. reading time":"1 minute"},"schema":{"@context":"https:\/\/schema.org","@graph":[{"@type":"WebPage","@id":"https:\/\/plcmarine.com\/en\/producto\/polishing-compound-fine-cut-1-liter\/","url":"https:\/\/plcmarine.com\/en\/producto\/polishing-compound-fine-cut-1-liter\/","name":"Polishing Compound - Fine Cut-1 Liter - PLC Marine","isPartOf":{"@id":"https:\/\/plcmarine.com\/en\/#website"},"primaryImageOfPage":{"@id":"https:\/\/plcmarine.com\/en\/producto\/polishing-compound-fine-cut-1-liter\/#primaryimage"},"image":{"@id":"https:\/\/plcmarine.com\/en\/producto\/polishing-compound-fine-cut-1-liter\/#primaryimage"},"thumbnailUrl":"https:\/\/plcmarine.com\/wp-content\/uploads\/2025\/05\/Boat-Polish-1.jpg","datePublished":"2025-05-06T18:00:50+00:00","dateModified":"2026-01-07T22:08:35+00:00","description":"Pulidor Anti-Hologramas \u2013 DiTEC Fine Cut CompoundEl Fine Cut Compound de DiTEC es un pulidor avanzado dise\u00f1ado para eliminar hologramas de forma efectiva. Su innovadora f\u00f3rmula, basada en granos abrasivos de al\u00famina autoajustables de \u00faltima generaci\u00f3n, garantiza un acabado de pintura 100% libre de hologramas. Es un producto sin solventes ni silicona, completamente a base de agua, ideal tanto para pinturas frescas como curadas, incluyendo las resistentes a rayaduras.Caracter\u00edsticas Destacadas Elimina hologramas de manera efectiva Granos abrasivos inteligentes de al\u00famina para un acabado fino y uniforme F\u00f3rmula sin solventes ni silicona Apto para todo tipo de pinturas, incluso las resistentes a rayadurasDetalles T\u00e9cnicos Apariencia: Crema \/ Pasta pH: 8 Solubilidad: N\/DUso y Aplicaci\u00f3n Recomendaci\u00f3n: Utilizar con la almohadilla de pulido DiTEC Red Trapez Modo de aplicaci\u00f3n: Aplicar una cantidad suficiente del compuesto sobre la almohadilla o directamente en la superficie pintada. Extender el producto a baja velocidad (aprox. 1000 rpm) sobre el defecto y luego trabajar a unos 1600 rpm con presi\u00f3n moderada.","breadcrumb":{"@id":"https:\/\/plcmarine.com\/en\/producto\/polishing-compound-fine-cut-1-liter\/#breadcrumb"},"inLanguage":"en-US","potentialAction":[{"@type":"ReadAction","target":["https:\/\/plcmarine.com\/en\/producto\/polishing-compound-fine-cut-1-liter\/"]}]},{"@type":"ImageObject","inLanguage":"en-US","@id":"https:\/\/plcmarine.com\/en\/producto\/polishing-compound-fine-cut-1-liter\/#primaryimage","url":"https:\/\/plcmarine.com\/wp-content\/uploads\/2025\/05\/Boat-Polish-1.jpg","contentUrl":"https:\/\/plcmarine.com\/wp-content\/uploads\/2025\/05\/Boat-Polish-1.jpg","width":343,"height":448},{"@type":"BreadcrumbList","@id":"https:\/\/plcmarine.com\/en\/producto\/polishing-compound-fine-cut-1-liter\/#breadcrumb","itemListElement":[{"@type":"ListItem","position":1,"name":"Home","item":"https:\/\/plcmarine.com\/en\/"},{"@type":"ListItem","position":2,"name":"Shop","item":"https:\/\/plcmarine.com\/shop\/"},{"@type":"ListItem","position":3,"name":"Polishing Compound &#8211; Fine Cut-1 Liter"}]},{"@type":"WebSite","@id":"https:\/\/plcmarine.com\/en\/#website","url":"https:\/\/plcmarine.com\/en\/","name":"PLC Marine","description":"The Professional&#039;s choice","potentialAction":[{"@type":"SearchAction","target":{"@type":"EntryPoint","urlTemplate":"https:\/\/plcmarine.com\/en\/?s={search_term_string}"},"query-input":{"@type":"PropertyValueSpecification","valueRequired":true,"valueName":"search_term_string"}}],"inLanguage":"en-US"}]}},"brands":[{"id":84,"name":"DiTEC Marine","slug":"ditec-marine"}],"_links":{"self":[{"href":"https:\/\/plcmarine.com\/en\/wp-json\/wp\/v2\/product\/33374303","targetHints":{"allow":["GET"]}}],"collection":[{"href":"https:\/\/plcmarine.com\/en\/wp-json\/wp\/v2\/product"}],"about":[{"href":"https:\/\/plcmarine.com\/en\/wp-json\/wp\/v2\/types\/product"}],"wp:featuredmedia":[{"embeddable":true,"href":"https:\/\/plcmarine.com\/en\/wp-json\/wp\/v2\/media\/33374304"}],"wp:attachment":[{"href":"https:\/\/plcmarine.com\/en\/wp-json\/wp\/v2\/media?parent=33374303"}],"wp:term":[{"taxonomy":"pwb-brand","embeddable":true,"href":"https:\/\/plcmarine.com\/en\/wp-json\/wp\/v2\/pwb-brand?post=33374303"},{"taxonomy":"product_brand","embeddable":true,"href":"https:\/\/plcmarine.com\/en\/wp-json\/wp\/v2\/product_brand?post=33374303"},{"taxonomy":"product_cat","embeddable":true,"href":"https:\/\/plcmarine.com\/en\/wp-json\/wp\/v2\/product_cat?post=33374303"},{"taxonomy":"product_tag","embeddable":true,"href":"https:\/\/plcmarine.com\/en\/wp-json\/wp\/v2\/product_tag?post=33374303"}],"curies":[{"name":"wp","href":"https:\/\/api.w.org\/{rel}","templated":true}]}}