



{"id":33374309,"date":"2025-05-06T18:00:51","date_gmt":"2025-05-06T18:00:51","guid":{"rendered":"https:\/\/plcmarine.com\/product\/precision-applicator-pad\/"},"modified":"2026-01-07T22:09:28","modified_gmt":"2026-01-07T22:09:28","slug":"precision-applicator-pad","status":"publish","type":"product","link":"https:\/\/plcmarine.com\/en\/producto\/precision-applicator-pad\/","title":{"rendered":"Precision Applicator Pad"},"content":{"rendered":"<ul>\n<li><strong>Dise\u00f1o:<\/strong> Bloque de espuma con doble densidad para mayor precisi\u00f3n y comodidad.<\/li>\n<li><strong>Ideal para:<\/strong> Aplicaci\u00f3n de protectores y recubrimientos.<\/li>\n<li><strong>Tama\u00f1o:<\/strong> 2-5\/8&#8243; x 1-3\/8&#8243; x 1&#8243;<\/li>\n<\/ul>\n","protected":false},"excerpt":{"rendered":"<h2>Almohadilla de Aplicaci\u00f3n de Precisi\u00f3n<\/h2>\n<p>Nuestra <strong>Almohadilla de Aplicaci\u00f3n de Precisi\u00f3n<\/strong> es un pr\u00e1ctico bloque ergon\u00f3mico, ideal para aplicar protectores y recubrimientos de forma controlada y uniforme.<\/p>\n","protected":false},"featured_media":33374310,"template":"","meta":[],"pwb-brand":[84],"product_brand":[],"product_cat":[109],"product_tag":[],"class_list":{"0":"post-33374309","1":"product","2":"type-product","3":"status-publish","4":"has-post-thumbnail","6":"pwb-brand-ditec-marine","7":"product_cat-sin-categorizar","9":"first","10":"instock","11":"taxable","12":"shipping-taxable","13":"purchasable","14":"product-type-simple"},"yoast_head":"<!-- This site is optimized with the Yoast SEO plugin v25.3.1 - https:\/\/yoast.com\/wordpress\/plugins\/seo\/ -->\n<title>Precision Applicator Pad - PLC Marine<\/title>\n<meta name=\"description\" content=\"Almohadilla de Aplicaci\u00f3n de Precisi\u00f3nNuestra Almohadilla de Aplicaci\u00f3n de Precisi\u00f3n es un pr\u00e1ctico bloque ergon\u00f3mico, ideal para aplicar protectores y recubrimientos de forma controlada y uniforme. Dise\u00f1o: Bloque de espuma con doble densidad para mayor precisi\u00f3n y comodidad. Ideal para: Aplicaci\u00f3n de protectores y recubrimientos. Tama\u00f1o: 2-5\/8&quot; x 1-3\/8&quot; x 1&quot;\" \/>\n<meta name=\"robots\" content=\"index, follow, max-snippet:-1, max-image-preview:large, max-video-preview:-1\" \/>\n<link rel=\"canonical\" href=\"https:\/\/plcmarine.com\/en\/producto\/precision-applicator-pad\/\" \/>\n<meta property=\"og:locale\" content=\"en_US\" \/>\n<meta property=\"og:type\" content=\"article\" \/>\n<meta property=\"og:title\" content=\"Precision Applicator Pad - PLC Marine\" \/>\n<meta property=\"og:description\" content=\"Almohadilla de Aplicaci\u00f3n de Precisi\u00f3nNuestra Almohadilla de Aplicaci\u00f3n de Precisi\u00f3n es un pr\u00e1ctico bloque ergon\u00f3mico, ideal para aplicar protectores y recubrimientos de forma controlada y uniforme. Dise\u00f1o: Bloque de espuma con doble densidad para mayor precisi\u00f3n y comodidad. Ideal para: Aplicaci\u00f3n de protectores y recubrimientos. Tama\u00f1o: 2-5\/8&quot; x 1-3\/8&quot; x 1&quot;\" \/>\n<meta property=\"og:url\" content=\"https:\/\/plcmarine.com\/en\/producto\/precision-applicator-pad\/\" \/>\n<meta property=\"og:site_name\" content=\"PLC Marine\" \/>\n<meta property=\"article:modified_time\" content=\"2026-01-07T22:09:28+00:00\" \/>\n<meta property=\"og:image\" content=\"https:\/\/plcmarine.com\/wp-content\/uploads\/2025\/05\/Precision-Applicator-Pad.jpg\" \/>\n\t<meta property=\"og:image:width\" content=\"448\" \/>\n\t<meta property=\"og:image:height\" content=\"448\" \/>\n\t<meta property=\"og:image:type\" content=\"image\/jpeg\" \/>\n<meta name=\"twitter:card\" content=\"summary_large_image\" \/>\n<meta name=\"twitter:label1\" content=\"Est. reading time\" \/>\n\t<meta name=\"twitter:data1\" content=\"1 minute\" \/>\n<script type=\"application\/ld+json\" class=\"yoast-schema-graph\">{\"@context\":\"https:\/\/schema.org\",\"@graph\":[{\"@type\":\"WebPage\",\"@id\":\"https:\/\/plcmarine.com\/en\/producto\/precision-applicator-pad\/\",\"url\":\"https:\/\/plcmarine.com\/en\/producto\/precision-applicator-pad\/\",\"name\":\"Precision Applicator Pad - PLC Marine\",\"isPartOf\":{\"@id\":\"https:\/\/plcmarine.com\/en\/#website\"},\"primaryImageOfPage\":{\"@id\":\"https:\/\/plcmarine.com\/en\/producto\/precision-applicator-pad\/#primaryimage\"},\"image\":{\"@id\":\"https:\/\/plcmarine.com\/en\/producto\/precision-applicator-pad\/#primaryimage\"},\"thumbnailUrl\":\"https:\/\/plcmarine.com\/wp-content\/uploads\/2025\/05\/Precision-Applicator-Pad.jpg\",\"datePublished\":\"2025-05-06T18:00:51+00:00\",\"dateModified\":\"2026-01-07T22:09:28+00:00\",\"description\":\"Almohadilla de Aplicaci\u00f3n de Precisi\u00f3nNuestra Almohadilla de Aplicaci\u00f3n de Precisi\u00f3n es un pr\u00e1ctico bloque ergon\u00f3mico, ideal para aplicar protectores y recubrimientos de forma controlada y uniforme. Dise\u00f1o: Bloque de espuma con doble densidad para mayor precisi\u00f3n y comodidad. Ideal para: Aplicaci\u00f3n de protectores y recubrimientos. Tama\u00f1o: 2-5\/8\\\" x 1-3\/8\\\" x 1\\\"\",\"breadcrumb\":{\"@id\":\"https:\/\/plcmarine.com\/en\/producto\/precision-applicator-pad\/#breadcrumb\"},\"inLanguage\":\"en-US\",\"potentialAction\":[{\"@type\":\"ReadAction\",\"target\":[\"https:\/\/plcmarine.com\/en\/producto\/precision-applicator-pad\/\"]}]},{\"@type\":\"ImageObject\",\"inLanguage\":\"en-US\",\"@id\":\"https:\/\/plcmarine.com\/en\/producto\/precision-applicator-pad\/#primaryimage\",\"url\":\"https:\/\/plcmarine.com\/wp-content\/uploads\/2025\/05\/Precision-Applicator-Pad.jpg\",\"contentUrl\":\"https:\/\/plcmarine.com\/wp-content\/uploads\/2025\/05\/Precision-Applicator-Pad.jpg\",\"width\":448,\"height\":448},{\"@type\":\"BreadcrumbList\",\"@id\":\"https:\/\/plcmarine.com\/en\/producto\/precision-applicator-pad\/#breadcrumb\",\"itemListElement\":[{\"@type\":\"ListItem\",\"position\":1,\"name\":\"Home\",\"item\":\"https:\/\/plcmarine.com\/en\/\"},{\"@type\":\"ListItem\",\"position\":2,\"name\":\"Shop\",\"item\":\"https:\/\/plcmarine.com\/shop\/\"},{\"@type\":\"ListItem\",\"position\":3,\"name\":\"Precision Applicator Pad\"}]},{\"@type\":\"WebSite\",\"@id\":\"https:\/\/plcmarine.com\/en\/#website\",\"url\":\"https:\/\/plcmarine.com\/en\/\",\"name\":\"PLC Marine\",\"description\":\"The Professional&#039;s choice\",\"potentialAction\":[{\"@type\":\"SearchAction\",\"target\":{\"@type\":\"EntryPoint\",\"urlTemplate\":\"https:\/\/plcmarine.com\/en\/?s={search_term_string}\"},\"query-input\":{\"@type\":\"PropertyValueSpecification\",\"valueRequired\":true,\"valueName\":\"search_term_string\"}}],\"inLanguage\":\"en-US\"}]}<\/script>\n<!-- \/ Yoast SEO plugin. -->","yoast_head_json":{"title":"Precision Applicator Pad - PLC Marine","description":"Almohadilla de Aplicaci\u00f3n de Precisi\u00f3nNuestra Almohadilla de Aplicaci\u00f3n de Precisi\u00f3n es un pr\u00e1ctico bloque ergon\u00f3mico, ideal para aplicar protectores y recubrimientos de forma controlada y uniforme. Dise\u00f1o: Bloque de espuma con doble densidad para mayor precisi\u00f3n y comodidad. Ideal para: Aplicaci\u00f3n de protectores y recubrimientos. Tama\u00f1o: 2-5\/8\" x 1-3\/8\" x 1\"","robots":{"index":"index","follow":"follow","max-snippet":"max-snippet:-1","max-image-preview":"max-image-preview:large","max-video-preview":"max-video-preview:-1"},"canonical":"https:\/\/plcmarine.com\/en\/producto\/precision-applicator-pad\/","og_locale":"en_US","og_type":"article","og_title":"Precision Applicator Pad - PLC Marine","og_description":"Almohadilla de Aplicaci\u00f3n de Precisi\u00f3nNuestra Almohadilla de Aplicaci\u00f3n de Precisi\u00f3n es un pr\u00e1ctico bloque ergon\u00f3mico, ideal para aplicar protectores y recubrimientos de forma controlada y uniforme. Dise\u00f1o: Bloque de espuma con doble densidad para mayor precisi\u00f3n y comodidad. Ideal para: Aplicaci\u00f3n de protectores y recubrimientos. Tama\u00f1o: 2-5\/8\" x 1-3\/8\" x 1\"","og_url":"https:\/\/plcmarine.com\/en\/producto\/precision-applicator-pad\/","og_site_name":"PLC Marine","article_modified_time":"2026-01-07T22:09:28+00:00","og_image":[{"width":448,"height":448,"url":"https:\/\/plcmarine.com\/wp-content\/uploads\/2025\/05\/Precision-Applicator-Pad.jpg","type":"image\/jpeg"}],"twitter_card":"summary_large_image","twitter_misc":{"Est. reading time":"1 minute"},"schema":{"@context":"https:\/\/schema.org","@graph":[{"@type":"WebPage","@id":"https:\/\/plcmarine.com\/en\/producto\/precision-applicator-pad\/","url":"https:\/\/plcmarine.com\/en\/producto\/precision-applicator-pad\/","name":"Precision Applicator Pad - PLC Marine","isPartOf":{"@id":"https:\/\/plcmarine.com\/en\/#website"},"primaryImageOfPage":{"@id":"https:\/\/plcmarine.com\/en\/producto\/precision-applicator-pad\/#primaryimage"},"image":{"@id":"https:\/\/plcmarine.com\/en\/producto\/precision-applicator-pad\/#primaryimage"},"thumbnailUrl":"https:\/\/plcmarine.com\/wp-content\/uploads\/2025\/05\/Precision-Applicator-Pad.jpg","datePublished":"2025-05-06T18:00:51+00:00","dateModified":"2026-01-07T22:09:28+00:00","description":"Almohadilla de Aplicaci\u00f3n de Precisi\u00f3nNuestra Almohadilla de Aplicaci\u00f3n de Precisi\u00f3n es un pr\u00e1ctico bloque ergon\u00f3mico, ideal para aplicar protectores y recubrimientos de forma controlada y uniforme. Dise\u00f1o: Bloque de espuma con doble densidad para mayor precisi\u00f3n y comodidad. Ideal para: Aplicaci\u00f3n de protectores y recubrimientos. Tama\u00f1o: 2-5\/8\" x 1-3\/8\" x 1\"","breadcrumb":{"@id":"https:\/\/plcmarine.com\/en\/producto\/precision-applicator-pad\/#breadcrumb"},"inLanguage":"en-US","potentialAction":[{"@type":"ReadAction","target":["https:\/\/plcmarine.com\/en\/producto\/precision-applicator-pad\/"]}]},{"@type":"ImageObject","inLanguage":"en-US","@id":"https:\/\/plcmarine.com\/en\/producto\/precision-applicator-pad\/#primaryimage","url":"https:\/\/plcmarine.com\/wp-content\/uploads\/2025\/05\/Precision-Applicator-Pad.jpg","contentUrl":"https:\/\/plcmarine.com\/wp-content\/uploads\/2025\/05\/Precision-Applicator-Pad.jpg","width":448,"height":448},{"@type":"BreadcrumbList","@id":"https:\/\/plcmarine.com\/en\/producto\/precision-applicator-pad\/#breadcrumb","itemListElement":[{"@type":"ListItem","position":1,"name":"Home","item":"https:\/\/plcmarine.com\/en\/"},{"@type":"ListItem","position":2,"name":"Shop","item":"https:\/\/plcmarine.com\/shop\/"},{"@type":"ListItem","position":3,"name":"Precision Applicator Pad"}]},{"@type":"WebSite","@id":"https:\/\/plcmarine.com\/en\/#website","url":"https:\/\/plcmarine.com\/en\/","name":"PLC Marine","description":"The Professional&#039;s choice","potentialAction":[{"@type":"SearchAction","target":{"@type":"EntryPoint","urlTemplate":"https:\/\/plcmarine.com\/en\/?s={search_term_string}"},"query-input":{"@type":"PropertyValueSpecification","valueRequired":true,"valueName":"search_term_string"}}],"inLanguage":"en-US"}]}},"brands":[{"id":84,"name":"DiTEC Marine","slug":"ditec-marine"}],"_links":{"self":[{"href":"https:\/\/plcmarine.com\/en\/wp-json\/wp\/v2\/product\/33374309","targetHints":{"allow":["GET"]}}],"collection":[{"href":"https:\/\/plcmarine.com\/en\/wp-json\/wp\/v2\/product"}],"about":[{"href":"https:\/\/plcmarine.com\/en\/wp-json\/wp\/v2\/types\/product"}],"wp:featuredmedia":[{"embeddable":true,"href":"https:\/\/plcmarine.com\/en\/wp-json\/wp\/v2\/media\/33374310"}],"wp:attachment":[{"href":"https:\/\/plcmarine.com\/en\/wp-json\/wp\/v2\/media?parent=33374309"}],"wp:term":[{"taxonomy":"pwb-brand","embeddable":true,"href":"https:\/\/plcmarine.com\/en\/wp-json\/wp\/v2\/pwb-brand?post=33374309"},{"taxonomy":"product_brand","embeddable":true,"href":"https:\/\/plcmarine.com\/en\/wp-json\/wp\/v2\/product_brand?post=33374309"},{"taxonomy":"product_cat","embeddable":true,"href":"https:\/\/plcmarine.com\/en\/wp-json\/wp\/v2\/product_cat?post=33374309"},{"taxonomy":"product_tag","embeddable":true,"href":"https:\/\/plcmarine.com\/en\/wp-json\/wp\/v2\/product_tag?post=33374309"}],"curies":[{"name":"wp","href":"https:\/\/api.w.org\/{rel}","templated":true}]}}