



{"id":33374312,"date":"2025-05-06T18:00:52","date_gmt":"2025-05-06T18:00:52","guid":{"rendered":"https:\/\/plcmarine.com\/product\/glass-polishing-pad-2-pack\/"},"modified":"2026-01-07T22:09:48","modified_gmt":"2026-01-07T22:09:48","slug":"glass-polishing-pad-2-pack","status":"publish","type":"product","link":"https:\/\/plcmarine.com\/en\/producto\/glass-polishing-pad-2-pack\/","title":{"rendered":"Glass Polishing Pad (2-Pack)"},"content":{"rendered":"<h3>C\u00f3mo Usar:<\/h3>\n<p>Mant\u00e9n siempre la superficie h\u00fameda durante el uso para evitar el sobrecalentamiento, lo cual puede causar distorsi\u00f3n o incluso grietas.<\/p>\n<h3>Para Mejores Resultados:<\/h3>\n<ul>\n<li><strong>Rotativa:<\/strong> entre 1,000 &#8211; 1,500 RPM<\/li>\n<li><strong>Acci\u00f3n Dual:<\/strong> entre 3,000 &#8211; 4,500 OPM<\/li>\n<\/ul>\n","protected":false},"excerpt":{"rendered":"<h2>Almohadilla para Pulido de Vidrio (Paquete de 2)<\/h2>\n<p>Dise\u00f1ada para nivelar y eliminar eficazmente rayones ligeros, marcas de agua y otras imperfecciones dif\u00edciles en superficies de vidrio.<\/p>\n<ul>\n<li><strong>Corte r\u00e1pido<\/strong>, baja generaci\u00f3n de calor y pulido sencillo.<\/li>\n<li><strong>Material comprimido<\/strong> pero poroso, ideal para absorber el compuesto de pulido y evitar salpicaduras innecesarias.<\/li>\n<li><strong>Resultados:<\/strong> Acabado transparente con apariencia profesional.<\/li>\n<li>Compatible con <strong>pulidoras rotativas<\/strong> y <strong>pulidoras de acci\u00f3n dual<\/strong>.<\/li>\n<li><strong>Incluye:<\/strong> 2 almohadillas de 5&#8243; de ancho.<\/li>\n<\/ul>\n","protected":false},"featured_media":33374313,"template":"","meta":[],"pwb-brand":[84],"product_brand":[],"product_cat":[109],"product_tag":[],"class_list":{"0":"post-33374312","1":"product","2":"type-product","3":"status-publish","4":"has-post-thumbnail","6":"pwb-brand-ditec-marine","7":"product_cat-sin-categorizar","9":"first","10":"instock","11":"taxable","12":"shipping-taxable","13":"purchasable","14":"product-type-simple"},"yoast_head":"<!-- This site is optimized with the Yoast SEO plugin v25.3.1 - https:\/\/yoast.com\/wordpress\/plugins\/seo\/ -->\n<title>Glass Polishing Pad (2-Pack) - PLC Marine<\/title>\n<meta name=\"description\" content=\"Almohadilla para Pulido de Vidrio (Paquete de 2)Dise\u00f1ada para nivelar y eliminar eficazmente rayones ligeros, marcas de agua y otras imperfecciones dif\u00edciles en superficies de vidrio. Corte r\u00e1pido, baja generaci\u00f3n de calor y pulido sencillo. Material comprimido pero poroso, ideal para absorber el compuesto de pulido y evitar salpicaduras innecesarias. Resultados: Acabado transparente con apariencia profesional. Compatible con pulidoras rotativas y pulidoras de acci\u00f3n dual. Incluye: 2 almohadillas de 5&quot; de ancho.C\u00f3mo Usar:Mant\u00e9n siempre la superficie h\u00fameda durante el uso para evitar el sobrecalentamiento, lo cual puede causar distorsi\u00f3n o incluso grietas.Para Mejores Resultados: Rotativa: entre 1,000 - 1,500 RPM Acci\u00f3n Dual: entre 3,000 - 4,500 OPM\" \/>\n<meta name=\"robots\" content=\"index, follow, max-snippet:-1, max-image-preview:large, max-video-preview:-1\" \/>\n<link rel=\"canonical\" href=\"https:\/\/plcmarine.com\/en\/producto\/glass-polishing-pad-2-pack\/\" \/>\n<meta property=\"og:locale\" content=\"en_US\" \/>\n<meta property=\"og:type\" content=\"article\" \/>\n<meta property=\"og:title\" content=\"Glass Polishing Pad (2-Pack) - PLC Marine\" \/>\n<meta property=\"og:description\" content=\"Almohadilla para Pulido de Vidrio (Paquete de 2)Dise\u00f1ada para nivelar y eliminar eficazmente rayones ligeros, marcas de agua y otras imperfecciones dif\u00edciles en superficies de vidrio. Corte r\u00e1pido, baja generaci\u00f3n de calor y pulido sencillo. Material comprimido pero poroso, ideal para absorber el compuesto de pulido y evitar salpicaduras innecesarias. Resultados: Acabado transparente con apariencia profesional. Compatible con pulidoras rotativas y pulidoras de acci\u00f3n dual. Incluye: 2 almohadillas de 5&quot; de ancho.C\u00f3mo Usar:Mant\u00e9n siempre la superficie h\u00fameda durante el uso para evitar el sobrecalentamiento, lo cual puede causar distorsi\u00f3n o incluso grietas.Para Mejores Resultados: Rotativa: entre 1,000 - 1,500 RPM Acci\u00f3n Dual: entre 3,000 - 4,500 OPM\" \/>\n<meta property=\"og:url\" content=\"https:\/\/plcmarine.com\/en\/producto\/glass-polishing-pad-2-pack\/\" \/>\n<meta property=\"og:site_name\" content=\"PLC Marine\" \/>\n<meta property=\"article:modified_time\" content=\"2026-01-07T22:09:48+00:00\" \/>\n<meta property=\"og:image\" content=\"https:\/\/plcmarine.com\/wp-content\/uploads\/2025\/05\/Boat-glass-polishing-pad.jpg\" \/>\n\t<meta property=\"og:image:width\" content=\"448\" \/>\n\t<meta property=\"og:image:height\" content=\"448\" \/>\n\t<meta property=\"og:image:type\" content=\"image\/jpeg\" \/>\n<meta name=\"twitter:card\" content=\"summary_large_image\" \/>\n<meta name=\"twitter:label1\" content=\"Est. reading time\" \/>\n\t<meta name=\"twitter:data1\" content=\"1 minute\" \/>\n<script type=\"application\/ld+json\" class=\"yoast-schema-graph\">{\"@context\":\"https:\/\/schema.org\",\"@graph\":[{\"@type\":\"WebPage\",\"@id\":\"https:\/\/plcmarine.com\/en\/producto\/glass-polishing-pad-2-pack\/\",\"url\":\"https:\/\/plcmarine.com\/en\/producto\/glass-polishing-pad-2-pack\/\",\"name\":\"Glass Polishing Pad (2-Pack) - PLC Marine\",\"isPartOf\":{\"@id\":\"https:\/\/plcmarine.com\/en\/#website\"},\"primaryImageOfPage\":{\"@id\":\"https:\/\/plcmarine.com\/en\/producto\/glass-polishing-pad-2-pack\/#primaryimage\"},\"image\":{\"@id\":\"https:\/\/plcmarine.com\/en\/producto\/glass-polishing-pad-2-pack\/#primaryimage\"},\"thumbnailUrl\":\"https:\/\/plcmarine.com\/wp-content\/uploads\/2025\/05\/Boat-glass-polishing-pad.jpg\",\"datePublished\":\"2025-05-06T18:00:52+00:00\",\"dateModified\":\"2026-01-07T22:09:48+00:00\",\"description\":\"Almohadilla para Pulido de Vidrio (Paquete de 2)Dise\u00f1ada para nivelar y eliminar eficazmente rayones ligeros, marcas de agua y otras imperfecciones dif\u00edciles en superficies de vidrio. Corte r\u00e1pido, baja generaci\u00f3n de calor y pulido sencillo. Material comprimido pero poroso, ideal para absorber el compuesto de pulido y evitar salpicaduras innecesarias. Resultados: Acabado transparente con apariencia profesional. Compatible con pulidoras rotativas y pulidoras de acci\u00f3n dual. Incluye: 2 almohadillas de 5\\\" de ancho.C\u00f3mo Usar:Mant\u00e9n siempre la superficie h\u00fameda durante el uso para evitar el sobrecalentamiento, lo cual puede causar distorsi\u00f3n o incluso grietas.Para Mejores Resultados: Rotativa: entre 1,000 - 1,500 RPM Acci\u00f3n Dual: entre 3,000 - 4,500 OPM\",\"breadcrumb\":{\"@id\":\"https:\/\/plcmarine.com\/en\/producto\/glass-polishing-pad-2-pack\/#breadcrumb\"},\"inLanguage\":\"en-US\",\"potentialAction\":[{\"@type\":\"ReadAction\",\"target\":[\"https:\/\/plcmarine.com\/en\/producto\/glass-polishing-pad-2-pack\/\"]}]},{\"@type\":\"ImageObject\",\"inLanguage\":\"en-US\",\"@id\":\"https:\/\/plcmarine.com\/en\/producto\/glass-polishing-pad-2-pack\/#primaryimage\",\"url\":\"https:\/\/plcmarine.com\/wp-content\/uploads\/2025\/05\/Boat-glass-polishing-pad.jpg\",\"contentUrl\":\"https:\/\/plcmarine.com\/wp-content\/uploads\/2025\/05\/Boat-glass-polishing-pad.jpg\",\"width\":448,\"height\":448},{\"@type\":\"BreadcrumbList\",\"@id\":\"https:\/\/plcmarine.com\/en\/producto\/glass-polishing-pad-2-pack\/#breadcrumb\",\"itemListElement\":[{\"@type\":\"ListItem\",\"position\":1,\"name\":\"Home\",\"item\":\"https:\/\/plcmarine.com\/en\/\"},{\"@type\":\"ListItem\",\"position\":2,\"name\":\"Shop\",\"item\":\"https:\/\/plcmarine.com\/shop\/\"},{\"@type\":\"ListItem\",\"position\":3,\"name\":\"Glass Polishing Pad (2-Pack)\"}]},{\"@type\":\"WebSite\",\"@id\":\"https:\/\/plcmarine.com\/en\/#website\",\"url\":\"https:\/\/plcmarine.com\/en\/\",\"name\":\"PLC Marine\",\"description\":\"The Professional&#039;s choice\",\"potentialAction\":[{\"@type\":\"SearchAction\",\"target\":{\"@type\":\"EntryPoint\",\"urlTemplate\":\"https:\/\/plcmarine.com\/en\/?s={search_term_string}\"},\"query-input\":{\"@type\":\"PropertyValueSpecification\",\"valueRequired\":true,\"valueName\":\"search_term_string\"}}],\"inLanguage\":\"en-US\"}]}<\/script>\n<!-- \/ Yoast SEO plugin. -->","yoast_head_json":{"title":"Glass Polishing Pad (2-Pack) - PLC Marine","description":"Almohadilla para Pulido de Vidrio (Paquete de 2)Dise\u00f1ada para nivelar y eliminar eficazmente rayones ligeros, marcas de agua y otras imperfecciones dif\u00edciles en superficies de vidrio. Corte r\u00e1pido, baja generaci\u00f3n de calor y pulido sencillo. Material comprimido pero poroso, ideal para absorber el compuesto de pulido y evitar salpicaduras innecesarias. Resultados: Acabado transparente con apariencia profesional. Compatible con pulidoras rotativas y pulidoras de acci\u00f3n dual. Incluye: 2 almohadillas de 5\" de ancho.C\u00f3mo Usar:Mant\u00e9n siempre la superficie h\u00fameda durante el uso para evitar el sobrecalentamiento, lo cual puede causar distorsi\u00f3n o incluso grietas.Para Mejores Resultados: Rotativa: entre 1,000 - 1,500 RPM Acci\u00f3n Dual: entre 3,000 - 4,500 OPM","robots":{"index":"index","follow":"follow","max-snippet":"max-snippet:-1","max-image-preview":"max-image-preview:large","max-video-preview":"max-video-preview:-1"},"canonical":"https:\/\/plcmarine.com\/en\/producto\/glass-polishing-pad-2-pack\/","og_locale":"en_US","og_type":"article","og_title":"Glass Polishing Pad (2-Pack) - PLC Marine","og_description":"Almohadilla para Pulido de Vidrio (Paquete de 2)Dise\u00f1ada para nivelar y eliminar eficazmente rayones ligeros, marcas de agua y otras imperfecciones dif\u00edciles en superficies de vidrio. Corte r\u00e1pido, baja generaci\u00f3n de calor y pulido sencillo. Material comprimido pero poroso, ideal para absorber el compuesto de pulido y evitar salpicaduras innecesarias. Resultados: Acabado transparente con apariencia profesional. Compatible con pulidoras rotativas y pulidoras de acci\u00f3n dual. Incluye: 2 almohadillas de 5\" de ancho.C\u00f3mo Usar:Mant\u00e9n siempre la superficie h\u00fameda durante el uso para evitar el sobrecalentamiento, lo cual puede causar distorsi\u00f3n o incluso grietas.Para Mejores Resultados: Rotativa: entre 1,000 - 1,500 RPM Acci\u00f3n Dual: entre 3,000 - 4,500 OPM","og_url":"https:\/\/plcmarine.com\/en\/producto\/glass-polishing-pad-2-pack\/","og_site_name":"PLC Marine","article_modified_time":"2026-01-07T22:09:48+00:00","og_image":[{"width":448,"height":448,"url":"https:\/\/plcmarine.com\/wp-content\/uploads\/2025\/05\/Boat-glass-polishing-pad.jpg","type":"image\/jpeg"}],"twitter_card":"summary_large_image","twitter_misc":{"Est. reading time":"1 minute"},"schema":{"@context":"https:\/\/schema.org","@graph":[{"@type":"WebPage","@id":"https:\/\/plcmarine.com\/en\/producto\/glass-polishing-pad-2-pack\/","url":"https:\/\/plcmarine.com\/en\/producto\/glass-polishing-pad-2-pack\/","name":"Glass Polishing Pad (2-Pack) - PLC Marine","isPartOf":{"@id":"https:\/\/plcmarine.com\/en\/#website"},"primaryImageOfPage":{"@id":"https:\/\/plcmarine.com\/en\/producto\/glass-polishing-pad-2-pack\/#primaryimage"},"image":{"@id":"https:\/\/plcmarine.com\/en\/producto\/glass-polishing-pad-2-pack\/#primaryimage"},"thumbnailUrl":"https:\/\/plcmarine.com\/wp-content\/uploads\/2025\/05\/Boat-glass-polishing-pad.jpg","datePublished":"2025-05-06T18:00:52+00:00","dateModified":"2026-01-07T22:09:48+00:00","description":"Almohadilla para Pulido de Vidrio (Paquete de 2)Dise\u00f1ada para nivelar y eliminar eficazmente rayones ligeros, marcas de agua y otras imperfecciones dif\u00edciles en superficies de vidrio. Corte r\u00e1pido, baja generaci\u00f3n de calor y pulido sencillo. Material comprimido pero poroso, ideal para absorber el compuesto de pulido y evitar salpicaduras innecesarias. Resultados: Acabado transparente con apariencia profesional. Compatible con pulidoras rotativas y pulidoras de acci\u00f3n dual. Incluye: 2 almohadillas de 5\" de ancho.C\u00f3mo Usar:Mant\u00e9n siempre la superficie h\u00fameda durante el uso para evitar el sobrecalentamiento, lo cual puede causar distorsi\u00f3n o incluso grietas.Para Mejores Resultados: Rotativa: entre 1,000 - 1,500 RPM Acci\u00f3n Dual: entre 3,000 - 4,500 OPM","breadcrumb":{"@id":"https:\/\/plcmarine.com\/en\/producto\/glass-polishing-pad-2-pack\/#breadcrumb"},"inLanguage":"en-US","potentialAction":[{"@type":"ReadAction","target":["https:\/\/plcmarine.com\/en\/producto\/glass-polishing-pad-2-pack\/"]}]},{"@type":"ImageObject","inLanguage":"en-US","@id":"https:\/\/plcmarine.com\/en\/producto\/glass-polishing-pad-2-pack\/#primaryimage","url":"https:\/\/plcmarine.com\/wp-content\/uploads\/2025\/05\/Boat-glass-polishing-pad.jpg","contentUrl":"https:\/\/plcmarine.com\/wp-content\/uploads\/2025\/05\/Boat-glass-polishing-pad.jpg","width":448,"height":448},{"@type":"BreadcrumbList","@id":"https:\/\/plcmarine.com\/en\/producto\/glass-polishing-pad-2-pack\/#breadcrumb","itemListElement":[{"@type":"ListItem","position":1,"name":"Home","item":"https:\/\/plcmarine.com\/en\/"},{"@type":"ListItem","position":2,"name":"Shop","item":"https:\/\/plcmarine.com\/shop\/"},{"@type":"ListItem","position":3,"name":"Glass Polishing Pad (2-Pack)"}]},{"@type":"WebSite","@id":"https:\/\/plcmarine.com\/en\/#website","url":"https:\/\/plcmarine.com\/en\/","name":"PLC Marine","description":"The Professional&#039;s choice","potentialAction":[{"@type":"SearchAction","target":{"@type":"EntryPoint","urlTemplate":"https:\/\/plcmarine.com\/en\/?s={search_term_string}"},"query-input":{"@type":"PropertyValueSpecification","valueRequired":true,"valueName":"search_term_string"}}],"inLanguage":"en-US"}]}},"brands":[{"id":84,"name":"DiTEC Marine","slug":"ditec-marine"}],"_links":{"self":[{"href":"https:\/\/plcmarine.com\/en\/wp-json\/wp\/v2\/product\/33374312","targetHints":{"allow":["GET"]}}],"collection":[{"href":"https:\/\/plcmarine.com\/en\/wp-json\/wp\/v2\/product"}],"about":[{"href":"https:\/\/plcmarine.com\/en\/wp-json\/wp\/v2\/types\/product"}],"wp:featuredmedia":[{"embeddable":true,"href":"https:\/\/plcmarine.com\/en\/wp-json\/wp\/v2\/media\/33374313"}],"wp:attachment":[{"href":"https:\/\/plcmarine.com\/en\/wp-json\/wp\/v2\/media?parent=33374312"}],"wp:term":[{"taxonomy":"pwb-brand","embeddable":true,"href":"https:\/\/plcmarine.com\/en\/wp-json\/wp\/v2\/pwb-brand?post=33374312"},{"taxonomy":"product_brand","embeddable":true,"href":"https:\/\/plcmarine.com\/en\/wp-json\/wp\/v2\/product_brand?post=33374312"},{"taxonomy":"product_cat","embeddable":true,"href":"https:\/\/plcmarine.com\/en\/wp-json\/wp\/v2\/product_cat?post=33374312"},{"taxonomy":"product_tag","embeddable":true,"href":"https:\/\/plcmarine.com\/en\/wp-json\/wp\/v2\/product_tag?post=33374312"}],"curies":[{"name":"wp","href":"https:\/\/api.w.org\/{rel}","templated":true}]}}