



{"id":33374315,"date":"2025-05-06T18:05:33","date_gmt":"2025-05-06T18:05:33","guid":{"rendered":"https:\/\/plcmarine.com\/product\/protec-1-1-6-oz\/"},"modified":"2026-01-07T22:10:27","modified_gmt":"2026-01-07T22:10:27","slug":"protec-1-1-6-oz","status":"publish","type":"product","link":"https:\/\/plcmarine.com\/en\/producto\/protec-1-1-6-oz\/","title":{"rendered":"PROTEC 1-1.6 Oz"},"content":{"rendered":"<h3>Ventajas Principales:<\/h3>\n<ul>\n<li>Crea una capa protectora resistente con excelentes propiedades hidrof\u00f3bicas.<\/li>\n<li>Protecci\u00f3n prolongada contra la oxidaci\u00f3n, rayos UV, suciedad, mugre, acumulaci\u00f3n de holl\u00edn y otros contaminantes.<\/li>\n<li>Excelente desempe\u00f1o sobre superficies antideslizantes.<\/li>\n<li>Reduce el mantenimiento regular hasta en un <strong>50%<\/strong>, facilitando la limpieza.<\/li>\n<li>F\u00e1cil aplicaci\u00f3n para cualquier usuario, incluso sin experiencia (siguiendo las instrucciones).<\/li>\n<\/ul>\n<h3>Rendimiento:<\/h3>\n<ul>\n<li><strong>1.6 oz (50 ml):<\/strong> Cubre aproximadamente una embarcaci\u00f3n de 15-20 pies o un autom\u00f3vil\/camioneta est\u00e1ndar.<\/li>\n<li><strong>3.2 oz (100 ml):<\/strong> Cubre una embarcaci\u00f3n de 30-40 pies.<\/li>\n<li><em>Nota:<\/em> Las superficies antideslizantes requieren mayor cantidad de producto que las superficies lisas.<\/li>\n<\/ul>\n<h3>Propiedades del Producto:<\/h3>\n<ul>\n<li><strong>Apariencia:<\/strong> Transparente e incoloro<\/li>\n<li><strong>Solubilidad:<\/strong> 100% en agua<\/li>\n<li><strong>pH:<\/strong> No aplica<\/li>\n<\/ul>\n<h3>Uso y Aplicaci\u00f3n:<\/h3>\n<ul>\n<li><strong>Superficies compatibles:<\/strong> Pintura, gelcoat, metales y superficies antideslizantes.<\/li>\n<li><strong>Aplicaci\u00f3n:<\/strong> Para mejores resultados, aplicar el recubrimiento PROTEC 1 a temperatura ambiente.<\/li>\n<li>Consulta la hoja de instrucciones para conocer el proceso de aplicaci\u00f3n detallado.<\/li>\n<\/ul>\n","protected":false},"excerpt":{"rendered":"<h2>PROTEC 1 \u2013 Protector Profesional de Superficie<\/h2>\n<p><strong>Grado profesional<\/strong> \u2013 Alternativa cer\u00e1mica para la protecci\u00f3n de pintura. <\/p>\n<ul>\n<li><strong>Alto rendimiento<\/strong><\/li>\n<li><strong>Protecci\u00f3n duradera<\/strong><\/li>\n<li><strong>Resistente a rayos UV<\/strong><\/li>\n<\/ul>\n<p><strong>DiTEC PROTEC 1<\/strong> es una resina inorg\u00e1nica premium de un solo paso, superior a ceras y selladores para superficies de pintura y gelcoat en embarcaciones y autom\u00f3viles. Con casi 50 a\u00f1os de desarrollo, este producto <strong>no cer\u00e1mico<\/strong> (sin SiO\u2082) no se agrieta como los recubrimientos cer\u00e1micos tradicionales, sino que se flexiona con la superficie, formando un <strong>escudo protector resistente y altamente hidrof\u00f3bico<\/strong>.<\/p>\n","protected":false},"featured_media":33374316,"template":"","meta":[],"pwb-brand":[84],"product_brand":[],"product_cat":[109],"product_tag":[],"class_list":{"0":"post-33374315","1":"product","2":"type-product","3":"status-publish","4":"has-post-thumbnail","6":"pwb-brand-ditec-marine","7":"product_cat-sin-categorizar","9":"first","10":"instock","11":"taxable","12":"shipping-taxable","13":"purchasable","14":"product-type-simple"},"yoast_head":"<!-- This site is optimized with the Yoast SEO plugin v25.3.1 - https:\/\/yoast.com\/wordpress\/plugins\/seo\/ -->\n<title>PROTEC 1-1.6 Oz - PLC Marine<\/title>\n<meta name=\"description\" content=\"PROTEC 1 \u2013 Protector Profesional de Pintura y Gelcoat Alto rendimiento Protecci\u00f3n duradera Resistente a los rayos UVPROTEC 1 de DiTEC es una resina inorg\u00e1nica premium de un solo paso, dise\u00f1ada para ofrecer una protecci\u00f3n superior en superficies de pintura y gelcoat en embarcaciones y veh\u00edculos. A diferencia de los recubrimientos cer\u00e1micos tradicionales, este producto no contiene SiO\u2082, por lo que no se agrieta; en su lugar, se adapta y flexiona con la superficie, creando un escudo protector fuerte, hidrof\u00f3bico y de larga duraci\u00f3n.Ventajas Principales: Crea una capa protectora resistente con excelentes propiedades hidrof\u00f3bicas. Protecci\u00f3n prolongada contra la oxidaci\u00f3n, rayos UV, suciedad, mugre, acumulaci\u00f3n de holl\u00edn y otros contaminantes. Excelente desempe\u00f1o sobre superficies antideslizantes. Reduce el mantenimiento regular hasta en un 50%, facilitando la limpieza. F\u00e1cil aplicaci\u00f3n para cualquier usuario, incluso sin experiencia (siguiendo las instrucciones).Rendimiento: 1.6 oz (50 ml): Cubre aproximadamente una embarcaci\u00f3n de 15-20 pies o un autom\u00f3vil\/camioneta est\u00e1ndar. 3.2 oz (100 ml): Cubre una embarcaci\u00f3n de 30-40 pies. Nota: Las superficies antideslizantes requieren mayor cantidad de producto que las superficies lisas.Propiedades del Producto: Apariencia: Transparente e incoloro Solubilidad: 100% en agua pH: No aplicaUso y Aplicaci\u00f3n: Superficies compatibles: Pintura, gelcoat, metales y superficies antideslizantes. Aplicaci\u00f3n: Para mejores resultados, aplicar el recubrimiento PROTEC 1 a temperatura ambiente. Consulta la hoja de instrucciones para conocer el proceso de aplicaci\u00f3n detallado.\" \/>\n<meta name=\"robots\" content=\"index, follow, max-snippet:-1, max-image-preview:large, max-video-preview:-1\" \/>\n<link rel=\"canonical\" href=\"https:\/\/plcmarine.com\/en\/producto\/protec-1-1-6-oz\/\" \/>\n<meta property=\"og:locale\" content=\"en_US\" \/>\n<meta property=\"og:type\" content=\"article\" \/>\n<meta property=\"og:title\" content=\"PROTEC 1-1.6 Oz - PLC Marine\" \/>\n<meta property=\"og:description\" content=\"PROTEC 1 \u2013 Protector Profesional de Pintura y Gelcoat Alto rendimiento Protecci\u00f3n duradera Resistente a los rayos UVPROTEC 1 de DiTEC es una resina inorg\u00e1nica premium de un solo paso, dise\u00f1ada para ofrecer una protecci\u00f3n superior en superficies de pintura y gelcoat en embarcaciones y veh\u00edculos. A diferencia de los recubrimientos cer\u00e1micos tradicionales, este producto no contiene SiO\u2082, por lo que no se agrieta; en su lugar, se adapta y flexiona con la superficie, creando un escudo protector fuerte, hidrof\u00f3bico y de larga duraci\u00f3n.Ventajas Principales: Crea una capa protectora resistente con excelentes propiedades hidrof\u00f3bicas. Protecci\u00f3n prolongada contra la oxidaci\u00f3n, rayos UV, suciedad, mugre, acumulaci\u00f3n de holl\u00edn y otros contaminantes. Excelente desempe\u00f1o sobre superficies antideslizantes. Reduce el mantenimiento regular hasta en un 50%, facilitando la limpieza. F\u00e1cil aplicaci\u00f3n para cualquier usuario, incluso sin experiencia (siguiendo las instrucciones).Rendimiento: 1.6 oz (50 ml): Cubre aproximadamente una embarcaci\u00f3n de 15-20 pies o un autom\u00f3vil\/camioneta est\u00e1ndar. 3.2 oz (100 ml): Cubre una embarcaci\u00f3n de 30-40 pies. Nota: Las superficies antideslizantes requieren mayor cantidad de producto que las superficies lisas.Propiedades del Producto: Apariencia: Transparente e incoloro Solubilidad: 100% en agua pH: No aplicaUso y Aplicaci\u00f3n: Superficies compatibles: Pintura, gelcoat, metales y superficies antideslizantes. Aplicaci\u00f3n: Para mejores resultados, aplicar el recubrimiento PROTEC 1 a temperatura ambiente. Consulta la hoja de instrucciones para conocer el proceso de aplicaci\u00f3n detallado.\" \/>\n<meta property=\"og:url\" content=\"https:\/\/plcmarine.com\/en\/producto\/protec-1-1-6-oz\/\" \/>\n<meta property=\"og:site_name\" content=\"PLC Marine\" \/>\n<meta property=\"article:modified_time\" content=\"2026-01-07T22:10:27+00:00\" \/>\n<meta property=\"og:image\" content=\"https:\/\/plcmarine.com\/wp-content\/uploads\/2025\/05\/Protec-1-Boat-Paint.jpg\" \/>\n\t<meta property=\"og:image:width\" content=\"343\" \/>\n\t<meta property=\"og:image:height\" content=\"448\" \/>\n\t<meta property=\"og:image:type\" content=\"image\/jpeg\" \/>\n<meta name=\"twitter:card\" content=\"summary_large_image\" \/>\n<meta name=\"twitter:label1\" content=\"Est. reading time\" \/>\n\t<meta name=\"twitter:data1\" content=\"1 minute\" \/>\n<script type=\"application\/ld+json\" class=\"yoast-schema-graph\">{\"@context\":\"https:\/\/schema.org\",\"@graph\":[{\"@type\":\"WebPage\",\"@id\":\"https:\/\/plcmarine.com\/en\/producto\/protec-1-1-6-oz\/\",\"url\":\"https:\/\/plcmarine.com\/en\/producto\/protec-1-1-6-oz\/\",\"name\":\"PROTEC 1-1.6 Oz - PLC Marine\",\"isPartOf\":{\"@id\":\"https:\/\/plcmarine.com\/en\/#website\"},\"primaryImageOfPage\":{\"@id\":\"https:\/\/plcmarine.com\/en\/producto\/protec-1-1-6-oz\/#primaryimage\"},\"image\":{\"@id\":\"https:\/\/plcmarine.com\/en\/producto\/protec-1-1-6-oz\/#primaryimage\"},\"thumbnailUrl\":\"https:\/\/plcmarine.com\/wp-content\/uploads\/2025\/05\/Protec-1-Boat-Paint.jpg\",\"datePublished\":\"2025-05-06T18:05:33+00:00\",\"dateModified\":\"2026-01-07T22:10:27+00:00\",\"description\":\"PROTEC 1 \u2013 Protector Profesional de Pintura y Gelcoat Alto rendimiento Protecci\u00f3n duradera Resistente a los rayos UVPROTEC 1 de DiTEC es una resina inorg\u00e1nica premium de un solo paso, dise\u00f1ada para ofrecer una protecci\u00f3n superior en superficies de pintura y gelcoat en embarcaciones y veh\u00edculos. A diferencia de los recubrimientos cer\u00e1micos tradicionales, este producto no contiene SiO\u2082, por lo que no se agrieta; en su lugar, se adapta y flexiona con la superficie, creando un escudo protector fuerte, hidrof\u00f3bico y de larga duraci\u00f3n.Ventajas Principales: Crea una capa protectora resistente con excelentes propiedades hidrof\u00f3bicas. Protecci\u00f3n prolongada contra la oxidaci\u00f3n, rayos UV, suciedad, mugre, acumulaci\u00f3n de holl\u00edn y otros contaminantes. Excelente desempe\u00f1o sobre superficies antideslizantes. Reduce el mantenimiento regular hasta en un 50%, facilitando la limpieza. F\u00e1cil aplicaci\u00f3n para cualquier usuario, incluso sin experiencia (siguiendo las instrucciones).Rendimiento: 1.6 oz (50 ml): Cubre aproximadamente una embarcaci\u00f3n de 15-20 pies o un autom\u00f3vil\/camioneta est\u00e1ndar. 3.2 oz (100 ml): Cubre una embarcaci\u00f3n de 30-40 pies. Nota: Las superficies antideslizantes requieren mayor cantidad de producto que las superficies lisas.Propiedades del Producto: Apariencia: Transparente e incoloro Solubilidad: 100% en agua pH: No aplicaUso y Aplicaci\u00f3n: Superficies compatibles: Pintura, gelcoat, metales y superficies antideslizantes. Aplicaci\u00f3n: Para mejores resultados, aplicar el recubrimiento PROTEC 1 a temperatura ambiente. Consulta la hoja de instrucciones para conocer el proceso de aplicaci\u00f3n detallado.\",\"breadcrumb\":{\"@id\":\"https:\/\/plcmarine.com\/en\/producto\/protec-1-1-6-oz\/#breadcrumb\"},\"inLanguage\":\"en-US\",\"potentialAction\":[{\"@type\":\"ReadAction\",\"target\":[\"https:\/\/plcmarine.com\/en\/producto\/protec-1-1-6-oz\/\"]}]},{\"@type\":\"ImageObject\",\"inLanguage\":\"en-US\",\"@id\":\"https:\/\/plcmarine.com\/en\/producto\/protec-1-1-6-oz\/#primaryimage\",\"url\":\"https:\/\/plcmarine.com\/wp-content\/uploads\/2025\/05\/Protec-1-Boat-Paint.jpg\",\"contentUrl\":\"https:\/\/plcmarine.com\/wp-content\/uploads\/2025\/05\/Protec-1-Boat-Paint.jpg\",\"width\":343,\"height\":448},{\"@type\":\"BreadcrumbList\",\"@id\":\"https:\/\/plcmarine.com\/en\/producto\/protec-1-1-6-oz\/#breadcrumb\",\"itemListElement\":[{\"@type\":\"ListItem\",\"position\":1,\"name\":\"Home\",\"item\":\"https:\/\/plcmarine.com\/en\/\"},{\"@type\":\"ListItem\",\"position\":2,\"name\":\"Shop\",\"item\":\"https:\/\/plcmarine.com\/shop\/\"},{\"@type\":\"ListItem\",\"position\":3,\"name\":\"PROTEC 1-1.6 Oz\"}]},{\"@type\":\"WebSite\",\"@id\":\"https:\/\/plcmarine.com\/en\/#website\",\"url\":\"https:\/\/plcmarine.com\/en\/\",\"name\":\"PLC Marine\",\"description\":\"The Professional&#039;s choice\",\"potentialAction\":[{\"@type\":\"SearchAction\",\"target\":{\"@type\":\"EntryPoint\",\"urlTemplate\":\"https:\/\/plcmarine.com\/en\/?s={search_term_string}\"},\"query-input\":{\"@type\":\"PropertyValueSpecification\",\"valueRequired\":true,\"valueName\":\"search_term_string\"}}],\"inLanguage\":\"en-US\"}]}<\/script>\n<!-- \/ Yoast SEO plugin. -->","yoast_head_json":{"title":"PROTEC 1-1.6 Oz - PLC Marine","description":"PROTEC 1 \u2013 Protector Profesional de Pintura y Gelcoat Alto rendimiento Protecci\u00f3n duradera Resistente a los rayos UVPROTEC 1 de DiTEC es una resina inorg\u00e1nica premium de un solo paso, dise\u00f1ada para ofrecer una protecci\u00f3n superior en superficies de pintura y gelcoat en embarcaciones y veh\u00edculos. A diferencia de los recubrimientos cer\u00e1micos tradicionales, este producto no contiene SiO\u2082, por lo que no se agrieta; en su lugar, se adapta y flexiona con la superficie, creando un escudo protector fuerte, hidrof\u00f3bico y de larga duraci\u00f3n.Ventajas Principales: Crea una capa protectora resistente con excelentes propiedades hidrof\u00f3bicas. Protecci\u00f3n prolongada contra la oxidaci\u00f3n, rayos UV, suciedad, mugre, acumulaci\u00f3n de holl\u00edn y otros contaminantes. Excelente desempe\u00f1o sobre superficies antideslizantes. Reduce el mantenimiento regular hasta en un 50%, facilitando la limpieza. F\u00e1cil aplicaci\u00f3n para cualquier usuario, incluso sin experiencia (siguiendo las instrucciones).Rendimiento: 1.6 oz (50 ml): Cubre aproximadamente una embarcaci\u00f3n de 15-20 pies o un autom\u00f3vil\/camioneta est\u00e1ndar. 3.2 oz (100 ml): Cubre una embarcaci\u00f3n de 30-40 pies. Nota: Las superficies antideslizantes requieren mayor cantidad de producto que las superficies lisas.Propiedades del Producto: Apariencia: Transparente e incoloro Solubilidad: 100% en agua pH: No aplicaUso y Aplicaci\u00f3n: Superficies compatibles: Pintura, gelcoat, metales y superficies antideslizantes. Aplicaci\u00f3n: Para mejores resultados, aplicar el recubrimiento PROTEC 1 a temperatura ambiente. Consulta la hoja de instrucciones para conocer el proceso de aplicaci\u00f3n detallado.","robots":{"index":"index","follow":"follow","max-snippet":"max-snippet:-1","max-image-preview":"max-image-preview:large","max-video-preview":"max-video-preview:-1"},"canonical":"https:\/\/plcmarine.com\/en\/producto\/protec-1-1-6-oz\/","og_locale":"en_US","og_type":"article","og_title":"PROTEC 1-1.6 Oz - PLC Marine","og_description":"PROTEC 1 \u2013 Protector Profesional de Pintura y Gelcoat Alto rendimiento Protecci\u00f3n duradera Resistente a los rayos UVPROTEC 1 de DiTEC es una resina inorg\u00e1nica premium de un solo paso, dise\u00f1ada para ofrecer una protecci\u00f3n superior en superficies de pintura y gelcoat en embarcaciones y veh\u00edculos. A diferencia de los recubrimientos cer\u00e1micos tradicionales, este producto no contiene SiO\u2082, por lo que no se agrieta; en su lugar, se adapta y flexiona con la superficie, creando un escudo protector fuerte, hidrof\u00f3bico y de larga duraci\u00f3n.Ventajas Principales: Crea una capa protectora resistente con excelentes propiedades hidrof\u00f3bicas. Protecci\u00f3n prolongada contra la oxidaci\u00f3n, rayos UV, suciedad, mugre, acumulaci\u00f3n de holl\u00edn y otros contaminantes. Excelente desempe\u00f1o sobre superficies antideslizantes. Reduce el mantenimiento regular hasta en un 50%, facilitando la limpieza. F\u00e1cil aplicaci\u00f3n para cualquier usuario, incluso sin experiencia (siguiendo las instrucciones).Rendimiento: 1.6 oz (50 ml): Cubre aproximadamente una embarcaci\u00f3n de 15-20 pies o un autom\u00f3vil\/camioneta est\u00e1ndar. 3.2 oz (100 ml): Cubre una embarcaci\u00f3n de 30-40 pies. Nota: Las superficies antideslizantes requieren mayor cantidad de producto que las superficies lisas.Propiedades del Producto: Apariencia: Transparente e incoloro Solubilidad: 100% en agua pH: No aplicaUso y Aplicaci\u00f3n: Superficies compatibles: Pintura, gelcoat, metales y superficies antideslizantes. Aplicaci\u00f3n: Para mejores resultados, aplicar el recubrimiento PROTEC 1 a temperatura ambiente. Consulta la hoja de instrucciones para conocer el proceso de aplicaci\u00f3n detallado.","og_url":"https:\/\/plcmarine.com\/en\/producto\/protec-1-1-6-oz\/","og_site_name":"PLC Marine","article_modified_time":"2026-01-07T22:10:27+00:00","og_image":[{"width":343,"height":448,"url":"https:\/\/plcmarine.com\/wp-content\/uploads\/2025\/05\/Protec-1-Boat-Paint.jpg","type":"image\/jpeg"}],"twitter_card":"summary_large_image","twitter_misc":{"Est. reading time":"1 minute"},"schema":{"@context":"https:\/\/schema.org","@graph":[{"@type":"WebPage","@id":"https:\/\/plcmarine.com\/en\/producto\/protec-1-1-6-oz\/","url":"https:\/\/plcmarine.com\/en\/producto\/protec-1-1-6-oz\/","name":"PROTEC 1-1.6 Oz - PLC Marine","isPartOf":{"@id":"https:\/\/plcmarine.com\/en\/#website"},"primaryImageOfPage":{"@id":"https:\/\/plcmarine.com\/en\/producto\/protec-1-1-6-oz\/#primaryimage"},"image":{"@id":"https:\/\/plcmarine.com\/en\/producto\/protec-1-1-6-oz\/#primaryimage"},"thumbnailUrl":"https:\/\/plcmarine.com\/wp-content\/uploads\/2025\/05\/Protec-1-Boat-Paint.jpg","datePublished":"2025-05-06T18:05:33+00:00","dateModified":"2026-01-07T22:10:27+00:00","description":"PROTEC 1 \u2013 Protector Profesional de Pintura y Gelcoat Alto rendimiento Protecci\u00f3n duradera Resistente a los rayos UVPROTEC 1 de DiTEC es una resina inorg\u00e1nica premium de un solo paso, dise\u00f1ada para ofrecer una protecci\u00f3n superior en superficies de pintura y gelcoat en embarcaciones y veh\u00edculos. A diferencia de los recubrimientos cer\u00e1micos tradicionales, este producto no contiene SiO\u2082, por lo que no se agrieta; en su lugar, se adapta y flexiona con la superficie, creando un escudo protector fuerte, hidrof\u00f3bico y de larga duraci\u00f3n.Ventajas Principales: Crea una capa protectora resistente con excelentes propiedades hidrof\u00f3bicas. Protecci\u00f3n prolongada contra la oxidaci\u00f3n, rayos UV, suciedad, mugre, acumulaci\u00f3n de holl\u00edn y otros contaminantes. Excelente desempe\u00f1o sobre superficies antideslizantes. Reduce el mantenimiento regular hasta en un 50%, facilitando la limpieza. F\u00e1cil aplicaci\u00f3n para cualquier usuario, incluso sin experiencia (siguiendo las instrucciones).Rendimiento: 1.6 oz (50 ml): Cubre aproximadamente una embarcaci\u00f3n de 15-20 pies o un autom\u00f3vil\/camioneta est\u00e1ndar. 3.2 oz (100 ml): Cubre una embarcaci\u00f3n de 30-40 pies. Nota: Las superficies antideslizantes requieren mayor cantidad de producto que las superficies lisas.Propiedades del Producto: Apariencia: Transparente e incoloro Solubilidad: 100% en agua pH: No aplicaUso y Aplicaci\u00f3n: Superficies compatibles: Pintura, gelcoat, metales y superficies antideslizantes. Aplicaci\u00f3n: Para mejores resultados, aplicar el recubrimiento PROTEC 1 a temperatura ambiente. Consulta la hoja de instrucciones para conocer el proceso de aplicaci\u00f3n detallado.","breadcrumb":{"@id":"https:\/\/plcmarine.com\/en\/producto\/protec-1-1-6-oz\/#breadcrumb"},"inLanguage":"en-US","potentialAction":[{"@type":"ReadAction","target":["https:\/\/plcmarine.com\/en\/producto\/protec-1-1-6-oz\/"]}]},{"@type":"ImageObject","inLanguage":"en-US","@id":"https:\/\/plcmarine.com\/en\/producto\/protec-1-1-6-oz\/#primaryimage","url":"https:\/\/plcmarine.com\/wp-content\/uploads\/2025\/05\/Protec-1-Boat-Paint.jpg","contentUrl":"https:\/\/plcmarine.com\/wp-content\/uploads\/2025\/05\/Protec-1-Boat-Paint.jpg","width":343,"height":448},{"@type":"BreadcrumbList","@id":"https:\/\/plcmarine.com\/en\/producto\/protec-1-1-6-oz\/#breadcrumb","itemListElement":[{"@type":"ListItem","position":1,"name":"Home","item":"https:\/\/plcmarine.com\/en\/"},{"@type":"ListItem","position":2,"name":"Shop","item":"https:\/\/plcmarine.com\/shop\/"},{"@type":"ListItem","position":3,"name":"PROTEC 1-1.6 Oz"}]},{"@type":"WebSite","@id":"https:\/\/plcmarine.com\/en\/#website","url":"https:\/\/plcmarine.com\/en\/","name":"PLC Marine","description":"The Professional&#039;s choice","potentialAction":[{"@type":"SearchAction","target":{"@type":"EntryPoint","urlTemplate":"https:\/\/plcmarine.com\/en\/?s={search_term_string}"},"query-input":{"@type":"PropertyValueSpecification","valueRequired":true,"valueName":"search_term_string"}}],"inLanguage":"en-US"}]}},"brands":[{"id":84,"name":"DiTEC Marine","slug":"ditec-marine"}],"_links":{"self":[{"href":"https:\/\/plcmarine.com\/en\/wp-json\/wp\/v2\/product\/33374315","targetHints":{"allow":["GET"]}}],"collection":[{"href":"https:\/\/plcmarine.com\/en\/wp-json\/wp\/v2\/product"}],"about":[{"href":"https:\/\/plcmarine.com\/en\/wp-json\/wp\/v2\/types\/product"}],"wp:featuredmedia":[{"embeddable":true,"href":"https:\/\/plcmarine.com\/en\/wp-json\/wp\/v2\/media\/33374316"}],"wp:attachment":[{"href":"https:\/\/plcmarine.com\/en\/wp-json\/wp\/v2\/media?parent=33374315"}],"wp:term":[{"taxonomy":"pwb-brand","embeddable":true,"href":"https:\/\/plcmarine.com\/en\/wp-json\/wp\/v2\/pwb-brand?post=33374315"},{"taxonomy":"product_brand","embeddable":true,"href":"https:\/\/plcmarine.com\/en\/wp-json\/wp\/v2\/product_brand?post=33374315"},{"taxonomy":"product_cat","embeddable":true,"href":"https:\/\/plcmarine.com\/en\/wp-json\/wp\/v2\/product_cat?post=33374315"},{"taxonomy":"product_tag","embeddable":true,"href":"https:\/\/plcmarine.com\/en\/wp-json\/wp\/v2\/product_tag?post=33374315"}],"curies":[{"name":"wp","href":"https:\/\/api.w.org\/{rel}","templated":true}]}}