



{"id":33374321,"date":"2025-05-06T18:05:35","date_gmt":"2025-05-06T18:05:35","guid":{"rendered":"https:\/\/plcmarine.com\/product\/metalon-px-8-oz\/"},"modified":"2026-01-07T22:11:04","modified_gmt":"2026-01-07T22:11:04","slug":"metalon-px-8-oz","status":"publish","type":"product","link":"https:\/\/plcmarine.com\/en\/producto\/metalon-px-8-oz\/","title":{"rendered":"Metalon PX 8 Oz"},"content":{"rendered":"<h3>Ventajas Principales:<\/h3>\n<ul>\n<li>Tratamiento met\u00e1lico todo-en-uno (limpieza, pulido y protecci\u00f3n).<\/li>\n<li>F\u00e1cil de aplicar y remover, requiere m\u00ednimo esfuerzo para obtener resultados r\u00e1pidos y efectivos.<\/li>\n<li>Deja una capa protectora que ayuda a prevenir la oxidaci\u00f3n y la corrosi\u00f3n.<\/li>\n<\/ul>\n<h3>Propiedades del Producto:<\/h3>\n<ul>\n<li><strong>Apariencia:<\/strong> L\u00edquido viscoso de color beige<\/li>\n<li><strong>Solubilidad:<\/strong> 100% en agua<\/li>\n<li><strong>pH:<\/strong> 2.2 \u2013 2.8<\/li>\n<\/ul>\n<h3>Uso y Aplicaci\u00f3n:<\/h3>\n<ul>\n<li><strong>Superficies compatibles:<\/strong> Acero inoxidable, aluminio, cromo, lat\u00f3n y plata.<\/li>\n<li><strong>Aplicaci\u00f3n:<\/strong> Aplicar con un pa\u00f1o de microfibra o algod\u00f3n y pulir bien la superficie met\u00e1lica.<\/li>\n<\/ul>\n<h3>Impacto Ambiental:<\/h3>\n<ul>\n<li>Cumple con MARPOL Anexo V<\/li>\n<li>Excelente perfil de toxicidad acu\u00e1tica<\/li>\n<li>Biodegradable<\/li>\n<li>Sin amon\u00edaco ni keroseno<\/li>\n<\/ul>\n","protected":false},"excerpt":{"rendered":"<h2>METALON PX \u2013 Limpiador y Pulidor Multiusos para Superficies Met\u00e1licas<\/h2>\n<ul>\n<li><strong>Alto rendimiento<\/strong><\/li>\n<li><strong>Protecci\u00f3n duradera<\/strong><\/li>\n<li><strong>Libre de cloro<\/strong><\/li>\n<li><strong>Biodegradable<\/strong><\/li>\n<\/ul>\n<p><strong>METALON PX<\/strong> de DiTEC es un tratamiento completo para metales: limpia, pule y protege en un solo paso. Su f\u00f3rmula es segura para usar en todo tipo de superficies met\u00e1licas como acero inoxidable, cromo, lat\u00f3n, aluminio y plata. Adem\u00e1s de eliminar la suciedad, deja una capa protectora que <strong>previene el \u00f3xido y la corrosi\u00f3n<\/strong>, y reduce la adhesi\u00f3n de residuos futuros.<\/p>\n","protected":false},"featured_media":33374322,"template":"","meta":[],"pwb-brand":[84],"product_brand":[],"product_cat":[109],"product_tag":[],"class_list":{"0":"post-33374321","1":"product","2":"type-product","3":"status-publish","4":"has-post-thumbnail","6":"pwb-brand-ditec-marine","7":"product_cat-sin-categorizar","9":"first","10":"instock","11":"taxable","12":"shipping-taxable","13":"purchasable","14":"product-type-simple"},"yoast_head":"<!-- This site is optimized with the Yoast SEO plugin v25.3.1 - https:\/\/yoast.com\/wordpress\/plugins\/seo\/ -->\n<title>Metalon PX 8 Oz - PLC Marine<\/title>\n<meta name=\"description\" content=\"METALON PX \u2013 Limpiador y Pulidor Multiusos para Superficies Met\u00e1licas Alto rendimiento Protecci\u00f3n duradera Libre de cloro BiodegradableMETALON PX de DiTEC es un tratamiento completo para metales: limpia, pule y protege en un solo paso. Su f\u00f3rmula es segura para usar en todo tipo de superficies met\u00e1licas como acero inoxidable, cromo, lat\u00f3n, aluminio y plata. Adem\u00e1s de eliminar la suciedad, deja una capa protectora que previene el \u00f3xido y la corrosi\u00f3n, y reduce la adhesi\u00f3n de residuos futuros.Ventajas Principales: Tratamiento met\u00e1lico todo-en-uno (limpieza, pulido y protecci\u00f3n). F\u00e1cil de aplicar y remover, requiere m\u00ednimo esfuerzo para obtener resultados r\u00e1pidos y efectivos. Deja una capa protectora que ayuda a prevenir la oxidaci\u00f3n y la corrosi\u00f3n.Propiedades del Producto: Apariencia: L\u00edquido viscoso de color beige Solubilidad: 100% en agua pH: 2.2 \u2013 2.8Uso y Aplicaci\u00f3n: Superficies compatibles: Acero inoxidable, aluminio, cromo, lat\u00f3n y plata. Aplicaci\u00f3n: Aplicar con un pa\u00f1o de microfibra o algod\u00f3n y pulir bien la superficie met\u00e1lica.Impacto Ambiental: Cumple con MARPOL Anexo V Excelente perfil de toxicidad acu\u00e1tica Biodegradable Sin amon\u00edaco ni keroseno\" \/>\n<meta name=\"robots\" content=\"index, follow, max-snippet:-1, max-image-preview:large, max-video-preview:-1\" \/>\n<link rel=\"canonical\" href=\"https:\/\/plcmarine.com\/en\/producto\/metalon-px-8-oz\/\" \/>\n<meta property=\"og:locale\" content=\"en_US\" \/>\n<meta property=\"og:type\" content=\"article\" \/>\n<meta property=\"og:title\" content=\"Metalon PX 8 Oz - PLC Marine\" \/>\n<meta property=\"og:description\" content=\"METALON PX \u2013 Limpiador y Pulidor Multiusos para Superficies Met\u00e1licas Alto rendimiento Protecci\u00f3n duradera Libre de cloro BiodegradableMETALON PX de DiTEC es un tratamiento completo para metales: limpia, pule y protege en un solo paso. Su f\u00f3rmula es segura para usar en todo tipo de superficies met\u00e1licas como acero inoxidable, cromo, lat\u00f3n, aluminio y plata. Adem\u00e1s de eliminar la suciedad, deja una capa protectora que previene el \u00f3xido y la corrosi\u00f3n, y reduce la adhesi\u00f3n de residuos futuros.Ventajas Principales: Tratamiento met\u00e1lico todo-en-uno (limpieza, pulido y protecci\u00f3n). F\u00e1cil de aplicar y remover, requiere m\u00ednimo esfuerzo para obtener resultados r\u00e1pidos y efectivos. Deja una capa protectora que ayuda a prevenir la oxidaci\u00f3n y la corrosi\u00f3n.Propiedades del Producto: Apariencia: L\u00edquido viscoso de color beige Solubilidad: 100% en agua pH: 2.2 \u2013 2.8Uso y Aplicaci\u00f3n: Superficies compatibles: Acero inoxidable, aluminio, cromo, lat\u00f3n y plata. Aplicaci\u00f3n: Aplicar con un pa\u00f1o de microfibra o algod\u00f3n y pulir bien la superficie met\u00e1lica.Impacto Ambiental: Cumple con MARPOL Anexo V Excelente perfil de toxicidad acu\u00e1tica Biodegradable Sin amon\u00edaco ni keroseno\" \/>\n<meta property=\"og:url\" content=\"https:\/\/plcmarine.com\/en\/producto\/metalon-px-8-oz\/\" \/>\n<meta property=\"og:site_name\" content=\"PLC Marine\" \/>\n<meta property=\"article:modified_time\" content=\"2026-01-07T22:11:04+00:00\" \/>\n<meta property=\"og:image\" content=\"https:\/\/plcmarine.com\/wp-content\/uploads\/2025\/05\/Metalon-PX-832x1088-1.jpg\" \/>\n\t<meta property=\"og:image:width\" content=\"343\" \/>\n\t<meta property=\"og:image:height\" content=\"448\" \/>\n\t<meta property=\"og:image:type\" content=\"image\/jpeg\" \/>\n<meta name=\"twitter:card\" content=\"summary_large_image\" \/>\n<meta name=\"twitter:label1\" content=\"Est. reading time\" \/>\n\t<meta name=\"twitter:data1\" content=\"1 minute\" \/>\n<script type=\"application\/ld+json\" class=\"yoast-schema-graph\">{\"@context\":\"https:\/\/schema.org\",\"@graph\":[{\"@type\":\"WebPage\",\"@id\":\"https:\/\/plcmarine.com\/en\/producto\/metalon-px-8-oz\/\",\"url\":\"https:\/\/plcmarine.com\/en\/producto\/metalon-px-8-oz\/\",\"name\":\"Metalon PX 8 Oz - PLC Marine\",\"isPartOf\":{\"@id\":\"https:\/\/plcmarine.com\/en\/#website\"},\"primaryImageOfPage\":{\"@id\":\"https:\/\/plcmarine.com\/en\/producto\/metalon-px-8-oz\/#primaryimage\"},\"image\":{\"@id\":\"https:\/\/plcmarine.com\/en\/producto\/metalon-px-8-oz\/#primaryimage\"},\"thumbnailUrl\":\"https:\/\/plcmarine.com\/wp-content\/uploads\/2025\/05\/Metalon-PX-832x1088-1.jpg\",\"datePublished\":\"2025-05-06T18:05:35+00:00\",\"dateModified\":\"2026-01-07T22:11:04+00:00\",\"description\":\"METALON PX \u2013 Limpiador y Pulidor Multiusos para Superficies Met\u00e1licas Alto rendimiento Protecci\u00f3n duradera Libre de cloro BiodegradableMETALON PX de DiTEC es un tratamiento completo para metales: limpia, pule y protege en un solo paso. Su f\u00f3rmula es segura para usar en todo tipo de superficies met\u00e1licas como acero inoxidable, cromo, lat\u00f3n, aluminio y plata. Adem\u00e1s de eliminar la suciedad, deja una capa protectora que previene el \u00f3xido y la corrosi\u00f3n, y reduce la adhesi\u00f3n de residuos futuros.Ventajas Principales: Tratamiento met\u00e1lico todo-en-uno (limpieza, pulido y protecci\u00f3n). F\u00e1cil de aplicar y remover, requiere m\u00ednimo esfuerzo para obtener resultados r\u00e1pidos y efectivos. Deja una capa protectora que ayuda a prevenir la oxidaci\u00f3n y la corrosi\u00f3n.Propiedades del Producto: Apariencia: L\u00edquido viscoso de color beige Solubilidad: 100% en agua pH: 2.2 \u2013 2.8Uso y Aplicaci\u00f3n: Superficies compatibles: Acero inoxidable, aluminio, cromo, lat\u00f3n y plata. Aplicaci\u00f3n: Aplicar con un pa\u00f1o de microfibra o algod\u00f3n y pulir bien la superficie met\u00e1lica.Impacto Ambiental: Cumple con MARPOL Anexo V Excelente perfil de toxicidad acu\u00e1tica Biodegradable Sin amon\u00edaco ni keroseno\",\"breadcrumb\":{\"@id\":\"https:\/\/plcmarine.com\/en\/producto\/metalon-px-8-oz\/#breadcrumb\"},\"inLanguage\":\"en-US\",\"potentialAction\":[{\"@type\":\"ReadAction\",\"target\":[\"https:\/\/plcmarine.com\/en\/producto\/metalon-px-8-oz\/\"]}]},{\"@type\":\"ImageObject\",\"inLanguage\":\"en-US\",\"@id\":\"https:\/\/plcmarine.com\/en\/producto\/metalon-px-8-oz\/#primaryimage\",\"url\":\"https:\/\/plcmarine.com\/wp-content\/uploads\/2025\/05\/Metalon-PX-832x1088-1.jpg\",\"contentUrl\":\"https:\/\/plcmarine.com\/wp-content\/uploads\/2025\/05\/Metalon-PX-832x1088-1.jpg\",\"width\":343,\"height\":448},{\"@type\":\"BreadcrumbList\",\"@id\":\"https:\/\/plcmarine.com\/en\/producto\/metalon-px-8-oz\/#breadcrumb\",\"itemListElement\":[{\"@type\":\"ListItem\",\"position\":1,\"name\":\"Home\",\"item\":\"https:\/\/plcmarine.com\/en\/\"},{\"@type\":\"ListItem\",\"position\":2,\"name\":\"Shop\",\"item\":\"https:\/\/plcmarine.com\/shop\/\"},{\"@type\":\"ListItem\",\"position\":3,\"name\":\"Metalon PX 8 Oz\"}]},{\"@type\":\"WebSite\",\"@id\":\"https:\/\/plcmarine.com\/en\/#website\",\"url\":\"https:\/\/plcmarine.com\/en\/\",\"name\":\"PLC Marine\",\"description\":\"The Professional&#039;s choice\",\"potentialAction\":[{\"@type\":\"SearchAction\",\"target\":{\"@type\":\"EntryPoint\",\"urlTemplate\":\"https:\/\/plcmarine.com\/en\/?s={search_term_string}\"},\"query-input\":{\"@type\":\"PropertyValueSpecification\",\"valueRequired\":true,\"valueName\":\"search_term_string\"}}],\"inLanguage\":\"en-US\"}]}<\/script>\n<!-- \/ Yoast SEO plugin. -->","yoast_head_json":{"title":"Metalon PX 8 Oz - PLC Marine","description":"METALON PX \u2013 Limpiador y Pulidor Multiusos para Superficies Met\u00e1licas Alto rendimiento Protecci\u00f3n duradera Libre de cloro BiodegradableMETALON PX de DiTEC es un tratamiento completo para metales: limpia, pule y protege en un solo paso. Su f\u00f3rmula es segura para usar en todo tipo de superficies met\u00e1licas como acero inoxidable, cromo, lat\u00f3n, aluminio y plata. Adem\u00e1s de eliminar la suciedad, deja una capa protectora que previene el \u00f3xido y la corrosi\u00f3n, y reduce la adhesi\u00f3n de residuos futuros.Ventajas Principales: Tratamiento met\u00e1lico todo-en-uno (limpieza, pulido y protecci\u00f3n). F\u00e1cil de aplicar y remover, requiere m\u00ednimo esfuerzo para obtener resultados r\u00e1pidos y efectivos. Deja una capa protectora que ayuda a prevenir la oxidaci\u00f3n y la corrosi\u00f3n.Propiedades del Producto: Apariencia: L\u00edquido viscoso de color beige Solubilidad: 100% en agua pH: 2.2 \u2013 2.8Uso y Aplicaci\u00f3n: Superficies compatibles: Acero inoxidable, aluminio, cromo, lat\u00f3n y plata. Aplicaci\u00f3n: Aplicar con un pa\u00f1o de microfibra o algod\u00f3n y pulir bien la superficie met\u00e1lica.Impacto Ambiental: Cumple con MARPOL Anexo V Excelente perfil de toxicidad acu\u00e1tica Biodegradable Sin amon\u00edaco ni keroseno","robots":{"index":"index","follow":"follow","max-snippet":"max-snippet:-1","max-image-preview":"max-image-preview:large","max-video-preview":"max-video-preview:-1"},"canonical":"https:\/\/plcmarine.com\/en\/producto\/metalon-px-8-oz\/","og_locale":"en_US","og_type":"article","og_title":"Metalon PX 8 Oz - PLC Marine","og_description":"METALON PX \u2013 Limpiador y Pulidor Multiusos para Superficies Met\u00e1licas Alto rendimiento Protecci\u00f3n duradera Libre de cloro BiodegradableMETALON PX de DiTEC es un tratamiento completo para metales: limpia, pule y protege en un solo paso. Su f\u00f3rmula es segura para usar en todo tipo de superficies met\u00e1licas como acero inoxidable, cromo, lat\u00f3n, aluminio y plata. Adem\u00e1s de eliminar la suciedad, deja una capa protectora que previene el \u00f3xido y la corrosi\u00f3n, y reduce la adhesi\u00f3n de residuos futuros.Ventajas Principales: Tratamiento met\u00e1lico todo-en-uno (limpieza, pulido y protecci\u00f3n). F\u00e1cil de aplicar y remover, requiere m\u00ednimo esfuerzo para obtener resultados r\u00e1pidos y efectivos. Deja una capa protectora que ayuda a prevenir la oxidaci\u00f3n y la corrosi\u00f3n.Propiedades del Producto: Apariencia: L\u00edquido viscoso de color beige Solubilidad: 100% en agua pH: 2.2 \u2013 2.8Uso y Aplicaci\u00f3n: Superficies compatibles: Acero inoxidable, aluminio, cromo, lat\u00f3n y plata. Aplicaci\u00f3n: Aplicar con un pa\u00f1o de microfibra o algod\u00f3n y pulir bien la superficie met\u00e1lica.Impacto Ambiental: Cumple con MARPOL Anexo V Excelente perfil de toxicidad acu\u00e1tica Biodegradable Sin amon\u00edaco ni keroseno","og_url":"https:\/\/plcmarine.com\/en\/producto\/metalon-px-8-oz\/","og_site_name":"PLC Marine","article_modified_time":"2026-01-07T22:11:04+00:00","og_image":[{"width":343,"height":448,"url":"https:\/\/plcmarine.com\/wp-content\/uploads\/2025\/05\/Metalon-PX-832x1088-1.jpg","type":"image\/jpeg"}],"twitter_card":"summary_large_image","twitter_misc":{"Est. reading time":"1 minute"},"schema":{"@context":"https:\/\/schema.org","@graph":[{"@type":"WebPage","@id":"https:\/\/plcmarine.com\/en\/producto\/metalon-px-8-oz\/","url":"https:\/\/plcmarine.com\/en\/producto\/metalon-px-8-oz\/","name":"Metalon PX 8 Oz - PLC Marine","isPartOf":{"@id":"https:\/\/plcmarine.com\/en\/#website"},"primaryImageOfPage":{"@id":"https:\/\/plcmarine.com\/en\/producto\/metalon-px-8-oz\/#primaryimage"},"image":{"@id":"https:\/\/plcmarine.com\/en\/producto\/metalon-px-8-oz\/#primaryimage"},"thumbnailUrl":"https:\/\/plcmarine.com\/wp-content\/uploads\/2025\/05\/Metalon-PX-832x1088-1.jpg","datePublished":"2025-05-06T18:05:35+00:00","dateModified":"2026-01-07T22:11:04+00:00","description":"METALON PX \u2013 Limpiador y Pulidor Multiusos para Superficies Met\u00e1licas Alto rendimiento Protecci\u00f3n duradera Libre de cloro BiodegradableMETALON PX de DiTEC es un tratamiento completo para metales: limpia, pule y protege en un solo paso. Su f\u00f3rmula es segura para usar en todo tipo de superficies met\u00e1licas como acero inoxidable, cromo, lat\u00f3n, aluminio y plata. Adem\u00e1s de eliminar la suciedad, deja una capa protectora que previene el \u00f3xido y la corrosi\u00f3n, y reduce la adhesi\u00f3n de residuos futuros.Ventajas Principales: Tratamiento met\u00e1lico todo-en-uno (limpieza, pulido y protecci\u00f3n). F\u00e1cil de aplicar y remover, requiere m\u00ednimo esfuerzo para obtener resultados r\u00e1pidos y efectivos. Deja una capa protectora que ayuda a prevenir la oxidaci\u00f3n y la corrosi\u00f3n.Propiedades del Producto: Apariencia: L\u00edquido viscoso de color beige Solubilidad: 100% en agua pH: 2.2 \u2013 2.8Uso y Aplicaci\u00f3n: Superficies compatibles: Acero inoxidable, aluminio, cromo, lat\u00f3n y plata. Aplicaci\u00f3n: Aplicar con un pa\u00f1o de microfibra o algod\u00f3n y pulir bien la superficie met\u00e1lica.Impacto Ambiental: Cumple con MARPOL Anexo V Excelente perfil de toxicidad acu\u00e1tica Biodegradable Sin amon\u00edaco ni keroseno","breadcrumb":{"@id":"https:\/\/plcmarine.com\/en\/producto\/metalon-px-8-oz\/#breadcrumb"},"inLanguage":"en-US","potentialAction":[{"@type":"ReadAction","target":["https:\/\/plcmarine.com\/en\/producto\/metalon-px-8-oz\/"]}]},{"@type":"ImageObject","inLanguage":"en-US","@id":"https:\/\/plcmarine.com\/en\/producto\/metalon-px-8-oz\/#primaryimage","url":"https:\/\/plcmarine.com\/wp-content\/uploads\/2025\/05\/Metalon-PX-832x1088-1.jpg","contentUrl":"https:\/\/plcmarine.com\/wp-content\/uploads\/2025\/05\/Metalon-PX-832x1088-1.jpg","width":343,"height":448},{"@type":"BreadcrumbList","@id":"https:\/\/plcmarine.com\/en\/producto\/metalon-px-8-oz\/#breadcrumb","itemListElement":[{"@type":"ListItem","position":1,"name":"Home","item":"https:\/\/plcmarine.com\/en\/"},{"@type":"ListItem","position":2,"name":"Shop","item":"https:\/\/plcmarine.com\/shop\/"},{"@type":"ListItem","position":3,"name":"Metalon PX 8 Oz"}]},{"@type":"WebSite","@id":"https:\/\/plcmarine.com\/en\/#website","url":"https:\/\/plcmarine.com\/en\/","name":"PLC Marine","description":"The Professional&#039;s choice","potentialAction":[{"@type":"SearchAction","target":{"@type":"EntryPoint","urlTemplate":"https:\/\/plcmarine.com\/en\/?s={search_term_string}"},"query-input":{"@type":"PropertyValueSpecification","valueRequired":true,"valueName":"search_term_string"}}],"inLanguage":"en-US"}]}},"brands":[{"id":84,"name":"DiTEC Marine","slug":"ditec-marine"}],"_links":{"self":[{"href":"https:\/\/plcmarine.com\/en\/wp-json\/wp\/v2\/product\/33374321","targetHints":{"allow":["GET"]}}],"collection":[{"href":"https:\/\/plcmarine.com\/en\/wp-json\/wp\/v2\/product"}],"about":[{"href":"https:\/\/plcmarine.com\/en\/wp-json\/wp\/v2\/types\/product"}],"wp:featuredmedia":[{"embeddable":true,"href":"https:\/\/plcmarine.com\/en\/wp-json\/wp\/v2\/media\/33374322"}],"wp:attachment":[{"href":"https:\/\/plcmarine.com\/en\/wp-json\/wp\/v2\/media?parent=33374321"}],"wp:term":[{"taxonomy":"pwb-brand","embeddable":true,"href":"https:\/\/plcmarine.com\/en\/wp-json\/wp\/v2\/pwb-brand?post=33374321"},{"taxonomy":"product_brand","embeddable":true,"href":"https:\/\/plcmarine.com\/en\/wp-json\/wp\/v2\/product_brand?post=33374321"},{"taxonomy":"product_cat","embeddable":true,"href":"https:\/\/plcmarine.com\/en\/wp-json\/wp\/v2\/product_cat?post=33374321"},{"taxonomy":"product_tag","embeddable":true,"href":"https:\/\/plcmarine.com\/en\/wp-json\/wp\/v2\/product_tag?post=33374321"}],"curies":[{"name":"wp","href":"https:\/\/api.w.org\/{rel}","templated":true}]}}