



{"id":33374324,"date":"2025-05-06T18:05:35","date_gmt":"2025-05-06T18:05:35","guid":{"rendered":"https:\/\/plcmarine.com\/product\/glasstec-3-2-oz\/"},"modified":"2026-01-07T22:11:20","modified_gmt":"2026-01-07T22:11:20","slug":"glasstec-3-2-oz","status":"publish","type":"product","link":"https:\/\/plcmarine.com\/en\/producto\/glasstec-3-2-oz\/","title":{"rendered":"Glasstec-  3.2 oz"},"content":{"rendered":"<h4>Caracter\u00edsticas Destacadas<\/h4>\n<ul>\n<li><strong>Alto rendimiento<\/strong> y durabilidad<\/li>\n<li><strong>Propiedades hidrof\u00f3bicas:<\/strong> repele el agua<\/li>\n<li><strong>Protecci\u00f3n efectiva<\/strong> contra sal, calcio y dep\u00f3sitos minerales<\/li>\n<li><strong>Libre de cloro<\/strong><\/li>\n<\/ul>\n<hr \/>\n<h4>Detalles T\u00e9cnicos<\/h4>\n<ul>\n<li><strong>Cobertura:<\/strong> 3.2 oz. (hasta 250 pies\u00b2) | 32 oz. (hasta 2,500 pies\u00b2)<\/li>\n<li><strong>Apariencia:<\/strong> L\u00edquido transparente<\/li>\n<li><strong>Solubilidad:<\/strong> 100% en agua<\/li>\n<li><strong>pH:<\/strong> N\/D<\/li>\n<\/ul>\n<hr \/>\n<h4>Uso y Aplicaci\u00f3n<\/h4>\n<ul>\n<li><strong>Superficies recomendadas:<\/strong> Vidrio, pl\u00e1stico, fibra de vidrio, cer\u00e1mica, pintura, superficies brillantes, duras o semi-duras<\/li>\n<li><strong>Importante:<\/strong> Antes de aplicar, la superficie de vidrio debe limpiarse con <strong>DiTEC Crystal Clear<\/strong>. No utilizar limpiadores dom\u00e9sticos. Una vez aplicado GLASSTEC, se puede limpiar con Crystal Clear o un limpiador convencional para vidrio.<\/li>\n<li><strong>Modo de aplicaci\u00f3n:<\/strong> Aplicar con una almohadilla aplicadora de microfibra. Consultar el video instructivo para el proceso detallado.<\/li>\n<\/ul>\n","protected":false},"excerpt":{"rendered":"<h3>Recubrimiento Protector para Vidrio GLASSTEC \u2013 DiTEC<\/h3>\n<p><strong>GLASSTEC<\/strong> de <strong>DiTEC<\/strong> es un recubrimiento protector de alto rendimiento y larga duraci\u00f3n para superficies de vidrio. Forma una capa hidrof\u00f3bica (repelente al agua) que se adhiere molecularmente de forma inorg\u00e1nica al vidrio, ofreciendo una protecci\u00f3n eficaz contra <strong>sal, calcio, dep\u00f3sitos minerales<\/strong y <strong>rayos UV<\/strong>.<\/p>\n","protected":false},"featured_media":33374325,"template":"","meta":[],"pwb-brand":[84],"product_brand":[],"product_cat":[109],"product_tag":[],"class_list":{"0":"post-33374324","1":"product","2":"type-product","3":"status-publish","4":"has-post-thumbnail","6":"pwb-brand-ditec-marine","7":"product_cat-sin-categorizar","9":"first","10":"instock","11":"taxable","12":"shipping-taxable","13":"purchasable","14":"product-type-simple"},"yoast_head":"<!-- This site is optimized with the Yoast SEO plugin v25.3.1 - https:\/\/yoast.com\/wordpress\/plugins\/seo\/ -->\n<title>Glasstec- 3.2 oz - PLC Marine<\/title>\n<meta name=\"description\" content=\"Recubrimiento Protector para Vidrio GLASSTEC \u2013 DiTECGLASSTEC de DiTEC es un recubrimiento protector de alto rendimiento y larga duraci\u00f3n para superficies de vidrio. Forma una capa hidrof\u00f3bica (repelente al agua) que se adhiere molecularmente de forma inorg\u00e1nica al vidrio, ofreciendo una protecci\u00f3n eficaz contra sal, calcio, dep\u00f3sitos minerales&lt;\/strong y rayos UV.Caracter\u00edsticas Destacadas Alto rendimiento y durabilidad Propiedades hidrof\u00f3bicas: repele el agua Protecci\u00f3n efectiva contra sal, calcio y dep\u00f3sitos minerales Libre de cloroDetalles T\u00e9cnicos Cobertura: 3.2 oz. (hasta 250 pies\u00b2) | 32 oz. (hasta 2,500 pies\u00b2) Apariencia: L\u00edquido transparente Solubilidad: 100% en agua pH: N\/DUso y Aplicaci\u00f3n Superficies recomendadas: Vidrio, pl\u00e1stico, fibra de vidrio, cer\u00e1mica, pintura, superficies brillantes, duras o semi-duras Importante: Antes de aplicar, la superficie de vidrio debe limpiarse con DiTEC Crystal Clear. No utilizar limpiadores dom\u00e9sticos. Una vez aplicado GLASSTEC, se puede limpiar con Crystal Clear o un limpiador convencional para vidrio. Modo de aplicaci\u00f3n: Aplicar con una almohadilla aplicadora de microfibra. Consultar el video instructivo para el proceso detallado.\" \/>\n<meta name=\"robots\" content=\"index, follow, max-snippet:-1, max-image-preview:large, max-video-preview:-1\" \/>\n<link rel=\"canonical\" href=\"https:\/\/plcmarine.com\/en\/producto\/glasstec-3-2-oz\/\" \/>\n<meta property=\"og:locale\" content=\"en_US\" \/>\n<meta property=\"og:type\" content=\"article\" \/>\n<meta property=\"og:title\" content=\"Glasstec- 3.2 oz - PLC Marine\" \/>\n<meta property=\"og:description\" content=\"Recubrimiento Protector para Vidrio GLASSTEC \u2013 DiTECGLASSTEC de DiTEC es un recubrimiento protector de alto rendimiento y larga duraci\u00f3n para superficies de vidrio. Forma una capa hidrof\u00f3bica (repelente al agua) que se adhiere molecularmente de forma inorg\u00e1nica al vidrio, ofreciendo una protecci\u00f3n eficaz contra sal, calcio, dep\u00f3sitos minerales&lt;\/strong y rayos UV.Caracter\u00edsticas Destacadas Alto rendimiento y durabilidad Propiedades hidrof\u00f3bicas: repele el agua Protecci\u00f3n efectiva contra sal, calcio y dep\u00f3sitos minerales Libre de cloroDetalles T\u00e9cnicos Cobertura: 3.2 oz. (hasta 250 pies\u00b2) | 32 oz. (hasta 2,500 pies\u00b2) Apariencia: L\u00edquido transparente Solubilidad: 100% en agua pH: N\/DUso y Aplicaci\u00f3n Superficies recomendadas: Vidrio, pl\u00e1stico, fibra de vidrio, cer\u00e1mica, pintura, superficies brillantes, duras o semi-duras Importante: Antes de aplicar, la superficie de vidrio debe limpiarse con DiTEC Crystal Clear. No utilizar limpiadores dom\u00e9sticos. Una vez aplicado GLASSTEC, se puede limpiar con Crystal Clear o un limpiador convencional para vidrio. Modo de aplicaci\u00f3n: Aplicar con una almohadilla aplicadora de microfibra. Consultar el video instructivo para el proceso detallado.\" \/>\n<meta property=\"og:url\" content=\"https:\/\/plcmarine.com\/en\/producto\/glasstec-3-2-oz\/\" \/>\n<meta property=\"og:site_name\" content=\"PLC Marine\" \/>\n<meta property=\"article:modified_time\" content=\"2026-01-07T22:11:20+00:00\" \/>\n<meta property=\"og:image\" content=\"https:\/\/plcmarine.com\/wp-content\/uploads\/2025\/05\/Marine-Glass-Protection-1.jpg\" \/>\n\t<meta property=\"og:image:width\" content=\"343\" \/>\n\t<meta property=\"og:image:height\" content=\"448\" \/>\n\t<meta property=\"og:image:type\" content=\"image\/jpeg\" \/>\n<meta name=\"twitter:card\" content=\"summary_large_image\" \/>\n<meta name=\"twitter:label1\" content=\"Est. reading time\" \/>\n\t<meta name=\"twitter:data1\" content=\"1 minute\" \/>\n<script type=\"application\/ld+json\" class=\"yoast-schema-graph\">{\"@context\":\"https:\/\/schema.org\",\"@graph\":[{\"@type\":\"WebPage\",\"@id\":\"https:\/\/plcmarine.com\/en\/producto\/glasstec-3-2-oz\/\",\"url\":\"https:\/\/plcmarine.com\/en\/producto\/glasstec-3-2-oz\/\",\"name\":\"Glasstec- 3.2 oz - PLC Marine\",\"isPartOf\":{\"@id\":\"https:\/\/plcmarine.com\/en\/#website\"},\"primaryImageOfPage\":{\"@id\":\"https:\/\/plcmarine.com\/en\/producto\/glasstec-3-2-oz\/#primaryimage\"},\"image\":{\"@id\":\"https:\/\/plcmarine.com\/en\/producto\/glasstec-3-2-oz\/#primaryimage\"},\"thumbnailUrl\":\"https:\/\/plcmarine.com\/wp-content\/uploads\/2025\/05\/Marine-Glass-Protection-1.jpg\",\"datePublished\":\"2025-05-06T18:05:35+00:00\",\"dateModified\":\"2026-01-07T22:11:20+00:00\",\"description\":\"Recubrimiento Protector para Vidrio GLASSTEC \u2013 DiTECGLASSTEC de DiTEC es un recubrimiento protector de alto rendimiento y larga duraci\u00f3n para superficies de vidrio. Forma una capa hidrof\u00f3bica (repelente al agua) que se adhiere molecularmente de forma inorg\u00e1nica al vidrio, ofreciendo una protecci\u00f3n eficaz contra sal, calcio, dep\u00f3sitos minerales&lt;\/strong y rayos UV.Caracter\u00edsticas Destacadas Alto rendimiento y durabilidad Propiedades hidrof\u00f3bicas: repele el agua Protecci\u00f3n efectiva contra sal, calcio y dep\u00f3sitos minerales Libre de cloroDetalles T\u00e9cnicos Cobertura: 3.2 oz. (hasta 250 pies\u00b2) | 32 oz. (hasta 2,500 pies\u00b2) Apariencia: L\u00edquido transparente Solubilidad: 100% en agua pH: N\/DUso y Aplicaci\u00f3n Superficies recomendadas: Vidrio, pl\u00e1stico, fibra de vidrio, cer\u00e1mica, pintura, superficies brillantes, duras o semi-duras Importante: Antes de aplicar, la superficie de vidrio debe limpiarse con DiTEC Crystal Clear. No utilizar limpiadores dom\u00e9sticos. Una vez aplicado GLASSTEC, se puede limpiar con Crystal Clear o un limpiador convencional para vidrio. Modo de aplicaci\u00f3n: Aplicar con una almohadilla aplicadora de microfibra. Consultar el video instructivo para el proceso detallado.\",\"breadcrumb\":{\"@id\":\"https:\/\/plcmarine.com\/en\/producto\/glasstec-3-2-oz\/#breadcrumb\"},\"inLanguage\":\"en-US\",\"potentialAction\":[{\"@type\":\"ReadAction\",\"target\":[\"https:\/\/plcmarine.com\/en\/producto\/glasstec-3-2-oz\/\"]}]},{\"@type\":\"ImageObject\",\"inLanguage\":\"en-US\",\"@id\":\"https:\/\/plcmarine.com\/en\/producto\/glasstec-3-2-oz\/#primaryimage\",\"url\":\"https:\/\/plcmarine.com\/wp-content\/uploads\/2025\/05\/Marine-Glass-Protection-1.jpg\",\"contentUrl\":\"https:\/\/plcmarine.com\/wp-content\/uploads\/2025\/05\/Marine-Glass-Protection-1.jpg\",\"width\":343,\"height\":448},{\"@type\":\"BreadcrumbList\",\"@id\":\"https:\/\/plcmarine.com\/en\/producto\/glasstec-3-2-oz\/#breadcrumb\",\"itemListElement\":[{\"@type\":\"ListItem\",\"position\":1,\"name\":\"Home\",\"item\":\"https:\/\/plcmarine.com\/en\/\"},{\"@type\":\"ListItem\",\"position\":2,\"name\":\"Shop\",\"item\":\"https:\/\/plcmarine.com\/shop\/\"},{\"@type\":\"ListItem\",\"position\":3,\"name\":\"Glasstec- 3.2 oz\"}]},{\"@type\":\"WebSite\",\"@id\":\"https:\/\/plcmarine.com\/en\/#website\",\"url\":\"https:\/\/plcmarine.com\/en\/\",\"name\":\"PLC Marine\",\"description\":\"The Professional&#039;s choice\",\"potentialAction\":[{\"@type\":\"SearchAction\",\"target\":{\"@type\":\"EntryPoint\",\"urlTemplate\":\"https:\/\/plcmarine.com\/en\/?s={search_term_string}\"},\"query-input\":{\"@type\":\"PropertyValueSpecification\",\"valueRequired\":true,\"valueName\":\"search_term_string\"}}],\"inLanguage\":\"en-US\"}]}<\/script>\n<!-- \/ Yoast SEO plugin. -->","yoast_head_json":{"title":"Glasstec- 3.2 oz - PLC Marine","description":"Recubrimiento Protector para Vidrio GLASSTEC \u2013 DiTECGLASSTEC de DiTEC es un recubrimiento protector de alto rendimiento y larga duraci\u00f3n para superficies de vidrio. Forma una capa hidrof\u00f3bica (repelente al agua) que se adhiere molecularmente de forma inorg\u00e1nica al vidrio, ofreciendo una protecci\u00f3n eficaz contra sal, calcio, dep\u00f3sitos minerales&lt;\/strong y rayos UV.Caracter\u00edsticas Destacadas Alto rendimiento y durabilidad Propiedades hidrof\u00f3bicas: repele el agua Protecci\u00f3n efectiva contra sal, calcio y dep\u00f3sitos minerales Libre de cloroDetalles T\u00e9cnicos Cobertura: 3.2 oz. (hasta 250 pies\u00b2) | 32 oz. (hasta 2,500 pies\u00b2) Apariencia: L\u00edquido transparente Solubilidad: 100% en agua pH: N\/DUso y Aplicaci\u00f3n Superficies recomendadas: Vidrio, pl\u00e1stico, fibra de vidrio, cer\u00e1mica, pintura, superficies brillantes, duras o semi-duras Importante: Antes de aplicar, la superficie de vidrio debe limpiarse con DiTEC Crystal Clear. No utilizar limpiadores dom\u00e9sticos. Una vez aplicado GLASSTEC, se puede limpiar con Crystal Clear o un limpiador convencional para vidrio. Modo de aplicaci\u00f3n: Aplicar con una almohadilla aplicadora de microfibra. Consultar el video instructivo para el proceso detallado.","robots":{"index":"index","follow":"follow","max-snippet":"max-snippet:-1","max-image-preview":"max-image-preview:large","max-video-preview":"max-video-preview:-1"},"canonical":"https:\/\/plcmarine.com\/en\/producto\/glasstec-3-2-oz\/","og_locale":"en_US","og_type":"article","og_title":"Glasstec- 3.2 oz - PLC Marine","og_description":"Recubrimiento Protector para Vidrio GLASSTEC \u2013 DiTECGLASSTEC de DiTEC es un recubrimiento protector de alto rendimiento y larga duraci\u00f3n para superficies de vidrio. Forma una capa hidrof\u00f3bica (repelente al agua) que se adhiere molecularmente de forma inorg\u00e1nica al vidrio, ofreciendo una protecci\u00f3n eficaz contra sal, calcio, dep\u00f3sitos minerales&lt;\/strong y rayos UV.Caracter\u00edsticas Destacadas Alto rendimiento y durabilidad Propiedades hidrof\u00f3bicas: repele el agua Protecci\u00f3n efectiva contra sal, calcio y dep\u00f3sitos minerales Libre de cloroDetalles T\u00e9cnicos Cobertura: 3.2 oz. (hasta 250 pies\u00b2) | 32 oz. (hasta 2,500 pies\u00b2) Apariencia: L\u00edquido transparente Solubilidad: 100% en agua pH: N\/DUso y Aplicaci\u00f3n Superficies recomendadas: Vidrio, pl\u00e1stico, fibra de vidrio, cer\u00e1mica, pintura, superficies brillantes, duras o semi-duras Importante: Antes de aplicar, la superficie de vidrio debe limpiarse con DiTEC Crystal Clear. No utilizar limpiadores dom\u00e9sticos. Una vez aplicado GLASSTEC, se puede limpiar con Crystal Clear o un limpiador convencional para vidrio. Modo de aplicaci\u00f3n: Aplicar con una almohadilla aplicadora de microfibra. Consultar el video instructivo para el proceso detallado.","og_url":"https:\/\/plcmarine.com\/en\/producto\/glasstec-3-2-oz\/","og_site_name":"PLC Marine","article_modified_time":"2026-01-07T22:11:20+00:00","og_image":[{"width":343,"height":448,"url":"https:\/\/plcmarine.com\/wp-content\/uploads\/2025\/05\/Marine-Glass-Protection-1.jpg","type":"image\/jpeg"}],"twitter_card":"summary_large_image","twitter_misc":{"Est. reading time":"1 minute"},"schema":{"@context":"https:\/\/schema.org","@graph":[{"@type":"WebPage","@id":"https:\/\/plcmarine.com\/en\/producto\/glasstec-3-2-oz\/","url":"https:\/\/plcmarine.com\/en\/producto\/glasstec-3-2-oz\/","name":"Glasstec- 3.2 oz - PLC Marine","isPartOf":{"@id":"https:\/\/plcmarine.com\/en\/#website"},"primaryImageOfPage":{"@id":"https:\/\/plcmarine.com\/en\/producto\/glasstec-3-2-oz\/#primaryimage"},"image":{"@id":"https:\/\/plcmarine.com\/en\/producto\/glasstec-3-2-oz\/#primaryimage"},"thumbnailUrl":"https:\/\/plcmarine.com\/wp-content\/uploads\/2025\/05\/Marine-Glass-Protection-1.jpg","datePublished":"2025-05-06T18:05:35+00:00","dateModified":"2026-01-07T22:11:20+00:00","description":"Recubrimiento Protector para Vidrio GLASSTEC \u2013 DiTECGLASSTEC de DiTEC es un recubrimiento protector de alto rendimiento y larga duraci\u00f3n para superficies de vidrio. Forma una capa hidrof\u00f3bica (repelente al agua) que se adhiere molecularmente de forma inorg\u00e1nica al vidrio, ofreciendo una protecci\u00f3n eficaz contra sal, calcio, dep\u00f3sitos minerales&lt;\/strong y rayos UV.Caracter\u00edsticas Destacadas Alto rendimiento y durabilidad Propiedades hidrof\u00f3bicas: repele el agua Protecci\u00f3n efectiva contra sal, calcio y dep\u00f3sitos minerales Libre de cloroDetalles T\u00e9cnicos Cobertura: 3.2 oz. (hasta 250 pies\u00b2) | 32 oz. (hasta 2,500 pies\u00b2) Apariencia: L\u00edquido transparente Solubilidad: 100% en agua pH: N\/DUso y Aplicaci\u00f3n Superficies recomendadas: Vidrio, pl\u00e1stico, fibra de vidrio, cer\u00e1mica, pintura, superficies brillantes, duras o semi-duras Importante: Antes de aplicar, la superficie de vidrio debe limpiarse con DiTEC Crystal Clear. No utilizar limpiadores dom\u00e9sticos. Una vez aplicado GLASSTEC, se puede limpiar con Crystal Clear o un limpiador convencional para vidrio. Modo de aplicaci\u00f3n: Aplicar con una almohadilla aplicadora de microfibra. Consultar el video instructivo para el proceso detallado.","breadcrumb":{"@id":"https:\/\/plcmarine.com\/en\/producto\/glasstec-3-2-oz\/#breadcrumb"},"inLanguage":"en-US","potentialAction":[{"@type":"ReadAction","target":["https:\/\/plcmarine.com\/en\/producto\/glasstec-3-2-oz\/"]}]},{"@type":"ImageObject","inLanguage":"en-US","@id":"https:\/\/plcmarine.com\/en\/producto\/glasstec-3-2-oz\/#primaryimage","url":"https:\/\/plcmarine.com\/wp-content\/uploads\/2025\/05\/Marine-Glass-Protection-1.jpg","contentUrl":"https:\/\/plcmarine.com\/wp-content\/uploads\/2025\/05\/Marine-Glass-Protection-1.jpg","width":343,"height":448},{"@type":"BreadcrumbList","@id":"https:\/\/plcmarine.com\/en\/producto\/glasstec-3-2-oz\/#breadcrumb","itemListElement":[{"@type":"ListItem","position":1,"name":"Home","item":"https:\/\/plcmarine.com\/en\/"},{"@type":"ListItem","position":2,"name":"Shop","item":"https:\/\/plcmarine.com\/shop\/"},{"@type":"ListItem","position":3,"name":"Glasstec- 3.2 oz"}]},{"@type":"WebSite","@id":"https:\/\/plcmarine.com\/en\/#website","url":"https:\/\/plcmarine.com\/en\/","name":"PLC Marine","description":"The Professional&#039;s choice","potentialAction":[{"@type":"SearchAction","target":{"@type":"EntryPoint","urlTemplate":"https:\/\/plcmarine.com\/en\/?s={search_term_string}"},"query-input":{"@type":"PropertyValueSpecification","valueRequired":true,"valueName":"search_term_string"}}],"inLanguage":"en-US"}]}},"brands":[{"id":84,"name":"DiTEC Marine","slug":"ditec-marine"}],"_links":{"self":[{"href":"https:\/\/plcmarine.com\/en\/wp-json\/wp\/v2\/product\/33374324","targetHints":{"allow":["GET"]}}],"collection":[{"href":"https:\/\/plcmarine.com\/en\/wp-json\/wp\/v2\/product"}],"about":[{"href":"https:\/\/plcmarine.com\/en\/wp-json\/wp\/v2\/types\/product"}],"wp:featuredmedia":[{"embeddable":true,"href":"https:\/\/plcmarine.com\/en\/wp-json\/wp\/v2\/media\/33374325"}],"wp:attachment":[{"href":"https:\/\/plcmarine.com\/en\/wp-json\/wp\/v2\/media?parent=33374324"}],"wp:term":[{"taxonomy":"pwb-brand","embeddable":true,"href":"https:\/\/plcmarine.com\/en\/wp-json\/wp\/v2\/pwb-brand?post=33374324"},{"taxonomy":"product_brand","embeddable":true,"href":"https:\/\/plcmarine.com\/en\/wp-json\/wp\/v2\/product_brand?post=33374324"},{"taxonomy":"product_cat","embeddable":true,"href":"https:\/\/plcmarine.com\/en\/wp-json\/wp\/v2\/product_cat?post=33374324"},{"taxonomy":"product_tag","embeddable":true,"href":"https:\/\/plcmarine.com\/en\/wp-json\/wp\/v2\/product_tag?post=33374324"}],"curies":[{"name":"wp","href":"https:\/\/api.w.org\/{rel}","templated":true}]}}