



{"id":33374330,"date":"2025-05-06T18:10:45","date_gmt":"2025-05-06T18:10:45","guid":{"rendered":"https:\/\/plcmarine.com\/product\/teak-clean-1-gallon\/"},"modified":"2026-01-07T22:11:50","modified_gmt":"2026-01-07T22:11:50","slug":"teak-clean-1-gallon","status":"publish","type":"product","link":"https:\/\/plcmarine.com\/en\/producto\/teak-clean-1-gallon\/","title":{"rendered":"Teak Clean-1 Gallon"},"content":{"rendered":"<h4>Caracter\u00edsticas Principales<\/h4>\n<ul>\n<li><strong>Proceso de limpieza de un solo paso:<\/strong> Ahorra tiempo al ser un limpiador eficiente.<\/li>\n<li><strong>No corrosivo:<\/strong> Protege los metales mientras limpia.<\/li>\n<li><strong>Libre de cloro:<\/strong> Seguro para el medio ambiente.<\/li>\n<li><strong>Biodegradable:<\/strong> Se biodegrada f\u00e1cilmente y es seguro para los cuerpos de agua.<\/li>\n<li><strong>Apariencia:<\/strong> L\u00edquido transparente.<\/li>\n<li><strong>Solubilidad:<\/strong> 100% soluble en agua.<\/li>\n<li><strong>pH:<\/strong> &lt;1 (bajo pH, ideal para limpieza eficiente).<\/li>\n<\/ul>\n<hr \/>\n<h4>Detalles del Producto<\/h4>\n<ul>\n<li><strong>Cobertura:<\/strong> Un gal\u00f3n cubre aproximadamente 200-250 ft\u00b2 (para una limpieza profunda) o 300-350 ft\u00b2 (para una limpieza ligera).<\/li>\n<li><strong>Remueve moho y hongos:<\/strong> Eficaz en la eliminaci\u00f3n de manchas de moho y hongos.<\/li>\n<li><strong>Inhibidores no corrosivos:<\/strong> Protege metales de la corrosi\u00f3n (no se debe usar cerca de aluminio, lat\u00f3n o metales suaves y terminados).<\/li>\n<li><strong>No regulado por el DOT:<\/strong> Bajo costo de transporte.<\/li>\n<li><strong>Tasa de consumo baja:<\/strong> Producto rentable.<\/li>\n<\/ul>\n<hr \/>\n<h4>Uso y Aplicaci\u00f3n<\/h4>\n<ul>\n<li><strong>Para usar en:<\/strong> Teak y todas las superficies de madera. No utilizar cerca de aluminio, lat\u00f3n o metales suaves y terminados.<\/li>\n<li><strong>Aplicaci\u00f3n:<\/strong> Aplicar con un pulverizador de bomba o aplicar con una almohadilla de limpieza de polipropileno de densidad media.<\/li>\n<\/ul>\n<hr \/>\n<h4>Impacto Ambiental<\/h4>\n<ul>\n<li>Cumple con las normativas MARPOL Anexo III y Anexo V.<\/li>\n<li>Biodegradable.<\/li>\n<li>Libre de fosfatos.<\/li>\n<li>No contiene fenoles.<\/li>\n<li>Libre de blanqueadores.<\/li>\n<li>No corrosivo.<\/li>\n<\/ul>\n","protected":false},"excerpt":{"rendered":"<h3>Teak Cleaner and Brightener \u2013 Teak Clean<\/h3>\n<p>TEAK CLEAN es un limpiador y abrillantador de teak de un solo paso, no peligroso y ecol\u00f3gico, ideal para el mantenimiento regular del teak. Es una alternativa segura, efectiva, no t\u00f3xica y respetuosa con el medio ambiente, que reemplaza el uso de \u00e1cido fosf\u00f3rico u otros limpiadores c\u00e1usticos. Especialmente formulado para el teak y otras superficies de madera, limpia de manera segura y mantiene el color natural de las cubiertas de teak y muebles de madera.<\/p>\n","protected":false},"featured_media":33374331,"template":"","meta":[],"pwb-brand":[84],"product_brand":[],"product_cat":[155,109],"product_tag":[],"class_list":{"0":"post-33374330","1":"product","2":"type-product","3":"status-publish","4":"has-post-thumbnail","6":"pwb-brand-ditec-marine","7":"product_cat-cuidado-de-la-teca","8":"product_cat-sin-categorizar","10":"first","11":"instock","12":"taxable","13":"shipping-taxable","14":"purchasable","15":"product-type-simple"},"yoast_head":"<!-- This site is optimized with the Yoast SEO plugin v25.3.1 - https:\/\/yoast.com\/wordpress\/plugins\/seo\/ -->\n<title>Teak Clean-1 Gallon - PLC Marine<\/title>\n<meta name=\"description\" content=\"Teak Cleaner and Brightener \u2013 Teak CleanTEAK CLEAN es un limpiador y abrillantador de teak de un solo paso, no peligroso y ecol\u00f3gico, ideal para el mantenimiento regular del teak. Es una alternativa segura, efectiva, no t\u00f3xica y respetuosa con el medio ambiente, que reemplaza el uso de \u00e1cido fosf\u00f3rico u otros limpiadores c\u00e1usticos. Especialmente formulado para el teak y otras superficies de madera, limpia de manera segura y mantiene el color natural de las cubiertas de teak y muebles de madera.Caracter\u00edsticas Principales Proceso de limpieza de un solo paso: Ahorra tiempo al ser un limpiador eficiente. No corrosivo: Protege los metales mientras limpia. Libre de cloro: Seguro para el medio ambiente. Biodegradable: Se biodegrada f\u00e1cilmente y es seguro para los cuerpos de agua. Apariencia: L\u00edquido transparente. Solubilidad: 100% soluble en agua. pH: &lt;1 (bajo pH, ideal para limpieza eficiente).Detalles del Producto Cobertura: Un gal\u00f3n cubre aproximadamente 200-250 ft\u00b2 (para una limpieza profunda) o 300-350 ft\u00b2 (para una limpieza ligera). Remueve moho y hongos: Eficaz en la eliminaci\u00f3n de manchas de moho y hongos. Inhibidores no corrosivos: Protege metales de la corrosi\u00f3n (no se debe usar cerca de aluminio, lat\u00f3n o metales suaves y terminados). No regulado por el DOT: Bajo costo de transporte. Tasa de consumo baja: Producto rentable.Uso y Aplicaci\u00f3n Para usar en: Teak y todas las superficies de madera. No utilizar cerca de aluminio, lat\u00f3n o metales suaves y terminados. Aplicaci\u00f3n: Aplicar con un pulverizador de bomba o aplicar con una almohadilla de limpieza de polipropileno de densidad media.Impacto Ambiental Cumple con las normativas MARPOL Anexo III y Anexo V. Biodegradable. Libre de fosfatos. No contiene fenoles. Libre de blanqueadores. No corrosivo.\" \/>\n<meta name=\"robots\" content=\"index, follow, max-snippet:-1, max-image-preview:large, max-video-preview:-1\" \/>\n<link rel=\"canonical\" href=\"https:\/\/plcmarine.com\/en\/producto\/teak-clean-1-gallon\/\" \/>\n<meta property=\"og:locale\" content=\"en_US\" \/>\n<meta property=\"og:type\" content=\"article\" \/>\n<meta property=\"og:title\" content=\"Teak Clean-1 Gallon - PLC Marine\" \/>\n<meta property=\"og:description\" content=\"Teak Cleaner and Brightener \u2013 Teak CleanTEAK CLEAN es un limpiador y abrillantador de teak de un solo paso, no peligroso y ecol\u00f3gico, ideal para el mantenimiento regular del teak. Es una alternativa segura, efectiva, no t\u00f3xica y respetuosa con el medio ambiente, que reemplaza el uso de \u00e1cido fosf\u00f3rico u otros limpiadores c\u00e1usticos. Especialmente formulado para el teak y otras superficies de madera, limpia de manera segura y mantiene el color natural de las cubiertas de teak y muebles de madera.Caracter\u00edsticas Principales Proceso de limpieza de un solo paso: Ahorra tiempo al ser un limpiador eficiente. No corrosivo: Protege los metales mientras limpia. Libre de cloro: Seguro para el medio ambiente. Biodegradable: Se biodegrada f\u00e1cilmente y es seguro para los cuerpos de agua. Apariencia: L\u00edquido transparente. Solubilidad: 100% soluble en agua. pH: &lt;1 (bajo pH, ideal para limpieza eficiente).Detalles del Producto Cobertura: Un gal\u00f3n cubre aproximadamente 200-250 ft\u00b2 (para una limpieza profunda) o 300-350 ft\u00b2 (para una limpieza ligera). Remueve moho y hongos: Eficaz en la eliminaci\u00f3n de manchas de moho y hongos. Inhibidores no corrosivos: Protege metales de la corrosi\u00f3n (no se debe usar cerca de aluminio, lat\u00f3n o metales suaves y terminados). No regulado por el DOT: Bajo costo de transporte. Tasa de consumo baja: Producto rentable.Uso y Aplicaci\u00f3n Para usar en: Teak y todas las superficies de madera. No utilizar cerca de aluminio, lat\u00f3n o metales suaves y terminados. Aplicaci\u00f3n: Aplicar con un pulverizador de bomba o aplicar con una almohadilla de limpieza de polipropileno de densidad media.Impacto Ambiental Cumple con las normativas MARPOL Anexo III y Anexo V. Biodegradable. Libre de fosfatos. No contiene fenoles. Libre de blanqueadores. No corrosivo.\" \/>\n<meta property=\"og:url\" content=\"https:\/\/plcmarine.com\/en\/producto\/teak-clean-1-gallon\/\" \/>\n<meta property=\"og:site_name\" content=\"PLC Marine\" \/>\n<meta property=\"article:modified_time\" content=\"2026-01-07T22:11:50+00:00\" \/>\n<meta property=\"og:image\" content=\"https:\/\/plcmarine.com\/wp-content\/uploads\/2025\/05\/Teak-Clean-1.jpg\" \/>\n\t<meta property=\"og:image:width\" content=\"343\" \/>\n\t<meta property=\"og:image:height\" content=\"448\" \/>\n\t<meta property=\"og:image:type\" content=\"image\/jpeg\" \/>\n<meta name=\"twitter:card\" content=\"summary_large_image\" \/>\n<meta name=\"twitter:label1\" content=\"Est. reading time\" \/>\n\t<meta name=\"twitter:data1\" content=\"2 minutes\" \/>\n<script type=\"application\/ld+json\" class=\"yoast-schema-graph\">{\"@context\":\"https:\/\/schema.org\",\"@graph\":[{\"@type\":\"WebPage\",\"@id\":\"https:\/\/plcmarine.com\/en\/producto\/teak-clean-1-gallon\/\",\"url\":\"https:\/\/plcmarine.com\/en\/producto\/teak-clean-1-gallon\/\",\"name\":\"Teak Clean-1 Gallon - PLC Marine\",\"isPartOf\":{\"@id\":\"https:\/\/plcmarine.com\/en\/#website\"},\"primaryImageOfPage\":{\"@id\":\"https:\/\/plcmarine.com\/en\/producto\/teak-clean-1-gallon\/#primaryimage\"},\"image\":{\"@id\":\"https:\/\/plcmarine.com\/en\/producto\/teak-clean-1-gallon\/#primaryimage\"},\"thumbnailUrl\":\"https:\/\/plcmarine.com\/wp-content\/uploads\/2025\/05\/Teak-Clean-1.jpg\",\"datePublished\":\"2025-05-06T18:10:45+00:00\",\"dateModified\":\"2026-01-07T22:11:50+00:00\",\"description\":\"Teak Cleaner and Brightener \u2013 Teak CleanTEAK CLEAN es un limpiador y abrillantador de teak de un solo paso, no peligroso y ecol\u00f3gico, ideal para el mantenimiento regular del teak. Es una alternativa segura, efectiva, no t\u00f3xica y respetuosa con el medio ambiente, que reemplaza el uso de \u00e1cido fosf\u00f3rico u otros limpiadores c\u00e1usticos. Especialmente formulado para el teak y otras superficies de madera, limpia de manera segura y mantiene el color natural de las cubiertas de teak y muebles de madera.Caracter\u00edsticas Principales Proceso de limpieza de un solo paso: Ahorra tiempo al ser un limpiador eficiente. No corrosivo: Protege los metales mientras limpia. Libre de cloro: Seguro para el medio ambiente. Biodegradable: Se biodegrada f\u00e1cilmente y es seguro para los cuerpos de agua. Apariencia: L\u00edquido transparente. Solubilidad: 100% soluble en agua. pH: &lt;1 (bajo pH, ideal para limpieza eficiente).Detalles del Producto Cobertura: Un gal\u00f3n cubre aproximadamente 200-250 ft\u00b2 (para una limpieza profunda) o 300-350 ft\u00b2 (para una limpieza ligera). Remueve moho y hongos: Eficaz en la eliminaci\u00f3n de manchas de moho y hongos. Inhibidores no corrosivos: Protege metales de la corrosi\u00f3n (no se debe usar cerca de aluminio, lat\u00f3n o metales suaves y terminados). No regulado por el DOT: Bajo costo de transporte. Tasa de consumo baja: Producto rentable.Uso y Aplicaci\u00f3n Para usar en: Teak y todas las superficies de madera. No utilizar cerca de aluminio, lat\u00f3n o metales suaves y terminados. Aplicaci\u00f3n: Aplicar con un pulverizador de bomba o aplicar con una almohadilla de limpieza de polipropileno de densidad media.Impacto Ambiental Cumple con las normativas MARPOL Anexo III y Anexo V. Biodegradable. Libre de fosfatos. No contiene fenoles. Libre de blanqueadores. No corrosivo.\",\"breadcrumb\":{\"@id\":\"https:\/\/plcmarine.com\/en\/producto\/teak-clean-1-gallon\/#breadcrumb\"},\"inLanguage\":\"en-US\",\"potentialAction\":[{\"@type\":\"ReadAction\",\"target\":[\"https:\/\/plcmarine.com\/en\/producto\/teak-clean-1-gallon\/\"]}]},{\"@type\":\"ImageObject\",\"inLanguage\":\"en-US\",\"@id\":\"https:\/\/plcmarine.com\/en\/producto\/teak-clean-1-gallon\/#primaryimage\",\"url\":\"https:\/\/plcmarine.com\/wp-content\/uploads\/2025\/05\/Teak-Clean-1.jpg\",\"contentUrl\":\"https:\/\/plcmarine.com\/wp-content\/uploads\/2025\/05\/Teak-Clean-1.jpg\",\"width\":343,\"height\":448},{\"@type\":\"BreadcrumbList\",\"@id\":\"https:\/\/plcmarine.com\/en\/producto\/teak-clean-1-gallon\/#breadcrumb\",\"itemListElement\":[{\"@type\":\"ListItem\",\"position\":1,\"name\":\"Home\",\"item\":\"https:\/\/plcmarine.com\/en\/\"},{\"@type\":\"ListItem\",\"position\":2,\"name\":\"Shop\",\"item\":\"https:\/\/plcmarine.com\/shop\/\"},{\"@type\":\"ListItem\",\"position\":3,\"name\":\"Teak Clean-1 Gallon\"}]},{\"@type\":\"WebSite\",\"@id\":\"https:\/\/plcmarine.com\/en\/#website\",\"url\":\"https:\/\/plcmarine.com\/en\/\",\"name\":\"PLC Marine\",\"description\":\"The Professional&#039;s choice\",\"potentialAction\":[{\"@type\":\"SearchAction\",\"target\":{\"@type\":\"EntryPoint\",\"urlTemplate\":\"https:\/\/plcmarine.com\/en\/?s={search_term_string}\"},\"query-input\":{\"@type\":\"PropertyValueSpecification\",\"valueRequired\":true,\"valueName\":\"search_term_string\"}}],\"inLanguage\":\"en-US\"}]}<\/script>\n<!-- \/ Yoast SEO plugin. -->","yoast_head_json":{"title":"Teak Clean-1 Gallon - PLC Marine","description":"Teak Cleaner and Brightener \u2013 Teak CleanTEAK CLEAN es un limpiador y abrillantador de teak de un solo paso, no peligroso y ecol\u00f3gico, ideal para el mantenimiento regular del teak. Es una alternativa segura, efectiva, no t\u00f3xica y respetuosa con el medio ambiente, que reemplaza el uso de \u00e1cido fosf\u00f3rico u otros limpiadores c\u00e1usticos. Especialmente formulado para el teak y otras superficies de madera, limpia de manera segura y mantiene el color natural de las cubiertas de teak y muebles de madera.Caracter\u00edsticas Principales Proceso de limpieza de un solo paso: Ahorra tiempo al ser un limpiador eficiente. No corrosivo: Protege los metales mientras limpia. Libre de cloro: Seguro para el medio ambiente. Biodegradable: Se biodegrada f\u00e1cilmente y es seguro para los cuerpos de agua. Apariencia: L\u00edquido transparente. Solubilidad: 100% soluble en agua. pH: &lt;1 (bajo pH, ideal para limpieza eficiente).Detalles del Producto Cobertura: Un gal\u00f3n cubre aproximadamente 200-250 ft\u00b2 (para una limpieza profunda) o 300-350 ft\u00b2 (para una limpieza ligera). Remueve moho y hongos: Eficaz en la eliminaci\u00f3n de manchas de moho y hongos. Inhibidores no corrosivos: Protege metales de la corrosi\u00f3n (no se debe usar cerca de aluminio, lat\u00f3n o metales suaves y terminados). No regulado por el DOT: Bajo costo de transporte. Tasa de consumo baja: Producto rentable.Uso y Aplicaci\u00f3n Para usar en: Teak y todas las superficies de madera. No utilizar cerca de aluminio, lat\u00f3n o metales suaves y terminados. Aplicaci\u00f3n: Aplicar con un pulverizador de bomba o aplicar con una almohadilla de limpieza de polipropileno de densidad media.Impacto Ambiental Cumple con las normativas MARPOL Anexo III y Anexo V. Biodegradable. Libre de fosfatos. No contiene fenoles. Libre de blanqueadores. No corrosivo.","robots":{"index":"index","follow":"follow","max-snippet":"max-snippet:-1","max-image-preview":"max-image-preview:large","max-video-preview":"max-video-preview:-1"},"canonical":"https:\/\/plcmarine.com\/en\/producto\/teak-clean-1-gallon\/","og_locale":"en_US","og_type":"article","og_title":"Teak Clean-1 Gallon - PLC Marine","og_description":"Teak Cleaner and Brightener \u2013 Teak CleanTEAK CLEAN es un limpiador y abrillantador de teak de un solo paso, no peligroso y ecol\u00f3gico, ideal para el mantenimiento regular del teak. Es una alternativa segura, efectiva, no t\u00f3xica y respetuosa con el medio ambiente, que reemplaza el uso de \u00e1cido fosf\u00f3rico u otros limpiadores c\u00e1usticos. Especialmente formulado para el teak y otras superficies de madera, limpia de manera segura y mantiene el color natural de las cubiertas de teak y muebles de madera.Caracter\u00edsticas Principales Proceso de limpieza de un solo paso: Ahorra tiempo al ser un limpiador eficiente. No corrosivo: Protege los metales mientras limpia. Libre de cloro: Seguro para el medio ambiente. Biodegradable: Se biodegrada f\u00e1cilmente y es seguro para los cuerpos de agua. Apariencia: L\u00edquido transparente. Solubilidad: 100% soluble en agua. pH: &lt;1 (bajo pH, ideal para limpieza eficiente).Detalles del Producto Cobertura: Un gal\u00f3n cubre aproximadamente 200-250 ft\u00b2 (para una limpieza profunda) o 300-350 ft\u00b2 (para una limpieza ligera). Remueve moho y hongos: Eficaz en la eliminaci\u00f3n de manchas de moho y hongos. Inhibidores no corrosivos: Protege metales de la corrosi\u00f3n (no se debe usar cerca de aluminio, lat\u00f3n o metales suaves y terminados). No regulado por el DOT: Bajo costo de transporte. Tasa de consumo baja: Producto rentable.Uso y Aplicaci\u00f3n Para usar en: Teak y todas las superficies de madera. No utilizar cerca de aluminio, lat\u00f3n o metales suaves y terminados. Aplicaci\u00f3n: Aplicar con un pulverizador de bomba o aplicar con una almohadilla de limpieza de polipropileno de densidad media.Impacto Ambiental Cumple con las normativas MARPOL Anexo III y Anexo V. Biodegradable. Libre de fosfatos. No contiene fenoles. Libre de blanqueadores. No corrosivo.","og_url":"https:\/\/plcmarine.com\/en\/producto\/teak-clean-1-gallon\/","og_site_name":"PLC Marine","article_modified_time":"2026-01-07T22:11:50+00:00","og_image":[{"width":343,"height":448,"url":"https:\/\/plcmarine.com\/wp-content\/uploads\/2025\/05\/Teak-Clean-1.jpg","type":"image\/jpeg"}],"twitter_card":"summary_large_image","twitter_misc":{"Est. reading time":"2 minutes"},"schema":{"@context":"https:\/\/schema.org","@graph":[{"@type":"WebPage","@id":"https:\/\/plcmarine.com\/en\/producto\/teak-clean-1-gallon\/","url":"https:\/\/plcmarine.com\/en\/producto\/teak-clean-1-gallon\/","name":"Teak Clean-1 Gallon - PLC Marine","isPartOf":{"@id":"https:\/\/plcmarine.com\/en\/#website"},"primaryImageOfPage":{"@id":"https:\/\/plcmarine.com\/en\/producto\/teak-clean-1-gallon\/#primaryimage"},"image":{"@id":"https:\/\/plcmarine.com\/en\/producto\/teak-clean-1-gallon\/#primaryimage"},"thumbnailUrl":"https:\/\/plcmarine.com\/wp-content\/uploads\/2025\/05\/Teak-Clean-1.jpg","datePublished":"2025-05-06T18:10:45+00:00","dateModified":"2026-01-07T22:11:50+00:00","description":"Teak Cleaner and Brightener \u2013 Teak CleanTEAK CLEAN es un limpiador y abrillantador de teak de un solo paso, no peligroso y ecol\u00f3gico, ideal para el mantenimiento regular del teak. Es una alternativa segura, efectiva, no t\u00f3xica y respetuosa con el medio ambiente, que reemplaza el uso de \u00e1cido fosf\u00f3rico u otros limpiadores c\u00e1usticos. Especialmente formulado para el teak y otras superficies de madera, limpia de manera segura y mantiene el color natural de las cubiertas de teak y muebles de madera.Caracter\u00edsticas Principales Proceso de limpieza de un solo paso: Ahorra tiempo al ser un limpiador eficiente. No corrosivo: Protege los metales mientras limpia. Libre de cloro: Seguro para el medio ambiente. Biodegradable: Se biodegrada f\u00e1cilmente y es seguro para los cuerpos de agua. Apariencia: L\u00edquido transparente. Solubilidad: 100% soluble en agua. pH: &lt;1 (bajo pH, ideal para limpieza eficiente).Detalles del Producto Cobertura: Un gal\u00f3n cubre aproximadamente 200-250 ft\u00b2 (para una limpieza profunda) o 300-350 ft\u00b2 (para una limpieza ligera). Remueve moho y hongos: Eficaz en la eliminaci\u00f3n de manchas de moho y hongos. Inhibidores no corrosivos: Protege metales de la corrosi\u00f3n (no se debe usar cerca de aluminio, lat\u00f3n o metales suaves y terminados). No regulado por el DOT: Bajo costo de transporte. Tasa de consumo baja: Producto rentable.Uso y Aplicaci\u00f3n Para usar en: Teak y todas las superficies de madera. No utilizar cerca de aluminio, lat\u00f3n o metales suaves y terminados. Aplicaci\u00f3n: Aplicar con un pulverizador de bomba o aplicar con una almohadilla de limpieza de polipropileno de densidad media.Impacto Ambiental Cumple con las normativas MARPOL Anexo III y Anexo V. Biodegradable. Libre de fosfatos. No contiene fenoles. Libre de blanqueadores. No corrosivo.","breadcrumb":{"@id":"https:\/\/plcmarine.com\/en\/producto\/teak-clean-1-gallon\/#breadcrumb"},"inLanguage":"en-US","potentialAction":[{"@type":"ReadAction","target":["https:\/\/plcmarine.com\/en\/producto\/teak-clean-1-gallon\/"]}]},{"@type":"ImageObject","inLanguage":"en-US","@id":"https:\/\/plcmarine.com\/en\/producto\/teak-clean-1-gallon\/#primaryimage","url":"https:\/\/plcmarine.com\/wp-content\/uploads\/2025\/05\/Teak-Clean-1.jpg","contentUrl":"https:\/\/plcmarine.com\/wp-content\/uploads\/2025\/05\/Teak-Clean-1.jpg","width":343,"height":448},{"@type":"BreadcrumbList","@id":"https:\/\/plcmarine.com\/en\/producto\/teak-clean-1-gallon\/#breadcrumb","itemListElement":[{"@type":"ListItem","position":1,"name":"Home","item":"https:\/\/plcmarine.com\/en\/"},{"@type":"ListItem","position":2,"name":"Shop","item":"https:\/\/plcmarine.com\/shop\/"},{"@type":"ListItem","position":3,"name":"Teak Clean-1 Gallon"}]},{"@type":"WebSite","@id":"https:\/\/plcmarine.com\/en\/#website","url":"https:\/\/plcmarine.com\/en\/","name":"PLC Marine","description":"The Professional&#039;s choice","potentialAction":[{"@type":"SearchAction","target":{"@type":"EntryPoint","urlTemplate":"https:\/\/plcmarine.com\/en\/?s={search_term_string}"},"query-input":{"@type":"PropertyValueSpecification","valueRequired":true,"valueName":"search_term_string"}}],"inLanguage":"en-US"}]}},"brands":[{"id":84,"name":"DiTEC Marine","slug":"ditec-marine"}],"_links":{"self":[{"href":"https:\/\/plcmarine.com\/en\/wp-json\/wp\/v2\/product\/33374330","targetHints":{"allow":["GET"]}}],"collection":[{"href":"https:\/\/plcmarine.com\/en\/wp-json\/wp\/v2\/product"}],"about":[{"href":"https:\/\/plcmarine.com\/en\/wp-json\/wp\/v2\/types\/product"}],"wp:featuredmedia":[{"embeddable":true,"href":"https:\/\/plcmarine.com\/en\/wp-json\/wp\/v2\/media\/33374331"}],"wp:attachment":[{"href":"https:\/\/plcmarine.com\/en\/wp-json\/wp\/v2\/media?parent=33374330"}],"wp:term":[{"taxonomy":"pwb-brand","embeddable":true,"href":"https:\/\/plcmarine.com\/en\/wp-json\/wp\/v2\/pwb-brand?post=33374330"},{"taxonomy":"product_brand","embeddable":true,"href":"https:\/\/plcmarine.com\/en\/wp-json\/wp\/v2\/product_brand?post=33374330"},{"taxonomy":"product_cat","embeddable":true,"href":"https:\/\/plcmarine.com\/en\/wp-json\/wp\/v2\/product_cat?post=33374330"},{"taxonomy":"product_tag","embeddable":true,"href":"https:\/\/plcmarine.com\/en\/wp-json\/wp\/v2\/product_tag?post=33374330"}],"curies":[{"name":"wp","href":"https:\/\/api.w.org\/{rel}","templated":true}]}}