



{"id":33374339,"date":"2025-05-06T18:10:47","date_gmt":"2025-05-06T18:10:47","guid":{"rendered":"https:\/\/plcmarine.com\/product\/wipeout-1-gallon\/"},"modified":"2026-01-07T22:12:45","modified_gmt":"2026-01-07T22:12:45","slug":"wipeout-1-gallon","status":"publish","type":"product","link":"https:\/\/plcmarine.com\/en\/producto\/wipeout-1-gallon\/","title":{"rendered":"Wipeout-1 Gallon"},"content":{"rendered":"<h3>Caracter\u00edsticas principales<\/h3>\n<ul>\n<li>F\u00f3rmula sin cloro ni vapores t\u00f3xicos, segura para espacios cerrados.<\/li>\n<li>Contiene un solvente seguro y de alto rendimiento para eliminar grasa, suciedad y residuos.<\/li>\n<li>Producto altamente concentrado: se puede diluir hasta un 50% para limpiezas ligeras, o usar puro para suciedad persistente.<\/li>\n<li>Reemplaza productos a base de cloro para limpiar y blanquear.<\/li>\n<li>Alta eficiencia como limpiador y desengrasante en tareas exigentes.<\/li>\n<\/ul>\n<h3>Uso y aplicaci\u00f3n<\/h3>\n<ul>\n<li><strong>Superficies recomendadas:<\/strong> Metal, fibra de vidrio, vidrio, pintura, gelcoat, cer\u00e1mica, piedra, azulejo, pl\u00e1stico, goma, vinilo, tela, alfombra, concreto, ladrillo y otras superficies inertes.<\/li>\n<li><strong>Modo de aplicaci\u00f3n:<\/strong> Aplicar con un pa\u00f1o suave, esponja o cepillo de cubierta.<\/li>\n<\/ul>\n<h3>Impacto ambiental<\/h3>\n<ul>\n<li>Cumple con MARPOL Anexos III y V.<\/li>\n<li>Perfil de toxicidad acu\u00e1tica excelente.<\/li>\n<li>Totalmente biodegradable.<\/li>\n<li>Libre de VOCs, fosfatos, nitratos, lej\u00eda, glicol \u00e9ter y amon\u00edaco.<\/li>\n<\/ul>\n","protected":false},"excerpt":{"rendered":"<h2>Wipeout \u2013 Limpiador Multiusos Concentrado y Biodegradable<\/h2>\n<p><strong>Wipeout<\/strong> de DiTEC es un potente limpiador multiusos libre de cloro, no corrosivo y seguro para el medio ambiente. Su f\u00f3rmula de acci\u00f3n dual elimina suciedad, grasa, moho, algas y otros contaminantes de pr\u00e1cticamente cualquier superficie. Es una excelente alternativa a productos con lej\u00eda, ideal para limpieza profunda sin generar vapores t\u00f3xicos.<\/p>\n","protected":false},"featured_media":33374340,"template":"","meta":[],"pwb-brand":[84],"product_brand":[],"product_cat":[109],"product_tag":[],"class_list":{"0":"post-33374339","1":"product","2":"type-product","3":"status-publish","4":"has-post-thumbnail","6":"pwb-brand-ditec-marine","7":"product_cat-sin-categorizar","9":"first","10":"instock","11":"taxable","12":"shipping-taxable","13":"purchasable","14":"product-type-simple"},"yoast_head":"<!-- This site is optimized with the Yoast SEO plugin v25.3.1 - https:\/\/yoast.com\/wordpress\/plugins\/seo\/ -->\n<title>Wipeout-1 Gallon - PLC Marine<\/title>\n<meta name=\"description\" content=\"Wipeout \u2013 Limpiador Multiusos Concentrado y BiodegradableWipeout de DiTEC es un potente limpiador multiusos libre de cloro, no corrosivo y seguro para el medio ambiente. Su f\u00f3rmula de acci\u00f3n dual elimina suciedad, grasa, moho, algas y otros contaminantes de pr\u00e1cticamente cualquier superficie. Es una excelente alternativa a productos con lej\u00eda, ideal para limpieza profunda sin generar vapores t\u00f3xicos.Caracter\u00edsticas principales F\u00f3rmula sin cloro ni vapores t\u00f3xicos, segura para espacios cerrados. Contiene un solvente seguro y de alto rendimiento para eliminar grasa, suciedad y residuos. Producto altamente concentrado: se puede diluir hasta un 50% para limpiezas ligeras, o usar puro para suciedad persistente. Reemplaza productos a base de cloro para limpiar y blanquear. Alta eficiencia como limpiador y desengrasante en tareas exigentes.Uso y aplicaci\u00f3n Superficies recomendadas: Metal, fibra de vidrio, vidrio, pintura, gelcoat, cer\u00e1mica, piedra, azulejo, pl\u00e1stico, goma, vinilo, tela, alfombra, concreto, ladrillo y otras superficies inertes. Modo de aplicaci\u00f3n: Aplicar con un pa\u00f1o suave, esponja o cepillo de cubierta.Impacto ambiental Cumple con MARPOL Anexos III y V. Perfil de toxicidad acu\u00e1tica excelente. Totalmente biodegradable. Libre de VOCs, fosfatos, nitratos, lej\u00eda, glicol \u00e9ter y amon\u00edaco.\" \/>\n<meta name=\"robots\" content=\"index, follow, max-snippet:-1, max-image-preview:large, max-video-preview:-1\" \/>\n<link rel=\"canonical\" href=\"https:\/\/plcmarine.com\/en\/producto\/wipeout-1-gallon\/\" \/>\n<meta property=\"og:locale\" content=\"en_US\" \/>\n<meta property=\"og:type\" content=\"article\" \/>\n<meta property=\"og:title\" content=\"Wipeout-1 Gallon - PLC Marine\" \/>\n<meta property=\"og:description\" content=\"Wipeout \u2013 Limpiador Multiusos Concentrado y BiodegradableWipeout de DiTEC es un potente limpiador multiusos libre de cloro, no corrosivo y seguro para el medio ambiente. Su f\u00f3rmula de acci\u00f3n dual elimina suciedad, grasa, moho, algas y otros contaminantes de pr\u00e1cticamente cualquier superficie. Es una excelente alternativa a productos con lej\u00eda, ideal para limpieza profunda sin generar vapores t\u00f3xicos.Caracter\u00edsticas principales F\u00f3rmula sin cloro ni vapores t\u00f3xicos, segura para espacios cerrados. Contiene un solvente seguro y de alto rendimiento para eliminar grasa, suciedad y residuos. Producto altamente concentrado: se puede diluir hasta un 50% para limpiezas ligeras, o usar puro para suciedad persistente. Reemplaza productos a base de cloro para limpiar y blanquear. Alta eficiencia como limpiador y desengrasante en tareas exigentes.Uso y aplicaci\u00f3n Superficies recomendadas: Metal, fibra de vidrio, vidrio, pintura, gelcoat, cer\u00e1mica, piedra, azulejo, pl\u00e1stico, goma, vinilo, tela, alfombra, concreto, ladrillo y otras superficies inertes. Modo de aplicaci\u00f3n: Aplicar con un pa\u00f1o suave, esponja o cepillo de cubierta.Impacto ambiental Cumple con MARPOL Anexos III y V. Perfil de toxicidad acu\u00e1tica excelente. Totalmente biodegradable. Libre de VOCs, fosfatos, nitratos, lej\u00eda, glicol \u00e9ter y amon\u00edaco.\" \/>\n<meta property=\"og:url\" content=\"https:\/\/plcmarine.com\/en\/producto\/wipeout-1-gallon\/\" \/>\n<meta property=\"og:site_name\" content=\"PLC Marine\" \/>\n<meta property=\"article:modified_time\" content=\"2026-01-07T22:12:45+00:00\" \/>\n<meta property=\"og:image\" content=\"https:\/\/plcmarine.com\/wp-content\/uploads\/2025\/05\/Wipeout-Bottles-1.jpg\" \/>\n\t<meta property=\"og:image:width\" content=\"343\" \/>\n\t<meta property=\"og:image:height\" content=\"448\" \/>\n\t<meta property=\"og:image:type\" content=\"image\/jpeg\" \/>\n<meta name=\"twitter:card\" content=\"summary_large_image\" \/>\n<meta name=\"twitter:label1\" content=\"Est. reading time\" \/>\n\t<meta name=\"twitter:data1\" content=\"1 minute\" \/>\n<script type=\"application\/ld+json\" class=\"yoast-schema-graph\">{\"@context\":\"https:\/\/schema.org\",\"@graph\":[{\"@type\":\"WebPage\",\"@id\":\"https:\/\/plcmarine.com\/en\/producto\/wipeout-1-gallon\/\",\"url\":\"https:\/\/plcmarine.com\/en\/producto\/wipeout-1-gallon\/\",\"name\":\"Wipeout-1 Gallon - PLC Marine\",\"isPartOf\":{\"@id\":\"https:\/\/plcmarine.com\/en\/#website\"},\"primaryImageOfPage\":{\"@id\":\"https:\/\/plcmarine.com\/en\/producto\/wipeout-1-gallon\/#primaryimage\"},\"image\":{\"@id\":\"https:\/\/plcmarine.com\/en\/producto\/wipeout-1-gallon\/#primaryimage\"},\"thumbnailUrl\":\"https:\/\/plcmarine.com\/wp-content\/uploads\/2025\/05\/Wipeout-Bottles-1.jpg\",\"datePublished\":\"2025-05-06T18:10:47+00:00\",\"dateModified\":\"2026-01-07T22:12:45+00:00\",\"description\":\"Wipeout \u2013 Limpiador Multiusos Concentrado y BiodegradableWipeout de DiTEC es un potente limpiador multiusos libre de cloro, no corrosivo y seguro para el medio ambiente. Su f\u00f3rmula de acci\u00f3n dual elimina suciedad, grasa, moho, algas y otros contaminantes de pr\u00e1cticamente cualquier superficie. Es una excelente alternativa a productos con lej\u00eda, ideal para limpieza profunda sin generar vapores t\u00f3xicos.Caracter\u00edsticas principales F\u00f3rmula sin cloro ni vapores t\u00f3xicos, segura para espacios cerrados. Contiene un solvente seguro y de alto rendimiento para eliminar grasa, suciedad y residuos. Producto altamente concentrado: se puede diluir hasta un 50% para limpiezas ligeras, o usar puro para suciedad persistente. Reemplaza productos a base de cloro para limpiar y blanquear. Alta eficiencia como limpiador y desengrasante en tareas exigentes.Uso y aplicaci\u00f3n Superficies recomendadas: Metal, fibra de vidrio, vidrio, pintura, gelcoat, cer\u00e1mica, piedra, azulejo, pl\u00e1stico, goma, vinilo, tela, alfombra, concreto, ladrillo y otras superficies inertes. Modo de aplicaci\u00f3n: Aplicar con un pa\u00f1o suave, esponja o cepillo de cubierta.Impacto ambiental Cumple con MARPOL Anexos III y V. Perfil de toxicidad acu\u00e1tica excelente. Totalmente biodegradable. Libre de VOCs, fosfatos, nitratos, lej\u00eda, glicol \u00e9ter y amon\u00edaco.\",\"breadcrumb\":{\"@id\":\"https:\/\/plcmarine.com\/en\/producto\/wipeout-1-gallon\/#breadcrumb\"},\"inLanguage\":\"en-US\",\"potentialAction\":[{\"@type\":\"ReadAction\",\"target\":[\"https:\/\/plcmarine.com\/en\/producto\/wipeout-1-gallon\/\"]}]},{\"@type\":\"ImageObject\",\"inLanguage\":\"en-US\",\"@id\":\"https:\/\/plcmarine.com\/en\/producto\/wipeout-1-gallon\/#primaryimage\",\"url\":\"https:\/\/plcmarine.com\/wp-content\/uploads\/2025\/05\/Wipeout-Bottles-1.jpg\",\"contentUrl\":\"https:\/\/plcmarine.com\/wp-content\/uploads\/2025\/05\/Wipeout-Bottles-1.jpg\",\"width\":343,\"height\":448},{\"@type\":\"BreadcrumbList\",\"@id\":\"https:\/\/plcmarine.com\/en\/producto\/wipeout-1-gallon\/#breadcrumb\",\"itemListElement\":[{\"@type\":\"ListItem\",\"position\":1,\"name\":\"Home\",\"item\":\"https:\/\/plcmarine.com\/en\/\"},{\"@type\":\"ListItem\",\"position\":2,\"name\":\"Shop\",\"item\":\"https:\/\/plcmarine.com\/shop\/\"},{\"@type\":\"ListItem\",\"position\":3,\"name\":\"Wipeout-1 Gallon\"}]},{\"@type\":\"WebSite\",\"@id\":\"https:\/\/plcmarine.com\/en\/#website\",\"url\":\"https:\/\/plcmarine.com\/en\/\",\"name\":\"PLC Marine\",\"description\":\"The Professional&#039;s choice\",\"potentialAction\":[{\"@type\":\"SearchAction\",\"target\":{\"@type\":\"EntryPoint\",\"urlTemplate\":\"https:\/\/plcmarine.com\/en\/?s={search_term_string}\"},\"query-input\":{\"@type\":\"PropertyValueSpecification\",\"valueRequired\":true,\"valueName\":\"search_term_string\"}}],\"inLanguage\":\"en-US\"}]}<\/script>\n<!-- \/ Yoast SEO plugin. -->","yoast_head_json":{"title":"Wipeout-1 Gallon - PLC Marine","description":"Wipeout \u2013 Limpiador Multiusos Concentrado y BiodegradableWipeout de DiTEC es un potente limpiador multiusos libre de cloro, no corrosivo y seguro para el medio ambiente. Su f\u00f3rmula de acci\u00f3n dual elimina suciedad, grasa, moho, algas y otros contaminantes de pr\u00e1cticamente cualquier superficie. Es una excelente alternativa a productos con lej\u00eda, ideal para limpieza profunda sin generar vapores t\u00f3xicos.Caracter\u00edsticas principales F\u00f3rmula sin cloro ni vapores t\u00f3xicos, segura para espacios cerrados. Contiene un solvente seguro y de alto rendimiento para eliminar grasa, suciedad y residuos. Producto altamente concentrado: se puede diluir hasta un 50% para limpiezas ligeras, o usar puro para suciedad persistente. Reemplaza productos a base de cloro para limpiar y blanquear. Alta eficiencia como limpiador y desengrasante en tareas exigentes.Uso y aplicaci\u00f3n Superficies recomendadas: Metal, fibra de vidrio, vidrio, pintura, gelcoat, cer\u00e1mica, piedra, azulejo, pl\u00e1stico, goma, vinilo, tela, alfombra, concreto, ladrillo y otras superficies inertes. Modo de aplicaci\u00f3n: Aplicar con un pa\u00f1o suave, esponja o cepillo de cubierta.Impacto ambiental Cumple con MARPOL Anexos III y V. Perfil de toxicidad acu\u00e1tica excelente. Totalmente biodegradable. Libre de VOCs, fosfatos, nitratos, lej\u00eda, glicol \u00e9ter y amon\u00edaco.","robots":{"index":"index","follow":"follow","max-snippet":"max-snippet:-1","max-image-preview":"max-image-preview:large","max-video-preview":"max-video-preview:-1"},"canonical":"https:\/\/plcmarine.com\/en\/producto\/wipeout-1-gallon\/","og_locale":"en_US","og_type":"article","og_title":"Wipeout-1 Gallon - PLC Marine","og_description":"Wipeout \u2013 Limpiador Multiusos Concentrado y BiodegradableWipeout de DiTEC es un potente limpiador multiusos libre de cloro, no corrosivo y seguro para el medio ambiente. Su f\u00f3rmula de acci\u00f3n dual elimina suciedad, grasa, moho, algas y otros contaminantes de pr\u00e1cticamente cualquier superficie. Es una excelente alternativa a productos con lej\u00eda, ideal para limpieza profunda sin generar vapores t\u00f3xicos.Caracter\u00edsticas principales F\u00f3rmula sin cloro ni vapores t\u00f3xicos, segura para espacios cerrados. Contiene un solvente seguro y de alto rendimiento para eliminar grasa, suciedad y residuos. Producto altamente concentrado: se puede diluir hasta un 50% para limpiezas ligeras, o usar puro para suciedad persistente. Reemplaza productos a base de cloro para limpiar y blanquear. Alta eficiencia como limpiador y desengrasante en tareas exigentes.Uso y aplicaci\u00f3n Superficies recomendadas: Metal, fibra de vidrio, vidrio, pintura, gelcoat, cer\u00e1mica, piedra, azulejo, pl\u00e1stico, goma, vinilo, tela, alfombra, concreto, ladrillo y otras superficies inertes. Modo de aplicaci\u00f3n: Aplicar con un pa\u00f1o suave, esponja o cepillo de cubierta.Impacto ambiental Cumple con MARPOL Anexos III y V. Perfil de toxicidad acu\u00e1tica excelente. Totalmente biodegradable. Libre de VOCs, fosfatos, nitratos, lej\u00eda, glicol \u00e9ter y amon\u00edaco.","og_url":"https:\/\/plcmarine.com\/en\/producto\/wipeout-1-gallon\/","og_site_name":"PLC Marine","article_modified_time":"2026-01-07T22:12:45+00:00","og_image":[{"width":343,"height":448,"url":"https:\/\/plcmarine.com\/wp-content\/uploads\/2025\/05\/Wipeout-Bottles-1.jpg","type":"image\/jpeg"}],"twitter_card":"summary_large_image","twitter_misc":{"Est. reading time":"1 minute"},"schema":{"@context":"https:\/\/schema.org","@graph":[{"@type":"WebPage","@id":"https:\/\/plcmarine.com\/en\/producto\/wipeout-1-gallon\/","url":"https:\/\/plcmarine.com\/en\/producto\/wipeout-1-gallon\/","name":"Wipeout-1 Gallon - PLC Marine","isPartOf":{"@id":"https:\/\/plcmarine.com\/en\/#website"},"primaryImageOfPage":{"@id":"https:\/\/plcmarine.com\/en\/producto\/wipeout-1-gallon\/#primaryimage"},"image":{"@id":"https:\/\/plcmarine.com\/en\/producto\/wipeout-1-gallon\/#primaryimage"},"thumbnailUrl":"https:\/\/plcmarine.com\/wp-content\/uploads\/2025\/05\/Wipeout-Bottles-1.jpg","datePublished":"2025-05-06T18:10:47+00:00","dateModified":"2026-01-07T22:12:45+00:00","description":"Wipeout \u2013 Limpiador Multiusos Concentrado y BiodegradableWipeout de DiTEC es un potente limpiador multiusos libre de cloro, no corrosivo y seguro para el medio ambiente. Su f\u00f3rmula de acci\u00f3n dual elimina suciedad, grasa, moho, algas y otros contaminantes de pr\u00e1cticamente cualquier superficie. Es una excelente alternativa a productos con lej\u00eda, ideal para limpieza profunda sin generar vapores t\u00f3xicos.Caracter\u00edsticas principales F\u00f3rmula sin cloro ni vapores t\u00f3xicos, segura para espacios cerrados. Contiene un solvente seguro y de alto rendimiento para eliminar grasa, suciedad y residuos. Producto altamente concentrado: se puede diluir hasta un 50% para limpiezas ligeras, o usar puro para suciedad persistente. Reemplaza productos a base de cloro para limpiar y blanquear. Alta eficiencia como limpiador y desengrasante en tareas exigentes.Uso y aplicaci\u00f3n Superficies recomendadas: Metal, fibra de vidrio, vidrio, pintura, gelcoat, cer\u00e1mica, piedra, azulejo, pl\u00e1stico, goma, vinilo, tela, alfombra, concreto, ladrillo y otras superficies inertes. Modo de aplicaci\u00f3n: Aplicar con un pa\u00f1o suave, esponja o cepillo de cubierta.Impacto ambiental Cumple con MARPOL Anexos III y V. Perfil de toxicidad acu\u00e1tica excelente. Totalmente biodegradable. Libre de VOCs, fosfatos, nitratos, lej\u00eda, glicol \u00e9ter y amon\u00edaco.","breadcrumb":{"@id":"https:\/\/plcmarine.com\/en\/producto\/wipeout-1-gallon\/#breadcrumb"},"inLanguage":"en-US","potentialAction":[{"@type":"ReadAction","target":["https:\/\/plcmarine.com\/en\/producto\/wipeout-1-gallon\/"]}]},{"@type":"ImageObject","inLanguage":"en-US","@id":"https:\/\/plcmarine.com\/en\/producto\/wipeout-1-gallon\/#primaryimage","url":"https:\/\/plcmarine.com\/wp-content\/uploads\/2025\/05\/Wipeout-Bottles-1.jpg","contentUrl":"https:\/\/plcmarine.com\/wp-content\/uploads\/2025\/05\/Wipeout-Bottles-1.jpg","width":343,"height":448},{"@type":"BreadcrumbList","@id":"https:\/\/plcmarine.com\/en\/producto\/wipeout-1-gallon\/#breadcrumb","itemListElement":[{"@type":"ListItem","position":1,"name":"Home","item":"https:\/\/plcmarine.com\/en\/"},{"@type":"ListItem","position":2,"name":"Shop","item":"https:\/\/plcmarine.com\/shop\/"},{"@type":"ListItem","position":3,"name":"Wipeout-1 Gallon"}]},{"@type":"WebSite","@id":"https:\/\/plcmarine.com\/en\/#website","url":"https:\/\/plcmarine.com\/en\/","name":"PLC Marine","description":"The Professional&#039;s choice","potentialAction":[{"@type":"SearchAction","target":{"@type":"EntryPoint","urlTemplate":"https:\/\/plcmarine.com\/en\/?s={search_term_string}"},"query-input":{"@type":"PropertyValueSpecification","valueRequired":true,"valueName":"search_term_string"}}],"inLanguage":"en-US"}]}},"brands":[{"id":84,"name":"DiTEC Marine","slug":"ditec-marine"}],"_links":{"self":[{"href":"https:\/\/plcmarine.com\/en\/wp-json\/wp\/v2\/product\/33374339","targetHints":{"allow":["GET"]}}],"collection":[{"href":"https:\/\/plcmarine.com\/en\/wp-json\/wp\/v2\/product"}],"about":[{"href":"https:\/\/plcmarine.com\/en\/wp-json\/wp\/v2\/types\/product"}],"wp:featuredmedia":[{"embeddable":true,"href":"https:\/\/plcmarine.com\/en\/wp-json\/wp\/v2\/media\/33374340"}],"wp:attachment":[{"href":"https:\/\/plcmarine.com\/en\/wp-json\/wp\/v2\/media?parent=33374339"}],"wp:term":[{"taxonomy":"pwb-brand","embeddable":true,"href":"https:\/\/plcmarine.com\/en\/wp-json\/wp\/v2\/pwb-brand?post=33374339"},{"taxonomy":"product_brand","embeddable":true,"href":"https:\/\/plcmarine.com\/en\/wp-json\/wp\/v2\/product_brand?post=33374339"},{"taxonomy":"product_cat","embeddable":true,"href":"https:\/\/plcmarine.com\/en\/wp-json\/wp\/v2\/product_cat?post=33374339"},{"taxonomy":"product_tag","embeddable":true,"href":"https:\/\/plcmarine.com\/en\/wp-json\/wp\/v2\/product_tag?post=33374339"}],"curies":[{"name":"wp","href":"https:\/\/api.w.org\/{rel}","templated":true}]}}