



{"id":33374342,"date":"2025-05-06T18:15:40","date_gmt":"2025-05-06T18:15:40","guid":{"rendered":"https:\/\/plcmarine.com\/product\/bioclear-32oz\/"},"modified":"2026-01-07T22:13:01","modified_gmt":"2026-01-07T22:13:01","slug":"bioclear-32oz","status":"publish","type":"product","link":"https:\/\/plcmarine.com\/en\/producto\/bioclear-32oz\/","title":{"rendered":"Bioclear-32oz"},"content":{"rendered":"<h3>Caracter\u00edsticas principales<\/h3>\n<ul>\n<li>F\u00f3rmula concentrada: 1 gal\u00f3n rinde hasta 64 galones de soluci\u00f3n diluida.<\/li>\n<li>Desinfecta, sanitiza, previene el crecimiento de moho y elimina pat\u00f3genos.<\/li>\n<li>Alta eficacia al mezclar 2 oz de producto por cada gal\u00f3n de agua.<\/li>\n<li>Libre de cloro.<\/li>\n<\/ul>\n<h3>Propiedades del producto<\/h3>\n<ul>\n<li><strong>Apariencia:<\/strong> L\u00edquido transparente<\/li>\n<li><strong>Solubilidad:<\/strong> 100% en agua<\/li>\n<li><strong>pH:<\/strong> 9 \u2013 12<\/li>\n<\/ul>\n<h3>Uso y aplicaci\u00f3n<\/h3>\n<ul>\n<li><strong>Superficies recomendadas:<\/strong> Cer\u00e1mica, vidrio, pl\u00e1stico, goma.<\/li>\n<li><strong>Modo de aplicaci\u00f3n:<\/strong> Aplicar utilizando una botella con atomizador manual o un rociador de bomba. Diluir el producto seg\u00fan las instrucciones: 2 oz por cada gal\u00f3n de agua.<\/li>\n<\/ul>\n<p>Para obtener los mejores resultados, consulta la hoja de instrucciones detallada incluida con el producto.<\/p>\n","protected":false},"excerpt":{"rendered":"<h2>Bioclear \u2013 F\u00f3rmula Concentrada para Desinfecci\u00f3n y Prevenci\u00f3n de Moho<\/h2>\n<p><strong>Bioclear<\/strong> de DiTEC es un desinfectante profesional registrado por la EPA, dise\u00f1ado para ofrecer una limpieza eficaz, desinfecci\u00f3n, sanitizaci\u00f3n y prevenci\u00f3n del moho. Su f\u00f3rmula avanzada elimina el Coronavirus Humano, SARS-CoV-2 (COVID-19) y muchos otros g\u00e9rmenes y pat\u00f3genos. Es ideal para mantener superficies limpias y seguras en todo momento.<\/p>\n<p><em>Nota importante:<\/em> Bioclear no es un limpiador de moho. Es necesario eliminar previamente el moho visible u otros contaminantes de la superficie antes de aplicar el producto.<\/p>\n","protected":false},"featured_media":33374343,"template":"","meta":[],"pwb-brand":[84],"product_brand":[],"product_cat":[153,109],"product_tag":[],"class_list":{"0":"post-33374342","1":"product","2":"type-product","3":"status-publish","4":"has-post-thumbnail","6":"pwb-brand-ditec-marine","7":"product_cat-cuidado-exterior","8":"product_cat-sin-categorizar","10":"first","11":"instock","12":"taxable","13":"shipping-taxable","14":"purchasable","15":"product-type-simple"},"yoast_head":"<!-- This site is optimized with the Yoast SEO plugin v25.3.1 - https:\/\/yoast.com\/wordpress\/plugins\/seo\/ -->\n<title>Bioclear-32oz - PLC Marine<\/title>\n<meta name=\"description\" content=\"Bioclear \u2013 F\u00f3rmula Concentrada para Desinfecci\u00f3n y Prevenci\u00f3n de MohoBioclear de DiTEC es un desinfectante profesional registrado por la EPA, dise\u00f1ado para ofrecer una limpieza eficaz, desinfecci\u00f3n, sanitizaci\u00f3n y prevenci\u00f3n del moho. Su f\u00f3rmula avanzada elimina el Coronavirus Humano, SARS-CoV-2 (COVID-19) y muchos otros g\u00e9rmenes y pat\u00f3genos. Es ideal para mantener superficies limpias y seguras en todo momento.Nota importante: Bioclear no es un limpiador de moho. Es necesario eliminar previamente el moho visible u otros contaminantes de la superficie antes de aplicar el producto.Caracter\u00edsticas principales F\u00f3rmula concentrada: 1 gal\u00f3n rinde hasta 64 galones de soluci\u00f3n diluida. Desinfecta, sanitiza, previene el crecimiento de moho y elimina pat\u00f3genos. Alta eficacia al mezclar 2 oz de producto por cada gal\u00f3n de agua. Libre de cloro.Propiedades del producto Apariencia: L\u00edquido transparente Solubilidad: 100% en agua pH: 9 \u2013 12Uso y aplicaci\u00f3n Superficies recomendadas: Cer\u00e1mica, vidrio, pl\u00e1stico, goma. Modo de aplicaci\u00f3n: Aplicar utilizando una botella con atomizador manual o un rociador de bomba. Diluir el producto seg\u00fan las instrucciones: 2 oz por cada gal\u00f3n de agua.Para obtener los mejores resultados, consulta la hoja de instrucciones detallada incluida con el producto.\" \/>\n<meta name=\"robots\" content=\"index, follow, max-snippet:-1, max-image-preview:large, max-video-preview:-1\" \/>\n<link rel=\"canonical\" href=\"https:\/\/plcmarine.com\/en\/producto\/bioclear-32oz\/\" \/>\n<meta property=\"og:locale\" content=\"en_US\" \/>\n<meta property=\"og:type\" content=\"article\" \/>\n<meta property=\"og:title\" content=\"Bioclear-32oz - PLC Marine\" \/>\n<meta property=\"og:description\" content=\"Bioclear \u2013 F\u00f3rmula Concentrada para Desinfecci\u00f3n y Prevenci\u00f3n de MohoBioclear de DiTEC es un desinfectante profesional registrado por la EPA, dise\u00f1ado para ofrecer una limpieza eficaz, desinfecci\u00f3n, sanitizaci\u00f3n y prevenci\u00f3n del moho. Su f\u00f3rmula avanzada elimina el Coronavirus Humano, SARS-CoV-2 (COVID-19) y muchos otros g\u00e9rmenes y pat\u00f3genos. Es ideal para mantener superficies limpias y seguras en todo momento.Nota importante: Bioclear no es un limpiador de moho. Es necesario eliminar previamente el moho visible u otros contaminantes de la superficie antes de aplicar el producto.Caracter\u00edsticas principales F\u00f3rmula concentrada: 1 gal\u00f3n rinde hasta 64 galones de soluci\u00f3n diluida. Desinfecta, sanitiza, previene el crecimiento de moho y elimina pat\u00f3genos. Alta eficacia al mezclar 2 oz de producto por cada gal\u00f3n de agua. Libre de cloro.Propiedades del producto Apariencia: L\u00edquido transparente Solubilidad: 100% en agua pH: 9 \u2013 12Uso y aplicaci\u00f3n Superficies recomendadas: Cer\u00e1mica, vidrio, pl\u00e1stico, goma. Modo de aplicaci\u00f3n: Aplicar utilizando una botella con atomizador manual o un rociador de bomba. Diluir el producto seg\u00fan las instrucciones: 2 oz por cada gal\u00f3n de agua.Para obtener los mejores resultados, consulta la hoja de instrucciones detallada incluida con el producto.\" \/>\n<meta property=\"og:url\" content=\"https:\/\/plcmarine.com\/en\/producto\/bioclear-32oz\/\" \/>\n<meta property=\"og:site_name\" content=\"PLC Marine\" \/>\n<meta property=\"article:modified_time\" content=\"2026-01-07T22:13:01+00:00\" \/>\n<meta property=\"og:image\" content=\"https:\/\/plcmarine.com\/wp-content\/uploads\/2025\/05\/bioclear_social-1_800x1056_crop_center.jpg\" \/>\n\t<meta property=\"og:image:width\" content=\"800\" \/>\n\t<meta property=\"og:image:height\" content=\"1056\" \/>\n\t<meta property=\"og:image:type\" content=\"image\/jpeg\" \/>\n<meta name=\"twitter:card\" content=\"summary_large_image\" \/>\n<meta name=\"twitter:label1\" content=\"Est. reading time\" \/>\n\t<meta name=\"twitter:data1\" content=\"1 minute\" \/>\n<script type=\"application\/ld+json\" class=\"yoast-schema-graph\">{\"@context\":\"https:\/\/schema.org\",\"@graph\":[{\"@type\":\"WebPage\",\"@id\":\"https:\/\/plcmarine.com\/en\/producto\/bioclear-32oz\/\",\"url\":\"https:\/\/plcmarine.com\/en\/producto\/bioclear-32oz\/\",\"name\":\"Bioclear-32oz - PLC Marine\",\"isPartOf\":{\"@id\":\"https:\/\/plcmarine.com\/en\/#website\"},\"primaryImageOfPage\":{\"@id\":\"https:\/\/plcmarine.com\/en\/producto\/bioclear-32oz\/#primaryimage\"},\"image\":{\"@id\":\"https:\/\/plcmarine.com\/en\/producto\/bioclear-32oz\/#primaryimage\"},\"thumbnailUrl\":\"https:\/\/plcmarine.com\/wp-content\/uploads\/2025\/05\/bioclear_social-1_800x1056_crop_center.jpg\",\"datePublished\":\"2025-05-06T18:15:40+00:00\",\"dateModified\":\"2026-01-07T22:13:01+00:00\",\"description\":\"Bioclear \u2013 F\u00f3rmula Concentrada para Desinfecci\u00f3n y Prevenci\u00f3n de MohoBioclear de DiTEC es un desinfectante profesional registrado por la EPA, dise\u00f1ado para ofrecer una limpieza eficaz, desinfecci\u00f3n, sanitizaci\u00f3n y prevenci\u00f3n del moho. Su f\u00f3rmula avanzada elimina el Coronavirus Humano, SARS-CoV-2 (COVID-19) y muchos otros g\u00e9rmenes y pat\u00f3genos. Es ideal para mantener superficies limpias y seguras en todo momento.Nota importante: Bioclear no es un limpiador de moho. Es necesario eliminar previamente el moho visible u otros contaminantes de la superficie antes de aplicar el producto.Caracter\u00edsticas principales F\u00f3rmula concentrada: 1 gal\u00f3n rinde hasta 64 galones de soluci\u00f3n diluida. Desinfecta, sanitiza, previene el crecimiento de moho y elimina pat\u00f3genos. Alta eficacia al mezclar 2 oz de producto por cada gal\u00f3n de agua. Libre de cloro.Propiedades del producto Apariencia: L\u00edquido transparente Solubilidad: 100% en agua pH: 9 \u2013 12Uso y aplicaci\u00f3n Superficies recomendadas: Cer\u00e1mica, vidrio, pl\u00e1stico, goma. Modo de aplicaci\u00f3n: Aplicar utilizando una botella con atomizador manual o un rociador de bomba. Diluir el producto seg\u00fan las instrucciones: 2 oz por cada gal\u00f3n de agua.Para obtener los mejores resultados, consulta la hoja de instrucciones detallada incluida con el producto.\",\"breadcrumb\":{\"@id\":\"https:\/\/plcmarine.com\/en\/producto\/bioclear-32oz\/#breadcrumb\"},\"inLanguage\":\"en-US\",\"potentialAction\":[{\"@type\":\"ReadAction\",\"target\":[\"https:\/\/plcmarine.com\/en\/producto\/bioclear-32oz\/\"]}]},{\"@type\":\"ImageObject\",\"inLanguage\":\"en-US\",\"@id\":\"https:\/\/plcmarine.com\/en\/producto\/bioclear-32oz\/#primaryimage\",\"url\":\"https:\/\/plcmarine.com\/wp-content\/uploads\/2025\/05\/bioclear_social-1_800x1056_crop_center.jpg\",\"contentUrl\":\"https:\/\/plcmarine.com\/wp-content\/uploads\/2025\/05\/bioclear_social-1_800x1056_crop_center.jpg\",\"width\":800,\"height\":1056},{\"@type\":\"BreadcrumbList\",\"@id\":\"https:\/\/plcmarine.com\/en\/producto\/bioclear-32oz\/#breadcrumb\",\"itemListElement\":[{\"@type\":\"ListItem\",\"position\":1,\"name\":\"Home\",\"item\":\"https:\/\/plcmarine.com\/en\/\"},{\"@type\":\"ListItem\",\"position\":2,\"name\":\"Shop\",\"item\":\"https:\/\/plcmarine.com\/shop\/\"},{\"@type\":\"ListItem\",\"position\":3,\"name\":\"Bioclear-32oz\"}]},{\"@type\":\"WebSite\",\"@id\":\"https:\/\/plcmarine.com\/en\/#website\",\"url\":\"https:\/\/plcmarine.com\/en\/\",\"name\":\"PLC Marine\",\"description\":\"The Professional&#039;s choice\",\"potentialAction\":[{\"@type\":\"SearchAction\",\"target\":{\"@type\":\"EntryPoint\",\"urlTemplate\":\"https:\/\/plcmarine.com\/en\/?s={search_term_string}\"},\"query-input\":{\"@type\":\"PropertyValueSpecification\",\"valueRequired\":true,\"valueName\":\"search_term_string\"}}],\"inLanguage\":\"en-US\"}]}<\/script>\n<!-- \/ Yoast SEO plugin. -->","yoast_head_json":{"title":"Bioclear-32oz - PLC Marine","description":"Bioclear \u2013 F\u00f3rmula Concentrada para Desinfecci\u00f3n y Prevenci\u00f3n de MohoBioclear de DiTEC es un desinfectante profesional registrado por la EPA, dise\u00f1ado para ofrecer una limpieza eficaz, desinfecci\u00f3n, sanitizaci\u00f3n y prevenci\u00f3n del moho. Su f\u00f3rmula avanzada elimina el Coronavirus Humano, SARS-CoV-2 (COVID-19) y muchos otros g\u00e9rmenes y pat\u00f3genos. Es ideal para mantener superficies limpias y seguras en todo momento.Nota importante: Bioclear no es un limpiador de moho. Es necesario eliminar previamente el moho visible u otros contaminantes de la superficie antes de aplicar el producto.Caracter\u00edsticas principales F\u00f3rmula concentrada: 1 gal\u00f3n rinde hasta 64 galones de soluci\u00f3n diluida. Desinfecta, sanitiza, previene el crecimiento de moho y elimina pat\u00f3genos. Alta eficacia al mezclar 2 oz de producto por cada gal\u00f3n de agua. Libre de cloro.Propiedades del producto Apariencia: L\u00edquido transparente Solubilidad: 100% en agua pH: 9 \u2013 12Uso y aplicaci\u00f3n Superficies recomendadas: Cer\u00e1mica, vidrio, pl\u00e1stico, goma. Modo de aplicaci\u00f3n: Aplicar utilizando una botella con atomizador manual o un rociador de bomba. Diluir el producto seg\u00fan las instrucciones: 2 oz por cada gal\u00f3n de agua.Para obtener los mejores resultados, consulta la hoja de instrucciones detallada incluida con el producto.","robots":{"index":"index","follow":"follow","max-snippet":"max-snippet:-1","max-image-preview":"max-image-preview:large","max-video-preview":"max-video-preview:-1"},"canonical":"https:\/\/plcmarine.com\/en\/producto\/bioclear-32oz\/","og_locale":"en_US","og_type":"article","og_title":"Bioclear-32oz - PLC Marine","og_description":"Bioclear \u2013 F\u00f3rmula Concentrada para Desinfecci\u00f3n y Prevenci\u00f3n de MohoBioclear de DiTEC es un desinfectante profesional registrado por la EPA, dise\u00f1ado para ofrecer una limpieza eficaz, desinfecci\u00f3n, sanitizaci\u00f3n y prevenci\u00f3n del moho. Su f\u00f3rmula avanzada elimina el Coronavirus Humano, SARS-CoV-2 (COVID-19) y muchos otros g\u00e9rmenes y pat\u00f3genos. Es ideal para mantener superficies limpias y seguras en todo momento.Nota importante: Bioclear no es un limpiador de moho. Es necesario eliminar previamente el moho visible u otros contaminantes de la superficie antes de aplicar el producto.Caracter\u00edsticas principales F\u00f3rmula concentrada: 1 gal\u00f3n rinde hasta 64 galones de soluci\u00f3n diluida. Desinfecta, sanitiza, previene el crecimiento de moho y elimina pat\u00f3genos. Alta eficacia al mezclar 2 oz de producto por cada gal\u00f3n de agua. Libre de cloro.Propiedades del producto Apariencia: L\u00edquido transparente Solubilidad: 100% en agua pH: 9 \u2013 12Uso y aplicaci\u00f3n Superficies recomendadas: Cer\u00e1mica, vidrio, pl\u00e1stico, goma. Modo de aplicaci\u00f3n: Aplicar utilizando una botella con atomizador manual o un rociador de bomba. Diluir el producto seg\u00fan las instrucciones: 2 oz por cada gal\u00f3n de agua.Para obtener los mejores resultados, consulta la hoja de instrucciones detallada incluida con el producto.","og_url":"https:\/\/plcmarine.com\/en\/producto\/bioclear-32oz\/","og_site_name":"PLC Marine","article_modified_time":"2026-01-07T22:13:01+00:00","og_image":[{"width":800,"height":1056,"url":"https:\/\/plcmarine.com\/wp-content\/uploads\/2025\/05\/bioclear_social-1_800x1056_crop_center.jpg","type":"image\/jpeg"}],"twitter_card":"summary_large_image","twitter_misc":{"Est. reading time":"1 minute"},"schema":{"@context":"https:\/\/schema.org","@graph":[{"@type":"WebPage","@id":"https:\/\/plcmarine.com\/en\/producto\/bioclear-32oz\/","url":"https:\/\/plcmarine.com\/en\/producto\/bioclear-32oz\/","name":"Bioclear-32oz - PLC Marine","isPartOf":{"@id":"https:\/\/plcmarine.com\/en\/#website"},"primaryImageOfPage":{"@id":"https:\/\/plcmarine.com\/en\/producto\/bioclear-32oz\/#primaryimage"},"image":{"@id":"https:\/\/plcmarine.com\/en\/producto\/bioclear-32oz\/#primaryimage"},"thumbnailUrl":"https:\/\/plcmarine.com\/wp-content\/uploads\/2025\/05\/bioclear_social-1_800x1056_crop_center.jpg","datePublished":"2025-05-06T18:15:40+00:00","dateModified":"2026-01-07T22:13:01+00:00","description":"Bioclear \u2013 F\u00f3rmula Concentrada para Desinfecci\u00f3n y Prevenci\u00f3n de MohoBioclear de DiTEC es un desinfectante profesional registrado por la EPA, dise\u00f1ado para ofrecer una limpieza eficaz, desinfecci\u00f3n, sanitizaci\u00f3n y prevenci\u00f3n del moho. Su f\u00f3rmula avanzada elimina el Coronavirus Humano, SARS-CoV-2 (COVID-19) y muchos otros g\u00e9rmenes y pat\u00f3genos. Es ideal para mantener superficies limpias y seguras en todo momento.Nota importante: Bioclear no es un limpiador de moho. Es necesario eliminar previamente el moho visible u otros contaminantes de la superficie antes de aplicar el producto.Caracter\u00edsticas principales F\u00f3rmula concentrada: 1 gal\u00f3n rinde hasta 64 galones de soluci\u00f3n diluida. Desinfecta, sanitiza, previene el crecimiento de moho y elimina pat\u00f3genos. Alta eficacia al mezclar 2 oz de producto por cada gal\u00f3n de agua. Libre de cloro.Propiedades del producto Apariencia: L\u00edquido transparente Solubilidad: 100% en agua pH: 9 \u2013 12Uso y aplicaci\u00f3n Superficies recomendadas: Cer\u00e1mica, vidrio, pl\u00e1stico, goma. Modo de aplicaci\u00f3n: Aplicar utilizando una botella con atomizador manual o un rociador de bomba. Diluir el producto seg\u00fan las instrucciones: 2 oz por cada gal\u00f3n de agua.Para obtener los mejores resultados, consulta la hoja de instrucciones detallada incluida con el producto.","breadcrumb":{"@id":"https:\/\/plcmarine.com\/en\/producto\/bioclear-32oz\/#breadcrumb"},"inLanguage":"en-US","potentialAction":[{"@type":"ReadAction","target":["https:\/\/plcmarine.com\/en\/producto\/bioclear-32oz\/"]}]},{"@type":"ImageObject","inLanguage":"en-US","@id":"https:\/\/plcmarine.com\/en\/producto\/bioclear-32oz\/#primaryimage","url":"https:\/\/plcmarine.com\/wp-content\/uploads\/2025\/05\/bioclear_social-1_800x1056_crop_center.jpg","contentUrl":"https:\/\/plcmarine.com\/wp-content\/uploads\/2025\/05\/bioclear_social-1_800x1056_crop_center.jpg","width":800,"height":1056},{"@type":"BreadcrumbList","@id":"https:\/\/plcmarine.com\/en\/producto\/bioclear-32oz\/#breadcrumb","itemListElement":[{"@type":"ListItem","position":1,"name":"Home","item":"https:\/\/plcmarine.com\/en\/"},{"@type":"ListItem","position":2,"name":"Shop","item":"https:\/\/plcmarine.com\/shop\/"},{"@type":"ListItem","position":3,"name":"Bioclear-32oz"}]},{"@type":"WebSite","@id":"https:\/\/plcmarine.com\/en\/#website","url":"https:\/\/plcmarine.com\/en\/","name":"PLC Marine","description":"The Professional&#039;s choice","potentialAction":[{"@type":"SearchAction","target":{"@type":"EntryPoint","urlTemplate":"https:\/\/plcmarine.com\/en\/?s={search_term_string}"},"query-input":{"@type":"PropertyValueSpecification","valueRequired":true,"valueName":"search_term_string"}}],"inLanguage":"en-US"}]}},"brands":[{"id":84,"name":"DiTEC Marine","slug":"ditec-marine"}],"_links":{"self":[{"href":"https:\/\/plcmarine.com\/en\/wp-json\/wp\/v2\/product\/33374342","targetHints":{"allow":["GET"]}}],"collection":[{"href":"https:\/\/plcmarine.com\/en\/wp-json\/wp\/v2\/product"}],"about":[{"href":"https:\/\/plcmarine.com\/en\/wp-json\/wp\/v2\/types\/product"}],"wp:featuredmedia":[{"embeddable":true,"href":"https:\/\/plcmarine.com\/en\/wp-json\/wp\/v2\/media\/33374343"}],"wp:attachment":[{"href":"https:\/\/plcmarine.com\/en\/wp-json\/wp\/v2\/media?parent=33374342"}],"wp:term":[{"taxonomy":"pwb-brand","embeddable":true,"href":"https:\/\/plcmarine.com\/en\/wp-json\/wp\/v2\/pwb-brand?post=33374342"},{"taxonomy":"product_brand","embeddable":true,"href":"https:\/\/plcmarine.com\/en\/wp-json\/wp\/v2\/product_brand?post=33374342"},{"taxonomy":"product_cat","embeddable":true,"href":"https:\/\/plcmarine.com\/en\/wp-json\/wp\/v2\/product_cat?post=33374342"},{"taxonomy":"product_tag","embeddable":true,"href":"https:\/\/plcmarine.com\/en\/wp-json\/wp\/v2\/product_tag?post=33374342"}],"curies":[{"name":"wp","href":"https:\/\/api.w.org\/{rel}","templated":true}]}}