



{"id":33374391,"date":"2025-05-07T16:20:32","date_gmt":"2025-05-07T16:20:32","guid":{"rendered":"https:\/\/plcmarine.com\/product\/tds-reefing-hook\/"},"modified":"2026-01-07T22:23:04","modified_gmt":"2026-01-07T22:23:04","slug":"tds-reefing-hook","status":"publish","type":"product","link":"https:\/\/plcmarine.com\/en\/producto\/tds-reefing-hook\/","title":{"rendered":"TDS REEFING HOOK"},"content":{"rendered":"<h3>Caracter\u00edsticas:<\/h3>\n<ul>\n<li>Dise\u00f1o especializado con construcci\u00f3n en acero inoxidable<\/li>\n<li>Mango ergon\u00f3mico para mayor comodidad<\/li>\n<li>Dise\u00f1ada para larga duraci\u00f3n; se puede volver a afilar<\/li>\n<li><strong>Ancho de la hoja:<\/strong> 0.1\u201d (0.25 cm)<\/li>\n<li><strong>Longitud total de la herramienta:<\/strong> 8.5\u201d (21.6 cm)<\/li>\n<\/ul>\n<h3>Detalles del Producto:<\/h3>\n<ul>\n<li><strong>N\u00famero de parte:<\/strong> 123-001<\/li>\n<li><strong>Descripci\u00f3n:<\/strong> Reefing Hook \u2013 Herramienta de Remoci\u00f3n de Sellador<\/li>\n<li><strong>Presentaci\u00f3n est\u00e1ndar:<\/strong> 10 unidades por caja<\/li>\n<\/ul>\n","protected":false},"excerpt":{"rendered":"<h2>Herramienta de Remoci\u00f3n de Sellador \u201cReefing Hook\u201d<\/h2>\n<p>La <strong>herramienta Reefing Hook de TDS<\/strong> se utiliza antes de aplicar nuevo sellador para retirar el sellador viejo o cualquier otro material de las juntas. Se recomienda utilizar un cuchillo tipo c\u00fater para despegar el sellador de los laterales de la junta. Luego, la herramienta Reefing Hook eliminar\u00e1 la mayor parte del sellador, dejando una m\u00ednima cantidad que podr\u00e1 ser eliminada con el lijado manual usando el <em>Seam Sander<\/em>.<\/p>\n","protected":false},"featured_media":33374392,"template":"","meta":[],"pwb-brand":[83],"product_brand":[],"product_cat":[109],"product_tag":[],"class_list":{"0":"post-33374391","1":"product","2":"type-product","3":"status-publish","4":"has-post-thumbnail","6":"pwb-brand-teakdecking-systems","7":"product_cat-sin-categorizar","9":"first","10":"instock","11":"taxable","12":"shipping-taxable","13":"purchasable","14":"product-type-simple"},"yoast_head":"<!-- This site is optimized with the Yoast SEO plugin v25.3.1 - https:\/\/yoast.com\/wordpress\/plugins\/seo\/ -->\n<title>TDS REEFING HOOK - PLC Marine<\/title>\n<meta name=\"description\" content=\"Herramienta de Remoci\u00f3n de Sellador \u201cReefing Hook\u201dLa herramienta Reefing Hook de TDS se utiliza antes de aplicar nuevo sellador para retirar el sellador viejo o cualquier otro material de las juntas. Se recomienda utilizar un cuchillo tipo c\u00fater para despegar el sellador de los laterales de la junta. Luego, la herramienta Reefing Hook eliminar\u00e1 la mayor parte del sellador, dejando una m\u00ednima cantidad que podr\u00e1 ser eliminada con el lijado manual usando el Seam Sander.\" \/>\n<meta name=\"robots\" content=\"index, follow, max-snippet:-1, max-image-preview:large, max-video-preview:-1\" \/>\n<link rel=\"canonical\" href=\"https:\/\/plcmarine.com\/en\/producto\/tds-reefing-hook\/\" \/>\n<meta property=\"og:locale\" content=\"en_US\" \/>\n<meta property=\"og:type\" content=\"article\" \/>\n<meta property=\"og:title\" content=\"TDS REEFING HOOK - PLC Marine\" \/>\n<meta property=\"og:description\" content=\"Herramienta de Remoci\u00f3n de Sellador \u201cReefing Hook\u201dLa herramienta Reefing Hook de TDS se utiliza antes de aplicar nuevo sellador para retirar el sellador viejo o cualquier otro material de las juntas. Se recomienda utilizar un cuchillo tipo c\u00fater para despegar el sellador de los laterales de la junta. Luego, la herramienta Reefing Hook eliminar\u00e1 la mayor parte del sellador, dejando una m\u00ednima cantidad que podr\u00e1 ser eliminada con el lijado manual usando el Seam Sander.\" \/>\n<meta property=\"og:url\" content=\"https:\/\/plcmarine.com\/en\/producto\/tds-reefing-hook\/\" \/>\n<meta property=\"og:site_name\" content=\"PLC Marine\" \/>\n<meta property=\"article:modified_time\" content=\"2026-01-07T22:23:04+00:00\" \/>\n<meta property=\"og:image\" content=\"https:\/\/plcmarine.com\/wp-content\/uploads\/2025\/05\/Screenshot-Tool.png\" \/>\n\t<meta property=\"og:image:width\" content=\"700\" \/>\n\t<meta property=\"og:image:height\" content=\"700\" \/>\n\t<meta property=\"og:image:type\" content=\"image\/png\" \/>\n<meta name=\"twitter:card\" content=\"summary_large_image\" \/>\n<meta name=\"twitter:label1\" content=\"Est. reading time\" \/>\n\t<meta name=\"twitter:data1\" content=\"1 minute\" \/>\n<script type=\"application\/ld+json\" class=\"yoast-schema-graph\">{\"@context\":\"https:\/\/schema.org\",\"@graph\":[{\"@type\":\"WebPage\",\"@id\":\"https:\/\/plcmarine.com\/en\/producto\/tds-reefing-hook\/\",\"url\":\"https:\/\/plcmarine.com\/en\/producto\/tds-reefing-hook\/\",\"name\":\"TDS REEFING HOOK - PLC Marine\",\"isPartOf\":{\"@id\":\"https:\/\/plcmarine.com\/en\/#website\"},\"primaryImageOfPage\":{\"@id\":\"https:\/\/plcmarine.com\/en\/producto\/tds-reefing-hook\/#primaryimage\"},\"image\":{\"@id\":\"https:\/\/plcmarine.com\/en\/producto\/tds-reefing-hook\/#primaryimage\"},\"thumbnailUrl\":\"https:\/\/plcmarine.com\/wp-content\/uploads\/2025\/05\/Screenshot-Tool.png\",\"datePublished\":\"2025-05-07T16:20:32+00:00\",\"dateModified\":\"2026-01-07T22:23:04+00:00\",\"description\":\"Herramienta de Remoci\u00f3n de Sellador \u201cReefing Hook\u201dLa herramienta Reefing Hook de TDS se utiliza antes de aplicar nuevo sellador para retirar el sellador viejo o cualquier otro material de las juntas. Se recomienda utilizar un cuchillo tipo c\u00fater para despegar el sellador de los laterales de la junta. Luego, la herramienta Reefing Hook eliminar\u00e1 la mayor parte del sellador, dejando una m\u00ednima cantidad que podr\u00e1 ser eliminada con el lijado manual usando el Seam Sander.\",\"breadcrumb\":{\"@id\":\"https:\/\/plcmarine.com\/en\/producto\/tds-reefing-hook\/#breadcrumb\"},\"inLanguage\":\"en-US\",\"potentialAction\":[{\"@type\":\"ReadAction\",\"target\":[\"https:\/\/plcmarine.com\/en\/producto\/tds-reefing-hook\/\"]}]},{\"@type\":\"ImageObject\",\"inLanguage\":\"en-US\",\"@id\":\"https:\/\/plcmarine.com\/en\/producto\/tds-reefing-hook\/#primaryimage\",\"url\":\"https:\/\/plcmarine.com\/wp-content\/uploads\/2025\/05\/Screenshot-Tool.png\",\"contentUrl\":\"https:\/\/plcmarine.com\/wp-content\/uploads\/2025\/05\/Screenshot-Tool.png\",\"width\":700,\"height\":700},{\"@type\":\"BreadcrumbList\",\"@id\":\"https:\/\/plcmarine.com\/en\/producto\/tds-reefing-hook\/#breadcrumb\",\"itemListElement\":[{\"@type\":\"ListItem\",\"position\":1,\"name\":\"Home\",\"item\":\"https:\/\/plcmarine.com\/en\/\"},{\"@type\":\"ListItem\",\"position\":2,\"name\":\"Shop\",\"item\":\"https:\/\/plcmarine.com\/shop\/\"},{\"@type\":\"ListItem\",\"position\":3,\"name\":\"TDS REEFING HOOK\"}]},{\"@type\":\"WebSite\",\"@id\":\"https:\/\/plcmarine.com\/en\/#website\",\"url\":\"https:\/\/plcmarine.com\/en\/\",\"name\":\"PLC Marine\",\"description\":\"The Professional&#039;s choice\",\"potentialAction\":[{\"@type\":\"SearchAction\",\"target\":{\"@type\":\"EntryPoint\",\"urlTemplate\":\"https:\/\/plcmarine.com\/en\/?s={search_term_string}\"},\"query-input\":{\"@type\":\"PropertyValueSpecification\",\"valueRequired\":true,\"valueName\":\"search_term_string\"}}],\"inLanguage\":\"en-US\"}]}<\/script>\n<!-- \/ Yoast SEO plugin. -->","yoast_head_json":{"title":"TDS REEFING HOOK - PLC Marine","description":"Herramienta de Remoci\u00f3n de Sellador \u201cReefing Hook\u201dLa herramienta Reefing Hook de TDS se utiliza antes de aplicar nuevo sellador para retirar el sellador viejo o cualquier otro material de las juntas. Se recomienda utilizar un cuchillo tipo c\u00fater para despegar el sellador de los laterales de la junta. Luego, la herramienta Reefing Hook eliminar\u00e1 la mayor parte del sellador, dejando una m\u00ednima cantidad que podr\u00e1 ser eliminada con el lijado manual usando el Seam Sander.","robots":{"index":"index","follow":"follow","max-snippet":"max-snippet:-1","max-image-preview":"max-image-preview:large","max-video-preview":"max-video-preview:-1"},"canonical":"https:\/\/plcmarine.com\/en\/producto\/tds-reefing-hook\/","og_locale":"en_US","og_type":"article","og_title":"TDS REEFING HOOK - PLC Marine","og_description":"Herramienta de Remoci\u00f3n de Sellador \u201cReefing Hook\u201dLa herramienta Reefing Hook de TDS se utiliza antes de aplicar nuevo sellador para retirar el sellador viejo o cualquier otro material de las juntas. Se recomienda utilizar un cuchillo tipo c\u00fater para despegar el sellador de los laterales de la junta. Luego, la herramienta Reefing Hook eliminar\u00e1 la mayor parte del sellador, dejando una m\u00ednima cantidad que podr\u00e1 ser eliminada con el lijado manual usando el Seam Sander.","og_url":"https:\/\/plcmarine.com\/en\/producto\/tds-reefing-hook\/","og_site_name":"PLC Marine","article_modified_time":"2026-01-07T22:23:04+00:00","og_image":[{"width":700,"height":700,"url":"https:\/\/plcmarine.com\/wp-content\/uploads\/2025\/05\/Screenshot-Tool.png","type":"image\/png"}],"twitter_card":"summary_large_image","twitter_misc":{"Est. reading time":"1 minute"},"schema":{"@context":"https:\/\/schema.org","@graph":[{"@type":"WebPage","@id":"https:\/\/plcmarine.com\/en\/producto\/tds-reefing-hook\/","url":"https:\/\/plcmarine.com\/en\/producto\/tds-reefing-hook\/","name":"TDS REEFING HOOK - PLC Marine","isPartOf":{"@id":"https:\/\/plcmarine.com\/en\/#website"},"primaryImageOfPage":{"@id":"https:\/\/plcmarine.com\/en\/producto\/tds-reefing-hook\/#primaryimage"},"image":{"@id":"https:\/\/plcmarine.com\/en\/producto\/tds-reefing-hook\/#primaryimage"},"thumbnailUrl":"https:\/\/plcmarine.com\/wp-content\/uploads\/2025\/05\/Screenshot-Tool.png","datePublished":"2025-05-07T16:20:32+00:00","dateModified":"2026-01-07T22:23:04+00:00","description":"Herramienta de Remoci\u00f3n de Sellador \u201cReefing Hook\u201dLa herramienta Reefing Hook de TDS se utiliza antes de aplicar nuevo sellador para retirar el sellador viejo o cualquier otro material de las juntas. Se recomienda utilizar un cuchillo tipo c\u00fater para despegar el sellador de los laterales de la junta. Luego, la herramienta Reefing Hook eliminar\u00e1 la mayor parte del sellador, dejando una m\u00ednima cantidad que podr\u00e1 ser eliminada con el lijado manual usando el Seam Sander.","breadcrumb":{"@id":"https:\/\/plcmarine.com\/en\/producto\/tds-reefing-hook\/#breadcrumb"},"inLanguage":"en-US","potentialAction":[{"@type":"ReadAction","target":["https:\/\/plcmarine.com\/en\/producto\/tds-reefing-hook\/"]}]},{"@type":"ImageObject","inLanguage":"en-US","@id":"https:\/\/plcmarine.com\/en\/producto\/tds-reefing-hook\/#primaryimage","url":"https:\/\/plcmarine.com\/wp-content\/uploads\/2025\/05\/Screenshot-Tool.png","contentUrl":"https:\/\/plcmarine.com\/wp-content\/uploads\/2025\/05\/Screenshot-Tool.png","width":700,"height":700},{"@type":"BreadcrumbList","@id":"https:\/\/plcmarine.com\/en\/producto\/tds-reefing-hook\/#breadcrumb","itemListElement":[{"@type":"ListItem","position":1,"name":"Home","item":"https:\/\/plcmarine.com\/en\/"},{"@type":"ListItem","position":2,"name":"Shop","item":"https:\/\/plcmarine.com\/shop\/"},{"@type":"ListItem","position":3,"name":"TDS REEFING HOOK"}]},{"@type":"WebSite","@id":"https:\/\/plcmarine.com\/en\/#website","url":"https:\/\/plcmarine.com\/en\/","name":"PLC Marine","description":"The Professional&#039;s choice","potentialAction":[{"@type":"SearchAction","target":{"@type":"EntryPoint","urlTemplate":"https:\/\/plcmarine.com\/en\/?s={search_term_string}"},"query-input":{"@type":"PropertyValueSpecification","valueRequired":true,"valueName":"search_term_string"}}],"inLanguage":"en-US"}]}},"brands":[{"id":83,"name":"Teakdecking Systems","slug":"teakdecking-systems"}],"_links":{"self":[{"href":"https:\/\/plcmarine.com\/en\/wp-json\/wp\/v2\/product\/33374391","targetHints":{"allow":["GET"]}}],"collection":[{"href":"https:\/\/plcmarine.com\/en\/wp-json\/wp\/v2\/product"}],"about":[{"href":"https:\/\/plcmarine.com\/en\/wp-json\/wp\/v2\/types\/product"}],"wp:featuredmedia":[{"embeddable":true,"href":"https:\/\/plcmarine.com\/en\/wp-json\/wp\/v2\/media\/33374392"}],"wp:attachment":[{"href":"https:\/\/plcmarine.com\/en\/wp-json\/wp\/v2\/media?parent=33374391"}],"wp:term":[{"taxonomy":"pwb-brand","embeddable":true,"href":"https:\/\/plcmarine.com\/en\/wp-json\/wp\/v2\/pwb-brand?post=33374391"},{"taxonomy":"product_brand","embeddable":true,"href":"https:\/\/plcmarine.com\/en\/wp-json\/wp\/v2\/product_brand?post=33374391"},{"taxonomy":"product_cat","embeddable":true,"href":"https:\/\/plcmarine.com\/en\/wp-json\/wp\/v2\/product_cat?post=33374391"},{"taxonomy":"product_tag","embeddable":true,"href":"https:\/\/plcmarine.com\/en\/wp-json\/wp\/v2\/product_tag?post=33374391"}],"curies":[{"name":"wp","href":"https:\/\/api.w.org\/{rel}","templated":true}]}}