



{"id":33374406,"date":"2025-05-07T18:15:35","date_gmt":"2025-05-07T18:15:35","guid":{"rendered":"https:\/\/plcmarine.com\/product\/pneumatic-sausage-gun\/"},"modified":"2026-01-07T22:25:42","modified_gmt":"2026-01-07T22:25:42","slug":"pneumatic-sausage-gun","status":"publish","type":"product","link":"https:\/\/plcmarine.com\/en\/producto\/pneumatic-sausage-gun\/","title":{"rendered":"PNEUMATIC SAUSAGE GUN"},"content":{"rendered":"<h3>Caracter\u00edsticas Destacadas<\/h3>\n<ul>\n<li><strong>Opciones disponibles:<\/strong> Manual o Neum\u00e1tica<\/li>\n<li><strong>Alta calidad<\/strong> en materiales y dise\u00f1o<\/li>\n<li><strong>Flujo ajustable<\/strong> para un control preciso<\/li>\n<li><strong>R\u00e1pidas y eficientes<\/strong> para trabajos extensos<\/li>\n<li><strong>Menos cambios de cartuchos<\/strong>, m\u00e1s productividad<\/li>\n<li><strong>Mayor sostenibilidad:<\/strong> generan menos residuos<\/li>\n<li>Compatibles con empaques tipo salchicha (recalafateo con salchichas)<\/li>\n<\/ul>\n<h3>Informaci\u00f3n de Producto<\/h3>\n<table style=\"width: 100%; border-collapse: collapse;\" border=\"1\" cellpadding=\"8\">\n<thead style=\"background-color: #f2f2f2;\">\n<tr>\n<th>N\u00famero de Parte<\/th>\n<th>Descripci\u00f3n<\/th>\n<th>Presentaci\u00f3n<\/th>\n<\/tr>\n<\/thead>\n<tbody>\n<tr>\n<td>123-006<\/td>\n<td>Pistola Manual para Salchichas<\/td>\n<td>1 unidad<\/td>\n<\/tr>\n<tr>\n<td>123-007<\/td>\n<td>Pistola Neum\u00e1tica para Salchichas<\/td>\n<td>1 unidad<\/td>\n<\/tr>\n<tr>\n<td>123-004<\/td>\n<td>Boquilla Pl\u00e1stica Est\u00e1ndar<\/td>\n<td>1 unidad<\/td>\n<\/tr>\n<\/tbody>\n<\/table>\n","protected":false},"excerpt":{"rendered":"<h2>Pistola para Calafateo \u2013 Manual y Neum\u00e1tica<\/h2>\n<p>Para trabajos de gran escala, nuestras pistolas de calafateo TDS, ya sea <strong>neum\u00e1tica<\/strong> (imagen) o <strong>manual<\/strong>, utilizan empaques tipo salchicha de 20 oz (592 mL). Estas herramientas permiten trabajar de forma m\u00e1s r\u00e1pida, eficiente y ecol\u00f3gica al reducir el desperdicio de cartuchos. Contamos con boquillas y repuestos disponibles en todo momento.<\/p>\n","protected":false},"featured_media":33374407,"template":"","meta":[],"pwb-brand":[83],"product_brand":[],"product_cat":[109],"product_tag":[],"class_list":{"0":"post-33374406","1":"product","2":"type-product","3":"status-publish","4":"has-post-thumbnail","6":"pwb-brand-teakdecking-systems","7":"product_cat-sin-categorizar","9":"first","10":"instock","11":"taxable","12":"shipping-taxable","13":"purchasable","14":"product-type-simple"},"yoast_head":"<!-- This site is optimized with the Yoast SEO plugin v25.3.1 - https:\/\/yoast.com\/wordpress\/plugins\/seo\/ -->\n<title>PNEUMATIC SAUSAGE GUN - PLC Marine<\/title>\n<meta name=\"description\" content=\"Pistola para Calafateo \u2013 Manual y Neum\u00e1ticaPara trabajos de gran escala, nuestras pistolas de calafateo TDS, ya sea neum\u00e1tica (imagen) o manual, utilizan empaques tipo salchicha de 20 oz (592 mL). Estas herramientas permiten trabajar de forma m\u00e1s r\u00e1pida, eficiente y ecol\u00f3gica al reducir el desperdicio de cartuchos. Contamos con boquillas y repuestos disponibles en todo momento.Caracter\u00edsticas Destacadas Opciones disponibles: Manual o Neum\u00e1tica Alta calidad en materiales y dise\u00f1o Flujo ajustable para un control preciso R\u00e1pidas y eficientes para trabajos extensos Menos cambios de cartuchos, m\u00e1s productividad Mayor sostenibilidad: generan menos residuos Compatibles con empaques tipo salchicha (recalafateo con salchichas)Informaci\u00f3n de Producto N\u00famero de Parte Descripci\u00f3n Presentaci\u00f3n 123-006 Pistola Manual para Salchichas 1 unidad 123-007 Pistola Neum\u00e1tica para Salchichas 1 unidad 123-004 Boquilla Pl\u00e1stica Est\u00e1ndar 1 unidad\" \/>\n<meta name=\"robots\" content=\"index, follow, max-snippet:-1, max-image-preview:large, max-video-preview:-1\" \/>\n<link rel=\"canonical\" href=\"https:\/\/plcmarine.com\/en\/producto\/pneumatic-sausage-gun\/\" \/>\n<meta property=\"og:locale\" content=\"en_US\" \/>\n<meta property=\"og:type\" content=\"article\" \/>\n<meta property=\"og:title\" content=\"PNEUMATIC SAUSAGE GUN - PLC Marine\" \/>\n<meta property=\"og:description\" content=\"Pistola para Calafateo \u2013 Manual y Neum\u00e1ticaPara trabajos de gran escala, nuestras pistolas de calafateo TDS, ya sea neum\u00e1tica (imagen) o manual, utilizan empaques tipo salchicha de 20 oz (592 mL). Estas herramientas permiten trabajar de forma m\u00e1s r\u00e1pida, eficiente y ecol\u00f3gica al reducir el desperdicio de cartuchos. Contamos con boquillas y repuestos disponibles en todo momento.Caracter\u00edsticas Destacadas Opciones disponibles: Manual o Neum\u00e1tica Alta calidad en materiales y dise\u00f1o Flujo ajustable para un control preciso R\u00e1pidas y eficientes para trabajos extensos Menos cambios de cartuchos, m\u00e1s productividad Mayor sostenibilidad: generan menos residuos Compatibles con empaques tipo salchicha (recalafateo con salchichas)Informaci\u00f3n de Producto N\u00famero de Parte Descripci\u00f3n Presentaci\u00f3n 123-006 Pistola Manual para Salchichas 1 unidad 123-007 Pistola Neum\u00e1tica para Salchichas 1 unidad 123-004 Boquilla Pl\u00e1stica Est\u00e1ndar 1 unidad\" \/>\n<meta property=\"og:url\" content=\"https:\/\/plcmarine.com\/en\/producto\/pneumatic-sausage-gun\/\" \/>\n<meta property=\"og:site_name\" content=\"PLC Marine\" \/>\n<meta property=\"article:modified_time\" content=\"2026-01-07T22:25:42+00:00\" \/>\n<meta property=\"og:image\" content=\"https:\/\/plcmarine.com\/wp-content\/uploads\/2025\/05\/GUN-2.jpg\" \/>\n\t<meta property=\"og:image:width\" content=\"1168\" \/>\n\t<meta property=\"og:image:height\" content=\"668\" \/>\n\t<meta property=\"og:image:type\" content=\"image\/jpeg\" \/>\n<meta name=\"twitter:card\" content=\"summary_large_image\" \/>\n<meta name=\"twitter:label1\" content=\"Est. reading time\" \/>\n\t<meta name=\"twitter:data1\" content=\"1 minute\" \/>\n<script type=\"application\/ld+json\" class=\"yoast-schema-graph\">{\"@context\":\"https:\/\/schema.org\",\"@graph\":[{\"@type\":\"WebPage\",\"@id\":\"https:\/\/plcmarine.com\/en\/producto\/pneumatic-sausage-gun\/\",\"url\":\"https:\/\/plcmarine.com\/en\/producto\/pneumatic-sausage-gun\/\",\"name\":\"PNEUMATIC SAUSAGE GUN - PLC Marine\",\"isPartOf\":{\"@id\":\"https:\/\/plcmarine.com\/en\/#website\"},\"primaryImageOfPage\":{\"@id\":\"https:\/\/plcmarine.com\/en\/producto\/pneumatic-sausage-gun\/#primaryimage\"},\"image\":{\"@id\":\"https:\/\/plcmarine.com\/en\/producto\/pneumatic-sausage-gun\/#primaryimage\"},\"thumbnailUrl\":\"https:\/\/plcmarine.com\/wp-content\/uploads\/2025\/05\/GUN-2.jpg\",\"datePublished\":\"2025-05-07T18:15:35+00:00\",\"dateModified\":\"2026-01-07T22:25:42+00:00\",\"description\":\"Pistola para Calafateo \u2013 Manual y Neum\u00e1ticaPara trabajos de gran escala, nuestras pistolas de calafateo TDS, ya sea neum\u00e1tica (imagen) o manual, utilizan empaques tipo salchicha de 20 oz (592 mL). Estas herramientas permiten trabajar de forma m\u00e1s r\u00e1pida, eficiente y ecol\u00f3gica al reducir el desperdicio de cartuchos. Contamos con boquillas y repuestos disponibles en todo momento.Caracter\u00edsticas Destacadas Opciones disponibles: Manual o Neum\u00e1tica Alta calidad en materiales y dise\u00f1o Flujo ajustable para un control preciso R\u00e1pidas y eficientes para trabajos extensos Menos cambios de cartuchos, m\u00e1s productividad Mayor sostenibilidad: generan menos residuos Compatibles con empaques tipo salchicha (recalafateo con salchichas)Informaci\u00f3n de Producto N\u00famero de Parte Descripci\u00f3n Presentaci\u00f3n 123-006 Pistola Manual para Salchichas 1 unidad 123-007 Pistola Neum\u00e1tica para Salchichas 1 unidad 123-004 Boquilla Pl\u00e1stica Est\u00e1ndar 1 unidad\",\"breadcrumb\":{\"@id\":\"https:\/\/plcmarine.com\/en\/producto\/pneumatic-sausage-gun\/#breadcrumb\"},\"inLanguage\":\"en-US\",\"potentialAction\":[{\"@type\":\"ReadAction\",\"target\":[\"https:\/\/plcmarine.com\/en\/producto\/pneumatic-sausage-gun\/\"]}]},{\"@type\":\"ImageObject\",\"inLanguage\":\"en-US\",\"@id\":\"https:\/\/plcmarine.com\/en\/producto\/pneumatic-sausage-gun\/#primaryimage\",\"url\":\"https:\/\/plcmarine.com\/wp-content\/uploads\/2025\/05\/GUN-2.jpg\",\"contentUrl\":\"https:\/\/plcmarine.com\/wp-content\/uploads\/2025\/05\/GUN-2.jpg\",\"width\":1168,\"height\":668},{\"@type\":\"BreadcrumbList\",\"@id\":\"https:\/\/plcmarine.com\/en\/producto\/pneumatic-sausage-gun\/#breadcrumb\",\"itemListElement\":[{\"@type\":\"ListItem\",\"position\":1,\"name\":\"Home\",\"item\":\"https:\/\/plcmarine.com\/en\/\"},{\"@type\":\"ListItem\",\"position\":2,\"name\":\"Shop\",\"item\":\"https:\/\/plcmarine.com\/shop\/\"},{\"@type\":\"ListItem\",\"position\":3,\"name\":\"PNEUMATIC SAUSAGE GUN\"}]},{\"@type\":\"WebSite\",\"@id\":\"https:\/\/plcmarine.com\/en\/#website\",\"url\":\"https:\/\/plcmarine.com\/en\/\",\"name\":\"PLC Marine\",\"description\":\"The Professional&#039;s choice\",\"potentialAction\":[{\"@type\":\"SearchAction\",\"target\":{\"@type\":\"EntryPoint\",\"urlTemplate\":\"https:\/\/plcmarine.com\/en\/?s={search_term_string}\"},\"query-input\":{\"@type\":\"PropertyValueSpecification\",\"valueRequired\":true,\"valueName\":\"search_term_string\"}}],\"inLanguage\":\"en-US\"}]}<\/script>\n<!-- \/ Yoast SEO plugin. -->","yoast_head_json":{"title":"PNEUMATIC SAUSAGE GUN - PLC Marine","description":"Pistola para Calafateo \u2013 Manual y Neum\u00e1ticaPara trabajos de gran escala, nuestras pistolas de calafateo TDS, ya sea neum\u00e1tica (imagen) o manual, utilizan empaques tipo salchicha de 20 oz (592 mL). Estas herramientas permiten trabajar de forma m\u00e1s r\u00e1pida, eficiente y ecol\u00f3gica al reducir el desperdicio de cartuchos. Contamos con boquillas y repuestos disponibles en todo momento.Caracter\u00edsticas Destacadas Opciones disponibles: Manual o Neum\u00e1tica Alta calidad en materiales y dise\u00f1o Flujo ajustable para un control preciso R\u00e1pidas y eficientes para trabajos extensos Menos cambios de cartuchos, m\u00e1s productividad Mayor sostenibilidad: generan menos residuos Compatibles con empaques tipo salchicha (recalafateo con salchichas)Informaci\u00f3n de Producto N\u00famero de Parte Descripci\u00f3n Presentaci\u00f3n 123-006 Pistola Manual para Salchichas 1 unidad 123-007 Pistola Neum\u00e1tica para Salchichas 1 unidad 123-004 Boquilla Pl\u00e1stica Est\u00e1ndar 1 unidad","robots":{"index":"index","follow":"follow","max-snippet":"max-snippet:-1","max-image-preview":"max-image-preview:large","max-video-preview":"max-video-preview:-1"},"canonical":"https:\/\/plcmarine.com\/en\/producto\/pneumatic-sausage-gun\/","og_locale":"en_US","og_type":"article","og_title":"PNEUMATIC SAUSAGE GUN - PLC Marine","og_description":"Pistola para Calafateo \u2013 Manual y Neum\u00e1ticaPara trabajos de gran escala, nuestras pistolas de calafateo TDS, ya sea neum\u00e1tica (imagen) o manual, utilizan empaques tipo salchicha de 20 oz (592 mL). Estas herramientas permiten trabajar de forma m\u00e1s r\u00e1pida, eficiente y ecol\u00f3gica al reducir el desperdicio de cartuchos. Contamos con boquillas y repuestos disponibles en todo momento.Caracter\u00edsticas Destacadas Opciones disponibles: Manual o Neum\u00e1tica Alta calidad en materiales y dise\u00f1o Flujo ajustable para un control preciso R\u00e1pidas y eficientes para trabajos extensos Menos cambios de cartuchos, m\u00e1s productividad Mayor sostenibilidad: generan menos residuos Compatibles con empaques tipo salchicha (recalafateo con salchichas)Informaci\u00f3n de Producto N\u00famero de Parte Descripci\u00f3n Presentaci\u00f3n 123-006 Pistola Manual para Salchichas 1 unidad 123-007 Pistola Neum\u00e1tica para Salchichas 1 unidad 123-004 Boquilla Pl\u00e1stica Est\u00e1ndar 1 unidad","og_url":"https:\/\/plcmarine.com\/en\/producto\/pneumatic-sausage-gun\/","og_site_name":"PLC Marine","article_modified_time":"2026-01-07T22:25:42+00:00","og_image":[{"width":1168,"height":668,"url":"https:\/\/plcmarine.com\/wp-content\/uploads\/2025\/05\/GUN-2.jpg","type":"image\/jpeg"}],"twitter_card":"summary_large_image","twitter_misc":{"Est. reading time":"1 minute"},"schema":{"@context":"https:\/\/schema.org","@graph":[{"@type":"WebPage","@id":"https:\/\/plcmarine.com\/en\/producto\/pneumatic-sausage-gun\/","url":"https:\/\/plcmarine.com\/en\/producto\/pneumatic-sausage-gun\/","name":"PNEUMATIC SAUSAGE GUN - PLC Marine","isPartOf":{"@id":"https:\/\/plcmarine.com\/en\/#website"},"primaryImageOfPage":{"@id":"https:\/\/plcmarine.com\/en\/producto\/pneumatic-sausage-gun\/#primaryimage"},"image":{"@id":"https:\/\/plcmarine.com\/en\/producto\/pneumatic-sausage-gun\/#primaryimage"},"thumbnailUrl":"https:\/\/plcmarine.com\/wp-content\/uploads\/2025\/05\/GUN-2.jpg","datePublished":"2025-05-07T18:15:35+00:00","dateModified":"2026-01-07T22:25:42+00:00","description":"Pistola para Calafateo \u2013 Manual y Neum\u00e1ticaPara trabajos de gran escala, nuestras pistolas de calafateo TDS, ya sea neum\u00e1tica (imagen) o manual, utilizan empaques tipo salchicha de 20 oz (592 mL). Estas herramientas permiten trabajar de forma m\u00e1s r\u00e1pida, eficiente y ecol\u00f3gica al reducir el desperdicio de cartuchos. Contamos con boquillas y repuestos disponibles en todo momento.Caracter\u00edsticas Destacadas Opciones disponibles: Manual o Neum\u00e1tica Alta calidad en materiales y dise\u00f1o Flujo ajustable para un control preciso R\u00e1pidas y eficientes para trabajos extensos Menos cambios de cartuchos, m\u00e1s productividad Mayor sostenibilidad: generan menos residuos Compatibles con empaques tipo salchicha (recalafateo con salchichas)Informaci\u00f3n de Producto N\u00famero de Parte Descripci\u00f3n Presentaci\u00f3n 123-006 Pistola Manual para Salchichas 1 unidad 123-007 Pistola Neum\u00e1tica para Salchichas 1 unidad 123-004 Boquilla Pl\u00e1stica Est\u00e1ndar 1 unidad","breadcrumb":{"@id":"https:\/\/plcmarine.com\/en\/producto\/pneumatic-sausage-gun\/#breadcrumb"},"inLanguage":"en-US","potentialAction":[{"@type":"ReadAction","target":["https:\/\/plcmarine.com\/en\/producto\/pneumatic-sausage-gun\/"]}]},{"@type":"ImageObject","inLanguage":"en-US","@id":"https:\/\/plcmarine.com\/en\/producto\/pneumatic-sausage-gun\/#primaryimage","url":"https:\/\/plcmarine.com\/wp-content\/uploads\/2025\/05\/GUN-2.jpg","contentUrl":"https:\/\/plcmarine.com\/wp-content\/uploads\/2025\/05\/GUN-2.jpg","width":1168,"height":668},{"@type":"BreadcrumbList","@id":"https:\/\/plcmarine.com\/en\/producto\/pneumatic-sausage-gun\/#breadcrumb","itemListElement":[{"@type":"ListItem","position":1,"name":"Home","item":"https:\/\/plcmarine.com\/en\/"},{"@type":"ListItem","position":2,"name":"Shop","item":"https:\/\/plcmarine.com\/shop\/"},{"@type":"ListItem","position":3,"name":"PNEUMATIC SAUSAGE GUN"}]},{"@type":"WebSite","@id":"https:\/\/plcmarine.com\/en\/#website","url":"https:\/\/plcmarine.com\/en\/","name":"PLC Marine","description":"The Professional&#039;s choice","potentialAction":[{"@type":"SearchAction","target":{"@type":"EntryPoint","urlTemplate":"https:\/\/plcmarine.com\/en\/?s={search_term_string}"},"query-input":{"@type":"PropertyValueSpecification","valueRequired":true,"valueName":"search_term_string"}}],"inLanguage":"en-US"}]}},"brands":[{"id":83,"name":"Teakdecking Systems","slug":"teakdecking-systems"}],"_links":{"self":[{"href":"https:\/\/plcmarine.com\/en\/wp-json\/wp\/v2\/product\/33374406","targetHints":{"allow":["GET"]}}],"collection":[{"href":"https:\/\/plcmarine.com\/en\/wp-json\/wp\/v2\/product"}],"about":[{"href":"https:\/\/plcmarine.com\/en\/wp-json\/wp\/v2\/types\/product"}],"wp:featuredmedia":[{"embeddable":true,"href":"https:\/\/plcmarine.com\/en\/wp-json\/wp\/v2\/media\/33374407"}],"wp:attachment":[{"href":"https:\/\/plcmarine.com\/en\/wp-json\/wp\/v2\/media?parent=33374406"}],"wp:term":[{"taxonomy":"pwb-brand","embeddable":true,"href":"https:\/\/plcmarine.com\/en\/wp-json\/wp\/v2\/pwb-brand?post=33374406"},{"taxonomy":"product_brand","embeddable":true,"href":"https:\/\/plcmarine.com\/en\/wp-json\/wp\/v2\/product_brand?post=33374406"},{"taxonomy":"product_cat","embeddable":true,"href":"https:\/\/plcmarine.com\/en\/wp-json\/wp\/v2\/product_cat?post=33374406"},{"taxonomy":"product_tag","embeddable":true,"href":"https:\/\/plcmarine.com\/en\/wp-json\/wp\/v2\/product_tag?post=33374406"}],"curies":[{"name":"wp","href":"https:\/\/api.w.org\/{rel}","templated":true}]}}