



{"id":33374412,"date":"2025-05-07T18:25:33","date_gmt":"2025-05-07T18:25:33","guid":{"rendered":"https:\/\/plcmarine.com\/product\/eco-100-teak-cleaner-powder-8-lb\/"},"modified":"2026-01-07T22:27:26","modified_gmt":"2026-01-07T22:27:26","slug":"eco-100-teak-cleaner-powder-8-lb","status":"publish","type":"product","link":"https:\/\/plcmarine.com\/en\/producto\/eco-100-teak-cleaner-powder-8-lb\/","title":{"rendered":"ECO-100 TEAK CLEANER POWDER 8 LB."},"content":{"rendered":"<h3>Beneficios Principales<\/h3>\n<ul>\n<li><strong>100% ecol\u00f3gico:<\/strong> seguro para el medio ambiente y la vida marina<\/li>\n<li><strong>Potente contra la suciedad, suave con la teca<\/strong><\/li>\n<li>Elimina <strong>moho y manchas de hongos<\/strong><\/li>\n<li><strong>No da\u00f1a el calafateo<\/strong>, la pintura ni los herrajes<\/li>\n<li><strong>Limpia y aclara<\/strong> sin eliminar fibras blandas<\/li>\n<li>Soluci\u00f3n de limpieza <strong>econ\u00f3mica y eficaz<\/strong><\/li>\n<li>Cumple con los est\u00e1ndares del programa <strong>Florida Clean Marina<\/strong> y MARPOL<\/li>\n<\/ul>\n<h3>Presentaciones Disponibles<\/h3>\n<table style=\"width: 100%; border-collapse: collapse;\" border=\"1\" cellpadding=\"8\">\n<thead style=\"background-color: #f2f2f2;\">\n<tr>\n<th>N\u00famero de Parte<\/th>\n<th>Descripci\u00f3n<\/th>\n<th>Presentaci\u00f3n Est\u00e1ndar<\/th>\n<\/tr>\n<\/thead>\n<tbody>\n<tr>\n<td>118-001<\/td>\n<td>ECO-100 Limpiador de Teca en Polvo 2 lb (0.9 L)<\/td>\n<td>6 por caja<\/td>\n<\/tr>\n<tr>\n<td>118-002<\/td>\n<td>ECO-100 Limpiador de Teca en Polvo 8 lb (3.6 L)<\/td>\n<td>4 por caja<\/td>\n<\/tr>\n<tr>\n<td>118-003<\/td>\n<td>ECO-100 Limpiador de Teca en Polvo 40 lb (18.14 L)<\/td>\n<td>1 por caja<\/td>\n<\/tr>\n<\/tbody>\n<\/table>\n<p><em>Almacenamiento recomendado:<\/em> en un \u00e1rea seca entre 50-85\u00b0F (10-30\u00b0C).<\/p>\n","protected":false},"excerpt":{"rendered":"<h2>ECO-100 \u2013 Limpiador de Teca en Polvo<\/h2>\n<p><strong>ECO-100<\/strong> es un limpiador marino de teca en polvo de alto rendimiento, totalmente <strong>libre de productos qu\u00edmicos agresivos<\/strong>. No contiene \u00e1cidos fuertes, sosa c\u00e1ustica ni fosfatos, pero aun as\u00ed limpia y revitaliza eficazmente sin da\u00f1ar las fibras blandas de la teca.<\/p>\n<p>Est\u00e1 formulado para ser <strong>aplicado directamente sobre la cubierta h\u00fameda<\/strong> y no da\u00f1a la teca, el calafateo, herrajes ni pintura. Es un producto <strong>100% ecol\u00f3gico<\/strong>, ideal para marinas y embarcaciones que buscan una opci\u00f3n verdaderamente \u201cverde\u201d. Cumple con el programa <strong>Florida Clean Marina<\/strong> y es <strong>compatible con MARPOL<\/strong>.<\/p>\n","protected":false},"featured_media":33374413,"template":"","meta":[],"pwb-brand":[],"product_brand":[],"product_cat":[109],"product_tag":[],"class_list":{"0":"post-33374412","1":"product","2":"type-product","3":"status-publish","4":"has-post-thumbnail","6":"product_cat-sin-categorizar","8":"first","9":"instock","10":"taxable","11":"shipping-taxable","12":"purchasable","13":"product-type-simple"},"yoast_head":"<!-- This site is optimized with the Yoast SEO plugin v25.3.1 - https:\/\/yoast.com\/wordpress\/plugins\/seo\/ -->\n<title>ECO-100 TEAK CLEANER POWDER 8 LB. - PLC Marine<\/title>\n<meta name=\"description\" content=\"ECO-100 \u2013 Limpiador de Teca en PolvoECO-100 es un limpiador marino de teca en polvo de alto rendimiento, totalmente libre de productos qu\u00edmicos agresivos. No contiene \u00e1cidos fuertes, sosa c\u00e1ustica ni fosfatos, pero aun as\u00ed limpia y revitaliza eficazmente sin da\u00f1ar las fibras blandas de la teca.Est\u00e1 formulado para ser aplicado directamente sobre la cubierta h\u00fameda y no da\u00f1a la teca, el calafateo, herrajes ni pintura. Es un producto 100% ecol\u00f3gico, ideal para marinas y embarcaciones que buscan una opci\u00f3n verdaderamente \u201cverde\u201d. Cumple con el programa Florida Clean Marina y es compatible con MARPOL.Beneficios Principales 100% ecol\u00f3gico: seguro para el medio ambiente y la vida marina Potente contra la suciedad, suave con la teca Elimina moho y manchas de hongos No da\u00f1a el calafateo, la pintura ni los herrajes Limpia y aclara sin eliminar fibras blandas Soluci\u00f3n de limpieza econ\u00f3mica y eficaz Cumple con los est\u00e1ndares del programa Florida Clean Marina y MARPOLPresentaciones Disponibles N\u00famero de Parte Descripci\u00f3n Presentaci\u00f3n Est\u00e1ndar 118-001 ECO-100 Limpiador de Teca en Polvo 2 lb (0.9 L) 6 por caja 118-002 ECO-100 Limpiador de Teca en Polvo 8 lb (3.6 L) 4 por caja 118-003 ECO-100 Limpiador de Teca en Polvo 40 lb (18.14 L) 1 por caja Almacenamiento recomendado: en un \u00e1rea seca entre 50-85\u00b0F (10-30\u00b0C).\" \/>\n<meta name=\"robots\" content=\"index, follow, max-snippet:-1, max-image-preview:large, max-video-preview:-1\" \/>\n<link rel=\"canonical\" href=\"https:\/\/plcmarine.com\/en\/producto\/eco-100-teak-cleaner-powder-8-lb\/\" \/>\n<meta property=\"og:locale\" content=\"en_US\" \/>\n<meta property=\"og:type\" content=\"article\" \/>\n<meta property=\"og:title\" content=\"ECO-100 TEAK CLEANER POWDER 8 LB. - PLC Marine\" \/>\n<meta property=\"og:description\" content=\"ECO-100 \u2013 Limpiador de Teca en PolvoECO-100 es un limpiador marino de teca en polvo de alto rendimiento, totalmente libre de productos qu\u00edmicos agresivos. No contiene \u00e1cidos fuertes, sosa c\u00e1ustica ni fosfatos, pero aun as\u00ed limpia y revitaliza eficazmente sin da\u00f1ar las fibras blandas de la teca.Est\u00e1 formulado para ser aplicado directamente sobre la cubierta h\u00fameda y no da\u00f1a la teca, el calafateo, herrajes ni pintura. Es un producto 100% ecol\u00f3gico, ideal para marinas y embarcaciones que buscan una opci\u00f3n verdaderamente \u201cverde\u201d. Cumple con el programa Florida Clean Marina y es compatible con MARPOL.Beneficios Principales 100% ecol\u00f3gico: seguro para el medio ambiente y la vida marina Potente contra la suciedad, suave con la teca Elimina moho y manchas de hongos No da\u00f1a el calafateo, la pintura ni los herrajes Limpia y aclara sin eliminar fibras blandas Soluci\u00f3n de limpieza econ\u00f3mica y eficaz Cumple con los est\u00e1ndares del programa Florida Clean Marina y MARPOLPresentaciones Disponibles N\u00famero de Parte Descripci\u00f3n Presentaci\u00f3n Est\u00e1ndar 118-001 ECO-100 Limpiador de Teca en Polvo 2 lb (0.9 L) 6 por caja 118-002 ECO-100 Limpiador de Teca en Polvo 8 lb (3.6 L) 4 por caja 118-003 ECO-100 Limpiador de Teca en Polvo 40 lb (18.14 L) 1 por caja Almacenamiento recomendado: en un \u00e1rea seca entre 50-85\u00b0F (10-30\u00b0C).\" \/>\n<meta property=\"og:url\" content=\"https:\/\/plcmarine.com\/en\/producto\/eco-100-teak-cleaner-powder-8-lb\/\" \/>\n<meta property=\"og:site_name\" content=\"PLC Marine\" \/>\n<meta property=\"article:modified_time\" content=\"2026-01-07T22:27:26+00:00\" \/>\n<meta property=\"og:image\" content=\"https:\/\/plcmarine.com\/wp-content\/uploads\/2025\/05\/Limpiador-1.jpg\" \/>\n\t<meta property=\"og:image:width\" content=\"1184\" \/>\n\t<meta property=\"og:image:height\" content=\"1190\" \/>\n\t<meta property=\"og:image:type\" content=\"image\/jpeg\" \/>\n<meta name=\"twitter:card\" content=\"summary_large_image\" \/>\n<meta name=\"twitter:label1\" content=\"Est. reading time\" \/>\n\t<meta name=\"twitter:data1\" content=\"1 minute\" \/>\n<script type=\"application\/ld+json\" class=\"yoast-schema-graph\">{\"@context\":\"https:\/\/schema.org\",\"@graph\":[{\"@type\":\"WebPage\",\"@id\":\"https:\/\/plcmarine.com\/en\/producto\/eco-100-teak-cleaner-powder-8-lb\/\",\"url\":\"https:\/\/plcmarine.com\/en\/producto\/eco-100-teak-cleaner-powder-8-lb\/\",\"name\":\"ECO-100 TEAK CLEANER POWDER 8 LB. - PLC Marine\",\"isPartOf\":{\"@id\":\"https:\/\/plcmarine.com\/en\/#website\"},\"primaryImageOfPage\":{\"@id\":\"https:\/\/plcmarine.com\/en\/producto\/eco-100-teak-cleaner-powder-8-lb\/#primaryimage\"},\"image\":{\"@id\":\"https:\/\/plcmarine.com\/en\/producto\/eco-100-teak-cleaner-powder-8-lb\/#primaryimage\"},\"thumbnailUrl\":\"https:\/\/plcmarine.com\/wp-content\/uploads\/2025\/05\/Limpiador-1.jpg\",\"datePublished\":\"2025-05-07T18:25:33+00:00\",\"dateModified\":\"2026-01-07T22:27:26+00:00\",\"description\":\"ECO-100 \u2013 Limpiador de Teca en PolvoECO-100 es un limpiador marino de teca en polvo de alto rendimiento, totalmente libre de productos qu\u00edmicos agresivos. No contiene \u00e1cidos fuertes, sosa c\u00e1ustica ni fosfatos, pero aun as\u00ed limpia y revitaliza eficazmente sin da\u00f1ar las fibras blandas de la teca.Est\u00e1 formulado para ser aplicado directamente sobre la cubierta h\u00fameda y no da\u00f1a la teca, el calafateo, herrajes ni pintura. Es un producto 100% ecol\u00f3gico, ideal para marinas y embarcaciones que buscan una opci\u00f3n verdaderamente \u201cverde\u201d. Cumple con el programa Florida Clean Marina y es compatible con MARPOL.Beneficios Principales 100% ecol\u00f3gico: seguro para el medio ambiente y la vida marina Potente contra la suciedad, suave con la teca Elimina moho y manchas de hongos No da\u00f1a el calafateo, la pintura ni los herrajes Limpia y aclara sin eliminar fibras blandas Soluci\u00f3n de limpieza econ\u00f3mica y eficaz Cumple con los est\u00e1ndares del programa Florida Clean Marina y MARPOLPresentaciones Disponibles N\u00famero de Parte Descripci\u00f3n Presentaci\u00f3n Est\u00e1ndar 118-001 ECO-100 Limpiador de Teca en Polvo 2 lb (0.9 L) 6 por caja 118-002 ECO-100 Limpiador de Teca en Polvo 8 lb (3.6 L) 4 por caja 118-003 ECO-100 Limpiador de Teca en Polvo 40 lb (18.14 L) 1 por caja Almacenamiento recomendado: en un \u00e1rea seca entre 50-85\u00b0F (10-30\u00b0C).\",\"breadcrumb\":{\"@id\":\"https:\/\/plcmarine.com\/en\/producto\/eco-100-teak-cleaner-powder-8-lb\/#breadcrumb\"},\"inLanguage\":\"en-US\",\"potentialAction\":[{\"@type\":\"ReadAction\",\"target\":[\"https:\/\/plcmarine.com\/en\/producto\/eco-100-teak-cleaner-powder-8-lb\/\"]}]},{\"@type\":\"ImageObject\",\"inLanguage\":\"en-US\",\"@id\":\"https:\/\/plcmarine.com\/en\/producto\/eco-100-teak-cleaner-powder-8-lb\/#primaryimage\",\"url\":\"https:\/\/plcmarine.com\/wp-content\/uploads\/2025\/05\/Limpiador-1.jpg\",\"contentUrl\":\"https:\/\/plcmarine.com\/wp-content\/uploads\/2025\/05\/Limpiador-1.jpg\",\"width\":1184,\"height\":1190},{\"@type\":\"BreadcrumbList\",\"@id\":\"https:\/\/plcmarine.com\/en\/producto\/eco-100-teak-cleaner-powder-8-lb\/#breadcrumb\",\"itemListElement\":[{\"@type\":\"ListItem\",\"position\":1,\"name\":\"Home\",\"item\":\"https:\/\/plcmarine.com\/en\/\"},{\"@type\":\"ListItem\",\"position\":2,\"name\":\"Shop\",\"item\":\"https:\/\/plcmarine.com\/shop\/\"},{\"@type\":\"ListItem\",\"position\":3,\"name\":\"ECO-100 TEAK CLEANER POWDER 8 LB.\"}]},{\"@type\":\"WebSite\",\"@id\":\"https:\/\/plcmarine.com\/en\/#website\",\"url\":\"https:\/\/plcmarine.com\/en\/\",\"name\":\"PLC Marine\",\"description\":\"The Professional&#039;s choice\",\"potentialAction\":[{\"@type\":\"SearchAction\",\"target\":{\"@type\":\"EntryPoint\",\"urlTemplate\":\"https:\/\/plcmarine.com\/en\/?s={search_term_string}\"},\"query-input\":{\"@type\":\"PropertyValueSpecification\",\"valueRequired\":true,\"valueName\":\"search_term_string\"}}],\"inLanguage\":\"en-US\"}]}<\/script>\n<!-- \/ Yoast SEO plugin. -->","yoast_head_json":{"title":"ECO-100 TEAK CLEANER POWDER 8 LB. - PLC Marine","description":"ECO-100 \u2013 Limpiador de Teca en PolvoECO-100 es un limpiador marino de teca en polvo de alto rendimiento, totalmente libre de productos qu\u00edmicos agresivos. No contiene \u00e1cidos fuertes, sosa c\u00e1ustica ni fosfatos, pero aun as\u00ed limpia y revitaliza eficazmente sin da\u00f1ar las fibras blandas de la teca.Est\u00e1 formulado para ser aplicado directamente sobre la cubierta h\u00fameda y no da\u00f1a la teca, el calafateo, herrajes ni pintura. Es un producto 100% ecol\u00f3gico, ideal para marinas y embarcaciones que buscan una opci\u00f3n verdaderamente \u201cverde\u201d. Cumple con el programa Florida Clean Marina y es compatible con MARPOL.Beneficios Principales 100% ecol\u00f3gico: seguro para el medio ambiente y la vida marina Potente contra la suciedad, suave con la teca Elimina moho y manchas de hongos No da\u00f1a el calafateo, la pintura ni los herrajes Limpia y aclara sin eliminar fibras blandas Soluci\u00f3n de limpieza econ\u00f3mica y eficaz Cumple con los est\u00e1ndares del programa Florida Clean Marina y MARPOLPresentaciones Disponibles N\u00famero de Parte Descripci\u00f3n Presentaci\u00f3n Est\u00e1ndar 118-001 ECO-100 Limpiador de Teca en Polvo 2 lb (0.9 L) 6 por caja 118-002 ECO-100 Limpiador de Teca en Polvo 8 lb (3.6 L) 4 por caja 118-003 ECO-100 Limpiador de Teca en Polvo 40 lb (18.14 L) 1 por caja Almacenamiento recomendado: en un \u00e1rea seca entre 50-85\u00b0F (10-30\u00b0C).","robots":{"index":"index","follow":"follow","max-snippet":"max-snippet:-1","max-image-preview":"max-image-preview:large","max-video-preview":"max-video-preview:-1"},"canonical":"https:\/\/plcmarine.com\/en\/producto\/eco-100-teak-cleaner-powder-8-lb\/","og_locale":"en_US","og_type":"article","og_title":"ECO-100 TEAK CLEANER POWDER 8 LB. - PLC Marine","og_description":"ECO-100 \u2013 Limpiador de Teca en PolvoECO-100 es un limpiador marino de teca en polvo de alto rendimiento, totalmente libre de productos qu\u00edmicos agresivos. No contiene \u00e1cidos fuertes, sosa c\u00e1ustica ni fosfatos, pero aun as\u00ed limpia y revitaliza eficazmente sin da\u00f1ar las fibras blandas de la teca.Est\u00e1 formulado para ser aplicado directamente sobre la cubierta h\u00fameda y no da\u00f1a la teca, el calafateo, herrajes ni pintura. Es un producto 100% ecol\u00f3gico, ideal para marinas y embarcaciones que buscan una opci\u00f3n verdaderamente \u201cverde\u201d. Cumple con el programa Florida Clean Marina y es compatible con MARPOL.Beneficios Principales 100% ecol\u00f3gico: seguro para el medio ambiente y la vida marina Potente contra la suciedad, suave con la teca Elimina moho y manchas de hongos No da\u00f1a el calafateo, la pintura ni los herrajes Limpia y aclara sin eliminar fibras blandas Soluci\u00f3n de limpieza econ\u00f3mica y eficaz Cumple con los est\u00e1ndares del programa Florida Clean Marina y MARPOLPresentaciones Disponibles N\u00famero de Parte Descripci\u00f3n Presentaci\u00f3n Est\u00e1ndar 118-001 ECO-100 Limpiador de Teca en Polvo 2 lb (0.9 L) 6 por caja 118-002 ECO-100 Limpiador de Teca en Polvo 8 lb (3.6 L) 4 por caja 118-003 ECO-100 Limpiador de Teca en Polvo 40 lb (18.14 L) 1 por caja Almacenamiento recomendado: en un \u00e1rea seca entre 50-85\u00b0F (10-30\u00b0C).","og_url":"https:\/\/plcmarine.com\/en\/producto\/eco-100-teak-cleaner-powder-8-lb\/","og_site_name":"PLC Marine","article_modified_time":"2026-01-07T22:27:26+00:00","og_image":[{"width":1184,"height":1190,"url":"https:\/\/plcmarine.com\/wp-content\/uploads\/2025\/05\/Limpiador-1.jpg","type":"image\/jpeg"}],"twitter_card":"summary_large_image","twitter_misc":{"Est. reading time":"1 minute"},"schema":{"@context":"https:\/\/schema.org","@graph":[{"@type":"WebPage","@id":"https:\/\/plcmarine.com\/en\/producto\/eco-100-teak-cleaner-powder-8-lb\/","url":"https:\/\/plcmarine.com\/en\/producto\/eco-100-teak-cleaner-powder-8-lb\/","name":"ECO-100 TEAK CLEANER POWDER 8 LB. - PLC Marine","isPartOf":{"@id":"https:\/\/plcmarine.com\/en\/#website"},"primaryImageOfPage":{"@id":"https:\/\/plcmarine.com\/en\/producto\/eco-100-teak-cleaner-powder-8-lb\/#primaryimage"},"image":{"@id":"https:\/\/plcmarine.com\/en\/producto\/eco-100-teak-cleaner-powder-8-lb\/#primaryimage"},"thumbnailUrl":"https:\/\/plcmarine.com\/wp-content\/uploads\/2025\/05\/Limpiador-1.jpg","datePublished":"2025-05-07T18:25:33+00:00","dateModified":"2026-01-07T22:27:26+00:00","description":"ECO-100 \u2013 Limpiador de Teca en PolvoECO-100 es un limpiador marino de teca en polvo de alto rendimiento, totalmente libre de productos qu\u00edmicos agresivos. No contiene \u00e1cidos fuertes, sosa c\u00e1ustica ni fosfatos, pero aun as\u00ed limpia y revitaliza eficazmente sin da\u00f1ar las fibras blandas de la teca.Est\u00e1 formulado para ser aplicado directamente sobre la cubierta h\u00fameda y no da\u00f1a la teca, el calafateo, herrajes ni pintura. Es un producto 100% ecol\u00f3gico, ideal para marinas y embarcaciones que buscan una opci\u00f3n verdaderamente \u201cverde\u201d. Cumple con el programa Florida Clean Marina y es compatible con MARPOL.Beneficios Principales 100% ecol\u00f3gico: seguro para el medio ambiente y la vida marina Potente contra la suciedad, suave con la teca Elimina moho y manchas de hongos No da\u00f1a el calafateo, la pintura ni los herrajes Limpia y aclara sin eliminar fibras blandas Soluci\u00f3n de limpieza econ\u00f3mica y eficaz Cumple con los est\u00e1ndares del programa Florida Clean Marina y MARPOLPresentaciones Disponibles N\u00famero de Parte Descripci\u00f3n Presentaci\u00f3n Est\u00e1ndar 118-001 ECO-100 Limpiador de Teca en Polvo 2 lb (0.9 L) 6 por caja 118-002 ECO-100 Limpiador de Teca en Polvo 8 lb (3.6 L) 4 por caja 118-003 ECO-100 Limpiador de Teca en Polvo 40 lb (18.14 L) 1 por caja Almacenamiento recomendado: en un \u00e1rea seca entre 50-85\u00b0F (10-30\u00b0C).","breadcrumb":{"@id":"https:\/\/plcmarine.com\/en\/producto\/eco-100-teak-cleaner-powder-8-lb\/#breadcrumb"},"inLanguage":"en-US","potentialAction":[{"@type":"ReadAction","target":["https:\/\/plcmarine.com\/en\/producto\/eco-100-teak-cleaner-powder-8-lb\/"]}]},{"@type":"ImageObject","inLanguage":"en-US","@id":"https:\/\/plcmarine.com\/en\/producto\/eco-100-teak-cleaner-powder-8-lb\/#primaryimage","url":"https:\/\/plcmarine.com\/wp-content\/uploads\/2025\/05\/Limpiador-1.jpg","contentUrl":"https:\/\/plcmarine.com\/wp-content\/uploads\/2025\/05\/Limpiador-1.jpg","width":1184,"height":1190},{"@type":"BreadcrumbList","@id":"https:\/\/plcmarine.com\/en\/producto\/eco-100-teak-cleaner-powder-8-lb\/#breadcrumb","itemListElement":[{"@type":"ListItem","position":1,"name":"Home","item":"https:\/\/plcmarine.com\/en\/"},{"@type":"ListItem","position":2,"name":"Shop","item":"https:\/\/plcmarine.com\/shop\/"},{"@type":"ListItem","position":3,"name":"ECO-100 TEAK CLEANER POWDER 8 LB."}]},{"@type":"WebSite","@id":"https:\/\/plcmarine.com\/en\/#website","url":"https:\/\/plcmarine.com\/en\/","name":"PLC Marine","description":"The Professional&#039;s choice","potentialAction":[{"@type":"SearchAction","target":{"@type":"EntryPoint","urlTemplate":"https:\/\/plcmarine.com\/en\/?s={search_term_string}"},"query-input":{"@type":"PropertyValueSpecification","valueRequired":true,"valueName":"search_term_string"}}],"inLanguage":"en-US"}]}},"brands":[],"_links":{"self":[{"href":"https:\/\/plcmarine.com\/en\/wp-json\/wp\/v2\/product\/33374412","targetHints":{"allow":["GET"]}}],"collection":[{"href":"https:\/\/plcmarine.com\/en\/wp-json\/wp\/v2\/product"}],"about":[{"href":"https:\/\/plcmarine.com\/en\/wp-json\/wp\/v2\/types\/product"}],"wp:featuredmedia":[{"embeddable":true,"href":"https:\/\/plcmarine.com\/en\/wp-json\/wp\/v2\/media\/33374413"}],"wp:attachment":[{"href":"https:\/\/plcmarine.com\/en\/wp-json\/wp\/v2\/media?parent=33374412"}],"wp:term":[{"taxonomy":"pwb-brand","embeddable":true,"href":"https:\/\/plcmarine.com\/en\/wp-json\/wp\/v2\/pwb-brand?post=33374412"},{"taxonomy":"product_brand","embeddable":true,"href":"https:\/\/plcmarine.com\/en\/wp-json\/wp\/v2\/product_brand?post=33374412"},{"taxonomy":"product_cat","embeddable":true,"href":"https:\/\/plcmarine.com\/en\/wp-json\/wp\/v2\/product_cat?post=33374412"},{"taxonomy":"product_tag","embeddable":true,"href":"https:\/\/plcmarine.com\/en\/wp-json\/wp\/v2\/product_tag?post=33374412"}],"curies":[{"name":"wp","href":"https:\/\/api.w.org\/{rel}","templated":true}]}}