



{"id":33374418,"date":"2025-05-07T18:45:25","date_gmt":"2025-05-07T18:45:25","guid":{"rendered":"https:\/\/plcmarine.com\/product\/eco-300-teak-cleaner-liquid-1-qt\/"},"modified":"2026-01-07T22:28:23","modified_gmt":"2026-01-07T22:28:23","slug":"eco-300-teak-cleaner-liquid-1-qt","status":"publish","type":"product","link":"https:\/\/plcmarine.com\/en\/producto\/eco-300-teak-cleaner-liquid-1-qt\/","title":{"rendered":"ECO-300 TEAK CLEANER LIQUID 1 QT"},"content":{"rendered":"<h3>Beneficios Principales<\/h3>\n<ul>\n<li><strong>100% ecol\u00f3gico y biodegradable<\/strong><\/li>\n<li><strong>Seguro para el usuario:<\/strong> no t\u00f3xico<\/li>\n<li><strong>Listo para usar<\/strong> \u2013 sin necesidad de mezclar<\/li>\n<li><strong>F\u00e1cil de aplicar<\/strong>: se adhiere a la esponja o pad<\/li>\n<li><strong>Potente contra la suciedad, suave con la teca y compuestos<\/strong><\/li>\n<li><strong>No da\u00f1a el calafateo, pintura ni herrajes<\/strong><\/li>\n<li><strong>Limpia y aclara<\/strong> en una sola aplicaci\u00f3n<\/li>\n<li><strong>Cumple con MARPOL y Florida Clean Marina Program<\/strong><\/li>\n<\/ul>\n<h3>Presentaciones Disponibles<\/h3>\n<table style=\"width: 100%; border-collapse: collapse;\" border=\"1\" cellpadding=\"8\">\n<thead style=\"background-color: #f2f2f2;\">\n<tr>\n<th>N\u00famero de Parte<\/th>\n<th>Descripci\u00f3n<\/th>\n<th>Presentaci\u00f3n Est\u00e1ndar<\/th>\n<\/tr>\n<\/thead>\n<tbody>\n<tr>\n<td>118-005<\/td>\n<td>ECO-300 Limpiador L\u00edquido para Teca y Compuestos \u2013 1 qt (0.95 L)<\/td>\n<td>6 por caja<\/td>\n<\/tr>\n<tr>\n<td>118-006<\/td>\n<td>ECO-300 Limpiador L\u00edquido para Teca y Compuestos \u2013 1 gal (3.78 L)<\/td>\n<td>4 por caja<\/td>\n<\/tr>\n<tr>\n<td>118-007<\/td>\n<td>ECO-300 Limpiador L\u00edquido para Teca y Compuestos \u2013 5 gal (18.93 L)<\/td>\n<td>1 por balde<\/td>\n<\/tr>\n<\/tbody>\n<\/table>\n<p><em>Almacenamiento recomendado:<\/em> en un \u00e1rea seca entre 50-85\u00b0F (10-30\u00b0C).<\/p>\n","protected":false},"excerpt":{"rendered":"<h2>ECO-300 \u2013 Limpiador L\u00edquido para Teca y Materiales Compuestos<\/h2>\n<p><strong>ECO-300<\/strong> es el limpiador l\u00edquido m\u00e1s avanzado de la industria n\u00e1utica para teca y superficies compuestas. Est\u00e1 <strong>listo para usar<\/strong> y ha sido formulado para ser <strong>100% ecol\u00f3gico<\/strong>, sin productos qu\u00edmicos agresivos y totalmente <strong>biodegradable<\/strong>. Es seguro para la teca, el calafateo, herrajes y pintura.<\/p>\n<p>Gracias a su consistencia espesa, se adhiere f\u00e1cilmente a las almohadillas de fregado y elimina eficazmente la suciedad, dejando una superficie limpia y con un aspecto renovado, sin da\u00f1ar las fibras ni los materiales. Todos sus ingredientes est\u00e1n aprobados por la <strong>National Sanitation Foundation<\/strong> y cumple con los est\u00e1ndares del <strong>Florida Clean Marina Program<\/strong> y <strong>MARPOL<\/strong>.<\/p>\n","protected":false},"featured_media":33374419,"template":"","meta":[],"pwb-brand":[83],"product_brand":[],"product_cat":[109],"product_tag":[],"class_list":{"0":"post-33374418","1":"product","2":"type-product","3":"status-publish","4":"has-post-thumbnail","6":"pwb-brand-teakdecking-systems","7":"product_cat-sin-categorizar","9":"first","10":"instock","11":"taxable","12":"shipping-taxable","13":"purchasable","14":"product-type-simple"},"yoast_head":"<!-- This site is optimized with the Yoast SEO plugin v25.3.1 - https:\/\/yoast.com\/wordpress\/plugins\/seo\/ -->\n<title>ECO-300 TEAK CLEANER LIQUID 1 QT - PLC Marine<\/title>\n<meta name=\"description\" content=\"ECO-300 \u2013 Limpiador L\u00edquido para Teca y Materiales CompuestosECO-300 es el limpiador l\u00edquido m\u00e1s avanzado de la industria n\u00e1utica para teca y superficies compuestas. Est\u00e1 listo para usar y ha sido formulado para ser 100% ecol\u00f3gico, sin productos qu\u00edmicos agresivos y totalmente biodegradable. Es seguro para la teca, el calafateo, herrajes y pintura.Gracias a su consistencia espesa, se adhiere f\u00e1cilmente a las almohadillas de fregado y elimina eficazmente la suciedad, dejando una superficie limpia y con un aspecto renovado, sin da\u00f1ar las fibras ni los materiales. Todos sus ingredientes est\u00e1n aprobados por la National Sanitation Foundation y cumple con los est\u00e1ndares del Florida Clean Marina Program y MARPOL.Beneficios Principales 100% ecol\u00f3gico y biodegradable Seguro para el usuario: no t\u00f3xico Listo para usar \u2013 sin necesidad de mezclar F\u00e1cil de aplicar: se adhiere a la esponja o pad Potente contra la suciedad, suave con la teca y compuestos No da\u00f1a el calafateo, pintura ni herrajes Limpia y aclara en una sola aplicaci\u00f3n Cumple con MARPOL y Florida Clean Marina ProgramPresentaciones Disponibles N\u00famero de Parte Descripci\u00f3n Presentaci\u00f3n Est\u00e1ndar 118-005 ECO-300 Limpiador L\u00edquido para Teca y Compuestos \u2013 1 qt (0.95 L) 6 por caja 118-006 ECO-300 Limpiador L\u00edquido para Teca y Compuestos \u2013 1 gal (3.78 L) 4 por caja 118-007 ECO-300 Limpiador L\u00edquido para Teca y Compuestos \u2013 5 gal (18.93 L) 1 por balde Almacenamiento recomendado: en un \u00e1rea seca entre 50-85\u00b0F (10-30\u00b0C).\" \/>\n<meta name=\"robots\" content=\"index, follow, max-snippet:-1, max-image-preview:large, max-video-preview:-1\" \/>\n<link rel=\"canonical\" href=\"https:\/\/plcmarine.com\/en\/producto\/eco-300-teak-cleaner-liquid-1-qt\/\" \/>\n<meta property=\"og:locale\" content=\"en_US\" \/>\n<meta property=\"og:type\" content=\"article\" \/>\n<meta property=\"og:title\" content=\"ECO-300 TEAK CLEANER LIQUID 1 QT - PLC Marine\" \/>\n<meta property=\"og:description\" content=\"ECO-300 \u2013 Limpiador L\u00edquido para Teca y Materiales CompuestosECO-300 es el limpiador l\u00edquido m\u00e1s avanzado de la industria n\u00e1utica para teca y superficies compuestas. Est\u00e1 listo para usar y ha sido formulado para ser 100% ecol\u00f3gico, sin productos qu\u00edmicos agresivos y totalmente biodegradable. Es seguro para la teca, el calafateo, herrajes y pintura.Gracias a su consistencia espesa, se adhiere f\u00e1cilmente a las almohadillas de fregado y elimina eficazmente la suciedad, dejando una superficie limpia y con un aspecto renovado, sin da\u00f1ar las fibras ni los materiales. Todos sus ingredientes est\u00e1n aprobados por la National Sanitation Foundation y cumple con los est\u00e1ndares del Florida Clean Marina Program y MARPOL.Beneficios Principales 100% ecol\u00f3gico y biodegradable Seguro para el usuario: no t\u00f3xico Listo para usar \u2013 sin necesidad de mezclar F\u00e1cil de aplicar: se adhiere a la esponja o pad Potente contra la suciedad, suave con la teca y compuestos No da\u00f1a el calafateo, pintura ni herrajes Limpia y aclara en una sola aplicaci\u00f3n Cumple con MARPOL y Florida Clean Marina ProgramPresentaciones Disponibles N\u00famero de Parte Descripci\u00f3n Presentaci\u00f3n Est\u00e1ndar 118-005 ECO-300 Limpiador L\u00edquido para Teca y Compuestos \u2013 1 qt (0.95 L) 6 por caja 118-006 ECO-300 Limpiador L\u00edquido para Teca y Compuestos \u2013 1 gal (3.78 L) 4 por caja 118-007 ECO-300 Limpiador L\u00edquido para Teca y Compuestos \u2013 5 gal (18.93 L) 1 por balde Almacenamiento recomendado: en un \u00e1rea seca entre 50-85\u00b0F (10-30\u00b0C).\" \/>\n<meta property=\"og:url\" content=\"https:\/\/plcmarine.com\/en\/producto\/eco-300-teak-cleaner-liquid-1-qt\/\" \/>\n<meta property=\"og:site_name\" content=\"PLC Marine\" \/>\n<meta property=\"article:modified_time\" content=\"2026-01-07T22:28:23+00:00\" \/>\n<meta property=\"og:image\" content=\"https:\/\/plcmarine.com\/wp-content\/uploads\/2025\/05\/Eco300.jpg\" \/>\n\t<meta property=\"og:image:width\" content=\"1182\" \/>\n\t<meta property=\"og:image:height\" content=\"1218\" \/>\n\t<meta property=\"og:image:type\" content=\"image\/jpeg\" \/>\n<meta name=\"twitter:card\" content=\"summary_large_image\" \/>\n<meta name=\"twitter:label1\" content=\"Est. reading time\" \/>\n\t<meta name=\"twitter:data1\" content=\"1 minute\" \/>\n<script type=\"application\/ld+json\" class=\"yoast-schema-graph\">{\"@context\":\"https:\/\/schema.org\",\"@graph\":[{\"@type\":\"WebPage\",\"@id\":\"https:\/\/plcmarine.com\/en\/producto\/eco-300-teak-cleaner-liquid-1-qt\/\",\"url\":\"https:\/\/plcmarine.com\/en\/producto\/eco-300-teak-cleaner-liquid-1-qt\/\",\"name\":\"ECO-300 TEAK CLEANER LIQUID 1 QT - PLC Marine\",\"isPartOf\":{\"@id\":\"https:\/\/plcmarine.com\/en\/#website\"},\"primaryImageOfPage\":{\"@id\":\"https:\/\/plcmarine.com\/en\/producto\/eco-300-teak-cleaner-liquid-1-qt\/#primaryimage\"},\"image\":{\"@id\":\"https:\/\/plcmarine.com\/en\/producto\/eco-300-teak-cleaner-liquid-1-qt\/#primaryimage\"},\"thumbnailUrl\":\"https:\/\/plcmarine.com\/wp-content\/uploads\/2025\/05\/Eco300.jpg\",\"datePublished\":\"2025-05-07T18:45:25+00:00\",\"dateModified\":\"2026-01-07T22:28:23+00:00\",\"description\":\"ECO-300 \u2013 Limpiador L\u00edquido para Teca y Materiales CompuestosECO-300 es el limpiador l\u00edquido m\u00e1s avanzado de la industria n\u00e1utica para teca y superficies compuestas. Est\u00e1 listo para usar y ha sido formulado para ser 100% ecol\u00f3gico, sin productos qu\u00edmicos agresivos y totalmente biodegradable. Es seguro para la teca, el calafateo, herrajes y pintura.Gracias a su consistencia espesa, se adhiere f\u00e1cilmente a las almohadillas de fregado y elimina eficazmente la suciedad, dejando una superficie limpia y con un aspecto renovado, sin da\u00f1ar las fibras ni los materiales. Todos sus ingredientes est\u00e1n aprobados por la National Sanitation Foundation y cumple con los est\u00e1ndares del Florida Clean Marina Program y MARPOL.Beneficios Principales 100% ecol\u00f3gico y biodegradable Seguro para el usuario: no t\u00f3xico Listo para usar \u2013 sin necesidad de mezclar F\u00e1cil de aplicar: se adhiere a la esponja o pad Potente contra la suciedad, suave con la teca y compuestos No da\u00f1a el calafateo, pintura ni herrajes Limpia y aclara en una sola aplicaci\u00f3n Cumple con MARPOL y Florida Clean Marina ProgramPresentaciones Disponibles N\u00famero de Parte Descripci\u00f3n Presentaci\u00f3n Est\u00e1ndar 118-005 ECO-300 Limpiador L\u00edquido para Teca y Compuestos \u2013 1 qt (0.95 L) 6 por caja 118-006 ECO-300 Limpiador L\u00edquido para Teca y Compuestos \u2013 1 gal (3.78 L) 4 por caja 118-007 ECO-300 Limpiador L\u00edquido para Teca y Compuestos \u2013 5 gal (18.93 L) 1 por balde Almacenamiento recomendado: en un \u00e1rea seca entre 50-85\u00b0F (10-30\u00b0C).\",\"breadcrumb\":{\"@id\":\"https:\/\/plcmarine.com\/en\/producto\/eco-300-teak-cleaner-liquid-1-qt\/#breadcrumb\"},\"inLanguage\":\"en-US\",\"potentialAction\":[{\"@type\":\"ReadAction\",\"target\":[\"https:\/\/plcmarine.com\/en\/producto\/eco-300-teak-cleaner-liquid-1-qt\/\"]}]},{\"@type\":\"ImageObject\",\"inLanguage\":\"en-US\",\"@id\":\"https:\/\/plcmarine.com\/en\/producto\/eco-300-teak-cleaner-liquid-1-qt\/#primaryimage\",\"url\":\"https:\/\/plcmarine.com\/wp-content\/uploads\/2025\/05\/Eco300.jpg\",\"contentUrl\":\"https:\/\/plcmarine.com\/wp-content\/uploads\/2025\/05\/Eco300.jpg\",\"width\":1182,\"height\":1218},{\"@type\":\"BreadcrumbList\",\"@id\":\"https:\/\/plcmarine.com\/en\/producto\/eco-300-teak-cleaner-liquid-1-qt\/#breadcrumb\",\"itemListElement\":[{\"@type\":\"ListItem\",\"position\":1,\"name\":\"Home\",\"item\":\"https:\/\/plcmarine.com\/en\/\"},{\"@type\":\"ListItem\",\"position\":2,\"name\":\"Shop\",\"item\":\"https:\/\/plcmarine.com\/shop\/\"},{\"@type\":\"ListItem\",\"position\":3,\"name\":\"ECO-300 TEAK CLEANER LIQUID 1 QT\"}]},{\"@type\":\"WebSite\",\"@id\":\"https:\/\/plcmarine.com\/en\/#website\",\"url\":\"https:\/\/plcmarine.com\/en\/\",\"name\":\"PLC Marine\",\"description\":\"The Professional&#039;s choice\",\"potentialAction\":[{\"@type\":\"SearchAction\",\"target\":{\"@type\":\"EntryPoint\",\"urlTemplate\":\"https:\/\/plcmarine.com\/en\/?s={search_term_string}\"},\"query-input\":{\"@type\":\"PropertyValueSpecification\",\"valueRequired\":true,\"valueName\":\"search_term_string\"}}],\"inLanguage\":\"en-US\"}]}<\/script>\n<!-- \/ Yoast SEO plugin. -->","yoast_head_json":{"title":"ECO-300 TEAK CLEANER LIQUID 1 QT - PLC Marine","description":"ECO-300 \u2013 Limpiador L\u00edquido para Teca y Materiales CompuestosECO-300 es el limpiador l\u00edquido m\u00e1s avanzado de la industria n\u00e1utica para teca y superficies compuestas. Est\u00e1 listo para usar y ha sido formulado para ser 100% ecol\u00f3gico, sin productos qu\u00edmicos agresivos y totalmente biodegradable. Es seguro para la teca, el calafateo, herrajes y pintura.Gracias a su consistencia espesa, se adhiere f\u00e1cilmente a las almohadillas de fregado y elimina eficazmente la suciedad, dejando una superficie limpia y con un aspecto renovado, sin da\u00f1ar las fibras ni los materiales. Todos sus ingredientes est\u00e1n aprobados por la National Sanitation Foundation y cumple con los est\u00e1ndares del Florida Clean Marina Program y MARPOL.Beneficios Principales 100% ecol\u00f3gico y biodegradable Seguro para el usuario: no t\u00f3xico Listo para usar \u2013 sin necesidad de mezclar F\u00e1cil de aplicar: se adhiere a la esponja o pad Potente contra la suciedad, suave con la teca y compuestos No da\u00f1a el calafateo, pintura ni herrajes Limpia y aclara en una sola aplicaci\u00f3n Cumple con MARPOL y Florida Clean Marina ProgramPresentaciones Disponibles N\u00famero de Parte Descripci\u00f3n Presentaci\u00f3n Est\u00e1ndar 118-005 ECO-300 Limpiador L\u00edquido para Teca y Compuestos \u2013 1 qt (0.95 L) 6 por caja 118-006 ECO-300 Limpiador L\u00edquido para Teca y Compuestos \u2013 1 gal (3.78 L) 4 por caja 118-007 ECO-300 Limpiador L\u00edquido para Teca y Compuestos \u2013 5 gal (18.93 L) 1 por balde Almacenamiento recomendado: en un \u00e1rea seca entre 50-85\u00b0F (10-30\u00b0C).","robots":{"index":"index","follow":"follow","max-snippet":"max-snippet:-1","max-image-preview":"max-image-preview:large","max-video-preview":"max-video-preview:-1"},"canonical":"https:\/\/plcmarine.com\/en\/producto\/eco-300-teak-cleaner-liquid-1-qt\/","og_locale":"en_US","og_type":"article","og_title":"ECO-300 TEAK CLEANER LIQUID 1 QT - PLC Marine","og_description":"ECO-300 \u2013 Limpiador L\u00edquido para Teca y Materiales CompuestosECO-300 es el limpiador l\u00edquido m\u00e1s avanzado de la industria n\u00e1utica para teca y superficies compuestas. Est\u00e1 listo para usar y ha sido formulado para ser 100% ecol\u00f3gico, sin productos qu\u00edmicos agresivos y totalmente biodegradable. Es seguro para la teca, el calafateo, herrajes y pintura.Gracias a su consistencia espesa, se adhiere f\u00e1cilmente a las almohadillas de fregado y elimina eficazmente la suciedad, dejando una superficie limpia y con un aspecto renovado, sin da\u00f1ar las fibras ni los materiales. Todos sus ingredientes est\u00e1n aprobados por la National Sanitation Foundation y cumple con los est\u00e1ndares del Florida Clean Marina Program y MARPOL.Beneficios Principales 100% ecol\u00f3gico y biodegradable Seguro para el usuario: no t\u00f3xico Listo para usar \u2013 sin necesidad de mezclar F\u00e1cil de aplicar: se adhiere a la esponja o pad Potente contra la suciedad, suave con la teca y compuestos No da\u00f1a el calafateo, pintura ni herrajes Limpia y aclara en una sola aplicaci\u00f3n Cumple con MARPOL y Florida Clean Marina ProgramPresentaciones Disponibles N\u00famero de Parte Descripci\u00f3n Presentaci\u00f3n Est\u00e1ndar 118-005 ECO-300 Limpiador L\u00edquido para Teca y Compuestos \u2013 1 qt (0.95 L) 6 por caja 118-006 ECO-300 Limpiador L\u00edquido para Teca y Compuestos \u2013 1 gal (3.78 L) 4 por caja 118-007 ECO-300 Limpiador L\u00edquido para Teca y Compuestos \u2013 5 gal (18.93 L) 1 por balde Almacenamiento recomendado: en un \u00e1rea seca entre 50-85\u00b0F (10-30\u00b0C).","og_url":"https:\/\/plcmarine.com\/en\/producto\/eco-300-teak-cleaner-liquid-1-qt\/","og_site_name":"PLC Marine","article_modified_time":"2026-01-07T22:28:23+00:00","og_image":[{"width":1182,"height":1218,"url":"https:\/\/plcmarine.com\/wp-content\/uploads\/2025\/05\/Eco300.jpg","type":"image\/jpeg"}],"twitter_card":"summary_large_image","twitter_misc":{"Est. reading time":"1 minute"},"schema":{"@context":"https:\/\/schema.org","@graph":[{"@type":"WebPage","@id":"https:\/\/plcmarine.com\/en\/producto\/eco-300-teak-cleaner-liquid-1-qt\/","url":"https:\/\/plcmarine.com\/en\/producto\/eco-300-teak-cleaner-liquid-1-qt\/","name":"ECO-300 TEAK CLEANER LIQUID 1 QT - PLC Marine","isPartOf":{"@id":"https:\/\/plcmarine.com\/en\/#website"},"primaryImageOfPage":{"@id":"https:\/\/plcmarine.com\/en\/producto\/eco-300-teak-cleaner-liquid-1-qt\/#primaryimage"},"image":{"@id":"https:\/\/plcmarine.com\/en\/producto\/eco-300-teak-cleaner-liquid-1-qt\/#primaryimage"},"thumbnailUrl":"https:\/\/plcmarine.com\/wp-content\/uploads\/2025\/05\/Eco300.jpg","datePublished":"2025-05-07T18:45:25+00:00","dateModified":"2026-01-07T22:28:23+00:00","description":"ECO-300 \u2013 Limpiador L\u00edquido para Teca y Materiales CompuestosECO-300 es el limpiador l\u00edquido m\u00e1s avanzado de la industria n\u00e1utica para teca y superficies compuestas. Est\u00e1 listo para usar y ha sido formulado para ser 100% ecol\u00f3gico, sin productos qu\u00edmicos agresivos y totalmente biodegradable. Es seguro para la teca, el calafateo, herrajes y pintura.Gracias a su consistencia espesa, se adhiere f\u00e1cilmente a las almohadillas de fregado y elimina eficazmente la suciedad, dejando una superficie limpia y con un aspecto renovado, sin da\u00f1ar las fibras ni los materiales. Todos sus ingredientes est\u00e1n aprobados por la National Sanitation Foundation y cumple con los est\u00e1ndares del Florida Clean Marina Program y MARPOL.Beneficios Principales 100% ecol\u00f3gico y biodegradable Seguro para el usuario: no t\u00f3xico Listo para usar \u2013 sin necesidad de mezclar F\u00e1cil de aplicar: se adhiere a la esponja o pad Potente contra la suciedad, suave con la teca y compuestos No da\u00f1a el calafateo, pintura ni herrajes Limpia y aclara en una sola aplicaci\u00f3n Cumple con MARPOL y Florida Clean Marina ProgramPresentaciones Disponibles N\u00famero de Parte Descripci\u00f3n Presentaci\u00f3n Est\u00e1ndar 118-005 ECO-300 Limpiador L\u00edquido para Teca y Compuestos \u2013 1 qt (0.95 L) 6 por caja 118-006 ECO-300 Limpiador L\u00edquido para Teca y Compuestos \u2013 1 gal (3.78 L) 4 por caja 118-007 ECO-300 Limpiador L\u00edquido para Teca y Compuestos \u2013 5 gal (18.93 L) 1 por balde Almacenamiento recomendado: en un \u00e1rea seca entre 50-85\u00b0F (10-30\u00b0C).","breadcrumb":{"@id":"https:\/\/plcmarine.com\/en\/producto\/eco-300-teak-cleaner-liquid-1-qt\/#breadcrumb"},"inLanguage":"en-US","potentialAction":[{"@type":"ReadAction","target":["https:\/\/plcmarine.com\/en\/producto\/eco-300-teak-cleaner-liquid-1-qt\/"]}]},{"@type":"ImageObject","inLanguage":"en-US","@id":"https:\/\/plcmarine.com\/en\/producto\/eco-300-teak-cleaner-liquid-1-qt\/#primaryimage","url":"https:\/\/plcmarine.com\/wp-content\/uploads\/2025\/05\/Eco300.jpg","contentUrl":"https:\/\/plcmarine.com\/wp-content\/uploads\/2025\/05\/Eco300.jpg","width":1182,"height":1218},{"@type":"BreadcrumbList","@id":"https:\/\/plcmarine.com\/en\/producto\/eco-300-teak-cleaner-liquid-1-qt\/#breadcrumb","itemListElement":[{"@type":"ListItem","position":1,"name":"Home","item":"https:\/\/plcmarine.com\/en\/"},{"@type":"ListItem","position":2,"name":"Shop","item":"https:\/\/plcmarine.com\/shop\/"},{"@type":"ListItem","position":3,"name":"ECO-300 TEAK CLEANER LIQUID 1 QT"}]},{"@type":"WebSite","@id":"https:\/\/plcmarine.com\/en\/#website","url":"https:\/\/plcmarine.com\/en\/","name":"PLC Marine","description":"The Professional&#039;s choice","potentialAction":[{"@type":"SearchAction","target":{"@type":"EntryPoint","urlTemplate":"https:\/\/plcmarine.com\/en\/?s={search_term_string}"},"query-input":{"@type":"PropertyValueSpecification","valueRequired":true,"valueName":"search_term_string"}}],"inLanguage":"en-US"}]}},"brands":[{"id":83,"name":"Teakdecking Systems","slug":"teakdecking-systems"}],"_links":{"self":[{"href":"https:\/\/plcmarine.com\/en\/wp-json\/wp\/v2\/product\/33374418","targetHints":{"allow":["GET"]}}],"collection":[{"href":"https:\/\/plcmarine.com\/en\/wp-json\/wp\/v2\/product"}],"about":[{"href":"https:\/\/plcmarine.com\/en\/wp-json\/wp\/v2\/types\/product"}],"wp:featuredmedia":[{"embeddable":true,"href":"https:\/\/plcmarine.com\/en\/wp-json\/wp\/v2\/media\/33374419"}],"wp:attachment":[{"href":"https:\/\/plcmarine.com\/en\/wp-json\/wp\/v2\/media?parent=33374418"}],"wp:term":[{"taxonomy":"pwb-brand","embeddable":true,"href":"https:\/\/plcmarine.com\/en\/wp-json\/wp\/v2\/pwb-brand?post=33374418"},{"taxonomy":"product_brand","embeddable":true,"href":"https:\/\/plcmarine.com\/en\/wp-json\/wp\/v2\/product_brand?post=33374418"},{"taxonomy":"product_cat","embeddable":true,"href":"https:\/\/plcmarine.com\/en\/wp-json\/wp\/v2\/product_cat?post=33374418"},{"taxonomy":"product_tag","embeddable":true,"href":"https:\/\/plcmarine.com\/en\/wp-json\/wp\/v2\/product_tag?post=33374418"}],"curies":[{"name":"wp","href":"https:\/\/api.w.org\/{rel}","templated":true}]}}