



{"id":33374430,"date":"2025-05-07T18:55:32","date_gmt":"2025-05-07T18:55:32","guid":{"rendered":"https:\/\/plcmarine.com\/product\/teak-sealer-protector-1-gal\/"},"modified":"2026-01-07T22:30:21","modified_gmt":"2026-01-07T22:30:21","slug":"teak-sealer-protector-1-gal","status":"publish","type":"product","link":"https:\/\/plcmarine.com\/en\/producto\/teak-sealer-protector-1-gal\/","title":{"rendered":"TEAK SEALER &amp; PROTECTOR 1 GAL"},"content":{"rendered":"<h3>Caracter\u00edsticas Principales<\/h3>\n<ul>\n<li><strong>F\u00f3rmula base agua<\/strong> \u2013 segura y f\u00e1cil de aplicar<\/li>\n<li><strong>No cambia el color natural<\/strong> de la teca<\/li>\n<li><strong>No afecta las propiedades antideslizantes<\/strong> del deck<\/li>\n<li><strong>Duraci\u00f3n prolongada<\/strong>, hasta 3 meses en climas tropicales<\/li>\n<li><strong>Protege tambi\u00e9n cubiertas de corcho<\/strong><\/li>\n<li><strong>Ideal para muebles de teca<\/strong><\/li>\n<li><strong>Limpieza sencilla<\/strong> con jab\u00f3n neutro o jab\u00f3n n\u00e1utico suave<\/li>\n<li><strong>12 meses de vida \u00fatil<\/strong><\/li>\n<\/ul>\n<h4><strong>Importante:<\/strong><\/h4>\n<p>No aplicar sobre cubiertas previamente tratadas con aceites o recubrimientos. Es posible que se requiera lijado y limpieza previa con <strong>ECO-100<\/strong> o <strong>ECO-300<\/strong>. Siempre realizar una prueba en un \u00e1rea peque\u00f1a antes de la aplicaci\u00f3n.<\/p>\n<h3>Presentaciones Disponibles<\/h3>\n<table style=\"width: 100%; border-collapse: collapse;\" border=\"1\" cellpadding=\"8\">\n<thead style=\"background-color: #f2f2f2;\">\n<tr>\n<th>N\u00famero de Parte<\/th>\n<th>Descripci\u00f3n<\/th>\n<th>Presentaci\u00f3n Est\u00e1ndar<\/th>\n<\/tr>\n<\/thead>\n<tbody>\n<tr>\n<td>119-001<\/td>\n<td>Teak Sealer &amp; Protector \u2013 1 qt (0.95 L)<\/td>\n<td>6 por caja<\/td>\n<\/tr>\n<tr>\n<td>119-002<\/td>\n<td>Teak Sealer &amp; Protector \u2013 1 gal (3.78 L)<\/td>\n<td>4 por caja<\/td>\n<\/tr>\n<\/tbody>\n<\/table>\n<p><em>Almacenamiento recomendado:<\/em> en un \u00e1rea seca entre 50-85\u00b0F (10-30\u00b0C).<\/p>\n","protected":false},"excerpt":{"rendered":"<h2>Teak Sealer &amp; Protector \u2013 Sellador y Protector para Teca<\/h2>\n<p><strong>Teak Sealer &amp; Protector<\/strong> est\u00e1 dise\u00f1ado para ser f\u00e1cil de aplicar y mantener, sin alterar el color natural ni las propiedades antideslizantes de la teca. Su exclusiva f\u00f3rmula <strong>base agua<\/strong> penetra profundamente en la madera para brindar protecci\u00f3n contra suciedad, grasa, sangre de pescado, entre otros contaminantes.<\/p>\n<p>Este sellador tambi\u00e9n ofrece una protecci\u00f3n m\u00e1xima contra los rayos UV <strong>sin utilizar pigmentos<\/strong>, lo que permite conservar el tono natural de la teca. No requiere ser limpiado de las juntas de calafateo tras la aplicaci\u00f3n.<\/p>\n","protected":false},"featured_media":33374431,"template":"","meta":[],"pwb-brand":[83],"product_brand":[],"product_cat":[109],"product_tag":[],"class_list":{"0":"post-33374430","1":"product","2":"type-product","3":"status-publish","4":"has-post-thumbnail","6":"pwb-brand-teakdecking-systems","7":"product_cat-sin-categorizar","9":"first","10":"instock","11":"taxable","12":"shipping-taxable","13":"purchasable","14":"product-type-simple"},"yoast_head":"<!-- This site is optimized with the Yoast SEO plugin v25.3.1 - https:\/\/yoast.com\/wordpress\/plugins\/seo\/ -->\n<title>TEAK SEALER &amp; PROTECTOR 1 GAL - PLC Marine<\/title>\n<meta name=\"description\" content=\"Teak Sealer &amp; Protector \u2013 Sellador y Protector para TecaTeak Sealer &amp; Protector est\u00e1 dise\u00f1ado para ser f\u00e1cil de aplicar y mantener, sin alterar el color natural ni las propiedades antideslizantes de la teca. Su exclusiva f\u00f3rmula base agua penetra profundamente en la madera para brindar protecci\u00f3n contra suciedad, grasa, sangre de pescado, entre otros contaminantes.Este sellador tambi\u00e9n ofrece una protecci\u00f3n m\u00e1xima contra los rayos UV sin utilizar pigmentos, lo que permite conservar el tono natural de la teca. No requiere ser limpiado de las juntas de calafateo tras la aplicaci\u00f3n.Caracter\u00edsticas Principales F\u00f3rmula base agua \u2013 segura y f\u00e1cil de aplicar No cambia el color natural de la teca No afecta las propiedades antideslizantes del deck Duraci\u00f3n prolongada, hasta 3 meses en climas tropicales Protege tambi\u00e9n cubiertas de corcho Ideal para muebles de teca Limpieza sencilla con jab\u00f3n neutro o jab\u00f3n n\u00e1utico suave 12 meses de vida \u00fatilImportante:No aplicar sobre cubiertas previamente tratadas con aceites o recubrimientos. Es posible que se requiera lijado y limpieza previa con ECO-100 o ECO-300. Siempre realizar una prueba en un \u00e1rea peque\u00f1a antes de la aplicaci\u00f3n.Presentaciones Disponibles N\u00famero de Parte Descripci\u00f3n Presentaci\u00f3n Est\u00e1ndar 119-001 Teak Sealer &amp; Protector \u2013 1 qt (0.95 L) 6 por caja 119-002 Teak Sealer &amp; Protector \u2013 1 gal (3.78 L) 4 por caja Almacenamiento recomendado: en un \u00e1rea seca entre 50-85\u00b0F (10-30\u00b0C).\" \/>\n<meta name=\"robots\" content=\"index, follow, max-snippet:-1, max-image-preview:large, max-video-preview:-1\" \/>\n<link rel=\"canonical\" href=\"https:\/\/plcmarine.com\/en\/producto\/teak-sealer-protector-1-gal\/\" \/>\n<meta property=\"og:locale\" content=\"en_US\" \/>\n<meta property=\"og:type\" content=\"article\" \/>\n<meta property=\"og:title\" content=\"TEAK SEALER &amp; PROTECTOR 1 GAL - PLC Marine\" \/>\n<meta property=\"og:description\" content=\"Teak Sealer &amp; Protector \u2013 Sellador y Protector para TecaTeak Sealer &amp; Protector est\u00e1 dise\u00f1ado para ser f\u00e1cil de aplicar y mantener, sin alterar el color natural ni las propiedades antideslizantes de la teca. Su exclusiva f\u00f3rmula base agua penetra profundamente en la madera para brindar protecci\u00f3n contra suciedad, grasa, sangre de pescado, entre otros contaminantes.Este sellador tambi\u00e9n ofrece una protecci\u00f3n m\u00e1xima contra los rayos UV sin utilizar pigmentos, lo que permite conservar el tono natural de la teca. No requiere ser limpiado de las juntas de calafateo tras la aplicaci\u00f3n.Caracter\u00edsticas Principales F\u00f3rmula base agua \u2013 segura y f\u00e1cil de aplicar No cambia el color natural de la teca No afecta las propiedades antideslizantes del deck Duraci\u00f3n prolongada, hasta 3 meses en climas tropicales Protege tambi\u00e9n cubiertas de corcho Ideal para muebles de teca Limpieza sencilla con jab\u00f3n neutro o jab\u00f3n n\u00e1utico suave 12 meses de vida \u00fatilImportante:No aplicar sobre cubiertas previamente tratadas con aceites o recubrimientos. Es posible que se requiera lijado y limpieza previa con ECO-100 o ECO-300. Siempre realizar una prueba en un \u00e1rea peque\u00f1a antes de la aplicaci\u00f3n.Presentaciones Disponibles N\u00famero de Parte Descripci\u00f3n Presentaci\u00f3n Est\u00e1ndar 119-001 Teak Sealer &amp; Protector \u2013 1 qt (0.95 L) 6 por caja 119-002 Teak Sealer &amp; Protector \u2013 1 gal (3.78 L) 4 por caja Almacenamiento recomendado: en un \u00e1rea seca entre 50-85\u00b0F (10-30\u00b0C).\" \/>\n<meta property=\"og:url\" content=\"https:\/\/plcmarine.com\/en\/producto\/teak-sealer-protector-1-gal\/\" \/>\n<meta property=\"og:site_name\" content=\"PLC Marine\" \/>\n<meta property=\"article:modified_time\" content=\"2026-01-07T22:30:21+00:00\" \/>\n<meta property=\"og:image\" content=\"https:\/\/plcmarine.com\/wp-content\/uploads\/2025\/05\/Protector-1.jpg\" \/>\n\t<meta property=\"og:image:width\" content=\"1186\" \/>\n\t<meta property=\"og:image:height\" content=\"1048\" \/>\n\t<meta property=\"og:image:type\" content=\"image\/jpeg\" \/>\n<meta name=\"twitter:card\" content=\"summary_large_image\" \/>\n<meta name=\"twitter:label1\" content=\"Est. reading time\" \/>\n\t<meta name=\"twitter:data1\" content=\"1 minute\" \/>\n<script type=\"application\/ld+json\" class=\"yoast-schema-graph\">{\"@context\":\"https:\/\/schema.org\",\"@graph\":[{\"@type\":\"WebPage\",\"@id\":\"https:\/\/plcmarine.com\/en\/producto\/teak-sealer-protector-1-gal\/\",\"url\":\"https:\/\/plcmarine.com\/en\/producto\/teak-sealer-protector-1-gal\/\",\"name\":\"TEAK SEALER &amp; PROTECTOR 1 GAL - PLC Marine\",\"isPartOf\":{\"@id\":\"https:\/\/plcmarine.com\/en\/#website\"},\"primaryImageOfPage\":{\"@id\":\"https:\/\/plcmarine.com\/en\/producto\/teak-sealer-protector-1-gal\/#primaryimage\"},\"image\":{\"@id\":\"https:\/\/plcmarine.com\/en\/producto\/teak-sealer-protector-1-gal\/#primaryimage\"},\"thumbnailUrl\":\"https:\/\/plcmarine.com\/wp-content\/uploads\/2025\/05\/Protector-1.jpg\",\"datePublished\":\"2025-05-07T18:55:32+00:00\",\"dateModified\":\"2026-01-07T22:30:21+00:00\",\"description\":\"Teak Sealer & Protector \u2013 Sellador y Protector para TecaTeak Sealer & Protector est\u00e1 dise\u00f1ado para ser f\u00e1cil de aplicar y mantener, sin alterar el color natural ni las propiedades antideslizantes de la teca. Su exclusiva f\u00f3rmula base agua penetra profundamente en la madera para brindar protecci\u00f3n contra suciedad, grasa, sangre de pescado, entre otros contaminantes.Este sellador tambi\u00e9n ofrece una protecci\u00f3n m\u00e1xima contra los rayos UV sin utilizar pigmentos, lo que permite conservar el tono natural de la teca. No requiere ser limpiado de las juntas de calafateo tras la aplicaci\u00f3n.Caracter\u00edsticas Principales F\u00f3rmula base agua \u2013 segura y f\u00e1cil de aplicar No cambia el color natural de la teca No afecta las propiedades antideslizantes del deck Duraci\u00f3n prolongada, hasta 3 meses en climas tropicales Protege tambi\u00e9n cubiertas de corcho Ideal para muebles de teca Limpieza sencilla con jab\u00f3n neutro o jab\u00f3n n\u00e1utico suave 12 meses de vida \u00fatilImportante:No aplicar sobre cubiertas previamente tratadas con aceites o recubrimientos. Es posible que se requiera lijado y limpieza previa con ECO-100 o ECO-300. Siempre realizar una prueba en un \u00e1rea peque\u00f1a antes de la aplicaci\u00f3n.Presentaciones Disponibles N\u00famero de Parte Descripci\u00f3n Presentaci\u00f3n Est\u00e1ndar 119-001 Teak Sealer & Protector \u2013 1 qt (0.95 L) 6 por caja 119-002 Teak Sealer & Protector \u2013 1 gal (3.78 L) 4 por caja Almacenamiento recomendado: en un \u00e1rea seca entre 50-85\u00b0F (10-30\u00b0C).\",\"breadcrumb\":{\"@id\":\"https:\/\/plcmarine.com\/en\/producto\/teak-sealer-protector-1-gal\/#breadcrumb\"},\"inLanguage\":\"en-US\",\"potentialAction\":[{\"@type\":\"ReadAction\",\"target\":[\"https:\/\/plcmarine.com\/en\/producto\/teak-sealer-protector-1-gal\/\"]}]},{\"@type\":\"ImageObject\",\"inLanguage\":\"en-US\",\"@id\":\"https:\/\/plcmarine.com\/en\/producto\/teak-sealer-protector-1-gal\/#primaryimage\",\"url\":\"https:\/\/plcmarine.com\/wp-content\/uploads\/2025\/05\/Protector-1.jpg\",\"contentUrl\":\"https:\/\/plcmarine.com\/wp-content\/uploads\/2025\/05\/Protector-1.jpg\",\"width\":1186,\"height\":1048},{\"@type\":\"BreadcrumbList\",\"@id\":\"https:\/\/plcmarine.com\/en\/producto\/teak-sealer-protector-1-gal\/#breadcrumb\",\"itemListElement\":[{\"@type\":\"ListItem\",\"position\":1,\"name\":\"Home\",\"item\":\"https:\/\/plcmarine.com\/en\/\"},{\"@type\":\"ListItem\",\"position\":2,\"name\":\"Shop\",\"item\":\"https:\/\/plcmarine.com\/shop\/\"},{\"@type\":\"ListItem\",\"position\":3,\"name\":\"TEAK SEALER &amp; PROTECTOR 1 GAL\"}]},{\"@type\":\"WebSite\",\"@id\":\"https:\/\/plcmarine.com\/en\/#website\",\"url\":\"https:\/\/plcmarine.com\/en\/\",\"name\":\"PLC Marine\",\"description\":\"The Professional&#039;s choice\",\"potentialAction\":[{\"@type\":\"SearchAction\",\"target\":{\"@type\":\"EntryPoint\",\"urlTemplate\":\"https:\/\/plcmarine.com\/en\/?s={search_term_string}\"},\"query-input\":{\"@type\":\"PropertyValueSpecification\",\"valueRequired\":true,\"valueName\":\"search_term_string\"}}],\"inLanguage\":\"en-US\"}]}<\/script>\n<!-- \/ Yoast SEO plugin. -->","yoast_head_json":{"title":"TEAK SEALER &amp; PROTECTOR 1 GAL - PLC Marine","description":"Teak Sealer & Protector \u2013 Sellador y Protector para TecaTeak Sealer & Protector est\u00e1 dise\u00f1ado para ser f\u00e1cil de aplicar y mantener, sin alterar el color natural ni las propiedades antideslizantes de la teca. Su exclusiva f\u00f3rmula base agua penetra profundamente en la madera para brindar protecci\u00f3n contra suciedad, grasa, sangre de pescado, entre otros contaminantes.Este sellador tambi\u00e9n ofrece una protecci\u00f3n m\u00e1xima contra los rayos UV sin utilizar pigmentos, lo que permite conservar el tono natural de la teca. No requiere ser limpiado de las juntas de calafateo tras la aplicaci\u00f3n.Caracter\u00edsticas Principales F\u00f3rmula base agua \u2013 segura y f\u00e1cil de aplicar No cambia el color natural de la teca No afecta las propiedades antideslizantes del deck Duraci\u00f3n prolongada, hasta 3 meses en climas tropicales Protege tambi\u00e9n cubiertas de corcho Ideal para muebles de teca Limpieza sencilla con jab\u00f3n neutro o jab\u00f3n n\u00e1utico suave 12 meses de vida \u00fatilImportante:No aplicar sobre cubiertas previamente tratadas con aceites o recubrimientos. Es posible que se requiera lijado y limpieza previa con ECO-100 o ECO-300. Siempre realizar una prueba en un \u00e1rea peque\u00f1a antes de la aplicaci\u00f3n.Presentaciones Disponibles N\u00famero de Parte Descripci\u00f3n Presentaci\u00f3n Est\u00e1ndar 119-001 Teak Sealer & Protector \u2013 1 qt (0.95 L) 6 por caja 119-002 Teak Sealer & Protector \u2013 1 gal (3.78 L) 4 por caja Almacenamiento recomendado: en un \u00e1rea seca entre 50-85\u00b0F (10-30\u00b0C).","robots":{"index":"index","follow":"follow","max-snippet":"max-snippet:-1","max-image-preview":"max-image-preview:large","max-video-preview":"max-video-preview:-1"},"canonical":"https:\/\/plcmarine.com\/en\/producto\/teak-sealer-protector-1-gal\/","og_locale":"en_US","og_type":"article","og_title":"TEAK SEALER &amp; PROTECTOR 1 GAL - PLC Marine","og_description":"Teak Sealer & Protector \u2013 Sellador y Protector para TecaTeak Sealer & Protector est\u00e1 dise\u00f1ado para ser f\u00e1cil de aplicar y mantener, sin alterar el color natural ni las propiedades antideslizantes de la teca. Su exclusiva f\u00f3rmula base agua penetra profundamente en la madera para brindar protecci\u00f3n contra suciedad, grasa, sangre de pescado, entre otros contaminantes.Este sellador tambi\u00e9n ofrece una protecci\u00f3n m\u00e1xima contra los rayos UV sin utilizar pigmentos, lo que permite conservar el tono natural de la teca. No requiere ser limpiado de las juntas de calafateo tras la aplicaci\u00f3n.Caracter\u00edsticas Principales F\u00f3rmula base agua \u2013 segura y f\u00e1cil de aplicar No cambia el color natural de la teca No afecta las propiedades antideslizantes del deck Duraci\u00f3n prolongada, hasta 3 meses en climas tropicales Protege tambi\u00e9n cubiertas de corcho Ideal para muebles de teca Limpieza sencilla con jab\u00f3n neutro o jab\u00f3n n\u00e1utico suave 12 meses de vida \u00fatilImportante:No aplicar sobre cubiertas previamente tratadas con aceites o recubrimientos. Es posible que se requiera lijado y limpieza previa con ECO-100 o ECO-300. Siempre realizar una prueba en un \u00e1rea peque\u00f1a antes de la aplicaci\u00f3n.Presentaciones Disponibles N\u00famero de Parte Descripci\u00f3n Presentaci\u00f3n Est\u00e1ndar 119-001 Teak Sealer & Protector \u2013 1 qt (0.95 L) 6 por caja 119-002 Teak Sealer & Protector \u2013 1 gal (3.78 L) 4 por caja Almacenamiento recomendado: en un \u00e1rea seca entre 50-85\u00b0F (10-30\u00b0C).","og_url":"https:\/\/plcmarine.com\/en\/producto\/teak-sealer-protector-1-gal\/","og_site_name":"PLC Marine","article_modified_time":"2026-01-07T22:30:21+00:00","og_image":[{"width":1186,"height":1048,"url":"https:\/\/plcmarine.com\/wp-content\/uploads\/2025\/05\/Protector-1.jpg","type":"image\/jpeg"}],"twitter_card":"summary_large_image","twitter_misc":{"Est. reading time":"1 minute"},"schema":{"@context":"https:\/\/schema.org","@graph":[{"@type":"WebPage","@id":"https:\/\/plcmarine.com\/en\/producto\/teak-sealer-protector-1-gal\/","url":"https:\/\/plcmarine.com\/en\/producto\/teak-sealer-protector-1-gal\/","name":"TEAK SEALER &amp; PROTECTOR 1 GAL - PLC Marine","isPartOf":{"@id":"https:\/\/plcmarine.com\/en\/#website"},"primaryImageOfPage":{"@id":"https:\/\/plcmarine.com\/en\/producto\/teak-sealer-protector-1-gal\/#primaryimage"},"image":{"@id":"https:\/\/plcmarine.com\/en\/producto\/teak-sealer-protector-1-gal\/#primaryimage"},"thumbnailUrl":"https:\/\/plcmarine.com\/wp-content\/uploads\/2025\/05\/Protector-1.jpg","datePublished":"2025-05-07T18:55:32+00:00","dateModified":"2026-01-07T22:30:21+00:00","description":"Teak Sealer & Protector \u2013 Sellador y Protector para TecaTeak Sealer & Protector est\u00e1 dise\u00f1ado para ser f\u00e1cil de aplicar y mantener, sin alterar el color natural ni las propiedades antideslizantes de la teca. Su exclusiva f\u00f3rmula base agua penetra profundamente en la madera para brindar protecci\u00f3n contra suciedad, grasa, sangre de pescado, entre otros contaminantes.Este sellador tambi\u00e9n ofrece una protecci\u00f3n m\u00e1xima contra los rayos UV sin utilizar pigmentos, lo que permite conservar el tono natural de la teca. No requiere ser limpiado de las juntas de calafateo tras la aplicaci\u00f3n.Caracter\u00edsticas Principales F\u00f3rmula base agua \u2013 segura y f\u00e1cil de aplicar No cambia el color natural de la teca No afecta las propiedades antideslizantes del deck Duraci\u00f3n prolongada, hasta 3 meses en climas tropicales Protege tambi\u00e9n cubiertas de corcho Ideal para muebles de teca Limpieza sencilla con jab\u00f3n neutro o jab\u00f3n n\u00e1utico suave 12 meses de vida \u00fatilImportante:No aplicar sobre cubiertas previamente tratadas con aceites o recubrimientos. Es posible que se requiera lijado y limpieza previa con ECO-100 o ECO-300. Siempre realizar una prueba en un \u00e1rea peque\u00f1a antes de la aplicaci\u00f3n.Presentaciones Disponibles N\u00famero de Parte Descripci\u00f3n Presentaci\u00f3n Est\u00e1ndar 119-001 Teak Sealer & Protector \u2013 1 qt (0.95 L) 6 por caja 119-002 Teak Sealer & Protector \u2013 1 gal (3.78 L) 4 por caja Almacenamiento recomendado: en un \u00e1rea seca entre 50-85\u00b0F (10-30\u00b0C).","breadcrumb":{"@id":"https:\/\/plcmarine.com\/en\/producto\/teak-sealer-protector-1-gal\/#breadcrumb"},"inLanguage":"en-US","potentialAction":[{"@type":"ReadAction","target":["https:\/\/plcmarine.com\/en\/producto\/teak-sealer-protector-1-gal\/"]}]},{"@type":"ImageObject","inLanguage":"en-US","@id":"https:\/\/plcmarine.com\/en\/producto\/teak-sealer-protector-1-gal\/#primaryimage","url":"https:\/\/plcmarine.com\/wp-content\/uploads\/2025\/05\/Protector-1.jpg","contentUrl":"https:\/\/plcmarine.com\/wp-content\/uploads\/2025\/05\/Protector-1.jpg","width":1186,"height":1048},{"@type":"BreadcrumbList","@id":"https:\/\/plcmarine.com\/en\/producto\/teak-sealer-protector-1-gal\/#breadcrumb","itemListElement":[{"@type":"ListItem","position":1,"name":"Home","item":"https:\/\/plcmarine.com\/en\/"},{"@type":"ListItem","position":2,"name":"Shop","item":"https:\/\/plcmarine.com\/shop\/"},{"@type":"ListItem","position":3,"name":"TEAK SEALER &amp; PROTECTOR 1 GAL"}]},{"@type":"WebSite","@id":"https:\/\/plcmarine.com\/en\/#website","url":"https:\/\/plcmarine.com\/en\/","name":"PLC Marine","description":"The Professional&#039;s choice","potentialAction":[{"@type":"SearchAction","target":{"@type":"EntryPoint","urlTemplate":"https:\/\/plcmarine.com\/en\/?s={search_term_string}"},"query-input":{"@type":"PropertyValueSpecification","valueRequired":true,"valueName":"search_term_string"}}],"inLanguage":"en-US"}]}},"brands":[{"id":83,"name":"Teakdecking Systems","slug":"teakdecking-systems"}],"_links":{"self":[{"href":"https:\/\/plcmarine.com\/en\/wp-json\/wp\/v2\/product\/33374430","targetHints":{"allow":["GET"]}}],"collection":[{"href":"https:\/\/plcmarine.com\/en\/wp-json\/wp\/v2\/product"}],"about":[{"href":"https:\/\/plcmarine.com\/en\/wp-json\/wp\/v2\/types\/product"}],"wp:featuredmedia":[{"embeddable":true,"href":"https:\/\/plcmarine.com\/en\/wp-json\/wp\/v2\/media\/33374431"}],"wp:attachment":[{"href":"https:\/\/plcmarine.com\/en\/wp-json\/wp\/v2\/media?parent=33374430"}],"wp:term":[{"taxonomy":"pwb-brand","embeddable":true,"href":"https:\/\/plcmarine.com\/en\/wp-json\/wp\/v2\/pwb-brand?post=33374430"},{"taxonomy":"product_brand","embeddable":true,"href":"https:\/\/plcmarine.com\/en\/wp-json\/wp\/v2\/product_brand?post=33374430"},{"taxonomy":"product_cat","embeddable":true,"href":"https:\/\/plcmarine.com\/en\/wp-json\/wp\/v2\/product_cat?post=33374430"},{"taxonomy":"product_tag","embeddable":true,"href":"https:\/\/plcmarine.com\/en\/wp-json\/wp\/v2\/product_tag?post=33374430"}],"curies":[{"name":"wp","href":"https:\/\/api.w.org\/{rel}","templated":true}]}}