



{"id":33374433,"date":"2025-05-07T19:05:56","date_gmt":"2025-05-07T19:05:56","guid":{"rendered":"https:\/\/plcmarine.com\/product\/composite-sealer-1l-1qt\/"},"modified":"2026-01-07T22:30:48","modified_gmt":"2026-01-07T22:30:48","slug":"composite-sealer-1l-1qt","status":"publish","type":"product","link":"https:\/\/plcmarine.com\/en\/producto\/composite-sealer-1l-1qt\/","title":{"rendered":"COMPOSITE SEALER 1L \/ 1QT+"},"content":{"rendered":"<h3>Beneficios Clave<\/h3>\n<ul>\n<li><strong>Seguridad ambiental<\/strong>: sin VOCs, 100% seguro para el entorno<\/li>\n<li><strong>No amarillea<\/strong> con el tiempo: mantiene el color y textura natural<\/li>\n<li><strong>Alta resistencia<\/strong>: protege contra manchas, rayos UV y el clima<\/li>\n<li><strong>F\u00e1cil de aplicar<\/strong>: sin pasos complicados<\/li>\n<li><strong>Aplicable en temperaturas entre 40\u00baF (4\u00baC) y 90\u00baF (32\u00baC)<\/strong><\/li>\n<li><strong>Durabilidad prolongada<\/strong>: hasta 24 meses de vida \u00fatil<\/li>\n<\/ul>\n<h3>Presentaciones Disponibles<\/h3>\n<table style=\"width:100%; border-collapse: collapse;\" border=\"1\" cellpadding=\"8\">\n<thead style=\"background-color:#f2f2f2;\">\n<tr>\n<th>Descripci\u00f3n<\/th>\n<th>Volumen<\/th>\n<\/tr>\n<\/thead>\n<tbody>\n<tr>\n<td>Composite Sealer<\/td>\n<td>1 qt (0.95 L)<\/td>\n<\/tr>\n<tr>\n<td>Composite Sealer<\/td>\n<td>1 gal (3.78 L)<\/td>\n<\/tr>\n<\/tbody>\n<\/table>\n<p><em>Almacenamiento recomendado:<\/em> en un \u00e1rea seca entre 50-85\u00baF (10-30\u00baC).<\/p>\n","protected":false},"excerpt":{"rendered":"<h2>Composite Sealer \u2013 Sellador para Cubiertas de Composite<\/h2>\n<p><strong>Composite Sealer<\/strong> est\u00e1 formulado para <strong>proteger y realzar<\/strong> cualquier tipo de cubierta de material compuesto (composite). Su f\u00f3rmula crea una barrera hidrof\u00f3bica resistente a los \u00e1lcalis y al crecimiento marino, penetrando profundamente en la superficie para ofrecer una protecci\u00f3n duradera.<\/p>\n<p>Este sellador <strong>no contiene VOCs<\/strong> (Compuestos Org\u00e1nicos Vol\u00e1tiles), por lo que es totalmente seguro para el medio ambiente y cumple con los est\u00e1ndares del <strong>Florida Clean Marina Program<\/strong> y es <strong>MARPOL compliant<\/strong>.<\/p>\n","protected":false},"featured_media":33374434,"template":"","meta":[],"pwb-brand":[83],"product_brand":[],"product_cat":[109],"product_tag":[],"class_list":{"0":"post-33374433","1":"product","2":"type-product","3":"status-publish","4":"has-post-thumbnail","6":"pwb-brand-teakdecking-systems","7":"product_cat-sin-categorizar","9":"first","10":"instock","11":"taxable","12":"shipping-taxable","13":"purchasable","14":"product-type-simple"},"yoast_head":"<!-- This site is optimized with the Yoast SEO plugin v25.3.1 - https:\/\/yoast.com\/wordpress\/plugins\/seo\/ -->\n<title>COMPOSITE SEALER 1L \/ 1QT+ - PLC Marine<\/title>\n<meta name=\"description\" content=\"Composite Sealer \u2013 Sellador para Cubiertas de CompositeComposite Sealer est\u00e1 formulado para proteger y realzar cualquier tipo de cubierta de material compuesto (composite). Su f\u00f3rmula crea una barrera hidrof\u00f3bica resistente a los \u00e1lcalis y al crecimiento marino, penetrando profundamente en la superficie para ofrecer una protecci\u00f3n duradera.Este sellador no contiene VOCs (Compuestos Org\u00e1nicos Vol\u00e1tiles), por lo que es totalmente seguro para el medio ambiente y cumple con los est\u00e1ndares del Florida Clean Marina Program y es MARPOL compliant.\" \/>\n<meta name=\"robots\" content=\"index, follow, max-snippet:-1, max-image-preview:large, max-video-preview:-1\" \/>\n<link rel=\"canonical\" href=\"https:\/\/plcmarine.com\/en\/producto\/composite-sealer-1l-1qt\/\" \/>\n<meta property=\"og:locale\" content=\"en_US\" \/>\n<meta property=\"og:type\" content=\"article\" \/>\n<meta property=\"og:title\" content=\"COMPOSITE SEALER 1L \/ 1QT+ - PLC Marine\" \/>\n<meta property=\"og:description\" content=\"Composite Sealer \u2013 Sellador para Cubiertas de CompositeComposite Sealer est\u00e1 formulado para proteger y realzar cualquier tipo de cubierta de material compuesto (composite). Su f\u00f3rmula crea una barrera hidrof\u00f3bica resistente a los \u00e1lcalis y al crecimiento marino, penetrando profundamente en la superficie para ofrecer una protecci\u00f3n duradera.Este sellador no contiene VOCs (Compuestos Org\u00e1nicos Vol\u00e1tiles), por lo que es totalmente seguro para el medio ambiente y cumple con los est\u00e1ndares del Florida Clean Marina Program y es MARPOL compliant.\" \/>\n<meta property=\"og:url\" content=\"https:\/\/plcmarine.com\/en\/producto\/composite-sealer-1l-1qt\/\" \/>\n<meta property=\"og:site_name\" content=\"PLC Marine\" \/>\n<meta property=\"article:modified_time\" content=\"2026-01-07T22:30:48+00:00\" \/>\n<meta property=\"og:image\" content=\"https:\/\/plcmarine.com\/wp-content\/uploads\/2025\/05\/Composition.jpg\" \/>\n\t<meta property=\"og:image:width\" content=\"1186\" \/>\n\t<meta property=\"og:image:height\" content=\"922\" \/>\n\t<meta property=\"og:image:type\" content=\"image\/jpeg\" \/>\n<meta name=\"twitter:card\" content=\"summary_large_image\" \/>\n<meta name=\"twitter:label1\" content=\"Est. reading time\" \/>\n\t<meta name=\"twitter:data1\" content=\"1 minute\" \/>\n<script type=\"application\/ld+json\" class=\"yoast-schema-graph\">{\"@context\":\"https:\/\/schema.org\",\"@graph\":[{\"@type\":\"WebPage\",\"@id\":\"https:\/\/plcmarine.com\/en\/producto\/composite-sealer-1l-1qt\/\",\"url\":\"https:\/\/plcmarine.com\/en\/producto\/composite-sealer-1l-1qt\/\",\"name\":\"COMPOSITE SEALER 1L \/ 1QT+ - PLC Marine\",\"isPartOf\":{\"@id\":\"https:\/\/plcmarine.com\/en\/#website\"},\"primaryImageOfPage\":{\"@id\":\"https:\/\/plcmarine.com\/en\/producto\/composite-sealer-1l-1qt\/#primaryimage\"},\"image\":{\"@id\":\"https:\/\/plcmarine.com\/en\/producto\/composite-sealer-1l-1qt\/#primaryimage\"},\"thumbnailUrl\":\"https:\/\/plcmarine.com\/wp-content\/uploads\/2025\/05\/Composition.jpg\",\"datePublished\":\"2025-05-07T19:05:56+00:00\",\"dateModified\":\"2026-01-07T22:30:48+00:00\",\"description\":\"Composite Sealer \u2013 Sellador para Cubiertas de CompositeComposite Sealer est\u00e1 formulado para proteger y realzar cualquier tipo de cubierta de material compuesto (composite). Su f\u00f3rmula crea una barrera hidrof\u00f3bica resistente a los \u00e1lcalis y al crecimiento marino, penetrando profundamente en la superficie para ofrecer una protecci\u00f3n duradera.Este sellador no contiene VOCs (Compuestos Org\u00e1nicos Vol\u00e1tiles), por lo que es totalmente seguro para el medio ambiente y cumple con los est\u00e1ndares del Florida Clean Marina Program y es MARPOL compliant.\",\"breadcrumb\":{\"@id\":\"https:\/\/plcmarine.com\/en\/producto\/composite-sealer-1l-1qt\/#breadcrumb\"},\"inLanguage\":\"en-US\",\"potentialAction\":[{\"@type\":\"ReadAction\",\"target\":[\"https:\/\/plcmarine.com\/en\/producto\/composite-sealer-1l-1qt\/\"]}]},{\"@type\":\"ImageObject\",\"inLanguage\":\"en-US\",\"@id\":\"https:\/\/plcmarine.com\/en\/producto\/composite-sealer-1l-1qt\/#primaryimage\",\"url\":\"https:\/\/plcmarine.com\/wp-content\/uploads\/2025\/05\/Composition.jpg\",\"contentUrl\":\"https:\/\/plcmarine.com\/wp-content\/uploads\/2025\/05\/Composition.jpg\",\"width\":1186,\"height\":922},{\"@type\":\"BreadcrumbList\",\"@id\":\"https:\/\/plcmarine.com\/en\/producto\/composite-sealer-1l-1qt\/#breadcrumb\",\"itemListElement\":[{\"@type\":\"ListItem\",\"position\":1,\"name\":\"Home\",\"item\":\"https:\/\/plcmarine.com\/en\/\"},{\"@type\":\"ListItem\",\"position\":2,\"name\":\"Shop\",\"item\":\"https:\/\/plcmarine.com\/shop\/\"},{\"@type\":\"ListItem\",\"position\":3,\"name\":\"COMPOSITE SEALER 1L \/ 1QT+\"}]},{\"@type\":\"WebSite\",\"@id\":\"https:\/\/plcmarine.com\/en\/#website\",\"url\":\"https:\/\/plcmarine.com\/en\/\",\"name\":\"PLC Marine\",\"description\":\"The Professional&#039;s choice\",\"potentialAction\":[{\"@type\":\"SearchAction\",\"target\":{\"@type\":\"EntryPoint\",\"urlTemplate\":\"https:\/\/plcmarine.com\/en\/?s={search_term_string}\"},\"query-input\":{\"@type\":\"PropertyValueSpecification\",\"valueRequired\":true,\"valueName\":\"search_term_string\"}}],\"inLanguage\":\"en-US\"}]}<\/script>\n<!-- \/ Yoast SEO plugin. -->","yoast_head_json":{"title":"COMPOSITE SEALER 1L \/ 1QT+ - PLC Marine","description":"Composite Sealer \u2013 Sellador para Cubiertas de CompositeComposite Sealer est\u00e1 formulado para proteger y realzar cualquier tipo de cubierta de material compuesto (composite). Su f\u00f3rmula crea una barrera hidrof\u00f3bica resistente a los \u00e1lcalis y al crecimiento marino, penetrando profundamente en la superficie para ofrecer una protecci\u00f3n duradera.Este sellador no contiene VOCs (Compuestos Org\u00e1nicos Vol\u00e1tiles), por lo que es totalmente seguro para el medio ambiente y cumple con los est\u00e1ndares del Florida Clean Marina Program y es MARPOL compliant.","robots":{"index":"index","follow":"follow","max-snippet":"max-snippet:-1","max-image-preview":"max-image-preview:large","max-video-preview":"max-video-preview:-1"},"canonical":"https:\/\/plcmarine.com\/en\/producto\/composite-sealer-1l-1qt\/","og_locale":"en_US","og_type":"article","og_title":"COMPOSITE SEALER 1L \/ 1QT+ - PLC Marine","og_description":"Composite Sealer \u2013 Sellador para Cubiertas de CompositeComposite Sealer est\u00e1 formulado para proteger y realzar cualquier tipo de cubierta de material compuesto (composite). Su f\u00f3rmula crea una barrera hidrof\u00f3bica resistente a los \u00e1lcalis y al crecimiento marino, penetrando profundamente en la superficie para ofrecer una protecci\u00f3n duradera.Este sellador no contiene VOCs (Compuestos Org\u00e1nicos Vol\u00e1tiles), por lo que es totalmente seguro para el medio ambiente y cumple con los est\u00e1ndares del Florida Clean Marina Program y es MARPOL compliant.","og_url":"https:\/\/plcmarine.com\/en\/producto\/composite-sealer-1l-1qt\/","og_site_name":"PLC Marine","article_modified_time":"2026-01-07T22:30:48+00:00","og_image":[{"width":1186,"height":922,"url":"https:\/\/plcmarine.com\/wp-content\/uploads\/2025\/05\/Composition.jpg","type":"image\/jpeg"}],"twitter_card":"summary_large_image","twitter_misc":{"Est. reading time":"1 minute"},"schema":{"@context":"https:\/\/schema.org","@graph":[{"@type":"WebPage","@id":"https:\/\/plcmarine.com\/en\/producto\/composite-sealer-1l-1qt\/","url":"https:\/\/plcmarine.com\/en\/producto\/composite-sealer-1l-1qt\/","name":"COMPOSITE SEALER 1L \/ 1QT+ - PLC Marine","isPartOf":{"@id":"https:\/\/plcmarine.com\/en\/#website"},"primaryImageOfPage":{"@id":"https:\/\/plcmarine.com\/en\/producto\/composite-sealer-1l-1qt\/#primaryimage"},"image":{"@id":"https:\/\/plcmarine.com\/en\/producto\/composite-sealer-1l-1qt\/#primaryimage"},"thumbnailUrl":"https:\/\/plcmarine.com\/wp-content\/uploads\/2025\/05\/Composition.jpg","datePublished":"2025-05-07T19:05:56+00:00","dateModified":"2026-01-07T22:30:48+00:00","description":"Composite Sealer \u2013 Sellador para Cubiertas de CompositeComposite Sealer est\u00e1 formulado para proteger y realzar cualquier tipo de cubierta de material compuesto (composite). Su f\u00f3rmula crea una barrera hidrof\u00f3bica resistente a los \u00e1lcalis y al crecimiento marino, penetrando profundamente en la superficie para ofrecer una protecci\u00f3n duradera.Este sellador no contiene VOCs (Compuestos Org\u00e1nicos Vol\u00e1tiles), por lo que es totalmente seguro para el medio ambiente y cumple con los est\u00e1ndares del Florida Clean Marina Program y es MARPOL compliant.","breadcrumb":{"@id":"https:\/\/plcmarine.com\/en\/producto\/composite-sealer-1l-1qt\/#breadcrumb"},"inLanguage":"en-US","potentialAction":[{"@type":"ReadAction","target":["https:\/\/plcmarine.com\/en\/producto\/composite-sealer-1l-1qt\/"]}]},{"@type":"ImageObject","inLanguage":"en-US","@id":"https:\/\/plcmarine.com\/en\/producto\/composite-sealer-1l-1qt\/#primaryimage","url":"https:\/\/plcmarine.com\/wp-content\/uploads\/2025\/05\/Composition.jpg","contentUrl":"https:\/\/plcmarine.com\/wp-content\/uploads\/2025\/05\/Composition.jpg","width":1186,"height":922},{"@type":"BreadcrumbList","@id":"https:\/\/plcmarine.com\/en\/producto\/composite-sealer-1l-1qt\/#breadcrumb","itemListElement":[{"@type":"ListItem","position":1,"name":"Home","item":"https:\/\/plcmarine.com\/en\/"},{"@type":"ListItem","position":2,"name":"Shop","item":"https:\/\/plcmarine.com\/shop\/"},{"@type":"ListItem","position":3,"name":"COMPOSITE SEALER 1L \/ 1QT+"}]},{"@type":"WebSite","@id":"https:\/\/plcmarine.com\/en\/#website","url":"https:\/\/plcmarine.com\/en\/","name":"PLC Marine","description":"The Professional&#039;s choice","potentialAction":[{"@type":"SearchAction","target":{"@type":"EntryPoint","urlTemplate":"https:\/\/plcmarine.com\/en\/?s={search_term_string}"},"query-input":{"@type":"PropertyValueSpecification","valueRequired":true,"valueName":"search_term_string"}}],"inLanguage":"en-US"}]}},"brands":[{"id":83,"name":"Teakdecking Systems","slug":"teakdecking-systems"}],"_links":{"self":[{"href":"https:\/\/plcmarine.com\/en\/wp-json\/wp\/v2\/product\/33374433","targetHints":{"allow":["GET"]}}],"collection":[{"href":"https:\/\/plcmarine.com\/en\/wp-json\/wp\/v2\/product"}],"about":[{"href":"https:\/\/plcmarine.com\/en\/wp-json\/wp\/v2\/types\/product"}],"wp:featuredmedia":[{"embeddable":true,"href":"https:\/\/plcmarine.com\/en\/wp-json\/wp\/v2\/media\/33374434"}],"wp:attachment":[{"href":"https:\/\/plcmarine.com\/en\/wp-json\/wp\/v2\/media?parent=33374433"}],"wp:term":[{"taxonomy":"pwb-brand","embeddable":true,"href":"https:\/\/plcmarine.com\/en\/wp-json\/wp\/v2\/pwb-brand?post=33374433"},{"taxonomy":"product_brand","embeddable":true,"href":"https:\/\/plcmarine.com\/en\/wp-json\/wp\/v2\/product_brand?post=33374433"},{"taxonomy":"product_cat","embeddable":true,"href":"https:\/\/plcmarine.com\/en\/wp-json\/wp\/v2\/product_cat?post=33374433"},{"taxonomy":"product_tag","embeddable":true,"href":"https:\/\/plcmarine.com\/en\/wp-json\/wp\/v2\/product_tag?post=33374433"}],"curies":[{"name":"wp","href":"https:\/\/api.w.org\/{rel}","templated":true}]}}