



{"id":33374448,"date":"2025-05-07T19:25:27","date_gmt":"2025-05-07T19:25:27","guid":{"rendered":"https:\/\/plcmarine.com\/product\/fe180-fitting-epoxy-2-gal\/"},"modified":"2026-01-07T22:32:38","modified_gmt":"2026-01-07T22:32:38","slug":"fe180-fitting-epoxy-2-gal","status":"publish","type":"product","link":"https:\/\/plcmarine.com\/en\/producto\/fe180-fitting-epoxy-2-gal\/","title":{"rendered":"FE180 FITTING EPOXY 2 GAL"},"content":{"rendered":"<h3>Caracter\u00edsticas Principales<\/h3>\n<ul>\n<li><strong>Adhesi\u00f3n superior<\/strong>: ideal para unir teca y paneles de teca<\/li>\n<li><strong>Alta flexibilidad<\/strong>: resiste torsiones y vibraciones<\/li>\n<li><strong>F\u00e1cil de aplicar<\/strong>: mezcla 1:1 sin tiempo de inducci\u00f3n<\/li>\n<li><strong>Alta viscosidad<\/strong>: rellena huecos de forma efectiva<\/li>\n<li><strong>Sin blushing<\/strong>: acabado limpio y profesional<\/li>\n<li><strong>Tinte marr\u00f3n<\/strong>: se mezcla con la mayor\u00eda de especies de madera<\/li>\n<li><strong>No corrosivo<\/strong>: sin etiquetado como material peligroso para transporte<\/li>\n<li><strong>Rendimiento<\/strong>: aproximadamente 30 ft\u00b2\/gal (2.8 m\u00b2\/3.78 L)<\/li>\n<\/ul>\n<h3>Presentaciones<\/h3>\n<ul>\n<li>1 gal\u00f3n (3.8 L) \u2013 <strong>Part No:<\/strong> 115-010 \u2013 1 kit<\/li>\n<li>2 galones (7.6 L) \u2013 <strong>Part No:<\/strong> 115-011 \u2013 1 kit<\/li>\n<\/ul>\n<p><em>Almacenar en un \u00e1rea seca entre 50-85\u00baF (10-30\u00baC). Vida \u00fatil: 12 meses.<\/em><\/p>\n","protected":false},"excerpt":{"rendered":"<h2>FE-180 Marine Epoxy Adhesive \u2013 Adhesivo Marino Flexible<\/h2>\n<p><strong>FE-180 Marine Epoxy Adhesive<\/strong> es un adhesivo ep\u00f3xico flexible de alto rendimiento, dise\u00f1ado para lograr una m\u00e1xima resistencia de uni\u00f3n entre la teca y materiales estructurales marinos comunes como madera, fibra de vidrio, aluminio correctamente imprimado y acero.<\/p>\n<p>Gracias a sus cargas especiales, el FE-180 se adhiere incluso a sustratos no perfectamente preparados. Su proporci\u00f3n de mezcla 1:1 lo hace f\u00e1cil de usar y no requiere tiempo de inducci\u00f3n antes de aplicar. A 77\u00b0F (25\u00b0C), el tiempo abierto es de 120-130 minutos, con fraguado inicial en 6-8 horas y curado total en 24-36 horas.<\/p>\n","protected":false},"featured_media":33374449,"template":"","meta":[],"pwb-brand":[83],"product_brand":[],"product_cat":[109],"product_tag":[],"class_list":{"0":"post-33374448","1":"product","2":"type-product","3":"status-publish","4":"has-post-thumbnail","6":"pwb-brand-teakdecking-systems","7":"product_cat-sin-categorizar","9":"first","10":"instock","11":"taxable","12":"shipping-taxable","13":"purchasable","14":"product-type-simple"},"yoast_head":"<!-- This site is optimized with the Yoast SEO plugin v25.3.1 - https:\/\/yoast.com\/wordpress\/plugins\/seo\/ -->\n<title>FE180 FITTING EPOXY 2 GAL - PLC Marine<\/title>\n<meta name=\"description\" content=\"FE-180 Marine Epoxy Adhesive \u2013 Adhesivo Marino FlexibleFE-180 Marine Epoxy Adhesive es un adhesivo ep\u00f3xico flexible de alto rendimiento, dise\u00f1ado para lograr una m\u00e1xima resistencia de uni\u00f3n entre la teca y materiales estructurales marinos comunes como madera, fibra de vidrio, aluminio correctamente imprimado y acero.Gracias a sus cargas especiales, el FE-180 se adhiere incluso a sustratos no perfectamente preparados. Su proporci\u00f3n de mezcla 1:1 lo hace f\u00e1cil de usar y no requiere tiempo de inducci\u00f3n antes de aplicar. A 77\u00b0F (25\u00b0C), el tiempo abierto es de 120-130 minutos, con fraguado inicial en 6-8 horas y curado total en 24-36 horas.\" \/>\n<meta name=\"robots\" content=\"index, follow, max-snippet:-1, max-image-preview:large, max-video-preview:-1\" \/>\n<link rel=\"canonical\" href=\"https:\/\/plcmarine.com\/en\/producto\/fe180-fitting-epoxy-2-gal\/\" \/>\n<meta property=\"og:locale\" content=\"en_US\" \/>\n<meta property=\"og:type\" content=\"article\" \/>\n<meta property=\"og:title\" content=\"FE180 FITTING EPOXY 2 GAL - PLC Marine\" \/>\n<meta property=\"og:description\" content=\"FE-180 Marine Epoxy Adhesive \u2013 Adhesivo Marino FlexibleFE-180 Marine Epoxy Adhesive es un adhesivo ep\u00f3xico flexible de alto rendimiento, dise\u00f1ado para lograr una m\u00e1xima resistencia de uni\u00f3n entre la teca y materiales estructurales marinos comunes como madera, fibra de vidrio, aluminio correctamente imprimado y acero.Gracias a sus cargas especiales, el FE-180 se adhiere incluso a sustratos no perfectamente preparados. Su proporci\u00f3n de mezcla 1:1 lo hace f\u00e1cil de usar y no requiere tiempo de inducci\u00f3n antes de aplicar. A 77\u00b0F (25\u00b0C), el tiempo abierto es de 120-130 minutos, con fraguado inicial en 6-8 horas y curado total en 24-36 horas.\" \/>\n<meta property=\"og:url\" content=\"https:\/\/plcmarine.com\/en\/producto\/fe180-fitting-epoxy-2-gal\/\" \/>\n<meta property=\"og:site_name\" content=\"PLC Marine\" \/>\n<meta property=\"article:modified_time\" content=\"2026-01-07T22:32:38+00:00\" \/>\n<meta property=\"og:image\" content=\"https:\/\/plcmarine.com\/wp-content\/uploads\/2025\/05\/FE180-1.jpg\" \/>\n\t<meta property=\"og:image:width\" content=\"1176\" \/>\n\t<meta property=\"og:image:height\" content=\"600\" \/>\n\t<meta property=\"og:image:type\" content=\"image\/jpeg\" \/>\n<meta name=\"twitter:card\" content=\"summary_large_image\" \/>\n<meta name=\"twitter:label1\" content=\"Est. reading time\" \/>\n\t<meta name=\"twitter:data1\" content=\"1 minute\" \/>\n<script type=\"application\/ld+json\" class=\"yoast-schema-graph\">{\"@context\":\"https:\/\/schema.org\",\"@graph\":[{\"@type\":\"WebPage\",\"@id\":\"https:\/\/plcmarine.com\/en\/producto\/fe180-fitting-epoxy-2-gal\/\",\"url\":\"https:\/\/plcmarine.com\/en\/producto\/fe180-fitting-epoxy-2-gal\/\",\"name\":\"FE180 FITTING EPOXY 2 GAL - PLC Marine\",\"isPartOf\":{\"@id\":\"https:\/\/plcmarine.com\/en\/#website\"},\"primaryImageOfPage\":{\"@id\":\"https:\/\/plcmarine.com\/en\/producto\/fe180-fitting-epoxy-2-gal\/#primaryimage\"},\"image\":{\"@id\":\"https:\/\/plcmarine.com\/en\/producto\/fe180-fitting-epoxy-2-gal\/#primaryimage\"},\"thumbnailUrl\":\"https:\/\/plcmarine.com\/wp-content\/uploads\/2025\/05\/FE180-1.jpg\",\"datePublished\":\"2025-05-07T19:25:27+00:00\",\"dateModified\":\"2026-01-07T22:32:38+00:00\",\"description\":\"FE-180 Marine Epoxy Adhesive \u2013 Adhesivo Marino FlexibleFE-180 Marine Epoxy Adhesive es un adhesivo ep\u00f3xico flexible de alto rendimiento, dise\u00f1ado para lograr una m\u00e1xima resistencia de uni\u00f3n entre la teca y materiales estructurales marinos comunes como madera, fibra de vidrio, aluminio correctamente imprimado y acero.Gracias a sus cargas especiales, el FE-180 se adhiere incluso a sustratos no perfectamente preparados. Su proporci\u00f3n de mezcla 1:1 lo hace f\u00e1cil de usar y no requiere tiempo de inducci\u00f3n antes de aplicar. A 77\u00b0F (25\u00b0C), el tiempo abierto es de 120-130 minutos, con fraguado inicial en 6-8 horas y curado total en 24-36 horas.\",\"breadcrumb\":{\"@id\":\"https:\/\/plcmarine.com\/en\/producto\/fe180-fitting-epoxy-2-gal\/#breadcrumb\"},\"inLanguage\":\"en-US\",\"potentialAction\":[{\"@type\":\"ReadAction\",\"target\":[\"https:\/\/plcmarine.com\/en\/producto\/fe180-fitting-epoxy-2-gal\/\"]}]},{\"@type\":\"ImageObject\",\"inLanguage\":\"en-US\",\"@id\":\"https:\/\/plcmarine.com\/en\/producto\/fe180-fitting-epoxy-2-gal\/#primaryimage\",\"url\":\"https:\/\/plcmarine.com\/wp-content\/uploads\/2025\/05\/FE180-1.jpg\",\"contentUrl\":\"https:\/\/plcmarine.com\/wp-content\/uploads\/2025\/05\/FE180-1.jpg\",\"width\":1176,\"height\":600},{\"@type\":\"BreadcrumbList\",\"@id\":\"https:\/\/plcmarine.com\/en\/producto\/fe180-fitting-epoxy-2-gal\/#breadcrumb\",\"itemListElement\":[{\"@type\":\"ListItem\",\"position\":1,\"name\":\"Home\",\"item\":\"https:\/\/plcmarine.com\/en\/\"},{\"@type\":\"ListItem\",\"position\":2,\"name\":\"Shop\",\"item\":\"https:\/\/plcmarine.com\/shop\/\"},{\"@type\":\"ListItem\",\"position\":3,\"name\":\"FE180 FITTING EPOXY 2 GAL\"}]},{\"@type\":\"WebSite\",\"@id\":\"https:\/\/plcmarine.com\/en\/#website\",\"url\":\"https:\/\/plcmarine.com\/en\/\",\"name\":\"PLC Marine\",\"description\":\"The Professional&#039;s choice\",\"potentialAction\":[{\"@type\":\"SearchAction\",\"target\":{\"@type\":\"EntryPoint\",\"urlTemplate\":\"https:\/\/plcmarine.com\/en\/?s={search_term_string}\"},\"query-input\":{\"@type\":\"PropertyValueSpecification\",\"valueRequired\":true,\"valueName\":\"search_term_string\"}}],\"inLanguage\":\"en-US\"}]}<\/script>\n<!-- \/ Yoast SEO plugin. -->","yoast_head_json":{"title":"FE180 FITTING EPOXY 2 GAL - PLC Marine","description":"FE-180 Marine Epoxy Adhesive \u2013 Adhesivo Marino FlexibleFE-180 Marine Epoxy Adhesive es un adhesivo ep\u00f3xico flexible de alto rendimiento, dise\u00f1ado para lograr una m\u00e1xima resistencia de uni\u00f3n entre la teca y materiales estructurales marinos comunes como madera, fibra de vidrio, aluminio correctamente imprimado y acero.Gracias a sus cargas especiales, el FE-180 se adhiere incluso a sustratos no perfectamente preparados. Su proporci\u00f3n de mezcla 1:1 lo hace f\u00e1cil de usar y no requiere tiempo de inducci\u00f3n antes de aplicar. A 77\u00b0F (25\u00b0C), el tiempo abierto es de 120-130 minutos, con fraguado inicial en 6-8 horas y curado total en 24-36 horas.","robots":{"index":"index","follow":"follow","max-snippet":"max-snippet:-1","max-image-preview":"max-image-preview:large","max-video-preview":"max-video-preview:-1"},"canonical":"https:\/\/plcmarine.com\/en\/producto\/fe180-fitting-epoxy-2-gal\/","og_locale":"en_US","og_type":"article","og_title":"FE180 FITTING EPOXY 2 GAL - PLC Marine","og_description":"FE-180 Marine Epoxy Adhesive \u2013 Adhesivo Marino FlexibleFE-180 Marine Epoxy Adhesive es un adhesivo ep\u00f3xico flexible de alto rendimiento, dise\u00f1ado para lograr una m\u00e1xima resistencia de uni\u00f3n entre la teca y materiales estructurales marinos comunes como madera, fibra de vidrio, aluminio correctamente imprimado y acero.Gracias a sus cargas especiales, el FE-180 se adhiere incluso a sustratos no perfectamente preparados. Su proporci\u00f3n de mezcla 1:1 lo hace f\u00e1cil de usar y no requiere tiempo de inducci\u00f3n antes de aplicar. A 77\u00b0F (25\u00b0C), el tiempo abierto es de 120-130 minutos, con fraguado inicial en 6-8 horas y curado total en 24-36 horas.","og_url":"https:\/\/plcmarine.com\/en\/producto\/fe180-fitting-epoxy-2-gal\/","og_site_name":"PLC Marine","article_modified_time":"2026-01-07T22:32:38+00:00","og_image":[{"width":1176,"height":600,"url":"https:\/\/plcmarine.com\/wp-content\/uploads\/2025\/05\/FE180-1.jpg","type":"image\/jpeg"}],"twitter_card":"summary_large_image","twitter_misc":{"Est. reading time":"1 minute"},"schema":{"@context":"https:\/\/schema.org","@graph":[{"@type":"WebPage","@id":"https:\/\/plcmarine.com\/en\/producto\/fe180-fitting-epoxy-2-gal\/","url":"https:\/\/plcmarine.com\/en\/producto\/fe180-fitting-epoxy-2-gal\/","name":"FE180 FITTING EPOXY 2 GAL - PLC Marine","isPartOf":{"@id":"https:\/\/plcmarine.com\/en\/#website"},"primaryImageOfPage":{"@id":"https:\/\/plcmarine.com\/en\/producto\/fe180-fitting-epoxy-2-gal\/#primaryimage"},"image":{"@id":"https:\/\/plcmarine.com\/en\/producto\/fe180-fitting-epoxy-2-gal\/#primaryimage"},"thumbnailUrl":"https:\/\/plcmarine.com\/wp-content\/uploads\/2025\/05\/FE180-1.jpg","datePublished":"2025-05-07T19:25:27+00:00","dateModified":"2026-01-07T22:32:38+00:00","description":"FE-180 Marine Epoxy Adhesive \u2013 Adhesivo Marino FlexibleFE-180 Marine Epoxy Adhesive es un adhesivo ep\u00f3xico flexible de alto rendimiento, dise\u00f1ado para lograr una m\u00e1xima resistencia de uni\u00f3n entre la teca y materiales estructurales marinos comunes como madera, fibra de vidrio, aluminio correctamente imprimado y acero.Gracias a sus cargas especiales, el FE-180 se adhiere incluso a sustratos no perfectamente preparados. Su proporci\u00f3n de mezcla 1:1 lo hace f\u00e1cil de usar y no requiere tiempo de inducci\u00f3n antes de aplicar. A 77\u00b0F (25\u00b0C), el tiempo abierto es de 120-130 minutos, con fraguado inicial en 6-8 horas y curado total en 24-36 horas.","breadcrumb":{"@id":"https:\/\/plcmarine.com\/en\/producto\/fe180-fitting-epoxy-2-gal\/#breadcrumb"},"inLanguage":"en-US","potentialAction":[{"@type":"ReadAction","target":["https:\/\/plcmarine.com\/en\/producto\/fe180-fitting-epoxy-2-gal\/"]}]},{"@type":"ImageObject","inLanguage":"en-US","@id":"https:\/\/plcmarine.com\/en\/producto\/fe180-fitting-epoxy-2-gal\/#primaryimage","url":"https:\/\/plcmarine.com\/wp-content\/uploads\/2025\/05\/FE180-1.jpg","contentUrl":"https:\/\/plcmarine.com\/wp-content\/uploads\/2025\/05\/FE180-1.jpg","width":1176,"height":600},{"@type":"BreadcrumbList","@id":"https:\/\/plcmarine.com\/en\/producto\/fe180-fitting-epoxy-2-gal\/#breadcrumb","itemListElement":[{"@type":"ListItem","position":1,"name":"Home","item":"https:\/\/plcmarine.com\/en\/"},{"@type":"ListItem","position":2,"name":"Shop","item":"https:\/\/plcmarine.com\/shop\/"},{"@type":"ListItem","position":3,"name":"FE180 FITTING EPOXY 2 GAL"}]},{"@type":"WebSite","@id":"https:\/\/plcmarine.com\/en\/#website","url":"https:\/\/plcmarine.com\/en\/","name":"PLC Marine","description":"The Professional&#039;s choice","potentialAction":[{"@type":"SearchAction","target":{"@type":"EntryPoint","urlTemplate":"https:\/\/plcmarine.com\/en\/?s={search_term_string}"},"query-input":{"@type":"PropertyValueSpecification","valueRequired":true,"valueName":"search_term_string"}}],"inLanguage":"en-US"}]}},"brands":[{"id":83,"name":"Teakdecking Systems","slug":"teakdecking-systems"}],"_links":{"self":[{"href":"https:\/\/plcmarine.com\/en\/wp-json\/wp\/v2\/product\/33374448","targetHints":{"allow":["GET"]}}],"collection":[{"href":"https:\/\/plcmarine.com\/en\/wp-json\/wp\/v2\/product"}],"about":[{"href":"https:\/\/plcmarine.com\/en\/wp-json\/wp\/v2\/types\/product"}],"wp:featuredmedia":[{"embeddable":true,"href":"https:\/\/plcmarine.com\/en\/wp-json\/wp\/v2\/media\/33374449"}],"wp:attachment":[{"href":"https:\/\/plcmarine.com\/en\/wp-json\/wp\/v2\/media?parent=33374448"}],"wp:term":[{"taxonomy":"pwb-brand","embeddable":true,"href":"https:\/\/plcmarine.com\/en\/wp-json\/wp\/v2\/pwb-brand?post=33374448"},{"taxonomy":"product_brand","embeddable":true,"href":"https:\/\/plcmarine.com\/en\/wp-json\/wp\/v2\/product_brand?post=33374448"},{"taxonomy":"product_cat","embeddable":true,"href":"https:\/\/plcmarine.com\/en\/wp-json\/wp\/v2\/product_cat?post=33374448"},{"taxonomy":"product_tag","embeddable":true,"href":"https:\/\/plcmarine.com\/en\/wp-json\/wp\/v2\/product_tag?post=33374448"}],"curies":[{"name":"wp","href":"https:\/\/api.w.org\/{rel}","templated":true}]}}