



{"id":33374451,"date":"2025-05-07T19:31:27","date_gmt":"2025-05-07T19:31:27","guid":{"rendered":"https:\/\/plcmarine.com\/product\/ffe200-adhesive-fairing-epoxy-1-qt\/"},"modified":"2026-01-07T22:32:56","modified_gmt":"2026-01-07T22:32:56","slug":"ffe200-adhesive-fairing-epoxy-1-qt","status":"publish","type":"product","link":"https:\/\/plcmarine.com\/en\/producto\/ffe200-adhesive-fairing-epoxy-1-qt\/","title":{"rendered":"FFE200 ADHESIVE\/FAIRING EPOXY 1 QT"},"content":{"rendered":"<h3>Caracter\u00edsticas Principales<\/h3>\n<ul>\n<li><strong>Adhesi\u00f3n m\u00e1xima<\/strong>: ideal para pegado de paneles y nivelaci\u00f3n de cubiertas<\/li>\n<li><strong>Ligero y f\u00e1cil de lijar<\/strong>: solo 8 lb por gal\u00f3n curado<\/li>\n<li><strong>Aislante ac\u00fastico y t\u00e9rmico<\/strong>: estructura celular avanzada<\/li>\n<li><strong>Flexible<\/strong>: resiste vibraciones, impactos y torsiones<\/li>\n<li><strong>Ideal para vacuum bagging<\/strong><\/li>\n<li><strong>Sin blushing<\/strong>: acabado profesional<\/li>\n<li><strong>Proporci\u00f3n 1:1<\/strong>: mezcla sencilla, sin tiempo de inducci\u00f3n<\/li>\n<li><strong>Cura a bajas temperaturas<\/strong>: desde 45\u00b0F (7\u00b0C)<\/li>\n<li><strong>Rendimiento<\/strong>: aproximadamente 30 ft\u00b2\/gal (2.8 m\u00b2\/3.78 L)<\/li>\n<\/ul>\n<h3>Presentaciones<\/h3>\n<ul>\n<li>1 cuarto (0.95 L)<\/li>\n<li>1 gal\u00f3n (3.8 L)<\/li>\n<li>2 galones (7.6 L)<\/li>\n<\/ul>\n<p><em>Almacenar en un \u00e1rea seca entre 50-85\u00baF (10-30\u00baC). Vida \u00fatil: 12 meses. Clasificado como \u201cno corrosivo\u201d por el Departamento de Transporte de EE.UU., por lo que no requiere etiquetado de materiales peligrosos para el env\u00edo.<\/em><\/p>\n","protected":false},"excerpt":{"rendered":"<h2>FFE-200 Premium Marine Epoxy \u2013 Ep\u00f3xico Marino Ligero y Flexible<\/h2>\n<p><strong>FFE-200 Premium Marine Epoxy<\/strong> es una masilla ep\u00f3xica flexible, formulada con resinas ep\u00f3xicas de alta calidad, activadores y cargas dise\u00f1adas para ofrecer una soluci\u00f3n liviana, flexible y f\u00e1cil de lijar. Ideal tanto para el nivelado de sustratos como para el pegado final de paneles de cubierta.<\/p>\n<p>Con un peso de solo 8 lb (3.6 kg) por gal\u00f3n curado, su estructura celular lo convierte en un excelente aislante t\u00e9rmico y ac\u00fastico. Tiene una viscosidad perfecta para mantenerse en su lugar durante el nivelado, pero lo suficientemente fluida para lograr una excelente humectaci\u00f3n durante el pegado.<\/p>\n","protected":false},"featured_media":33374452,"template":"","meta":[],"pwb-brand":[83],"product_brand":[],"product_cat":[109],"product_tag":[],"class_list":{"0":"post-33374451","1":"product","2":"type-product","3":"status-publish","4":"has-post-thumbnail","6":"pwb-brand-teakdecking-systems","7":"product_cat-sin-categorizar","9":"first","10":"instock","11":"taxable","12":"shipping-taxable","13":"purchasable","14":"product-type-simple"},"yoast_head":"<!-- This site is optimized with the Yoast SEO plugin v25.3.1 - https:\/\/yoast.com\/wordpress\/plugins\/seo\/ -->\n<title>FFE200 ADHESIVE\/FAIRING EPOXY 1 QT - PLC Marine<\/title>\n<meta name=\"description\" content=\"FFE-200 Premium Marine Epoxy \u2013 Ep\u00f3xico Marino Ligero y FlexibleFFE-200 Premium Marine Epoxy es una masilla ep\u00f3xica flexible, formulada con resinas ep\u00f3xicas de alta calidad, activadores y cargas dise\u00f1adas para ofrecer una soluci\u00f3n liviana, flexible y f\u00e1cil de lijar. Ideal tanto para el nivelado de sustratos como para el pegado final de paneles de cubierta.Con un peso de solo 8 lb (3.6 kg) por gal\u00f3n curado, su estructura celular lo convierte en un excelente aislante t\u00e9rmico y ac\u00fastico. Tiene una viscosidad perfecta para mantenerse en su lugar durante el nivelado, pero lo suficientemente fluida para lograr una excelente humectaci\u00f3n durante el pegado.\" \/>\n<meta name=\"robots\" content=\"index, follow, max-snippet:-1, max-image-preview:large, max-video-preview:-1\" \/>\n<link rel=\"canonical\" href=\"https:\/\/plcmarine.com\/en\/producto\/ffe200-adhesive-fairing-epoxy-1-qt\/\" \/>\n<meta property=\"og:locale\" content=\"en_US\" \/>\n<meta property=\"og:type\" content=\"article\" \/>\n<meta property=\"og:title\" content=\"FFE200 ADHESIVE\/FAIRING EPOXY 1 QT - PLC Marine\" \/>\n<meta property=\"og:description\" content=\"FFE-200 Premium Marine Epoxy \u2013 Ep\u00f3xico Marino Ligero y FlexibleFFE-200 Premium Marine Epoxy es una masilla ep\u00f3xica flexible, formulada con resinas ep\u00f3xicas de alta calidad, activadores y cargas dise\u00f1adas para ofrecer una soluci\u00f3n liviana, flexible y f\u00e1cil de lijar. Ideal tanto para el nivelado de sustratos como para el pegado final de paneles de cubierta.Con un peso de solo 8 lb (3.6 kg) por gal\u00f3n curado, su estructura celular lo convierte en un excelente aislante t\u00e9rmico y ac\u00fastico. Tiene una viscosidad perfecta para mantenerse en su lugar durante el nivelado, pero lo suficientemente fluida para lograr una excelente humectaci\u00f3n durante el pegado.\" \/>\n<meta property=\"og:url\" content=\"https:\/\/plcmarine.com\/en\/producto\/ffe200-adhesive-fairing-epoxy-1-qt\/\" \/>\n<meta property=\"og:site_name\" content=\"PLC Marine\" \/>\n<meta property=\"article:modified_time\" content=\"2026-01-07T22:32:56+00:00\" \/>\n<meta property=\"og:image\" content=\"https:\/\/plcmarine.com\/wp-content\/uploads\/2025\/05\/F200.jpg\" \/>\n\t<meta property=\"og:image:width\" content=\"1174\" \/>\n\t<meta property=\"og:image:height\" content=\"1160\" \/>\n\t<meta property=\"og:image:type\" content=\"image\/jpeg\" \/>\n<meta name=\"twitter:card\" content=\"summary_large_image\" \/>\n<meta name=\"twitter:label1\" content=\"Est. reading time\" \/>\n\t<meta name=\"twitter:data1\" content=\"1 minute\" \/>\n<script type=\"application\/ld+json\" class=\"yoast-schema-graph\">{\"@context\":\"https:\/\/schema.org\",\"@graph\":[{\"@type\":\"WebPage\",\"@id\":\"https:\/\/plcmarine.com\/en\/producto\/ffe200-adhesive-fairing-epoxy-1-qt\/\",\"url\":\"https:\/\/plcmarine.com\/en\/producto\/ffe200-adhesive-fairing-epoxy-1-qt\/\",\"name\":\"FFE200 ADHESIVE\/FAIRING EPOXY 1 QT - PLC Marine\",\"isPartOf\":{\"@id\":\"https:\/\/plcmarine.com\/en\/#website\"},\"primaryImageOfPage\":{\"@id\":\"https:\/\/plcmarine.com\/en\/producto\/ffe200-adhesive-fairing-epoxy-1-qt\/#primaryimage\"},\"image\":{\"@id\":\"https:\/\/plcmarine.com\/en\/producto\/ffe200-adhesive-fairing-epoxy-1-qt\/#primaryimage\"},\"thumbnailUrl\":\"https:\/\/plcmarine.com\/wp-content\/uploads\/2025\/05\/F200.jpg\",\"datePublished\":\"2025-05-07T19:31:27+00:00\",\"dateModified\":\"2026-01-07T22:32:56+00:00\",\"description\":\"FFE-200 Premium Marine Epoxy \u2013 Ep\u00f3xico Marino Ligero y FlexibleFFE-200 Premium Marine Epoxy es una masilla ep\u00f3xica flexible, formulada con resinas ep\u00f3xicas de alta calidad, activadores y cargas dise\u00f1adas para ofrecer una soluci\u00f3n liviana, flexible y f\u00e1cil de lijar. Ideal tanto para el nivelado de sustratos como para el pegado final de paneles de cubierta.Con un peso de solo 8 lb (3.6 kg) por gal\u00f3n curado, su estructura celular lo convierte en un excelente aislante t\u00e9rmico y ac\u00fastico. Tiene una viscosidad perfecta para mantenerse en su lugar durante el nivelado, pero lo suficientemente fluida para lograr una excelente humectaci\u00f3n durante el pegado.\",\"breadcrumb\":{\"@id\":\"https:\/\/plcmarine.com\/en\/producto\/ffe200-adhesive-fairing-epoxy-1-qt\/#breadcrumb\"},\"inLanguage\":\"en-US\",\"potentialAction\":[{\"@type\":\"ReadAction\",\"target\":[\"https:\/\/plcmarine.com\/en\/producto\/ffe200-adhesive-fairing-epoxy-1-qt\/\"]}]},{\"@type\":\"ImageObject\",\"inLanguage\":\"en-US\",\"@id\":\"https:\/\/plcmarine.com\/en\/producto\/ffe200-adhesive-fairing-epoxy-1-qt\/#primaryimage\",\"url\":\"https:\/\/plcmarine.com\/wp-content\/uploads\/2025\/05\/F200.jpg\",\"contentUrl\":\"https:\/\/plcmarine.com\/wp-content\/uploads\/2025\/05\/F200.jpg\",\"width\":1174,\"height\":1160},{\"@type\":\"BreadcrumbList\",\"@id\":\"https:\/\/plcmarine.com\/en\/producto\/ffe200-adhesive-fairing-epoxy-1-qt\/#breadcrumb\",\"itemListElement\":[{\"@type\":\"ListItem\",\"position\":1,\"name\":\"Home\",\"item\":\"https:\/\/plcmarine.com\/en\/\"},{\"@type\":\"ListItem\",\"position\":2,\"name\":\"Shop\",\"item\":\"https:\/\/plcmarine.com\/shop\/\"},{\"@type\":\"ListItem\",\"position\":3,\"name\":\"FFE200 ADHESIVE\/FAIRING EPOXY 1 QT\"}]},{\"@type\":\"WebSite\",\"@id\":\"https:\/\/plcmarine.com\/en\/#website\",\"url\":\"https:\/\/plcmarine.com\/en\/\",\"name\":\"PLC Marine\",\"description\":\"The Professional&#039;s choice\",\"potentialAction\":[{\"@type\":\"SearchAction\",\"target\":{\"@type\":\"EntryPoint\",\"urlTemplate\":\"https:\/\/plcmarine.com\/en\/?s={search_term_string}\"},\"query-input\":{\"@type\":\"PropertyValueSpecification\",\"valueRequired\":true,\"valueName\":\"search_term_string\"}}],\"inLanguage\":\"en-US\"}]}<\/script>\n<!-- \/ Yoast SEO plugin. -->","yoast_head_json":{"title":"FFE200 ADHESIVE\/FAIRING EPOXY 1 QT - PLC Marine","description":"FFE-200 Premium Marine Epoxy \u2013 Ep\u00f3xico Marino Ligero y FlexibleFFE-200 Premium Marine Epoxy es una masilla ep\u00f3xica flexible, formulada con resinas ep\u00f3xicas de alta calidad, activadores y cargas dise\u00f1adas para ofrecer una soluci\u00f3n liviana, flexible y f\u00e1cil de lijar. Ideal tanto para el nivelado de sustratos como para el pegado final de paneles de cubierta.Con un peso de solo 8 lb (3.6 kg) por gal\u00f3n curado, su estructura celular lo convierte en un excelente aislante t\u00e9rmico y ac\u00fastico. Tiene una viscosidad perfecta para mantenerse en su lugar durante el nivelado, pero lo suficientemente fluida para lograr una excelente humectaci\u00f3n durante el pegado.","robots":{"index":"index","follow":"follow","max-snippet":"max-snippet:-1","max-image-preview":"max-image-preview:large","max-video-preview":"max-video-preview:-1"},"canonical":"https:\/\/plcmarine.com\/en\/producto\/ffe200-adhesive-fairing-epoxy-1-qt\/","og_locale":"en_US","og_type":"article","og_title":"FFE200 ADHESIVE\/FAIRING EPOXY 1 QT - PLC Marine","og_description":"FFE-200 Premium Marine Epoxy \u2013 Ep\u00f3xico Marino Ligero y FlexibleFFE-200 Premium Marine Epoxy es una masilla ep\u00f3xica flexible, formulada con resinas ep\u00f3xicas de alta calidad, activadores y cargas dise\u00f1adas para ofrecer una soluci\u00f3n liviana, flexible y f\u00e1cil de lijar. Ideal tanto para el nivelado de sustratos como para el pegado final de paneles de cubierta.Con un peso de solo 8 lb (3.6 kg) por gal\u00f3n curado, su estructura celular lo convierte en un excelente aislante t\u00e9rmico y ac\u00fastico. Tiene una viscosidad perfecta para mantenerse en su lugar durante el nivelado, pero lo suficientemente fluida para lograr una excelente humectaci\u00f3n durante el pegado.","og_url":"https:\/\/plcmarine.com\/en\/producto\/ffe200-adhesive-fairing-epoxy-1-qt\/","og_site_name":"PLC Marine","article_modified_time":"2026-01-07T22:32:56+00:00","og_image":[{"width":1174,"height":1160,"url":"https:\/\/plcmarine.com\/wp-content\/uploads\/2025\/05\/F200.jpg","type":"image\/jpeg"}],"twitter_card":"summary_large_image","twitter_misc":{"Est. reading time":"1 minute"},"schema":{"@context":"https:\/\/schema.org","@graph":[{"@type":"WebPage","@id":"https:\/\/plcmarine.com\/en\/producto\/ffe200-adhesive-fairing-epoxy-1-qt\/","url":"https:\/\/plcmarine.com\/en\/producto\/ffe200-adhesive-fairing-epoxy-1-qt\/","name":"FFE200 ADHESIVE\/FAIRING EPOXY 1 QT - PLC Marine","isPartOf":{"@id":"https:\/\/plcmarine.com\/en\/#website"},"primaryImageOfPage":{"@id":"https:\/\/plcmarine.com\/en\/producto\/ffe200-adhesive-fairing-epoxy-1-qt\/#primaryimage"},"image":{"@id":"https:\/\/plcmarine.com\/en\/producto\/ffe200-adhesive-fairing-epoxy-1-qt\/#primaryimage"},"thumbnailUrl":"https:\/\/plcmarine.com\/wp-content\/uploads\/2025\/05\/F200.jpg","datePublished":"2025-05-07T19:31:27+00:00","dateModified":"2026-01-07T22:32:56+00:00","description":"FFE-200 Premium Marine Epoxy \u2013 Ep\u00f3xico Marino Ligero y FlexibleFFE-200 Premium Marine Epoxy es una masilla ep\u00f3xica flexible, formulada con resinas ep\u00f3xicas de alta calidad, activadores y cargas dise\u00f1adas para ofrecer una soluci\u00f3n liviana, flexible y f\u00e1cil de lijar. Ideal tanto para el nivelado de sustratos como para el pegado final de paneles de cubierta.Con un peso de solo 8 lb (3.6 kg) por gal\u00f3n curado, su estructura celular lo convierte en un excelente aislante t\u00e9rmico y ac\u00fastico. Tiene una viscosidad perfecta para mantenerse en su lugar durante el nivelado, pero lo suficientemente fluida para lograr una excelente humectaci\u00f3n durante el pegado.","breadcrumb":{"@id":"https:\/\/plcmarine.com\/en\/producto\/ffe200-adhesive-fairing-epoxy-1-qt\/#breadcrumb"},"inLanguage":"en-US","potentialAction":[{"@type":"ReadAction","target":["https:\/\/plcmarine.com\/en\/producto\/ffe200-adhesive-fairing-epoxy-1-qt\/"]}]},{"@type":"ImageObject","inLanguage":"en-US","@id":"https:\/\/plcmarine.com\/en\/producto\/ffe200-adhesive-fairing-epoxy-1-qt\/#primaryimage","url":"https:\/\/plcmarine.com\/wp-content\/uploads\/2025\/05\/F200.jpg","contentUrl":"https:\/\/plcmarine.com\/wp-content\/uploads\/2025\/05\/F200.jpg","width":1174,"height":1160},{"@type":"BreadcrumbList","@id":"https:\/\/plcmarine.com\/en\/producto\/ffe200-adhesive-fairing-epoxy-1-qt\/#breadcrumb","itemListElement":[{"@type":"ListItem","position":1,"name":"Home","item":"https:\/\/plcmarine.com\/en\/"},{"@type":"ListItem","position":2,"name":"Shop","item":"https:\/\/plcmarine.com\/shop\/"},{"@type":"ListItem","position":3,"name":"FFE200 ADHESIVE\/FAIRING EPOXY 1 QT"}]},{"@type":"WebSite","@id":"https:\/\/plcmarine.com\/en\/#website","url":"https:\/\/plcmarine.com\/en\/","name":"PLC Marine","description":"The Professional&#039;s choice","potentialAction":[{"@type":"SearchAction","target":{"@type":"EntryPoint","urlTemplate":"https:\/\/plcmarine.com\/en\/?s={search_term_string}"},"query-input":{"@type":"PropertyValueSpecification","valueRequired":true,"valueName":"search_term_string"}}],"inLanguage":"en-US"}]}},"brands":[{"id":83,"name":"Teakdecking Systems","slug":"teakdecking-systems"}],"_links":{"self":[{"href":"https:\/\/plcmarine.com\/en\/wp-json\/wp\/v2\/product\/33374451","targetHints":{"allow":["GET"]}}],"collection":[{"href":"https:\/\/plcmarine.com\/en\/wp-json\/wp\/v2\/product"}],"about":[{"href":"https:\/\/plcmarine.com\/en\/wp-json\/wp\/v2\/types\/product"}],"wp:featuredmedia":[{"embeddable":true,"href":"https:\/\/plcmarine.com\/en\/wp-json\/wp\/v2\/media\/33374452"}],"wp:attachment":[{"href":"https:\/\/plcmarine.com\/en\/wp-json\/wp\/v2\/media?parent=33374451"}],"wp:term":[{"taxonomy":"pwb-brand","embeddable":true,"href":"https:\/\/plcmarine.com\/en\/wp-json\/wp\/v2\/pwb-brand?post=33374451"},{"taxonomy":"product_brand","embeddable":true,"href":"https:\/\/plcmarine.com\/en\/wp-json\/wp\/v2\/product_brand?post=33374451"},{"taxonomy":"product_cat","embeddable":true,"href":"https:\/\/plcmarine.com\/en\/wp-json\/wp\/v2\/product_cat?post=33374451"},{"taxonomy":"product_tag","embeddable":true,"href":"https:\/\/plcmarine.com\/en\/wp-json\/wp\/v2\/product_tag?post=33374451"}],"curies":[{"name":"wp","href":"https:\/\/api.w.org\/{rel}","templated":true}]}}