



{"id":33374460,"date":"2025-05-07T19:35:29","date_gmt":"2025-05-07T19:35:29","guid":{"rendered":"https:\/\/plcmarine.com\/product\/mps-4000-adhesive-20-oz-sausage-white\/"},"modified":"2026-01-07T22:33:54","modified_gmt":"2026-01-07T22:33:54","slug":"mps-4000-adhesive-20-oz-sausage-white","status":"publish","type":"product","link":"https:\/\/plcmarine.com\/en\/producto\/mps-4000-adhesive-20-oz-sausage-white\/","title":{"rendered":"MPS 4000 ADHESIVE, 20 OZ SAUSAGE WHITE"},"content":{"rendered":"<h3>Caracter\u00edsticas Principales<\/h3>\n<ul>\n<li><strong>Curado r\u00e1pido<\/strong> y monocomponente: f\u00e1cil de aplicar, sin necesidad de mezclar<\/li>\n<li><strong>Resistente al agua<\/strong> y a la humedad<\/li>\n<li><strong>Alta resistencia mec\u00e1nica<\/strong>: tracci\u00f3n, desgarre y abrasi\u00f3n<\/li>\n<li><strong>Soporta movimiento de juntas<\/strong>: hasta 25%<\/li>\n<li><strong>Compatible con m\u00faltiples sustratos<\/strong>: GRP, contrachapado marino, acero, aluminio y acero inoxidable (preparados adecuadamente)<\/li>\n<li><strong>Rendimiento<\/strong>: aproximadamente 10 ft\u00b2 (0.93 m\u00b2) por paquete de 20 fl oz<\/li>\n<\/ul>\n<h3>Presentaciones<\/h3>\n<ul>\n<li>1 cuarto (0.95 L)<\/li>\n<li>1 gal\u00f3n (3.78 L)<\/li>\n<\/ul>\n<p><em>Almacenar en un \u00e1rea seca entre 50-85\u00baF (10-30\u00baC). Vida \u00fatil: 12 meses.<\/em><\/p>\n","protected":false},"excerpt":{"rendered":"<h2>MPS-4000 Bedding &amp; Bonding Adhesive \u2013 Adhesivo Marino Monocomponente<\/h2>\n<p><strong>MPS-4000<\/strong> es un adhesivo de curado r\u00e1pido, monocomponente, elastom\u00e9rico, resistente al agua y a la humedad, formulado con tecnolog\u00eda STPU. Ideal para aplicaciones marinas como el pegado y fijaci\u00f3n de materiales de cubierta incluyendo teca, cubiertas compuestas y herrajes.<\/p>\n<p>Este adhesivo ofrece excelente resistencia a la tracci\u00f3n, al desgarro, a la abrasi\u00f3n y soporta hasta un 25% de movimiento en juntas. Est\u00e1 dise\u00f1ado para una fuerte adhesi\u00f3n sobre una variedad de sustratos comunes en aplicaciones n\u00e1uticas.<\/p>\n","protected":false},"featured_media":33374461,"template":"","meta":[],"pwb-brand":[83],"product_brand":[],"product_cat":[109],"product_tag":[],"class_list":{"0":"post-33374460","1":"product","2":"type-product","3":"status-publish","4":"has-post-thumbnail","6":"pwb-brand-teakdecking-systems","7":"product_cat-sin-categorizar","9":"first","10":"instock","11":"taxable","12":"shipping-taxable","13":"purchasable","14":"product-type-simple"},"yoast_head":"<!-- This site is optimized with the Yoast SEO plugin v25.3.1 - https:\/\/yoast.com\/wordpress\/plugins\/seo\/ -->\n<title>MPS 4000 ADHESIVE, 20 OZ SAUSAGE WHITE - PLC Marine<\/title>\n<meta name=\"description\" content=\"MPS-4000 Bedding &amp; Bonding Adhesive \u2013 Adhesivo Marino MonocomponenteMPS-4000 es un adhesivo de curado r\u00e1pido, monocomponente, elastom\u00e9rico, resistente al agua y a la humedad, formulado con tecnolog\u00eda STPU. Ideal para aplicaciones marinas como el pegado y fijaci\u00f3n de materiales de cubierta incluyendo teca, cubiertas compuestas y herrajes.Este adhesivo ofrece excelente resistencia a la tracci\u00f3n, al desgarro, a la abrasi\u00f3n y soporta hasta un 25% de movimiento en juntas. Est\u00e1 dise\u00f1ado para una fuerte adhesi\u00f3n sobre una variedad de sustratos comunes en aplicaciones n\u00e1uticas.Caracter\u00edsticas Principales Curado r\u00e1pido y monocomponente: f\u00e1cil de aplicar, sin necesidad de mezclar Resistente al agua y a la humedad Alta resistencia mec\u00e1nica: tracci\u00f3n, desgarre y abrasi\u00f3n Soporta movimiento de juntas: hasta 25% Compatible con m\u00faltiples sustratos: GRP, contrachapado marino, acero, aluminio y acero inoxidable (preparados adecuadamente) Rendimiento: aproximadamente 10 ft\u00b2 (0.93 m\u00b2) por paquete de 20 fl ozPresentaciones 1 cuarto (0.95 L) 1 gal\u00f3n (3.78 L)Almacenar en un \u00e1rea seca entre 50-85\u00baF (10-30\u00baC). Vida \u00fatil: 12 meses.\" \/>\n<meta name=\"robots\" content=\"index, follow, max-snippet:-1, max-image-preview:large, max-video-preview:-1\" \/>\n<link rel=\"canonical\" href=\"https:\/\/plcmarine.com\/en\/producto\/mps-4000-adhesive-20-oz-sausage-white\/\" \/>\n<meta property=\"og:locale\" content=\"en_US\" \/>\n<meta property=\"og:type\" content=\"article\" \/>\n<meta property=\"og:title\" content=\"MPS 4000 ADHESIVE, 20 OZ SAUSAGE WHITE - PLC Marine\" \/>\n<meta property=\"og:description\" content=\"MPS-4000 Bedding &amp; Bonding Adhesive \u2013 Adhesivo Marino MonocomponenteMPS-4000 es un adhesivo de curado r\u00e1pido, monocomponente, elastom\u00e9rico, resistente al agua y a la humedad, formulado con tecnolog\u00eda STPU. Ideal para aplicaciones marinas como el pegado y fijaci\u00f3n de materiales de cubierta incluyendo teca, cubiertas compuestas y herrajes.Este adhesivo ofrece excelente resistencia a la tracci\u00f3n, al desgarro, a la abrasi\u00f3n y soporta hasta un 25% de movimiento en juntas. Est\u00e1 dise\u00f1ado para una fuerte adhesi\u00f3n sobre una variedad de sustratos comunes en aplicaciones n\u00e1uticas.Caracter\u00edsticas Principales Curado r\u00e1pido y monocomponente: f\u00e1cil de aplicar, sin necesidad de mezclar Resistente al agua y a la humedad Alta resistencia mec\u00e1nica: tracci\u00f3n, desgarre y abrasi\u00f3n Soporta movimiento de juntas: hasta 25% Compatible con m\u00faltiples sustratos: GRP, contrachapado marino, acero, aluminio y acero inoxidable (preparados adecuadamente) Rendimiento: aproximadamente 10 ft\u00b2 (0.93 m\u00b2) por paquete de 20 fl ozPresentaciones 1 cuarto (0.95 L) 1 gal\u00f3n (3.78 L)Almacenar en un \u00e1rea seca entre 50-85\u00baF (10-30\u00baC). Vida \u00fatil: 12 meses.\" \/>\n<meta property=\"og:url\" content=\"https:\/\/plcmarine.com\/en\/producto\/mps-4000-adhesive-20-oz-sausage-white\/\" \/>\n<meta property=\"og:site_name\" content=\"PLC Marine\" \/>\n<meta property=\"article:modified_time\" content=\"2026-01-07T22:33:54+00:00\" \/>\n<meta property=\"og:image\" content=\"https:\/\/plcmarine.com\/wp-content\/uploads\/2025\/05\/mps4000.jpg\" \/>\n\t<meta property=\"og:image:width\" content=\"1172\" \/>\n\t<meta property=\"og:image:height\" content=\"1078\" \/>\n\t<meta property=\"og:image:type\" content=\"image\/jpeg\" \/>\n<meta name=\"twitter:card\" content=\"summary_large_image\" \/>\n<meta name=\"twitter:label1\" content=\"Est. reading time\" \/>\n\t<meta name=\"twitter:data1\" content=\"1 minute\" \/>\n<script type=\"application\/ld+json\" class=\"yoast-schema-graph\">{\"@context\":\"https:\/\/schema.org\",\"@graph\":[{\"@type\":\"WebPage\",\"@id\":\"https:\/\/plcmarine.com\/en\/producto\/mps-4000-adhesive-20-oz-sausage-white\/\",\"url\":\"https:\/\/plcmarine.com\/en\/producto\/mps-4000-adhesive-20-oz-sausage-white\/\",\"name\":\"MPS 4000 ADHESIVE, 20 OZ SAUSAGE WHITE - PLC Marine\",\"isPartOf\":{\"@id\":\"https:\/\/plcmarine.com\/en\/#website\"},\"primaryImageOfPage\":{\"@id\":\"https:\/\/plcmarine.com\/en\/producto\/mps-4000-adhesive-20-oz-sausage-white\/#primaryimage\"},\"image\":{\"@id\":\"https:\/\/plcmarine.com\/en\/producto\/mps-4000-adhesive-20-oz-sausage-white\/#primaryimage\"},\"thumbnailUrl\":\"https:\/\/plcmarine.com\/wp-content\/uploads\/2025\/05\/mps4000.jpg\",\"datePublished\":\"2025-05-07T19:35:29+00:00\",\"dateModified\":\"2026-01-07T22:33:54+00:00\",\"description\":\"MPS-4000 Bedding & Bonding Adhesive \u2013 Adhesivo Marino MonocomponenteMPS-4000 es un adhesivo de curado r\u00e1pido, monocomponente, elastom\u00e9rico, resistente al agua y a la humedad, formulado con tecnolog\u00eda STPU. Ideal para aplicaciones marinas como el pegado y fijaci\u00f3n de materiales de cubierta incluyendo teca, cubiertas compuestas y herrajes.Este adhesivo ofrece excelente resistencia a la tracci\u00f3n, al desgarro, a la abrasi\u00f3n y soporta hasta un 25% de movimiento en juntas. Est\u00e1 dise\u00f1ado para una fuerte adhesi\u00f3n sobre una variedad de sustratos comunes en aplicaciones n\u00e1uticas.Caracter\u00edsticas Principales Curado r\u00e1pido y monocomponente: f\u00e1cil de aplicar, sin necesidad de mezclar Resistente al agua y a la humedad Alta resistencia mec\u00e1nica: tracci\u00f3n, desgarre y abrasi\u00f3n Soporta movimiento de juntas: hasta 25% Compatible con m\u00faltiples sustratos: GRP, contrachapado marino, acero, aluminio y acero inoxidable (preparados adecuadamente) Rendimiento: aproximadamente 10 ft\u00b2 (0.93 m\u00b2) por paquete de 20 fl ozPresentaciones 1 cuarto (0.95 L) 1 gal\u00f3n (3.78 L)Almacenar en un \u00e1rea seca entre 50-85\u00baF (10-30\u00baC). Vida \u00fatil: 12 meses.\",\"breadcrumb\":{\"@id\":\"https:\/\/plcmarine.com\/en\/producto\/mps-4000-adhesive-20-oz-sausage-white\/#breadcrumb\"},\"inLanguage\":\"en-US\",\"potentialAction\":[{\"@type\":\"ReadAction\",\"target\":[\"https:\/\/plcmarine.com\/en\/producto\/mps-4000-adhesive-20-oz-sausage-white\/\"]}]},{\"@type\":\"ImageObject\",\"inLanguage\":\"en-US\",\"@id\":\"https:\/\/plcmarine.com\/en\/producto\/mps-4000-adhesive-20-oz-sausage-white\/#primaryimage\",\"url\":\"https:\/\/plcmarine.com\/wp-content\/uploads\/2025\/05\/mps4000.jpg\",\"contentUrl\":\"https:\/\/plcmarine.com\/wp-content\/uploads\/2025\/05\/mps4000.jpg\",\"width\":1172,\"height\":1078},{\"@type\":\"BreadcrumbList\",\"@id\":\"https:\/\/plcmarine.com\/en\/producto\/mps-4000-adhesive-20-oz-sausage-white\/#breadcrumb\",\"itemListElement\":[{\"@type\":\"ListItem\",\"position\":1,\"name\":\"Home\",\"item\":\"https:\/\/plcmarine.com\/en\/\"},{\"@type\":\"ListItem\",\"position\":2,\"name\":\"Shop\",\"item\":\"https:\/\/plcmarine.com\/shop\/\"},{\"@type\":\"ListItem\",\"position\":3,\"name\":\"MPS 4000 ADHESIVE, 20 OZ SAUSAGE WHITE\"}]},{\"@type\":\"WebSite\",\"@id\":\"https:\/\/plcmarine.com\/en\/#website\",\"url\":\"https:\/\/plcmarine.com\/en\/\",\"name\":\"PLC Marine\",\"description\":\"The Professional&#039;s choice\",\"potentialAction\":[{\"@type\":\"SearchAction\",\"target\":{\"@type\":\"EntryPoint\",\"urlTemplate\":\"https:\/\/plcmarine.com\/en\/?s={search_term_string}\"},\"query-input\":{\"@type\":\"PropertyValueSpecification\",\"valueRequired\":true,\"valueName\":\"search_term_string\"}}],\"inLanguage\":\"en-US\"}]}<\/script>\n<!-- \/ Yoast SEO plugin. -->","yoast_head_json":{"title":"MPS 4000 ADHESIVE, 20 OZ SAUSAGE WHITE - PLC Marine","description":"MPS-4000 Bedding & Bonding Adhesive \u2013 Adhesivo Marino MonocomponenteMPS-4000 es un adhesivo de curado r\u00e1pido, monocomponente, elastom\u00e9rico, resistente al agua y a la humedad, formulado con tecnolog\u00eda STPU. Ideal para aplicaciones marinas como el pegado y fijaci\u00f3n de materiales de cubierta incluyendo teca, cubiertas compuestas y herrajes.Este adhesivo ofrece excelente resistencia a la tracci\u00f3n, al desgarro, a la abrasi\u00f3n y soporta hasta un 25% de movimiento en juntas. Est\u00e1 dise\u00f1ado para una fuerte adhesi\u00f3n sobre una variedad de sustratos comunes en aplicaciones n\u00e1uticas.Caracter\u00edsticas Principales Curado r\u00e1pido y monocomponente: f\u00e1cil de aplicar, sin necesidad de mezclar Resistente al agua y a la humedad Alta resistencia mec\u00e1nica: tracci\u00f3n, desgarre y abrasi\u00f3n Soporta movimiento de juntas: hasta 25% Compatible con m\u00faltiples sustratos: GRP, contrachapado marino, acero, aluminio y acero inoxidable (preparados adecuadamente) Rendimiento: aproximadamente 10 ft\u00b2 (0.93 m\u00b2) por paquete de 20 fl ozPresentaciones 1 cuarto (0.95 L) 1 gal\u00f3n (3.78 L)Almacenar en un \u00e1rea seca entre 50-85\u00baF (10-30\u00baC). Vida \u00fatil: 12 meses.","robots":{"index":"index","follow":"follow","max-snippet":"max-snippet:-1","max-image-preview":"max-image-preview:large","max-video-preview":"max-video-preview:-1"},"canonical":"https:\/\/plcmarine.com\/en\/producto\/mps-4000-adhesive-20-oz-sausage-white\/","og_locale":"en_US","og_type":"article","og_title":"MPS 4000 ADHESIVE, 20 OZ SAUSAGE WHITE - PLC Marine","og_description":"MPS-4000 Bedding & Bonding Adhesive \u2013 Adhesivo Marino MonocomponenteMPS-4000 es un adhesivo de curado r\u00e1pido, monocomponente, elastom\u00e9rico, resistente al agua y a la humedad, formulado con tecnolog\u00eda STPU. Ideal para aplicaciones marinas como el pegado y fijaci\u00f3n de materiales de cubierta incluyendo teca, cubiertas compuestas y herrajes.Este adhesivo ofrece excelente resistencia a la tracci\u00f3n, al desgarro, a la abrasi\u00f3n y soporta hasta un 25% de movimiento en juntas. Est\u00e1 dise\u00f1ado para una fuerte adhesi\u00f3n sobre una variedad de sustratos comunes en aplicaciones n\u00e1uticas.Caracter\u00edsticas Principales Curado r\u00e1pido y monocomponente: f\u00e1cil de aplicar, sin necesidad de mezclar Resistente al agua y a la humedad Alta resistencia mec\u00e1nica: tracci\u00f3n, desgarre y abrasi\u00f3n Soporta movimiento de juntas: hasta 25% Compatible con m\u00faltiples sustratos: GRP, contrachapado marino, acero, aluminio y acero inoxidable (preparados adecuadamente) Rendimiento: aproximadamente 10 ft\u00b2 (0.93 m\u00b2) por paquete de 20 fl ozPresentaciones 1 cuarto (0.95 L) 1 gal\u00f3n (3.78 L)Almacenar en un \u00e1rea seca entre 50-85\u00baF (10-30\u00baC). Vida \u00fatil: 12 meses.","og_url":"https:\/\/plcmarine.com\/en\/producto\/mps-4000-adhesive-20-oz-sausage-white\/","og_site_name":"PLC Marine","article_modified_time":"2026-01-07T22:33:54+00:00","og_image":[{"width":1172,"height":1078,"url":"https:\/\/plcmarine.com\/wp-content\/uploads\/2025\/05\/mps4000.jpg","type":"image\/jpeg"}],"twitter_card":"summary_large_image","twitter_misc":{"Est. reading time":"1 minute"},"schema":{"@context":"https:\/\/schema.org","@graph":[{"@type":"WebPage","@id":"https:\/\/plcmarine.com\/en\/producto\/mps-4000-adhesive-20-oz-sausage-white\/","url":"https:\/\/plcmarine.com\/en\/producto\/mps-4000-adhesive-20-oz-sausage-white\/","name":"MPS 4000 ADHESIVE, 20 OZ SAUSAGE WHITE - PLC Marine","isPartOf":{"@id":"https:\/\/plcmarine.com\/en\/#website"},"primaryImageOfPage":{"@id":"https:\/\/plcmarine.com\/en\/producto\/mps-4000-adhesive-20-oz-sausage-white\/#primaryimage"},"image":{"@id":"https:\/\/plcmarine.com\/en\/producto\/mps-4000-adhesive-20-oz-sausage-white\/#primaryimage"},"thumbnailUrl":"https:\/\/plcmarine.com\/wp-content\/uploads\/2025\/05\/mps4000.jpg","datePublished":"2025-05-07T19:35:29+00:00","dateModified":"2026-01-07T22:33:54+00:00","description":"MPS-4000 Bedding & Bonding Adhesive \u2013 Adhesivo Marino MonocomponenteMPS-4000 es un adhesivo de curado r\u00e1pido, monocomponente, elastom\u00e9rico, resistente al agua y a la humedad, formulado con tecnolog\u00eda STPU. Ideal para aplicaciones marinas como el pegado y fijaci\u00f3n de materiales de cubierta incluyendo teca, cubiertas compuestas y herrajes.Este adhesivo ofrece excelente resistencia a la tracci\u00f3n, al desgarro, a la abrasi\u00f3n y soporta hasta un 25% de movimiento en juntas. Est\u00e1 dise\u00f1ado para una fuerte adhesi\u00f3n sobre una variedad de sustratos comunes en aplicaciones n\u00e1uticas.Caracter\u00edsticas Principales Curado r\u00e1pido y monocomponente: f\u00e1cil de aplicar, sin necesidad de mezclar Resistente al agua y a la humedad Alta resistencia mec\u00e1nica: tracci\u00f3n, desgarre y abrasi\u00f3n Soporta movimiento de juntas: hasta 25% Compatible con m\u00faltiples sustratos: GRP, contrachapado marino, acero, aluminio y acero inoxidable (preparados adecuadamente) Rendimiento: aproximadamente 10 ft\u00b2 (0.93 m\u00b2) por paquete de 20 fl ozPresentaciones 1 cuarto (0.95 L) 1 gal\u00f3n (3.78 L)Almacenar en un \u00e1rea seca entre 50-85\u00baF (10-30\u00baC). Vida \u00fatil: 12 meses.","breadcrumb":{"@id":"https:\/\/plcmarine.com\/en\/producto\/mps-4000-adhesive-20-oz-sausage-white\/#breadcrumb"},"inLanguage":"en-US","potentialAction":[{"@type":"ReadAction","target":["https:\/\/plcmarine.com\/en\/producto\/mps-4000-adhesive-20-oz-sausage-white\/"]}]},{"@type":"ImageObject","inLanguage":"en-US","@id":"https:\/\/plcmarine.com\/en\/producto\/mps-4000-adhesive-20-oz-sausage-white\/#primaryimage","url":"https:\/\/plcmarine.com\/wp-content\/uploads\/2025\/05\/mps4000.jpg","contentUrl":"https:\/\/plcmarine.com\/wp-content\/uploads\/2025\/05\/mps4000.jpg","width":1172,"height":1078},{"@type":"BreadcrumbList","@id":"https:\/\/plcmarine.com\/en\/producto\/mps-4000-adhesive-20-oz-sausage-white\/#breadcrumb","itemListElement":[{"@type":"ListItem","position":1,"name":"Home","item":"https:\/\/plcmarine.com\/en\/"},{"@type":"ListItem","position":2,"name":"Shop","item":"https:\/\/plcmarine.com\/shop\/"},{"@type":"ListItem","position":3,"name":"MPS 4000 ADHESIVE, 20 OZ SAUSAGE WHITE"}]},{"@type":"WebSite","@id":"https:\/\/plcmarine.com\/en\/#website","url":"https:\/\/plcmarine.com\/en\/","name":"PLC Marine","description":"The Professional&#039;s choice","potentialAction":[{"@type":"SearchAction","target":{"@type":"EntryPoint","urlTemplate":"https:\/\/plcmarine.com\/en\/?s={search_term_string}"},"query-input":{"@type":"PropertyValueSpecification","valueRequired":true,"valueName":"search_term_string"}}],"inLanguage":"en-US"}]}},"brands":[{"id":83,"name":"Teakdecking Systems","slug":"teakdecking-systems"}],"_links":{"self":[{"href":"https:\/\/plcmarine.com\/en\/wp-json\/wp\/v2\/product\/33374460","targetHints":{"allow":["GET"]}}],"collection":[{"href":"https:\/\/plcmarine.com\/en\/wp-json\/wp\/v2\/product"}],"about":[{"href":"https:\/\/plcmarine.com\/en\/wp-json\/wp\/v2\/types\/product"}],"wp:featuredmedia":[{"embeddable":true,"href":"https:\/\/plcmarine.com\/en\/wp-json\/wp\/v2\/media\/33374461"}],"wp:attachment":[{"href":"https:\/\/plcmarine.com\/en\/wp-json\/wp\/v2\/media?parent=33374460"}],"wp:term":[{"taxonomy":"pwb-brand","embeddable":true,"href":"https:\/\/plcmarine.com\/en\/wp-json\/wp\/v2\/pwb-brand?post=33374460"},{"taxonomy":"product_brand","embeddable":true,"href":"https:\/\/plcmarine.com\/en\/wp-json\/wp\/v2\/product_brand?post=33374460"},{"taxonomy":"product_cat","embeddable":true,"href":"https:\/\/plcmarine.com\/en\/wp-json\/wp\/v2\/product_cat?post=33374460"},{"taxonomy":"product_tag","embeddable":true,"href":"https:\/\/plcmarine.com\/en\/wp-json\/wp\/v2\/product_tag?post=33374460"}],"curies":[{"name":"wp","href":"https:\/\/api.w.org\/{rel}","templated":true}]}}