



{"id":33374605,"date":"2025-05-15T02:56:04","date_gmt":"2025-05-15T02:56:04","guid":{"rendered":"https:\/\/plcmarine.com\/product\/x-12-sis-440-teak-caulk-10-oz-cartridge-black\/"},"modified":"2026-01-07T22:38:50","modified_gmt":"2026-01-07T22:38:50","slug":"x-12-sis-440-teak-caulk-10-oz-cartridge-black","status":"publish","type":"product","link":"https:\/\/plcmarine.com\/en\/producto\/x-12-sis-440-teak-caulk-10-oz-cartridge-black\/","title":{"rendered":"X12 &#8211; SIS-440 TEAK CAULK 10 OZ CARTRIDGE BLACK"},"content":{"rendered":"<h3>Caracter\u00edsticas Principales<\/h3>\n<ul>\n<li>Sellador\/adhesivo de un solo componente con curado neutro<\/li>\n<li><strong>No requiere imprimaci\u00f3n<\/strong><\/li>\n<li>Forma un compuesto de caucho s\u00f3lido flexible y duradero<\/li>\n<li>Curado r\u00e1pido y alta adherencia permanente<\/li>\n<li>M\u00ednima contracci\u00f3n y sin deslizamiento<\/li>\n<li>Alta resistencia a los rayos UV y climas fr\u00edos<\/li>\n<li>Usado por astilleros, marinas, propietarios privados, cruceros y talleres navales<\/li>\n<\/ul>\n<h3>Presentaciones y Colores<\/h3>\n<ul>\n<li>Cartucho de 10 oz (305 mL)<\/li>\n<li>Sausage de 20 oz (592 mL)<\/li>\n<li>Colores: Negro, Blanco y Gris<\/li>\n<\/ul>\n<p><em>Vida \u00fatil: 15 meses desde la fecha de fabricaci\u00f3n. Almacenar en lugar seco.<\/em><\/p>\n","protected":false},"excerpt":{"rendered":"<h2>SIS 440 Caulking \u2013 Sellador L\u00edder en la Industria Marina<\/h2>\n<p><strong>SIS 440<\/strong> es nuestro producto m\u00e1s vendido y un referente en la industria marina. Utilizado en cada cubierta de teca que fabricamos, este sellador de un solo componente no requiere imprimaci\u00f3n. Su f\u00f3rmula patentada de curado neutro reacciona con la humedad del aire formando un compuesto de caucho s\u00f3lido, resistente, flexible y duradero.<\/p>\n<p>Ideal para aplicaciones marinas, proporciona una excelente adhesi\u00f3n y resistencia a condiciones extremas. Su curado neutro lo hace seguro para todo tipo de sustratos y altamente resistente a los rayos UV y productos qu\u00edmicos.<\/p>\n","protected":false},"featured_media":33374606,"template":"","meta":[],"pwb-brand":[83],"product_brand":[],"product_cat":[155,153],"product_tag":[],"class_list":{"0":"post-33374605","1":"product","2":"type-product","3":"status-publish","4":"has-post-thumbnail","6":"pwb-brand-teakdecking-systems","7":"product_cat-cuidado-de-la-teca","8":"product_cat-cuidado-exterior","10":"first","11":"instock","12":"featured","13":"taxable","14":"shipping-taxable","15":"purchasable","16":"product-type-simple"},"yoast_head":"<!-- This site is optimized with the Yoast SEO plugin v25.3.1 - https:\/\/yoast.com\/wordpress\/plugins\/seo\/ -->\n<title>X12 - SIS-440 TEAK CAULK 10 OZ CARTRIDGE BLACK - PLC Marine<\/title>\n<meta name=\"robots\" content=\"index, follow, max-snippet:-1, max-image-preview:large, max-video-preview:-1\" \/>\n<link rel=\"canonical\" href=\"https:\/\/plcmarine.com\/en\/producto\/x-12-sis-440-teak-caulk-10-oz-cartridge-black\/\" \/>\n<meta property=\"og:locale\" content=\"en_US\" \/>\n<meta property=\"og:type\" content=\"article\" \/>\n<meta property=\"og:title\" content=\"X12 - SIS-440 TEAK CAULK 10 OZ CARTRIDGE BLACK - PLC Marine\" \/>\n<meta property=\"og:description\" content=\"SIS 440 Caulking \u2013 Sellador L\u00edder en la Industria Marina SIS 440 es nuestro producto m\u00e1s vendido y un referente en la industria marina. Utilizado en cada cubierta de teca que fabricamos, este sellador de un solo componente no requiere imprimaci\u00f3n. Su f\u00f3rmula patentada de curado neutro reacciona con la humedad del aire formando un compuesto de caucho s\u00f3lido, resistente, flexible y duradero.  Ideal para aplicaciones marinas, proporciona una excelente adhesi\u00f3n y resistencia a condiciones extremas. Su curado neutro lo hace seguro para todo tipo de sustratos y altamente resistente a los rayos UV y productos qu\u00edmicos.\" \/>\n<meta property=\"og:url\" content=\"https:\/\/plcmarine.com\/en\/producto\/x-12-sis-440-teak-caulk-10-oz-cartridge-black\/\" \/>\n<meta property=\"og:site_name\" content=\"PLC Marine\" \/>\n<meta property=\"article:modified_time\" content=\"2026-01-07T22:38:50+00:00\" \/>\n<meta property=\"og:image\" content=\"https:\/\/plcmarine.com\/wp-content\/uploads\/2025\/05\/New-Project-1.jpg\" \/>\n\t<meta property=\"og:image:width\" content=\"1080\" \/>\n\t<meta property=\"og:image:height\" content=\"1080\" \/>\n\t<meta property=\"og:image:type\" content=\"image\/jpeg\" \/>\n<meta name=\"twitter:card\" content=\"summary_large_image\" \/>\n<meta name=\"twitter:label1\" content=\"Est. reading time\" \/>\n\t<meta name=\"twitter:data1\" content=\"1 minute\" \/>\n<script type=\"application\/ld+json\" class=\"yoast-schema-graph\">{\"@context\":\"https:\/\/schema.org\",\"@graph\":[{\"@type\":\"WebPage\",\"@id\":\"https:\/\/plcmarine.com\/en\/producto\/x-12-sis-440-teak-caulk-10-oz-cartridge-black\/\",\"url\":\"https:\/\/plcmarine.com\/en\/producto\/x-12-sis-440-teak-caulk-10-oz-cartridge-black\/\",\"name\":\"X12 - SIS-440 TEAK CAULK 10 OZ CARTRIDGE BLACK - PLC Marine\",\"isPartOf\":{\"@id\":\"https:\/\/plcmarine.com\/en\/#website\"},\"primaryImageOfPage\":{\"@id\":\"https:\/\/plcmarine.com\/en\/producto\/x-12-sis-440-teak-caulk-10-oz-cartridge-black\/#primaryimage\"},\"image\":{\"@id\":\"https:\/\/plcmarine.com\/en\/producto\/x-12-sis-440-teak-caulk-10-oz-cartridge-black\/#primaryimage\"},\"thumbnailUrl\":\"https:\/\/plcmarine.com\/wp-content\/uploads\/2025\/05\/New-Project-1.jpg\",\"datePublished\":\"2025-05-15T02:56:04+00:00\",\"dateModified\":\"2026-01-07T22:38:50+00:00\",\"breadcrumb\":{\"@id\":\"https:\/\/plcmarine.com\/en\/producto\/x-12-sis-440-teak-caulk-10-oz-cartridge-black\/#breadcrumb\"},\"inLanguage\":\"en-US\",\"potentialAction\":[{\"@type\":\"ReadAction\",\"target\":[\"https:\/\/plcmarine.com\/en\/producto\/x-12-sis-440-teak-caulk-10-oz-cartridge-black\/\"]}]},{\"@type\":\"ImageObject\",\"inLanguage\":\"en-US\",\"@id\":\"https:\/\/plcmarine.com\/en\/producto\/x-12-sis-440-teak-caulk-10-oz-cartridge-black\/#primaryimage\",\"url\":\"https:\/\/plcmarine.com\/wp-content\/uploads\/2025\/05\/New-Project-1.jpg\",\"contentUrl\":\"https:\/\/plcmarine.com\/wp-content\/uploads\/2025\/05\/New-Project-1.jpg\",\"width\":1080,\"height\":1080},{\"@type\":\"BreadcrumbList\",\"@id\":\"https:\/\/plcmarine.com\/en\/producto\/x-12-sis-440-teak-caulk-10-oz-cartridge-black\/#breadcrumb\",\"itemListElement\":[{\"@type\":\"ListItem\",\"position\":1,\"name\":\"Home\",\"item\":\"https:\/\/plcmarine.com\/en\/\"},{\"@type\":\"ListItem\",\"position\":2,\"name\":\"Shop\",\"item\":\"https:\/\/plcmarine.com\/shop\/\"},{\"@type\":\"ListItem\",\"position\":3,\"name\":\"X12 &#8211; SIS-440 TEAK CAULK 10 OZ CARTRIDGE BLACK\"}]},{\"@type\":\"WebSite\",\"@id\":\"https:\/\/plcmarine.com\/en\/#website\",\"url\":\"https:\/\/plcmarine.com\/en\/\",\"name\":\"PLC Marine\",\"description\":\"The Professional&#039;s choice\",\"potentialAction\":[{\"@type\":\"SearchAction\",\"target\":{\"@type\":\"EntryPoint\",\"urlTemplate\":\"https:\/\/plcmarine.com\/en\/?s={search_term_string}\"},\"query-input\":{\"@type\":\"PropertyValueSpecification\",\"valueRequired\":true,\"valueName\":\"search_term_string\"}}],\"inLanguage\":\"en-US\"}]}<\/script>\n<!-- \/ Yoast SEO plugin. -->","yoast_head_json":{"title":"X12 - SIS-440 TEAK CAULK 10 OZ CARTRIDGE BLACK - PLC Marine","robots":{"index":"index","follow":"follow","max-snippet":"max-snippet:-1","max-image-preview":"max-image-preview:large","max-video-preview":"max-video-preview:-1"},"canonical":"https:\/\/plcmarine.com\/en\/producto\/x-12-sis-440-teak-caulk-10-oz-cartridge-black\/","og_locale":"en_US","og_type":"article","og_title":"X12 - SIS-440 TEAK CAULK 10 OZ CARTRIDGE BLACK - PLC Marine","og_description":"SIS 440 Caulking \u2013 Sellador L\u00edder en la Industria Marina SIS 440 es nuestro producto m\u00e1s vendido y un referente en la industria marina. Utilizado en cada cubierta de teca que fabricamos, este sellador de un solo componente no requiere imprimaci\u00f3n. Su f\u00f3rmula patentada de curado neutro reacciona con la humedad del aire formando un compuesto de caucho s\u00f3lido, resistente, flexible y duradero.  Ideal para aplicaciones marinas, proporciona una excelente adhesi\u00f3n y resistencia a condiciones extremas. Su curado neutro lo hace seguro para todo tipo de sustratos y altamente resistente a los rayos UV y productos qu\u00edmicos.","og_url":"https:\/\/plcmarine.com\/en\/producto\/x-12-sis-440-teak-caulk-10-oz-cartridge-black\/","og_site_name":"PLC Marine","article_modified_time":"2026-01-07T22:38:50+00:00","og_image":[{"width":1080,"height":1080,"url":"https:\/\/plcmarine.com\/wp-content\/uploads\/2025\/05\/New-Project-1.jpg","type":"image\/jpeg"}],"twitter_card":"summary_large_image","twitter_misc":{"Est. reading time":"1 minute"},"schema":{"@context":"https:\/\/schema.org","@graph":[{"@type":"WebPage","@id":"https:\/\/plcmarine.com\/en\/producto\/x-12-sis-440-teak-caulk-10-oz-cartridge-black\/","url":"https:\/\/plcmarine.com\/en\/producto\/x-12-sis-440-teak-caulk-10-oz-cartridge-black\/","name":"X12 - SIS-440 TEAK CAULK 10 OZ CARTRIDGE BLACK - PLC Marine","isPartOf":{"@id":"https:\/\/plcmarine.com\/en\/#website"},"primaryImageOfPage":{"@id":"https:\/\/plcmarine.com\/en\/producto\/x-12-sis-440-teak-caulk-10-oz-cartridge-black\/#primaryimage"},"image":{"@id":"https:\/\/plcmarine.com\/en\/producto\/x-12-sis-440-teak-caulk-10-oz-cartridge-black\/#primaryimage"},"thumbnailUrl":"https:\/\/plcmarine.com\/wp-content\/uploads\/2025\/05\/New-Project-1.jpg","datePublished":"2025-05-15T02:56:04+00:00","dateModified":"2026-01-07T22:38:50+00:00","breadcrumb":{"@id":"https:\/\/plcmarine.com\/en\/producto\/x-12-sis-440-teak-caulk-10-oz-cartridge-black\/#breadcrumb"},"inLanguage":"en-US","potentialAction":[{"@type":"ReadAction","target":["https:\/\/plcmarine.com\/en\/producto\/x-12-sis-440-teak-caulk-10-oz-cartridge-black\/"]}]},{"@type":"ImageObject","inLanguage":"en-US","@id":"https:\/\/plcmarine.com\/en\/producto\/x-12-sis-440-teak-caulk-10-oz-cartridge-black\/#primaryimage","url":"https:\/\/plcmarine.com\/wp-content\/uploads\/2025\/05\/New-Project-1.jpg","contentUrl":"https:\/\/plcmarine.com\/wp-content\/uploads\/2025\/05\/New-Project-1.jpg","width":1080,"height":1080},{"@type":"BreadcrumbList","@id":"https:\/\/plcmarine.com\/en\/producto\/x-12-sis-440-teak-caulk-10-oz-cartridge-black\/#breadcrumb","itemListElement":[{"@type":"ListItem","position":1,"name":"Home","item":"https:\/\/plcmarine.com\/en\/"},{"@type":"ListItem","position":2,"name":"Shop","item":"https:\/\/plcmarine.com\/shop\/"},{"@type":"ListItem","position":3,"name":"X12 &#8211; SIS-440 TEAK CAULK 10 OZ CARTRIDGE BLACK"}]},{"@type":"WebSite","@id":"https:\/\/plcmarine.com\/en\/#website","url":"https:\/\/plcmarine.com\/en\/","name":"PLC Marine","description":"The Professional&#039;s choice","potentialAction":[{"@type":"SearchAction","target":{"@type":"EntryPoint","urlTemplate":"https:\/\/plcmarine.com\/en\/?s={search_term_string}"},"query-input":{"@type":"PropertyValueSpecification","valueRequired":true,"valueName":"search_term_string"}}],"inLanguage":"en-US"}]}},"brands":[{"id":83,"name":"Teakdecking Systems","slug":"teakdecking-systems"}],"_links":{"self":[{"href":"https:\/\/plcmarine.com\/en\/wp-json\/wp\/v2\/product\/33374605","targetHints":{"allow":["GET"]}}],"collection":[{"href":"https:\/\/plcmarine.com\/en\/wp-json\/wp\/v2\/product"}],"about":[{"href":"https:\/\/plcmarine.com\/en\/wp-json\/wp\/v2\/types\/product"}],"wp:featuredmedia":[{"embeddable":true,"href":"https:\/\/plcmarine.com\/en\/wp-json\/wp\/v2\/media\/33374606"}],"wp:attachment":[{"href":"https:\/\/plcmarine.com\/en\/wp-json\/wp\/v2\/media?parent=33374605"}],"wp:term":[{"taxonomy":"pwb-brand","embeddable":true,"href":"https:\/\/plcmarine.com\/en\/wp-json\/wp\/v2\/pwb-brand?post=33374605"},{"taxonomy":"product_brand","embeddable":true,"href":"https:\/\/plcmarine.com\/en\/wp-json\/wp\/v2\/product_brand?post=33374605"},{"taxonomy":"product_cat","embeddable":true,"href":"https:\/\/plcmarine.com\/en\/wp-json\/wp\/v2\/product_cat?post=33374605"},{"taxonomy":"product_tag","embeddable":true,"href":"https:\/\/plcmarine.com\/en\/wp-json\/wp\/v2\/product_tag?post=33374605"}],"curies":[{"name":"wp","href":"https:\/\/api.w.org\/{rel}","templated":true}]}}